{"id":14109,"date":"2018-05-30T15:50:51","date_gmt":"2018-05-30T19:50:51","guid":{"rendered":"https:\/\/quantumlifecycle.com\/staging\/apercu-des-services\/collecte-delectroniques-pour-recyclage-informatique\/"},"modified":"2022-06-15T07:37:03","modified_gmt":"2022-06-15T11:37:03","slug":"collecte-delectroniques-pour-recyclage-informatique","status":"publish","type":"page","link":"https:\/\/quantumlifecycle.com\/fr_CA\/apercu-des-services\/collecte-delectroniques-pour-recyclage-informatique\/","title":{"rendered":"Collecte d&rsquo;\u00e9lectroniques pour recyclage informatique"},"content":{"rendered":"<p>Nous simplifions le recyclage de vos \u00e9lectroniques en fin de cycle de vie &#8211; et nous assurons que c&rsquo;est bien fait.<\/p>\n<div class=\"banner-container\">\n<p><img loading=\"lazy\" decoding=\"async\" class=\"alignnone size-full wp-image-1849\" src=\"https:\/\/quantumlifecycle.com\/wp-content\/uploads\/2017\/09\/Electronics-Recycling-Pickup.jpg\" alt=\"Electronics Recycling Pickup\" width=\"1000\" height=\"634\" srcset=\"https:\/\/quantumlifecycle.com\/wp-content\/uploads\/2017\/09\/Electronics-Recycling-Pickup-300x190.jpg 300w, https:\/\/quantumlifecycle.com\/wp-content\/uploads\/2017\/09\/Electronics-Recycling-Pickup-768x487.jpg 768w\" sizes=\"auto, (max-width: 1000px) 100vw, 1000px\" \/><\/p>\n<ul>\n<li>Nous serons bien souvent \u00e0 votre porte en moins de 48 heures.<\/li>\n<li>Nous garantissons la destruction de vos donn\u00e9es.*<\/li>\n<li>Nous offrons le service gratuitement si vous avez plus de 25 appareils \u00e0 ramasser.<\/li>\n<\/ul>\n<\/div>\n<p class=\"more-info\">*Certaines restrictions s&rsquo;appliquent.<\/p>\n<p><a href=\"https:\/\/quantumlifecycle.com\/fr\/contact\/\">Communiquez avec nous<\/a> pour en apprendre davantage ou pour <a href=\"https:\/\/quantumlifecycle.com\/fr\/pickup\/\">planifier une collecte<\/a> d\u00e8s aujourd&rsquo;hui.<\/p>\n<p>\u00cates-vous une personne qui souhaite, \u00e0 titre personnel, recycler ses \u00e9lectroniques sans frais? Trouvez notre <a href=\"https:\/\/quantumlifecycle.com\/fr\/contact\/\">point de collecte le plus pr\u00e8s<\/a> \u00e0 Montreal, Ottawa ou Toronto.<\/p>\n<p>Pour une liste compl\u00e8te des items que nous recyclons, cliquez <a href=\"https:\/\/quantumlifecycle.com\/fr\/what-we-recycle\/\">ici<\/a>.<\/p>\n","protected":false},"excerpt":{"rendered":"<p>Nous simplifions le recyclage de vos \u00e9lectroniques en fin de cycle de vie &#8211; et nous assurons que c&rsquo;est bien fait. Nous&#8230;<\/p>\n","protected":false},"author":3,"featured_media":0,"parent":14027,"menu_order":0,"comment_status":"closed","ping_status":"closed","template":"page-services-new.php","meta":{"_acf_changed":false,"om_disable_all_campaigns":false,"_genesis_hide_title":false,"_genesis_hide_breadcrumbs":false,"_genesis_hide_singular_image":false,"_genesis_hide_footer_widgets":false,"_genesis_custom_body_class":"","_genesis_custom_post_class":"","_genesis_layout":"","footnotes":""},"class_list":{"0":"post-14109","1":"page","2":"type-page","3":"status-publish","5":"entry"},"acf":[],"yoast_head":"<!-- This site is optimized with the Yoast SEO plugin v27.4 - https:\/\/yoast.com\/product\/yoast-seo-wordpress\/ -->\n<title>Collecte d&#039;\u00e9lectroniques pour recyclage informatique - Quantum | ITAD &amp; E-Waste Recycling<\/title>\n<meta name=\"robots\" content=\"index, follow, max-snippet:-1, max-image-preview:large, max-video-preview:-1\" \/>\n<link rel=\"canonical\" href=\"https:\/\/quantumlifecycle.com\/fr_CA\/apercu-des-services\/collecte-delectroniques-pour-recyclage-informatique\/\" \/>\n<meta property=\"og:locale\" content=\"fr_CA\" \/>\n<meta property=\"og:type\" content=\"article\" \/>\n<meta property=\"og:title\" content=\"Collecte d&#039;\u00e9lectroniques pour recyclage informatique - Quantum | ITAD &amp; E-Waste Recycling\" \/>\n<meta property=\"og:description\" content=\"Nous simplifions le recyclage de vos \u00e9lectroniques en fin de cycle de vie &#8211; et nous assurons que c&rsquo;est bien fait. Nous...\" \/>\n<meta property=\"og:url\" content=\"https:\/\/quantumlifecycle.com\/fr_CA\/apercu-des-services\/collecte-delectroniques-pour-recyclage-informatique\/\" \/>\n<meta property=\"og:site_name\" content=\"Quantum | ITAD &amp; E-Waste Recycling\" \/>\n<meta property=\"article:modified_time\" content=\"2022-06-15T11:37:03+00:00\" \/>\n<meta property=\"og:image\" content=\"https:\/\/quantumlifecycle.com\/wp-content\/uploads\/2017\/09\/Electronics-Recycling-Pickup.jpg\" \/>\n<meta name=\"twitter:card\" content=\"summary_large_image\" \/>\n<meta name=\"twitter:label1\" content=\"Estimation du temps de lecture\" \/>\n\t<meta name=\"twitter:data1\" content=\"1 minute\" \/>\n<script type=\"application\/ld+json\" class=\"yoast-schema-graph\">{\"@context\":\"https:\\\/\\\/schema.org\",\"@graph\":[{\"@type\":\"WebPage\",\"@id\":\"https:\\\/\\\/quantumlifecycle.com\\\/fr_CA\\\/apercu-des-services\\\/collecte-delectroniques-pour-recyclage-informatique\\\/\",\"url\":\"https:\\\/\\\/quantumlifecycle.com\\\/fr_CA\\\/apercu-des-services\\\/collecte-delectroniques-pour-recyclage-informatique\\\/\",\"name\":\"Collecte d'\u00e9lectroniques pour recyclage informatique - Quantum | ITAD &amp; E-Waste Recycling\",\"isPartOf\":{\"@id\":\"https:\\\/\\\/quantumlifecycle.com\\\/fr_CA\\\/#website\"},\"primaryImageOfPage\":{\"@id\":\"https:\\\/\\\/quantumlifecycle.com\\\/fr_CA\\\/apercu-des-services\\\/collecte-delectroniques-pour-recyclage-informatique\\\/#primaryimage\"},\"image\":{\"@id\":\"https:\\\/\\\/quantumlifecycle.com\\\/fr_CA\\\/apercu-des-services\\\/collecte-delectroniques-pour-recyclage-informatique\\\/#primaryimage\"},\"thumbnailUrl\":\"https:\\\/\\\/quantumlifecycle.com\\\/wp-content\\\/uploads\\\/2017\\\/09\\\/Electronics-Recycling-Pickup.jpg\",\"datePublished\":\"2018-05-30T19:50:51+00:00\",\"dateModified\":\"2022-06-15T11:37:03+00:00\",\"breadcrumb\":{\"@id\":\"https:\\\/\\\/quantumlifecycle.com\\\/fr_CA\\\/apercu-des-services\\\/collecte-delectroniques-pour-recyclage-informatique\\\/#breadcrumb\"},\"inLanguage\":\"fr-CA\",\"potentialAction\":[{\"@type\":\"ReadAction\",\"target\":[\"https:\\\/\\\/quantumlifecycle.com\\\/fr_CA\\\/apercu-des-services\\\/collecte-delectroniques-pour-recyclage-informatique\\\/\"]}]},{\"@type\":\"ImageObject\",\"inLanguage\":\"fr-CA\",\"@id\":\"https:\\\/\\\/quantumlifecycle.com\\\/fr_CA\\\/apercu-des-services\\\/collecte-delectroniques-pour-recyclage-informatique\\\/#primaryimage\",\"url\":\"https:\\\/\\\/quantumlifecycle.com\\\/wp-content\\\/uploads\\\/2017\\\/09\\\/Electronics-Recycling-Pickup.jpg\",\"contentUrl\":\"https:\\\/\\\/quantumlifecycle.com\\\/wp-content\\\/uploads\\\/2017\\\/09\\\/Electronics-Recycling-Pickup.jpg\"},{\"@type\":\"BreadcrumbList\",\"@id\":\"https:\\\/\\\/quantumlifecycle.com\\\/fr_CA\\\/apercu-des-services\\\/collecte-delectroniques-pour-recyclage-informatique\\\/#breadcrumb\",\"itemListElement\":[{\"@type\":\"ListItem\",\"position\":1,\"name\":\"Home\",\"item\":\"https:\\\/\\\/quantumlifecycle.com\\\/fr_CA\\\/\"},{\"@type\":\"ListItem\",\"position\":2,\"name\":\"Aper\u00e7u des services\",\"item\":\"https:\\\/\\\/quantumlifecycle.com\\\/fr_CA\\\/apercu-des-services\\\/\"},{\"@type\":\"ListItem\",\"position\":3,\"name\":\"Collecte d&#8217;\u00e9lectroniques pour recyclage informatique\"}]},{\"@type\":\"WebSite\",\"@id\":\"https:\\\/\\\/quantumlifecycle.com\\\/fr_CA\\\/#website\",\"url\":\"https:\\\/\\\/quantumlifecycle.com\\\/fr_CA\\\/\",\"name\":\"Quantum | ITAD & E-Waste Recycling\",\"description\":\"\",\"publisher\":{\"@id\":\"https:\\\/\\\/quantumlifecycle.com\\\/fr_CA\\\/#organization\"},\"potentialAction\":[{\"@type\":\"SearchAction\",\"target\":{\"@type\":\"EntryPoint\",\"urlTemplate\":\"https:\\\/\\\/quantumlifecycle.com\\\/fr_CA\\\/?s={search_term_string}\"},\"query-input\":{\"@type\":\"PropertyValueSpecification\",\"valueRequired\":true,\"valueName\":\"search_term_string\"}}],\"inLanguage\":\"fr-CA\"},{\"@type\":\"Organization\",\"@id\":\"https:\\\/\\\/quantumlifecycle.com\\\/fr_CA\\\/#organization\",\"name\":\"Quantum Lifecycle Partners LP\",\"url\":\"https:\\\/\\\/quantumlifecycle.com\\\/fr_CA\\\/\",\"logo\":{\"@type\":\"ImageObject\",\"inLanguage\":\"fr-CA\",\"@id\":\"https:\\\/\\\/quantumlifecycle.com\\\/fr_CA\\\/#\\\/schema\\\/logo\\\/image\\\/\",\"url\":\"https:\\\/\\\/quantumlifecycle.com\\\/wp-content\\\/uploads\\\/2020\\\/01\\\/logo.svg\",\"contentUrl\":\"https:\\\/\\\/quantumlifecycle.com\\\/wp-content\\\/uploads\\\/2020\\\/01\\\/logo.svg\",\"width\":2700,\"height\":848,\"caption\":\"Quantum Lifecycle Partners LP\"},\"image\":{\"@id\":\"https:\\\/\\\/quantumlifecycle.com\\\/fr_CA\\\/#\\\/schema\\\/logo\\\/image\\\/\"}}]}<\/script>\n<!-- \/ Yoast SEO plugin. -->","yoast_head_json":{"title":"Collecte d'\u00e9lectroniques pour recyclage informatique - Quantum | ITAD &amp; E-Waste Recycling","robots":{"index":"index","follow":"follow","max-snippet":"max-snippet:-1","max-image-preview":"max-image-preview:large","max-video-preview":"max-video-preview:-1"},"canonical":"https:\/\/quantumlifecycle.com\/fr_CA\/apercu-des-services\/collecte-delectroniques-pour-recyclage-informatique\/","og_locale":"fr_CA","og_type":"article","og_title":"Collecte d'\u00e9lectroniques pour recyclage informatique - Quantum | ITAD &amp; E-Waste Recycling","og_description":"Nous simplifions le recyclage de vos \u00e9lectroniques en fin de cycle de vie &#8211; et nous assurons que c&rsquo;est bien fait. Nous...","og_url":"https:\/\/quantumlifecycle.com\/fr_CA\/apercu-des-services\/collecte-delectroniques-pour-recyclage-informatique\/","og_site_name":"Quantum | ITAD &amp; E-Waste Recycling","article_modified_time":"2022-06-15T11:37:03+00:00","og_image":[{"url":"https:\/\/quantumlifecycle.com\/wp-content\/uploads\/2017\/09\/Electronics-Recycling-Pickup.jpg","type":"","width":"","height":""}],"twitter_card":"summary_large_image","twitter_misc":{"Estimation du temps de lecture":"1 minute"},"schema":{"@context":"https:\/\/schema.org","@graph":[{"@type":"WebPage","@id":"https:\/\/quantumlifecycle.com\/fr_CA\/apercu-des-services\/collecte-delectroniques-pour-recyclage-informatique\/","url":"https:\/\/quantumlifecycle.com\/fr_CA\/apercu-des-services\/collecte-delectroniques-pour-recyclage-informatique\/","name":"Collecte d'\u00e9lectroniques pour recyclage informatique - Quantum | ITAD &amp; E-Waste Recycling","isPartOf":{"@id":"https:\/\/quantumlifecycle.com\/fr_CA\/#website"},"primaryImageOfPage":{"@id":"https:\/\/quantumlifecycle.com\/fr_CA\/apercu-des-services\/collecte-delectroniques-pour-recyclage-informatique\/#primaryimage"},"image":{"@id":"https:\/\/quantumlifecycle.com\/fr_CA\/apercu-des-services\/collecte-delectroniques-pour-recyclage-informatique\/#primaryimage"},"thumbnailUrl":"https:\/\/quantumlifecycle.com\/wp-content\/uploads\/2017\/09\/Electronics-Recycling-Pickup.jpg","datePublished":"2018-05-30T19:50:51+00:00","dateModified":"2022-06-15T11:37:03+00:00","breadcrumb":{"@id":"https:\/\/quantumlifecycle.com\/fr_CA\/apercu-des-services\/collecte-delectroniques-pour-recyclage-informatique\/#breadcrumb"},"inLanguage":"fr-CA","potentialAction":[{"@type":"ReadAction","target":["https:\/\/quantumlifecycle.com\/fr_CA\/apercu-des-services\/collecte-delectroniques-pour-recyclage-informatique\/"]}]},{"@type":"ImageObject","inLanguage":"fr-CA","@id":"https:\/\/quantumlifecycle.com\/fr_CA\/apercu-des-services\/collecte-delectroniques-pour-recyclage-informatique\/#primaryimage","url":"https:\/\/quantumlifecycle.com\/wp-content\/uploads\/2017\/09\/Electronics-Recycling-Pickup.jpg","contentUrl":"https:\/\/quantumlifecycle.com\/wp-content\/uploads\/2017\/09\/Electronics-Recycling-Pickup.jpg"},{"@type":"BreadcrumbList","@id":"https:\/\/quantumlifecycle.com\/fr_CA\/apercu-des-services\/collecte-delectroniques-pour-recyclage-informatique\/#breadcrumb","itemListElement":[{"@type":"ListItem","position":1,"name":"Home","item":"https:\/\/quantumlifecycle.com\/fr_CA\/"},{"@type":"ListItem","position":2,"name":"Aper\u00e7u des services","item":"https:\/\/quantumlifecycle.com\/fr_CA\/apercu-des-services\/"},{"@type":"ListItem","position":3,"name":"Collecte d&#8217;\u00e9lectroniques pour recyclage informatique"}]},{"@type":"WebSite","@id":"https:\/\/quantumlifecycle.com\/fr_CA\/#website","url":"https:\/\/quantumlifecycle.com\/fr_CA\/","name":"Quantum | ITAD & E-Waste Recycling","description":"","publisher":{"@id":"https:\/\/quantumlifecycle.com\/fr_CA\/#organization"},"potentialAction":[{"@type":"SearchAction","target":{"@type":"EntryPoint","urlTemplate":"https:\/\/quantumlifecycle.com\/fr_CA\/?s={search_term_string}"},"query-input":{"@type":"PropertyValueSpecification","valueRequired":true,"valueName":"search_term_string"}}],"inLanguage":"fr-CA"},{"@type":"Organization","@id":"https:\/\/quantumlifecycle.com\/fr_CA\/#organization","name":"Quantum Lifecycle Partners LP","url":"https:\/\/quantumlifecycle.com\/fr_CA\/","logo":{"@type":"ImageObject","inLanguage":"fr-CA","@id":"https:\/\/quantumlifecycle.com\/fr_CA\/#\/schema\/logo\/image\/","url":"https:\/\/quantumlifecycle.com\/wp-content\/uploads\/2020\/01\/logo.svg","contentUrl":"https:\/\/quantumlifecycle.com\/wp-content\/uploads\/2020\/01\/logo.svg","width":2700,"height":848,"caption":"Quantum Lifecycle Partners LP"},"image":{"@id":"https:\/\/quantumlifecycle.com\/fr_CA\/#\/schema\/logo\/image\/"}}]}},"yoast":{"metadesc":""},"_links":{"self":[{"href":"https:\/\/quantumlifecycle.com\/fr_CA\/wp-json\/wp\/v2\/pages\/14109","targetHints":{"allow":["GET"]}}],"collection":[{"href":"https:\/\/quantumlifecycle.com\/fr_CA\/wp-json\/wp\/v2\/pages"}],"about":[{"href":"https:\/\/quantumlifecycle.com\/fr_CA\/wp-json\/wp\/v2\/types\/page"}],"author":[{"embeddable":true,"href":"https:\/\/quantumlifecycle.com\/fr_CA\/wp-json\/wp\/v2\/users\/3"}],"replies":[{"embeddable":true,"href":"https:\/\/quantumlifecycle.com\/fr_CA\/wp-json\/wp\/v2\/comments?post=14109"}],"version-history":[{"count":2,"href":"https:\/\/quantumlifecycle.com\/fr_CA\/wp-json\/wp\/v2\/pages\/14109\/revisions"}],"predecessor-version":[{"id":14167,"href":"https:\/\/quantumlifecycle.com\/fr_CA\/wp-json\/wp\/v2\/pages\/14109\/revisions\/14167"}],"up":[{"embeddable":true,"href":"https:\/\/quantumlifecycle.com\/fr_CA\/wp-json\/wp\/v2\/pages\/14027"}],"wp:attachment":[{"href":"https:\/\/quantumlifecycle.com\/fr_CA\/wp-json\/wp\/v2\/media?parent=14109"}],"curies":[{"name":"wp","href":"https:\/\/api.w.org\/{rel}","templated":true}]}}