{"id":14105,"date":"2018-02-02T15:09:11","date_gmt":"2018-02-02T20:09:11","guid":{"rendered":"https:\/\/quantumlifecycle.com\/staging\/apercu-des-services\/logistique-inversee-emballage-sur-place\/"},"modified":"2022-06-15T07:36:32","modified_gmt":"2022-06-15T11:36:32","slug":"logistique-inversee-emballage-sur-place","status":"publish","type":"page","link":"https:\/\/quantumlifecycle.com\/fr_CA\/apercu-des-services\/logistique-inversee-emballage-sur-place\/","title":{"rendered":"Logistique invers\u00e9e | Emballage sur place"},"content":{"rendered":"<p>Le transport des produits informatiques est souvent le maillon faible de la chaine du recyclage informatique. Voil\u00e0 la raison pour laquelle nous avons fait des efforts suppl\u00e9mentaires pour nous assurer que vos biens sont s\u00e9curis\u00e9s \u00e0 chaque \u00e9tape du processus.<\/p>\n<p>Nous emballerons vos biens et scellerons la cargaison sur place. Puis, nous effectuons le transport dans des camions ayant un service GPS jusqu&rsquo;\u00e0 nos installations pour s\u00e9curiser le traitement.<\/p>\n<p><img loading=\"lazy\" decoding=\"async\" src=\"https:\/\/quantumlifecycle.com\/wp-content\/uploads\/2017\/09\/Reverse-Logistics-Onsite-Packing.jpg\" alt=\"Reverse Logistics Onsite Packing\" width=\"1000\" height=\"1011\" class=\"alignnone size-full wp-image-1852\" srcset=\"https:\/\/quantumlifecycle.com\/wp-content\/uploads\/2017\/09\/Reverse-Logistics-Onsite-Packing.jpg 1000w, https:\/\/quantumlifecycle.com\/wp-content\/uploads\/2017\/09\/Reverse-Logistics-Onsite-Packing-297x300.jpg 297w, https:\/\/quantumlifecycle.com\/wp-content\/uploads\/2017\/09\/Reverse-Logistics-Onsite-Packing-768x776.jpg 768w, https:\/\/quantumlifecycle.com\/wp-content\/uploads\/2017\/09\/Reverse-Logistics-Onsite-Packing-800x809.jpg 800w\" sizes=\"auto, (max-width: 1000px) 100vw, 1000px\" \/><\/p>\n","protected":false},"excerpt":{"rendered":"<p>Le transport des produits informatiques est souvent le maillon faible de la chaine du recyclage informatique. Voil\u00e0 la raison pour laquelle nous&#8230;<\/p>\n","protected":false},"author":3,"featured_media":0,"parent":14027,"menu_order":0,"comment_status":"closed","ping_status":"closed","template":"page-services.php","meta":{"_acf_changed":false,"_yoast_wpseo_title":"","_yoast_wpseo_metadesc":"","om_disable_all_campaigns":false,"_genesis_hide_title":false,"_genesis_hide_breadcrumbs":false,"_genesis_hide_singular_image":false,"_genesis_hide_footer_widgets":false,"_genesis_custom_body_class":"","_genesis_custom_post_class":"","_genesis_layout":"","_metasync_otto_title":"","_metasync_otto_description":"","_metasync_otto_keywords":"","_metasync_otto_og_title":"","_metasync_otto_og_description":"","_metasync_otto_twitter_title":"","_metasync_otto_twitter_description":"","rank_math_title":"","rank_math_description":"","_aioseo_title":"","_aioseo_description":"","_metasync_seo_title":"","_metasync_seo_desc":"","_metasync_breadcrumb_title":"","_metasync_primary_category":0,"_metasync_primary_product_cat":0,"_metasync_otto_disabled":"","_metasync_hreflang":"","_metasync_plugin_sync_ts":"","_metasync_robots_advanced":"","footnotes":""},"class_list":{"0":"post-14105","1":"page","2":"type-page","3":"status-publish","5":"entry"},"acf":[],"yoast_head":"<!-- This site is optimized with the Yoast SEO plugin v27.5 - https:\/\/yoast.com\/product\/yoast-seo-wordpress\/ -->\n<title>Logistique invers\u00e9e | Emballage sur place - Quantum | ITAD &amp; E-Waste Recycling<\/title>\n<meta name=\"robots\" content=\"index, follow, max-snippet:-1, max-image-preview:large, max-video-preview:-1\" \/>\n<link rel=\"canonical\" href=\"https:\/\/quantumlifecycle.com\/fr_CA\/apercu-des-services\/logistique-inversee-emballage-sur-place\/\" \/>\n<meta property=\"og:locale\" content=\"fr_CA\" \/>\n<meta property=\"og:type\" content=\"article\" \/>\n<meta property=\"og:title\" content=\"Logistique invers\u00e9e | Emballage sur place - Quantum | ITAD &amp; E-Waste Recycling\" \/>\n<meta property=\"og:description\" content=\"Le transport des produits informatiques est souvent le maillon faible de la chaine du recyclage informatique. Voil\u00e0 la raison pour laquelle nous...\" \/>\n<meta property=\"og:url\" content=\"https:\/\/quantumlifecycle.com\/fr_CA\/apercu-des-services\/logistique-inversee-emballage-sur-place\/\" \/>\n<meta property=\"og:site_name\" content=\"Quantum | ITAD &amp; E-Waste Recycling\" \/>\n<meta property=\"og:image\" content=\"https:\/\/quantumlifecycle.com\/wp-content\/uploads\/2017\/09\/Reverse-Logistics-Onsite-Packing.jpg\" \/>\n<meta name=\"twitter:card\" content=\"summary_large_image\" \/>\n<script type=\"application\/ld+json\" class=\"yoast-schema-graph\">{\"@context\":\"https:\\\/\\\/schema.org\",\"@graph\":[{\"@type\":\"WebPage\",\"@id\":\"https:\\\/\\\/quantumlifecycle.com\\\/fr_CA\\\/apercu-des-services\\\/logistique-inversee-emballage-sur-place\\\/\",\"url\":\"https:\\\/\\\/quantumlifecycle.com\\\/fr_CA\\\/apercu-des-services\\\/logistique-inversee-emballage-sur-place\\\/\",\"name\":\"Logistique invers\u00e9e | Emballage sur place - Quantum | ITAD &amp; E-Waste Recycling\",\"isPartOf\":{\"@id\":\"https:\\\/\\\/quantumlifecycle.com\\\/fr_CA\\\/#website\"},\"primaryImageOfPage\":{\"@id\":\"https:\\\/\\\/quantumlifecycle.com\\\/fr_CA\\\/apercu-des-services\\\/logistique-inversee-emballage-sur-place\\\/#primaryimage\"},\"image\":{\"@id\":\"https:\\\/\\\/quantumlifecycle.com\\\/fr_CA\\\/apercu-des-services\\\/logistique-inversee-emballage-sur-place\\\/#primaryimage\"},\"thumbnailUrl\":\"https:\\\/\\\/quantumlifecycle.com\\\/wp-content\\\/uploads\\\/2017\\\/09\\\/Reverse-Logistics-Onsite-Packing.jpg\",\"datePublished\":\"2018-02-02T20:09:11+00:00\",\"dateModified\":\"2022-06-15T11:36:32+00:00\",\"breadcrumb\":{\"@id\":\"https:\\\/\\\/quantumlifecycle.com\\\/fr_CA\\\/apercu-des-services\\\/logistique-inversee-emballage-sur-place\\\/#breadcrumb\"},\"inLanguage\":\"fr-CA\",\"potentialAction\":[{\"@type\":\"ReadAction\",\"target\":[\"https:\\\/\\\/quantumlifecycle.com\\\/fr_CA\\\/apercu-des-services\\\/logistique-inversee-emballage-sur-place\\\/\"]}]},{\"@type\":\"ImageObject\",\"inLanguage\":\"fr-CA\",\"@id\":\"https:\\\/\\\/quantumlifecycle.com\\\/fr_CA\\\/apercu-des-services\\\/logistique-inversee-emballage-sur-place\\\/#primaryimage\",\"url\":\"https:\\\/\\\/quantumlifecycle.com\\\/wp-content\\\/uploads\\\/2017\\\/09\\\/Reverse-Logistics-Onsite-Packing.jpg\",\"contentUrl\":\"https:\\\/\\\/quantumlifecycle.com\\\/wp-content\\\/uploads\\\/2017\\\/09\\\/Reverse-Logistics-Onsite-Packing.jpg\"},{\"@type\":\"BreadcrumbList\",\"@id\":\"https:\\\/\\\/quantumlifecycle.com\\\/fr_CA\\\/apercu-des-services\\\/logistique-inversee-emballage-sur-place\\\/#breadcrumb\",\"itemListElement\":[{\"@type\":\"ListItem\",\"position\":1,\"name\":\"Home\",\"item\":\"https:\\\/\\\/quantumlifecycle.com\\\/fr_CA\\\/\"},{\"@type\":\"ListItem\",\"position\":2,\"name\":\"Aper\u00e7u des services\",\"item\":\"https:\\\/\\\/quantumlifecycle.com\\\/fr_CA\\\/apercu-des-services\\\/\"},{\"@type\":\"ListItem\",\"position\":3,\"name\":\"Logistique invers\u00e9e | Emballage sur place\"}]},{\"@type\":\"WebSite\",\"@id\":\"https:\\\/\\\/quantumlifecycle.com\\\/fr_CA\\\/#website\",\"url\":\"https:\\\/\\\/quantumlifecycle.com\\\/fr_CA\\\/\",\"name\":\"Quantum | ITAD & E-Waste Recycling\",\"description\":\"\",\"publisher\":{\"@id\":\"https:\\\/\\\/quantumlifecycle.com\\\/fr_CA\\\/#organization\"},\"potentialAction\":[{\"@type\":\"SearchAction\",\"target\":{\"@type\":\"EntryPoint\",\"urlTemplate\":\"https:\\\/\\\/quantumlifecycle.com\\\/fr_CA\\\/?s={search_term_string}\"},\"query-input\":{\"@type\":\"PropertyValueSpecification\",\"valueRequired\":true,\"valueName\":\"search_term_string\"}}],\"inLanguage\":\"fr-CA\"},{\"@type\":\"Organization\",\"@id\":\"https:\\\/\\\/quantumlifecycle.com\\\/fr_CA\\\/#organization\",\"name\":\"Quantum Lifecycle Partners LP\",\"url\":\"https:\\\/\\\/quantumlifecycle.com\\\/fr_CA\\\/\",\"logo\":{\"@type\":\"ImageObject\",\"inLanguage\":\"fr-CA\",\"@id\":\"https:\\\/\\\/quantumlifecycle.com\\\/fr_CA\\\/#\\\/schema\\\/logo\\\/image\\\/\",\"url\":\"https:\\\/\\\/quantumlifecycle.com\\\/wp-content\\\/uploads\\\/2020\\\/01\\\/logo.svg\",\"contentUrl\":\"https:\\\/\\\/quantumlifecycle.com\\\/wp-content\\\/uploads\\\/2020\\\/01\\\/logo.svg\",\"width\":2700,\"height\":848,\"caption\":\"Quantum Lifecycle Partners LP\"},\"image\":{\"@id\":\"https:\\\/\\\/quantumlifecycle.com\\\/fr_CA\\\/#\\\/schema\\\/logo\\\/image\\\/\"}}]}<\/script>\n<!-- \/ Yoast SEO plugin. -->","yoast_head_json":{"title":"Logistique invers\u00e9e | Emballage sur place - Quantum | ITAD &amp; E-Waste Recycling","robots":{"index":"index","follow":"follow","max-snippet":"max-snippet:-1","max-image-preview":"max-image-preview:large","max-video-preview":"max-video-preview:-1"},"canonical":"https:\/\/quantumlifecycle.com\/fr_CA\/apercu-des-services\/logistique-inversee-emballage-sur-place\/","og_locale":"fr_CA","og_type":"article","og_title":"Logistique invers\u00e9e | Emballage sur place - Quantum | ITAD &amp; E-Waste Recycling","og_description":"Le transport des produits informatiques est souvent le maillon faible de la chaine du recyclage informatique. Voil\u00e0 la raison pour laquelle nous...","og_url":"https:\/\/quantumlifecycle.com\/fr_CA\/apercu-des-services\/logistique-inversee-emballage-sur-place\/","og_site_name":"Quantum | ITAD &amp; E-Waste Recycling","og_image":[{"url":"https:\/\/quantumlifecycle.com\/wp-content\/uploads\/2017\/09\/Reverse-Logistics-Onsite-Packing.jpg","type":"","width":"","height":""}],"twitter_card":"summary_large_image","schema":{"@context":"https:\/\/schema.org","@graph":[{"@type":"WebPage","@id":"https:\/\/quantumlifecycle.com\/fr_CA\/apercu-des-services\/logistique-inversee-emballage-sur-place\/","url":"https:\/\/quantumlifecycle.com\/fr_CA\/apercu-des-services\/logistique-inversee-emballage-sur-place\/","name":"Logistique invers\u00e9e | Emballage sur place - Quantum | ITAD &amp; E-Waste Recycling","isPartOf":{"@id":"https:\/\/quantumlifecycle.com\/fr_CA\/#website"},"primaryImageOfPage":{"@id":"https:\/\/quantumlifecycle.com\/fr_CA\/apercu-des-services\/logistique-inversee-emballage-sur-place\/#primaryimage"},"image":{"@id":"https:\/\/quantumlifecycle.com\/fr_CA\/apercu-des-services\/logistique-inversee-emballage-sur-place\/#primaryimage"},"thumbnailUrl":"https:\/\/quantumlifecycle.com\/wp-content\/uploads\/2017\/09\/Reverse-Logistics-Onsite-Packing.jpg","datePublished":"2018-02-02T20:09:11+00:00","dateModified":"2022-06-15T11:36:32+00:00","breadcrumb":{"@id":"https:\/\/quantumlifecycle.com\/fr_CA\/apercu-des-services\/logistique-inversee-emballage-sur-place\/#breadcrumb"},"inLanguage":"fr-CA","potentialAction":[{"@type":"ReadAction","target":["https:\/\/quantumlifecycle.com\/fr_CA\/apercu-des-services\/logistique-inversee-emballage-sur-place\/"]}]},{"@type":"ImageObject","inLanguage":"fr-CA","@id":"https:\/\/quantumlifecycle.com\/fr_CA\/apercu-des-services\/logistique-inversee-emballage-sur-place\/#primaryimage","url":"https:\/\/quantumlifecycle.com\/wp-content\/uploads\/2017\/09\/Reverse-Logistics-Onsite-Packing.jpg","contentUrl":"https:\/\/quantumlifecycle.com\/wp-content\/uploads\/2017\/09\/Reverse-Logistics-Onsite-Packing.jpg"},{"@type":"BreadcrumbList","@id":"https:\/\/quantumlifecycle.com\/fr_CA\/apercu-des-services\/logistique-inversee-emballage-sur-place\/#breadcrumb","itemListElement":[{"@type":"ListItem","position":1,"name":"Home","item":"https:\/\/quantumlifecycle.com\/fr_CA\/"},{"@type":"ListItem","position":2,"name":"Aper\u00e7u des services","item":"https:\/\/quantumlifecycle.com\/fr_CA\/apercu-des-services\/"},{"@type":"ListItem","position":3,"name":"Logistique invers\u00e9e | Emballage sur place"}]},{"@type":"WebSite","@id":"https:\/\/quantumlifecycle.com\/fr_CA\/#website","url":"https:\/\/quantumlifecycle.com\/fr_CA\/","name":"Quantum | ITAD & E-Waste Recycling","description":"","publisher":{"@id":"https:\/\/quantumlifecycle.com\/fr_CA\/#organization"},"potentialAction":[{"@type":"SearchAction","target":{"@type":"EntryPoint","urlTemplate":"https:\/\/quantumlifecycle.com\/fr_CA\/?s={search_term_string}"},"query-input":{"@type":"PropertyValueSpecification","valueRequired":true,"valueName":"search_term_string"}}],"inLanguage":"fr-CA"},{"@type":"Organization","@id":"https:\/\/quantumlifecycle.com\/fr_CA\/#organization","name":"Quantum Lifecycle Partners LP","url":"https:\/\/quantumlifecycle.com\/fr_CA\/","logo":{"@type":"ImageObject","inLanguage":"fr-CA","@id":"https:\/\/quantumlifecycle.com\/fr_CA\/#\/schema\/logo\/image\/","url":"https:\/\/quantumlifecycle.com\/wp-content\/uploads\/2020\/01\/logo.svg","contentUrl":"https:\/\/quantumlifecycle.com\/wp-content\/uploads\/2020\/01\/logo.svg","width":2700,"height":848,"caption":"Quantum Lifecycle Partners LP"},"image":{"@id":"https:\/\/quantumlifecycle.com\/fr_CA\/#\/schema\/logo\/image\/"}}]}},"yoast":{"metadesc":""},"_links":{"self":[{"href":"https:\/\/quantumlifecycle.com\/fr_CA\/wp-json\/wp\/v2\/pages\/14105","targetHints":{"allow":["GET"]}}],"collection":[{"href":"https:\/\/quantumlifecycle.com\/fr_CA\/wp-json\/wp\/v2\/pages"}],"about":[{"href":"https:\/\/quantumlifecycle.com\/fr_CA\/wp-json\/wp\/v2\/types\/page"}],"author":[{"embeddable":true,"href":"https:\/\/quantumlifecycle.com\/fr_CA\/wp-json\/wp\/v2\/users\/3"}],"replies":[{"embeddable":true,"href":"https:\/\/quantumlifecycle.com\/fr_CA\/wp-json\/wp\/v2\/comments?post=14105"}],"version-history":[{"count":1,"href":"https:\/\/quantumlifecycle.com\/fr_CA\/wp-json\/wp\/v2\/pages\/14105\/revisions"}],"predecessor-version":[{"id":14162,"href":"https:\/\/quantumlifecycle.com\/fr_CA\/wp-json\/wp\/v2\/pages\/14105\/revisions\/14162"}],"up":[{"embeddable":true,"href":"https:\/\/quantumlifecycle.com\/fr_CA\/wp-json\/wp\/v2\/pages\/14027"}],"wp:attachment":[{"href":"https:\/\/quantumlifecycle.com\/fr_CA\/wp-json\/wp\/v2\/media?parent=14105"}],"curies":[{"name":"wp","href":"https:\/\/api.w.org\/{rel}","templated":true}]}}