{"id":14094,"date":"2017-09-09T06:08:52","date_gmt":"2017-09-09T06:08:52","guid":{"rendered":"https:\/\/quantumlifecycle.com\/staging\/carrieres\/"},"modified":"2022-06-15T07:35:40","modified_gmt":"2022-06-15T11:35:40","slug":"carrieres","status":"publish","type":"page","link":"https:\/\/quantumlifecycle.com\/fr_CA\/carrieres\/","title":{"rendered":"Carri\u00e8res"},"content":{"rendered":"<div class=\"w-800 join-quantum-new\">\n<p>Quantum Lifecycle Partners LP s&rsquo;attache \u00e0 recruter et \u00e0 conserver une main-d&rsquo;\u0153uvre qualifi\u00e9e. \u00c9tant \u00e0 l&rsquo;avant-garde d&rsquo;une \u00e9volution mondiale vers un avenir plus durable, nous sommes toujours \u00e0 la recherche de talents qui partagent notre vision et notre passion pour l&rsquo;innovation.<\/p>\n<p>En valorisant une main-d&rsquo;\u0153uvre diversifi\u00e9e, Quantum Lifecycle Partners LP s&rsquo;engage \u00e0 appliquer des pratiques d&#8217;embauche justes et \u00e9quitables. Quantum Lifecycle Partners LP engagera toujours le candidat le plus qualifi\u00e9 pour un poste. Nous veillerons \u00e0 ce que le processus de recherche et d&#8217;embauche soit juste et \u00e9quitable afin que les qualifications appropri\u00e9es de chaque candidat soient le seul crit\u00e8re sur lequel repose la d\u00e9cision d&#8217;embauche ou de promotion.<\/p>\n<p>L&rsquo;ITAD et la r\u00e9utilisation et le recyclage des d\u00e9chets \u00e9lectroniques \u00e9voluent rapidement, et faire partie de l&rsquo;\u00e9quipe de Quantum offre un acc\u00e8s privil\u00e9gi\u00e9 aux d\u00e9veloppements passionnants de ces industries en pleine expansion. En m\u00eame temps, nous avons cultiv\u00e9 une culture d&rsquo;entreprise qui c\u00e9l\u00e8bre l&rsquo;innovation, les perspectives diverses et le soutien continu. Voici ce que vous pouvez attendre en rejoignant l&rsquo;\u00e9quipe de Quantum.<\/p>\n<\/div>\n","protected":false},"excerpt":{"rendered":"<p>Quantum Lifecycle Partners LP s&rsquo;attache \u00e0 recruter et \u00e0 conserver une main-d&rsquo;\u0153uvre qualifi\u00e9e. \u00c9tant \u00e0 l&rsquo;avant-garde d&rsquo;une \u00e9volution mondiale vers un avenir&#8230;<\/p>\n","protected":false},"author":3,"featured_media":0,"parent":0,"menu_order":0,"comment_status":"closed","ping_status":"closed","template":"page-careers.php","meta":{"_acf_changed":false,"_yoast_wpseo_title":"Careers - Job Postings at Quantum","_yoast_wpseo_metadesc":"Start your career with Quantum by applying for one of our many open positions in either the front or back office. Our growing team needs your help.","om_disable_all_campaigns":false,"_genesis_hide_title":false,"_genesis_hide_breadcrumbs":false,"_genesis_hide_singular_image":false,"_genesis_hide_footer_widgets":false,"_genesis_custom_body_class":"","_genesis_custom_post_class":"","_genesis_layout":"","_metasync_otto_title":"","_metasync_otto_description":"","_metasync_otto_keywords":"","_metasync_otto_og_title":"","_metasync_otto_og_description":"","_metasync_otto_twitter_title":"","_metasync_otto_twitter_description":"","rank_math_title":"","rank_math_description":"","_aioseo_title":"","_aioseo_description":"","_metasync_seo_title":"","_metasync_seo_desc":"","_metasync_breadcrumb_title":"","_metasync_primary_category":0,"_metasync_primary_product_cat":0,"_metasync_otto_disabled":"","_metasync_hreflang":"","_metasync_plugin_sync_ts":"","_metasync_robots_advanced":"","footnotes":""},"class_list":{"0":"post-14094","1":"page","2":"type-page","3":"status-publish","5":"entry"},"acf":[],"yoast_head":"<!-- This site is optimized with the Yoast SEO plugin v27.5 - https:\/\/yoast.com\/product\/yoast-seo-wordpress\/ -->\n<title>Careers - Job Postings at Quantum<\/title>\n<meta name=\"description\" content=\"Start your career with Quantum by applying for one of our many open positions in either the front or back office. Our growing team needs your help.\" \/>\n<meta name=\"robots\" content=\"index, follow, max-snippet:-1, max-image-preview:large, max-video-preview:-1\" \/>\n<link rel=\"canonical\" href=\"https:\/\/quantumlifecycle.com\/fr_CA\/carrieres\/\" \/>\n<meta property=\"og:locale\" content=\"fr_CA\" \/>\n<meta property=\"og:type\" content=\"article\" \/>\n<meta property=\"og:title\" content=\"Careers - Job Postings at Quantum\" \/>\n<meta property=\"og:description\" content=\"Start your career with Quantum by applying for one of our many open positions in either the front or back office. Our growing team needs your help.\" \/>\n<meta property=\"og:url\" content=\"https:\/\/quantumlifecycle.com\/fr_CA\/carrieres\/\" \/>\n<meta property=\"og:site_name\" content=\"Quantum | ITAD &amp; E-Waste Recycling\" \/>\n<meta name=\"twitter:card\" content=\"summary_large_image\" \/>\n<meta name=\"twitter:label1\" content=\"Estimation du temps de lecture\" \/>\n\t<meta name=\"twitter:data1\" content=\"1 minute\" \/>\n<script type=\"application\/ld+json\" class=\"yoast-schema-graph\">{\"@context\":\"https:\\\/\\\/schema.org\",\"@graph\":[{\"@type\":\"WebPage\",\"@id\":\"https:\\\/\\\/quantumlifecycle.com\\\/fr_CA\\\/carrieres\\\/\",\"url\":\"https:\\\/\\\/quantumlifecycle.com\\\/fr_CA\\\/carrieres\\\/\",\"name\":\"Careers - Job Postings at Quantum\",\"isPartOf\":{\"@id\":\"https:\\\/\\\/quantumlifecycle.com\\\/fr_CA\\\/#website\"},\"datePublished\":\"2017-09-09T06:08:52+00:00\",\"dateModified\":\"2022-06-15T11:35:40+00:00\",\"description\":\"Start your career with Quantum by applying for one of our many open positions in either the front or back office. Our growing team needs your help.\",\"breadcrumb\":{\"@id\":\"https:\\\/\\\/quantumlifecycle.com\\\/fr_CA\\\/carrieres\\\/#breadcrumb\"},\"inLanguage\":\"fr-CA\",\"potentialAction\":[{\"@type\":\"ReadAction\",\"target\":[\"https:\\\/\\\/quantumlifecycle.com\\\/fr_CA\\\/carrieres\\\/\"]}]},{\"@type\":\"BreadcrumbList\",\"@id\":\"https:\\\/\\\/quantumlifecycle.com\\\/fr_CA\\\/carrieres\\\/#breadcrumb\",\"itemListElement\":[{\"@type\":\"ListItem\",\"position\":1,\"name\":\"Home\",\"item\":\"https:\\\/\\\/quantumlifecycle.com\\\/fr_CA\\\/\"},{\"@type\":\"ListItem\",\"position\":2,\"name\":\"Carri\u00e8res\"}]},{\"@type\":\"WebSite\",\"@id\":\"https:\\\/\\\/quantumlifecycle.com\\\/fr_CA\\\/#website\",\"url\":\"https:\\\/\\\/quantumlifecycle.com\\\/fr_CA\\\/\",\"name\":\"Quantum | ITAD & E-Waste Recycling\",\"description\":\"\",\"publisher\":{\"@id\":\"https:\\\/\\\/quantumlifecycle.com\\\/fr_CA\\\/#organization\"},\"potentialAction\":[{\"@type\":\"SearchAction\",\"target\":{\"@type\":\"EntryPoint\",\"urlTemplate\":\"https:\\\/\\\/quantumlifecycle.com\\\/fr_CA\\\/?s={search_term_string}\"},\"query-input\":{\"@type\":\"PropertyValueSpecification\",\"valueRequired\":true,\"valueName\":\"search_term_string\"}}],\"inLanguage\":\"fr-CA\"},{\"@type\":\"Organization\",\"@id\":\"https:\\\/\\\/quantumlifecycle.com\\\/fr_CA\\\/#organization\",\"name\":\"Quantum Lifecycle Partners LP\",\"url\":\"https:\\\/\\\/quantumlifecycle.com\\\/fr_CA\\\/\",\"logo\":{\"@type\":\"ImageObject\",\"inLanguage\":\"fr-CA\",\"@id\":\"https:\\\/\\\/quantumlifecycle.com\\\/fr_CA\\\/#\\\/schema\\\/logo\\\/image\\\/\",\"url\":\"https:\\\/\\\/quantumlifecycle.com\\\/wp-content\\\/uploads\\\/2020\\\/01\\\/logo.svg\",\"contentUrl\":\"https:\\\/\\\/quantumlifecycle.com\\\/wp-content\\\/uploads\\\/2020\\\/01\\\/logo.svg\",\"width\":2700,\"height\":848,\"caption\":\"Quantum Lifecycle Partners LP\"},\"image\":{\"@id\":\"https:\\\/\\\/quantumlifecycle.com\\\/fr_CA\\\/#\\\/schema\\\/logo\\\/image\\\/\"}}]}<\/script>\n<!-- \/ Yoast SEO plugin. -->","yoast_head_json":{"title":"Careers - Job Postings at Quantum","description":"Start your career with Quantum by applying for one of our many open positions in either the front or back office. Our growing team needs your help.","robots":{"index":"index","follow":"follow","max-snippet":"max-snippet:-1","max-image-preview":"max-image-preview:large","max-video-preview":"max-video-preview:-1"},"canonical":"https:\/\/quantumlifecycle.com\/fr_CA\/carrieres\/","og_locale":"fr_CA","og_type":"article","og_title":"Careers - Job Postings at Quantum","og_description":"Start your career with Quantum by applying for one of our many open positions in either the front or back office. Our growing team needs your help.","og_url":"https:\/\/quantumlifecycle.com\/fr_CA\/carrieres\/","og_site_name":"Quantum | ITAD &amp; E-Waste Recycling","twitter_card":"summary_large_image","twitter_misc":{"Estimation du temps de lecture":"1 minute"},"schema":{"@context":"https:\/\/schema.org","@graph":[{"@type":"WebPage","@id":"https:\/\/quantumlifecycle.com\/fr_CA\/carrieres\/","url":"https:\/\/quantumlifecycle.com\/fr_CA\/carrieres\/","name":"Careers - Job Postings at Quantum","isPartOf":{"@id":"https:\/\/quantumlifecycle.com\/fr_CA\/#website"},"datePublished":"2017-09-09T06:08:52+00:00","dateModified":"2022-06-15T11:35:40+00:00","description":"Start your career with Quantum by applying for one of our many open positions in either the front or back office. Our growing team needs your help.","breadcrumb":{"@id":"https:\/\/quantumlifecycle.com\/fr_CA\/carrieres\/#breadcrumb"},"inLanguage":"fr-CA","potentialAction":[{"@type":"ReadAction","target":["https:\/\/quantumlifecycle.com\/fr_CA\/carrieres\/"]}]},{"@type":"BreadcrumbList","@id":"https:\/\/quantumlifecycle.com\/fr_CA\/carrieres\/#breadcrumb","itemListElement":[{"@type":"ListItem","position":1,"name":"Home","item":"https:\/\/quantumlifecycle.com\/fr_CA\/"},{"@type":"ListItem","position":2,"name":"Carri\u00e8res"}]},{"@type":"WebSite","@id":"https:\/\/quantumlifecycle.com\/fr_CA\/#website","url":"https:\/\/quantumlifecycle.com\/fr_CA\/","name":"Quantum | ITAD & E-Waste Recycling","description":"","publisher":{"@id":"https:\/\/quantumlifecycle.com\/fr_CA\/#organization"},"potentialAction":[{"@type":"SearchAction","target":{"@type":"EntryPoint","urlTemplate":"https:\/\/quantumlifecycle.com\/fr_CA\/?s={search_term_string}"},"query-input":{"@type":"PropertyValueSpecification","valueRequired":true,"valueName":"search_term_string"}}],"inLanguage":"fr-CA"},{"@type":"Organization","@id":"https:\/\/quantumlifecycle.com\/fr_CA\/#organization","name":"Quantum Lifecycle Partners LP","url":"https:\/\/quantumlifecycle.com\/fr_CA\/","logo":{"@type":"ImageObject","inLanguage":"fr-CA","@id":"https:\/\/quantumlifecycle.com\/fr_CA\/#\/schema\/logo\/image\/","url":"https:\/\/quantumlifecycle.com\/wp-content\/uploads\/2020\/01\/logo.svg","contentUrl":"https:\/\/quantumlifecycle.com\/wp-content\/uploads\/2020\/01\/logo.svg","width":2700,"height":848,"caption":"Quantum Lifecycle Partners LP"},"image":{"@id":"https:\/\/quantumlifecycle.com\/fr_CA\/#\/schema\/logo\/image\/"}}]}},"yoast":{"metadesc":"Start your career with Quantum by applying for one of our many open positions in either the front or back office. Our growing team needs your help."},"_links":{"self":[{"href":"https:\/\/quantumlifecycle.com\/fr_CA\/wp-json\/wp\/v2\/pages\/14094","targetHints":{"allow":["GET"]}}],"collection":[{"href":"https:\/\/quantumlifecycle.com\/fr_CA\/wp-json\/wp\/v2\/pages"}],"about":[{"href":"https:\/\/quantumlifecycle.com\/fr_CA\/wp-json\/wp\/v2\/types\/page"}],"author":[{"embeddable":true,"href":"https:\/\/quantumlifecycle.com\/fr_CA\/wp-json\/wp\/v2\/users\/3"}],"replies":[{"embeddable":true,"href":"https:\/\/quantumlifecycle.com\/fr_CA\/wp-json\/wp\/v2\/comments?post=14094"}],"version-history":[{"count":1,"href":"https:\/\/quantumlifecycle.com\/fr_CA\/wp-json\/wp\/v2\/pages\/14094\/revisions"}],"predecessor-version":[{"id":14113,"href":"https:\/\/quantumlifecycle.com\/fr_CA\/wp-json\/wp\/v2\/pages\/14094\/revisions\/14113"}],"wp:attachment":[{"href":"https:\/\/quantumlifecycle.com\/fr_CA\/wp-json\/wp\/v2\/media?parent=14094"}],"curies":[{"name":"wp","href":"https:\/\/api.w.org\/{rel}","templated":true}]}}