{"id":14036,"date":"2020-02-04T06:53:02","date_gmt":"2020-02-04T11:53:02","guid":{"rendered":"https:\/\/quantumlifecycle.com\/staging\/solutions-de-donnees\/"},"modified":"2022-06-22T08:41:50","modified_gmt":"2022-06-22T12:41:50","slug":"solutions-de-donnees","status":"publish","type":"page","link":"https:\/\/quantumlifecycle.com\/fr_CA\/solutions-de-donnees\/","title":{"rendered":"Solutions de donn\u00e9es"},"content":{"rendered":"<div class=\"site-inner\">\n<div class=\"top-content w-800\">\nL&rsquo;\u00e9ventail des actifs porteurs de donn\u00e9es s&rsquo;\u00e9largit. M\u00eame lorsqu&rsquo;il n&rsquo;y a pas de disque dur, les donn\u00e9es peuvent toujours se cacher dans des flashs et d&rsquo;autres formats &#8211; et avec des avanc\u00e9es comme l&rsquo;IoT et la collecte automatis\u00e9e de donn\u00e9es, les informations peuvent \u00eatre stock\u00e9es sur pratiquement n&rsquo;importe quel appareil. Tous repr\u00e9sentent un risque. Chez Quantum, nous prenons la s\u00e9curit\u00e9 des donn\u00e9es au s\u00e9rieux et traitons tous les appareils porteurs de donn\u00e9es avec le plus grand soin. Que vous pr\u00e9f\u00e9riez que vos donn\u00e9es soient d\u00e9truites num\u00e9riquement ou physiquement, nos services d&rsquo;effacement de donn\u00e9es et de d\u00e9chiquetage de disques durs vous aideront \u00e0 mieux dormir la nuit.\n<\/div>\n<div class=\"service-items\" style=\"padding-bottom:0;\">\n<div class=\"service-item-container half-columns\">\n<div class=\"service-item\">\n<div class=\"text-center service-image\">\n<img loading=\"lazy\" decoding=\"async\" src=\"https:\/\/quantumlifecycle.com\/wp-content\/uploads\/2019\/12\/Data-Destruction.svg\" alt=\"\" width=\"115\" height=\"115\" class=\"aligncenter wp-image-6192\"  role=\"img\" \/>\n<\/div>\n<h3 class=\"text-center\">Effacement des donn\u00e9es<\/h3>\n<p>Le processus d&rsquo;effacement des donn\u00e9es de Quantum est enti\u00e8rement int\u00e9gr\u00e9 aux services et solutions de Blancco. Plusieurs protocoles d&rsquo;effacement sont disponibles, et nos proc\u00e9dures sont certifi\u00e9es et s\u00e9curis\u00e9es, avec des politiques de cyber-responsabilit\u00e9 en place.<\/p>\n<\/div>\n<\/div>\n<div class=\"service-item-container half-columns\">\n<div class=\"service-item\">\n<div class=\"text-center service-image\">\n<img loading=\"lazy\" decoding=\"async\" src=\"https:\/\/quantumlifecycle.com\/wp-content\/uploads\/2019\/12\/Data-Destruction.svg\" alt=\"\" width=\"115\" height=\"115\" class=\"aligncenter wp-image-6192\"  role=\"img\" \/>\n<\/div>\n<h3 class=\"text-center\">Destruction des donn\u00e9es<\/h3>\n<p>Le processus de destruction physique de Quantum est conforme aux normes NIST et est certifi\u00e9 NAID AAA. Nous offrons des services de destruction de donn\u00e9es dans tout le Canada, ainsi que des services de destruction mobile effectu\u00e9s par un camion de d\u00e9chiquetage s\u00e9curis\u00e9.<\/p>\n<\/div>\n<\/div>\n<\/div>\n<div class=\"two-columns-content\">\n<div class=\"top-content two-column-content\">\n<div class=\"left-column\">\n<h2 class=\"primary-headline\">Nous garantissons la destruction de vos donn\u00e9es<\/h2>\n<p>Bien que vos donn\u00e9es soient toujours en s\u00e9curit\u00e9 avec Quantum, nous vous recommandons nos services am\u00e9lior\u00e9s de destruction des donn\u00e9es lorsque vous avez besoin d&rsquo;une preuve document\u00e9e. Nos services am\u00e9lior\u00e9s permettent de suivre individuellement la destruction de vos appareils en capturant leur num\u00e9ro de s\u00e9rie \u00e0 chaque \u00e9tape du processus. Nous vous fournissons un certificat de destruction identifiant clairement chaque disque dur d\u00e9truit et assumons toute la responsabilit\u00e9 de sa destruction. Les services am\u00e9lior\u00e9s de destruction de donn\u00e9es de Quantum sont disponibles \u00e0 la fois sur site et hors site. Et si d&rsquo;autres entreprises peuvent proposer la destruction des donn\u00e9es gratuitement, sans les certificats ou les qualifications ad\u00e9quats, vous ne saurez jamais vraiment ce qu&rsquo;il advient de vos donn\u00e9es apr\u00e8s leur d\u00e9part de votre site.\n<\/p><\/div>\n<div class=\"right-column equal-width\"><img loading=\"lazy\" decoding=\"async\" src=\"https:\/\/quantumlifecycle.com\/wp-content\/uploads\/2019\/12\/Data-Destruction-1.svg\" alt=\"\" width=\"528\" height=\"530\" class=\"alignnone size-full wp-image-6194 f-basis-100\"  role=\"img\" \/><\/div>\n<\/div>\n<\/div>\n<\/div>\n<div class=\"our-certificates extended-space\">\n<div class=\"site-inner\">\n<h3 class=\"text-center primary-headline white-color\">Nos certifications<\/h3>\n<div class=\"certification-content-container\">\n<div class=\"certification-image\">\n<img loading=\"lazy\" decoding=\"async\" src=\"https:\/\/quantumlifecycle.com\/wp-content\/uploads\/2022\/03\/NAID-AAA-Certified-logo.png\" alt=\"NAID logo\" width=\"285\" height=\"300\" class=\"aligncenter  wp-image-6229\" \/>\n<\/div>\n<div class=\"certification-content\">\nAvec une compagnie certifi\u00e9e R2 telle que Quantum, vous pouvez \u00eatre certains que vos donn\u00e9es et vos \u00e9quipements seront trait\u00e9s de fa\u00e7on s\u00e9curitaire. Encore mieux, Quantum est certifi\u00e9 NAID AAA (National Association of Information Destruction). Tr\u00e8s peu de compagnies peuvent adh\u00e9rer aux exigences rigoureuses de NAID en ce qui concerne la destruction des donn\u00e9es au niveau AAA. C\u2019est un fait \u00e0 retenir lorsque vous cherchez \u00e0 vous prot\u00e9ger contre un risque potentiel de fuite de donn\u00e9es.<br \/>\n<a href=\"\/fr_CA\/certifications\" class=\"primary-btn\">VOIR NOS CERTIFICATIONS<\/a>\n<\/div>\n<\/div>\n","protected":false},"excerpt":{"rendered":"<p>L&rsquo;\u00e9ventail des actifs porteurs de donn\u00e9es s&rsquo;\u00e9largit. M\u00eame lorsqu&rsquo;il n&rsquo;y a pas de disque dur, les donn\u00e9es peuvent toujours se cacher dans&#8230;<\/p>\n","protected":false},"author":3,"featured_media":0,"parent":0,"menu_order":1,"comment_status":"closed","ping_status":"closed","template":"page-data-destruction.php","meta":{"_acf_changed":false,"_yoast_wpseo_title":"","_yoast_wpseo_metadesc":"","om_disable_all_campaigns":false,"_genesis_hide_title":false,"_genesis_hide_breadcrumbs":false,"_genesis_hide_singular_image":false,"_genesis_hide_footer_widgets":false,"_genesis_custom_body_class":"","_genesis_custom_post_class":"","_genesis_layout":"","_metasync_otto_title":"","_metasync_otto_description":"","_metasync_otto_keywords":"","_metasync_otto_og_title":"","_metasync_otto_og_description":"","_metasync_otto_twitter_title":"","_metasync_otto_twitter_description":"","rank_math_title":"","rank_math_description":"","_aioseo_title":"","_aioseo_description":"","_metasync_seo_title":"","_metasync_seo_desc":"","_metasync_breadcrumb_title":"","_metasync_primary_category":0,"_metasync_primary_product_cat":0,"_metasync_otto_disabled":"","_metasync_hreflang":"","_metasync_plugin_sync_ts":"","_metasync_robots_advanced":"","footnotes":""},"class_list":{"0":"post-14036","1":"page","2":"type-page","3":"status-publish","5":"entry"},"acf":[],"yoast_head":"<!-- This site is optimized with the Yoast SEO plugin v27.5 - https:\/\/yoast.com\/product\/yoast-seo-wordpress\/ -->\n<title>Solutions de donn\u00e9es - Quantum | ITAD &amp; E-Waste Recycling<\/title>\n<meta name=\"robots\" content=\"index, follow, max-snippet:-1, max-image-preview:large, max-video-preview:-1\" \/>\n<link rel=\"canonical\" href=\"https:\/\/quantumlifecycle.com\/fr_CA\/solutions-de-donnees\/\" \/>\n<meta property=\"og:locale\" content=\"fr_CA\" \/>\n<meta property=\"og:type\" content=\"article\" \/>\n<meta property=\"og:title\" content=\"Solutions de donn\u00e9es - Quantum | ITAD &amp; E-Waste Recycling\" \/>\n<meta property=\"og:description\" content=\"L&rsquo;\u00e9ventail des actifs porteurs de donn\u00e9es s&rsquo;\u00e9largit. M\u00eame lorsqu&rsquo;il n&rsquo;y a pas de disque dur, les donn\u00e9es peuvent toujours se cacher dans...\" \/>\n<meta property=\"og:url\" content=\"https:\/\/quantumlifecycle.com\/fr_CA\/solutions-de-donnees\/\" \/>\n<meta property=\"og:site_name\" content=\"Quantum | ITAD &amp; E-Waste Recycling\" \/>\n<meta property=\"og:image\" content=\"https:\/\/quantumlifecycle.com\/wp-content\/uploads\/2019\/12\/Data-Destruction.svg\" \/>\n<meta name=\"twitter:card\" content=\"summary_large_image\" \/>\n<meta name=\"twitter:label1\" content=\"Estimation du temps de lecture\" \/>\n\t<meta name=\"twitter:data1\" content=\"2 minutes\" \/>\n<script type=\"application\/ld+json\" class=\"yoast-schema-graph\">{\"@context\":\"https:\\\/\\\/schema.org\",\"@graph\":[{\"@type\":\"WebPage\",\"@id\":\"https:\\\/\\\/quantumlifecycle.com\\\/fr_CA\\\/solutions-de-donnees\\\/\",\"url\":\"https:\\\/\\\/quantumlifecycle.com\\\/fr_CA\\\/solutions-de-donnees\\\/\",\"name\":\"Solutions de donn\u00e9es - Quantum | ITAD &amp; E-Waste Recycling\",\"isPartOf\":{\"@id\":\"https:\\\/\\\/quantumlifecycle.com\\\/fr_CA\\\/#website\"},\"primaryImageOfPage\":{\"@id\":\"https:\\\/\\\/quantumlifecycle.com\\\/fr_CA\\\/solutions-de-donnees\\\/#primaryimage\"},\"image\":{\"@id\":\"https:\\\/\\\/quantumlifecycle.com\\\/fr_CA\\\/solutions-de-donnees\\\/#primaryimage\"},\"thumbnailUrl\":\"https:\\\/\\\/quantumlifecycle.com\\\/wp-content\\\/uploads\\\/2019\\\/12\\\/Data-Destruction.svg\",\"datePublished\":\"2020-02-04T11:53:02+00:00\",\"dateModified\":\"2022-06-22T12:41:50+00:00\",\"breadcrumb\":{\"@id\":\"https:\\\/\\\/quantumlifecycle.com\\\/fr_CA\\\/solutions-de-donnees\\\/#breadcrumb\"},\"inLanguage\":\"fr-CA\",\"potentialAction\":[{\"@type\":\"ReadAction\",\"target\":[\"https:\\\/\\\/quantumlifecycle.com\\\/fr_CA\\\/solutions-de-donnees\\\/\"]}]},{\"@type\":\"ImageObject\",\"inLanguage\":\"fr-CA\",\"@id\":\"https:\\\/\\\/quantumlifecycle.com\\\/fr_CA\\\/solutions-de-donnees\\\/#primaryimage\",\"url\":\"https:\\\/\\\/quantumlifecycle.com\\\/wp-content\\\/uploads\\\/2019\\\/12\\\/Data-Destruction.svg\",\"contentUrl\":\"https:\\\/\\\/quantumlifecycle.com\\\/wp-content\\\/uploads\\\/2019\\\/12\\\/Data-Destruction.svg\"},{\"@type\":\"BreadcrumbList\",\"@id\":\"https:\\\/\\\/quantumlifecycle.com\\\/fr_CA\\\/solutions-de-donnees\\\/#breadcrumb\",\"itemListElement\":[{\"@type\":\"ListItem\",\"position\":1,\"name\":\"Home\",\"item\":\"https:\\\/\\\/quantumlifecycle.com\\\/fr_CA\\\/\"},{\"@type\":\"ListItem\",\"position\":2,\"name\":\"Solutions de donn\u00e9es\"}]},{\"@type\":\"WebSite\",\"@id\":\"https:\\\/\\\/quantumlifecycle.com\\\/fr_CA\\\/#website\",\"url\":\"https:\\\/\\\/quantumlifecycle.com\\\/fr_CA\\\/\",\"name\":\"Quantum | ITAD & E-Waste Recycling\",\"description\":\"\",\"publisher\":{\"@id\":\"https:\\\/\\\/quantumlifecycle.com\\\/fr_CA\\\/#organization\"},\"potentialAction\":[{\"@type\":\"SearchAction\",\"target\":{\"@type\":\"EntryPoint\",\"urlTemplate\":\"https:\\\/\\\/quantumlifecycle.com\\\/fr_CA\\\/?s={search_term_string}\"},\"query-input\":{\"@type\":\"PropertyValueSpecification\",\"valueRequired\":true,\"valueName\":\"search_term_string\"}}],\"inLanguage\":\"fr-CA\"},{\"@type\":\"Organization\",\"@id\":\"https:\\\/\\\/quantumlifecycle.com\\\/fr_CA\\\/#organization\",\"name\":\"Quantum Lifecycle Partners LP\",\"url\":\"https:\\\/\\\/quantumlifecycle.com\\\/fr_CA\\\/\",\"logo\":{\"@type\":\"ImageObject\",\"inLanguage\":\"fr-CA\",\"@id\":\"https:\\\/\\\/quantumlifecycle.com\\\/fr_CA\\\/#\\\/schema\\\/logo\\\/image\\\/\",\"url\":\"https:\\\/\\\/quantumlifecycle.com\\\/wp-content\\\/uploads\\\/2020\\\/01\\\/logo.svg\",\"contentUrl\":\"https:\\\/\\\/quantumlifecycle.com\\\/wp-content\\\/uploads\\\/2020\\\/01\\\/logo.svg\",\"width\":2700,\"height\":848,\"caption\":\"Quantum Lifecycle Partners LP\"},\"image\":{\"@id\":\"https:\\\/\\\/quantumlifecycle.com\\\/fr_CA\\\/#\\\/schema\\\/logo\\\/image\\\/\"}}]}<\/script>\n<!-- \/ Yoast SEO plugin. -->","yoast_head_json":{"title":"Solutions de donn\u00e9es - Quantum | ITAD &amp; E-Waste Recycling","robots":{"index":"index","follow":"follow","max-snippet":"max-snippet:-1","max-image-preview":"max-image-preview:large","max-video-preview":"max-video-preview:-1"},"canonical":"https:\/\/quantumlifecycle.com\/fr_CA\/solutions-de-donnees\/","og_locale":"fr_CA","og_type":"article","og_title":"Solutions de donn\u00e9es - Quantum | ITAD &amp; E-Waste Recycling","og_description":"L&rsquo;\u00e9ventail des actifs porteurs de donn\u00e9es s&rsquo;\u00e9largit. M\u00eame lorsqu&rsquo;il n&rsquo;y a pas de disque dur, les donn\u00e9es peuvent toujours se cacher dans...","og_url":"https:\/\/quantumlifecycle.com\/fr_CA\/solutions-de-donnees\/","og_site_name":"Quantum | ITAD &amp; E-Waste Recycling","og_image":[{"url":"https:\/\/quantumlifecycle.com\/wp-content\/uploads\/2019\/12\/Data-Destruction.svg","type":"","width":"","height":""}],"twitter_card":"summary_large_image","twitter_misc":{"Estimation du temps de lecture":"2 minutes"},"schema":{"@context":"https:\/\/schema.org","@graph":[{"@type":"WebPage","@id":"https:\/\/quantumlifecycle.com\/fr_CA\/solutions-de-donnees\/","url":"https:\/\/quantumlifecycle.com\/fr_CA\/solutions-de-donnees\/","name":"Solutions de donn\u00e9es - Quantum | ITAD &amp; E-Waste Recycling","isPartOf":{"@id":"https:\/\/quantumlifecycle.com\/fr_CA\/#website"},"primaryImageOfPage":{"@id":"https:\/\/quantumlifecycle.com\/fr_CA\/solutions-de-donnees\/#primaryimage"},"image":{"@id":"https:\/\/quantumlifecycle.com\/fr_CA\/solutions-de-donnees\/#primaryimage"},"thumbnailUrl":"https:\/\/quantumlifecycle.com\/wp-content\/uploads\/2019\/12\/Data-Destruction.svg","datePublished":"2020-02-04T11:53:02+00:00","dateModified":"2022-06-22T12:41:50+00:00","breadcrumb":{"@id":"https:\/\/quantumlifecycle.com\/fr_CA\/solutions-de-donnees\/#breadcrumb"},"inLanguage":"fr-CA","potentialAction":[{"@type":"ReadAction","target":["https:\/\/quantumlifecycle.com\/fr_CA\/solutions-de-donnees\/"]}]},{"@type":"ImageObject","inLanguage":"fr-CA","@id":"https:\/\/quantumlifecycle.com\/fr_CA\/solutions-de-donnees\/#primaryimage","url":"https:\/\/quantumlifecycle.com\/wp-content\/uploads\/2019\/12\/Data-Destruction.svg","contentUrl":"https:\/\/quantumlifecycle.com\/wp-content\/uploads\/2019\/12\/Data-Destruction.svg"},{"@type":"BreadcrumbList","@id":"https:\/\/quantumlifecycle.com\/fr_CA\/solutions-de-donnees\/#breadcrumb","itemListElement":[{"@type":"ListItem","position":1,"name":"Home","item":"https:\/\/quantumlifecycle.com\/fr_CA\/"},{"@type":"ListItem","position":2,"name":"Solutions de donn\u00e9es"}]},{"@type":"WebSite","@id":"https:\/\/quantumlifecycle.com\/fr_CA\/#website","url":"https:\/\/quantumlifecycle.com\/fr_CA\/","name":"Quantum | ITAD & E-Waste Recycling","description":"","publisher":{"@id":"https:\/\/quantumlifecycle.com\/fr_CA\/#organization"},"potentialAction":[{"@type":"SearchAction","target":{"@type":"EntryPoint","urlTemplate":"https:\/\/quantumlifecycle.com\/fr_CA\/?s={search_term_string}"},"query-input":{"@type":"PropertyValueSpecification","valueRequired":true,"valueName":"search_term_string"}}],"inLanguage":"fr-CA"},{"@type":"Organization","@id":"https:\/\/quantumlifecycle.com\/fr_CA\/#organization","name":"Quantum Lifecycle Partners LP","url":"https:\/\/quantumlifecycle.com\/fr_CA\/","logo":{"@type":"ImageObject","inLanguage":"fr-CA","@id":"https:\/\/quantumlifecycle.com\/fr_CA\/#\/schema\/logo\/image\/","url":"https:\/\/quantumlifecycle.com\/wp-content\/uploads\/2020\/01\/logo.svg","contentUrl":"https:\/\/quantumlifecycle.com\/wp-content\/uploads\/2020\/01\/logo.svg","width":2700,"height":848,"caption":"Quantum Lifecycle Partners LP"},"image":{"@id":"https:\/\/quantumlifecycle.com\/fr_CA\/#\/schema\/logo\/image\/"}}]}},"yoast":{"metadesc":""},"_links":{"self":[{"href":"https:\/\/quantumlifecycle.com\/fr_CA\/wp-json\/wp\/v2\/pages\/14036","targetHints":{"allow":["GET"]}}],"collection":[{"href":"https:\/\/quantumlifecycle.com\/fr_CA\/wp-json\/wp\/v2\/pages"}],"about":[{"href":"https:\/\/quantumlifecycle.com\/fr_CA\/wp-json\/wp\/v2\/types\/page"}],"author":[{"embeddable":true,"href":"https:\/\/quantumlifecycle.com\/fr_CA\/wp-json\/wp\/v2\/users\/3"}],"replies":[{"embeddable":true,"href":"https:\/\/quantumlifecycle.com\/fr_CA\/wp-json\/wp\/v2\/comments?post=14036"}],"version-history":[{"count":3,"href":"https:\/\/quantumlifecycle.com\/fr_CA\/wp-json\/wp\/v2\/pages\/14036\/revisions"}],"predecessor-version":[{"id":19068,"href":"https:\/\/quantumlifecycle.com\/fr_CA\/wp-json\/wp\/v2\/pages\/14036\/revisions\/19068"}],"wp:attachment":[{"href":"https:\/\/quantumlifecycle.com\/fr_CA\/wp-json\/wp\/v2\/media?parent=14036"}],"curies":[{"name":"wp","href":"https:\/\/api.w.org\/{rel}","templated":true}]}}