{"id":14034,"date":"2019-12-24T06:48:26","date_gmt":"2019-12-24T11:48:26","guid":{"rendered":"https:\/\/quantumlifecycle.com\/staging\/solutions-pour-les-centres-de-donnees\/"},"modified":"2022-06-20T08:23:18","modified_gmt":"2022-06-20T12:23:18","slug":"solutions-pour-les-centres-de-donnees","status":"publish","type":"page","link":"https:\/\/quantumlifecycle.com\/fr_CA\/solutions-pour-les-centres-de-donnees\/","title":{"rendered":"Solutions pour les centres de donn\u00e9es"},"content":{"rendered":"<div class=\"top-content two-column-content\">\n<div class=\"left-column\">\n<h2 class=\"primary-headline\">Nous comprenons les besoins uniques des centres de donn\u00e9es<\/h2>\n<p>Que vous ayez besoin d&rsquo;aide pour mettre hors service le centre de donn\u00e9es vieillissant de votre entreprise ou pour rafra\u00eechir l&rsquo;\u00e9quipement d&rsquo;une banque de serveurs en nuage, vous pouvez faire confiance \u00e0 Quantum pour faire le travail correctement. En mettant l&rsquo;accent sur l&rsquo;int\u00e9grit\u00e9 des donn\u00e9es et la cha\u00eene de possession, notre personnel \u00e9liminera efficacement tous les actifs inutiles de votre centre de donn\u00e9es, rationalisant ainsi le processus de mise hors service. Pour garantir le plus haut niveau de s\u00e9curit\u00e9, nous assurons le suivi des actifs et dressons un inventaire complet d\u00e8s notre arriv\u00e9e sur le site. Nous proposons une gamme compl\u00e8te de services de r\u00e9utilisation et de recyclage, de multiples certifications bas\u00e9es sur la conformit\u00e9 et une solide exp\u00e9rience des centres de donn\u00e9es priv\u00e9s et des colocations. Nous desservons m\u00eame les r\u00e9gions g\u00e9ographiques \u00e9loign\u00e9es et difficiles d&rsquo;acc\u00e8s.\n<\/p><\/div>\n<div class=\"right-column\"><img loading=\"lazy\" decoding=\"async\" src=\"https:\/\/quantumlifecycle.com\/wp-content\/uploads\/2019\/12\/data-centre.svg\" alt=\"\" width=\"391\" height=\"405\" class=\"alignnone size-full wp-image-6134 f-basis-70\"  role=\"img\" \/><\/div>\n<\/div>\n<div class=\"what-to-expect top-separator\">\n<h2 class=\"primary-headline text-center\">Ce que vous pouvez attendre de nos solutions pour centres de donn\u00e9es<\/h2>\n<div class=\"expectation-details\">\n<div class=\"columned-list\">\n<h3>La tranquillit\u00e9 d&rsquo;esprit<\/h3>\n<ul>\n<li>Une couverture d&rsquo;assurance responsabilit\u00e9 civile de plus de 15 millions de dollars, y compris la responsabilit\u00e9 des services professionnels, la cyber-responsabilit\u00e9, les erreurs et omissions et la responsabilit\u00e9 civile g\u00e9n\u00e9rale des entreprises<\/li>\n<li>Surveillance et contr\u00f4le complets de la cha\u00eene de d\u00e9tention<\/li>\n<li>V\u00e9rification des ant\u00e9c\u00e9dents criminels des membres de l&rsquo;\u00e9quipe et d\u00e9pistage des drogues pour les employ\u00e9s d&rsquo;acc\u00e8s<\/li>\n<li>Une flotte s\u00e9curis\u00e9e avec une surveillance GPS en direct, des camions scell\u00e9s et des voies de transport r\u00e9serv\u00e9es.<\/li>\n<\/ul>\n<\/div>\n<div class=\"columned-list\">\n<h3>Gamme compl\u00e8te de services sur site<\/h3>\n<ul>\n<li>Reconcilliation de l&rsquo;inventaire des actifs<\/li>\n<li>Effacement des donn\u00e9es ou d\u00e9chiquetage des m\u00e9dias (avec effacement multiplateforme pour r\u00e9pondre \u00e0 tous les besoins)<\/li>\n<li>D\u00e9placement des actifs\/ d\u00e9-racking\/ d\u00e9sinstallation<\/li>\n<li>D\u00e9placement de c\u00e2bles et de planchers sur\u00e9lev\u00e9s<\/li>\n<li>D\u00e9connexion et retrait de la tour de refroidissement\/du HVAC<\/li>\n<li>Logistique \u2018gants blancs\u2019, y compris l&#8217;emballage et le transport<\/li>\n<li>Des solutions logistiques d&rsquo;un oc\u00e9an \u00e0 l&rsquo;autre<\/li>\n<\/ul>\n<\/div>\n<div class=\"columned-list\">\n<h3>Maximisation de la valeur des actifs<\/h3>\n<ul>\n<li>Revente multicanal pour maximiser votre rendement :\n<ul>\n<li>Vente en gros<\/li>\n<li>Niche\/Sp\u00e9cialit\u00e9<\/li>\n<li>Programmes d&rsquo;achat pour les employ\u00e9s<\/li>\n<li>Vente au d\u00e9tail en ligne <\/li>\n<\/ul>\n<\/li>\n<li>Le service de recyclage pour actifs en fin de vie; le meilleur de sa cat\u00e9gorie et enti\u00e8rement certifi\u00e9<\/li>\n<\/ul>\n<\/div>\n<\/div>\n<\/div>\n","protected":false},"excerpt":{"rendered":"<p>Nous comprenons les besoins uniques des centres de donn\u00e9es Que vous ayez besoin d&rsquo;aide pour mettre hors service le centre de donn\u00e9es&#8230;<\/p>\n","protected":false},"author":12,"featured_media":0,"parent":0,"menu_order":1,"comment_status":"closed","ping_status":"closed","template":"page-data-cenrte.php","meta":{"_acf_changed":false,"om_disable_all_campaigns":false,"_genesis_hide_title":false,"_genesis_hide_breadcrumbs":false,"_genesis_hide_singular_image":false,"_genesis_hide_footer_widgets":false,"_genesis_custom_body_class":"","_genesis_custom_post_class":"","_genesis_layout":"","footnotes":""},"class_list":{"0":"post-14034","1":"page","2":"type-page","3":"status-publish","5":"entry"},"acf":[],"yoast_head":"<!-- This site is optimized with the Yoast SEO plugin v27.4 - https:\/\/yoast.com\/product\/yoast-seo-wordpress\/ -->\n<title>Solutions pour les centres de donn\u00e9es - Quantum | ITAD &amp; E-Waste Recycling<\/title>\n<meta name=\"robots\" content=\"index, follow, max-snippet:-1, max-image-preview:large, max-video-preview:-1\" \/>\n<link rel=\"canonical\" href=\"https:\/\/quantumlifecycle.com\/fr_CA\/solutions-pour-les-centres-de-donnees\/\" \/>\n<meta property=\"og:locale\" content=\"fr_CA\" \/>\n<meta property=\"og:type\" content=\"article\" \/>\n<meta property=\"og:title\" content=\"Solutions pour les centres de donn\u00e9es - Quantum | ITAD &amp; E-Waste Recycling\" \/>\n<meta property=\"og:description\" content=\"Nous comprenons les besoins uniques des centres de donn\u00e9es Que vous ayez besoin d&rsquo;aide pour mettre hors service le centre de donn\u00e9es...\" \/>\n<meta property=\"og:url\" content=\"https:\/\/quantumlifecycle.com\/fr_CA\/solutions-pour-les-centres-de-donnees\/\" \/>\n<meta property=\"og:site_name\" content=\"Quantum | ITAD &amp; E-Waste Recycling\" \/>\n<meta property=\"article:modified_time\" content=\"2022-06-20T12:23:18+00:00\" \/>\n<meta property=\"og:image\" content=\"https:\/\/quantumlifecycle.com\/wp-content\/uploads\/2019\/12\/data-centre.svg\" \/>\n<meta name=\"twitter:card\" content=\"summary_large_image\" \/>\n<meta name=\"twitter:label1\" content=\"Estimation du temps de lecture\" \/>\n\t<meta name=\"twitter:data1\" content=\"2 minutes\" \/>\n<script type=\"application\/ld+json\" class=\"yoast-schema-graph\">{\"@context\":\"https:\\\/\\\/schema.org\",\"@graph\":[{\"@type\":\"WebPage\",\"@id\":\"https:\\\/\\\/quantumlifecycle.com\\\/fr_CA\\\/solutions-pour-les-centres-de-donnees\\\/\",\"url\":\"https:\\\/\\\/quantumlifecycle.com\\\/fr_CA\\\/solutions-pour-les-centres-de-donnees\\\/\",\"name\":\"Solutions pour les centres de donn\u00e9es - Quantum | ITAD &amp; E-Waste Recycling\",\"isPartOf\":{\"@id\":\"https:\\\/\\\/quantumlifecycle.com\\\/fr_CA\\\/#website\"},\"primaryImageOfPage\":{\"@id\":\"https:\\\/\\\/quantumlifecycle.com\\\/fr_CA\\\/solutions-pour-les-centres-de-donnees\\\/#primaryimage\"},\"image\":{\"@id\":\"https:\\\/\\\/quantumlifecycle.com\\\/fr_CA\\\/solutions-pour-les-centres-de-donnees\\\/#primaryimage\"},\"thumbnailUrl\":\"https:\\\/\\\/quantumlifecycle.com\\\/wp-content\\\/uploads\\\/2019\\\/12\\\/data-centre.svg\",\"datePublished\":\"2019-12-24T11:48:26+00:00\",\"dateModified\":\"2022-06-20T12:23:18+00:00\",\"breadcrumb\":{\"@id\":\"https:\\\/\\\/quantumlifecycle.com\\\/fr_CA\\\/solutions-pour-les-centres-de-donnees\\\/#breadcrumb\"},\"inLanguage\":\"fr-CA\",\"potentialAction\":[{\"@type\":\"ReadAction\",\"target\":[\"https:\\\/\\\/quantumlifecycle.com\\\/fr_CA\\\/solutions-pour-les-centres-de-donnees\\\/\"]}]},{\"@type\":\"ImageObject\",\"inLanguage\":\"fr-CA\",\"@id\":\"https:\\\/\\\/quantumlifecycle.com\\\/fr_CA\\\/solutions-pour-les-centres-de-donnees\\\/#primaryimage\",\"url\":\"https:\\\/\\\/quantumlifecycle.com\\\/wp-content\\\/uploads\\\/2019\\\/12\\\/data-centre.svg\",\"contentUrl\":\"https:\\\/\\\/quantumlifecycle.com\\\/wp-content\\\/uploads\\\/2019\\\/12\\\/data-centre.svg\"},{\"@type\":\"BreadcrumbList\",\"@id\":\"https:\\\/\\\/quantumlifecycle.com\\\/fr_CA\\\/solutions-pour-les-centres-de-donnees\\\/#breadcrumb\",\"itemListElement\":[{\"@type\":\"ListItem\",\"position\":1,\"name\":\"Home\",\"item\":\"https:\\\/\\\/quantumlifecycle.com\\\/fr_CA\\\/\"},{\"@type\":\"ListItem\",\"position\":2,\"name\":\"Solutions pour les centres de donn\u00e9es\"}]},{\"@type\":\"WebSite\",\"@id\":\"https:\\\/\\\/quantumlifecycle.com\\\/fr_CA\\\/#website\",\"url\":\"https:\\\/\\\/quantumlifecycle.com\\\/fr_CA\\\/\",\"name\":\"Quantum | ITAD & E-Waste Recycling\",\"description\":\"\",\"publisher\":{\"@id\":\"https:\\\/\\\/quantumlifecycle.com\\\/fr_CA\\\/#organization\"},\"potentialAction\":[{\"@type\":\"SearchAction\",\"target\":{\"@type\":\"EntryPoint\",\"urlTemplate\":\"https:\\\/\\\/quantumlifecycle.com\\\/fr_CA\\\/?s={search_term_string}\"},\"query-input\":{\"@type\":\"PropertyValueSpecification\",\"valueRequired\":true,\"valueName\":\"search_term_string\"}}],\"inLanguage\":\"fr-CA\"},{\"@type\":\"Organization\",\"@id\":\"https:\\\/\\\/quantumlifecycle.com\\\/fr_CA\\\/#organization\",\"name\":\"Quantum Lifecycle Partners LP\",\"url\":\"https:\\\/\\\/quantumlifecycle.com\\\/fr_CA\\\/\",\"logo\":{\"@type\":\"ImageObject\",\"inLanguage\":\"fr-CA\",\"@id\":\"https:\\\/\\\/quantumlifecycle.com\\\/fr_CA\\\/#\\\/schema\\\/logo\\\/image\\\/\",\"url\":\"https:\\\/\\\/quantumlifecycle.com\\\/wp-content\\\/uploads\\\/2020\\\/01\\\/logo.svg\",\"contentUrl\":\"https:\\\/\\\/quantumlifecycle.com\\\/wp-content\\\/uploads\\\/2020\\\/01\\\/logo.svg\",\"width\":2700,\"height\":848,\"caption\":\"Quantum Lifecycle Partners LP\"},\"image\":{\"@id\":\"https:\\\/\\\/quantumlifecycle.com\\\/fr_CA\\\/#\\\/schema\\\/logo\\\/image\\\/\"}}]}<\/script>\n<!-- \/ Yoast SEO plugin. -->","yoast_head_json":{"title":"Solutions pour les centres de donn\u00e9es - Quantum | ITAD &amp; E-Waste Recycling","robots":{"index":"index","follow":"follow","max-snippet":"max-snippet:-1","max-image-preview":"max-image-preview:large","max-video-preview":"max-video-preview:-1"},"canonical":"https:\/\/quantumlifecycle.com\/fr_CA\/solutions-pour-les-centres-de-donnees\/","og_locale":"fr_CA","og_type":"article","og_title":"Solutions pour les centres de donn\u00e9es - Quantum | ITAD &amp; E-Waste Recycling","og_description":"Nous comprenons les besoins uniques des centres de donn\u00e9es Que vous ayez besoin d&rsquo;aide pour mettre hors service le centre de donn\u00e9es...","og_url":"https:\/\/quantumlifecycle.com\/fr_CA\/solutions-pour-les-centres-de-donnees\/","og_site_name":"Quantum | ITAD &amp; E-Waste Recycling","article_modified_time":"2022-06-20T12:23:18+00:00","og_image":[{"url":"https:\/\/quantumlifecycle.com\/wp-content\/uploads\/2019\/12\/data-centre.svg","type":"","width":"","height":""}],"twitter_card":"summary_large_image","twitter_misc":{"Estimation du temps de lecture":"2 minutes"},"schema":{"@context":"https:\/\/schema.org","@graph":[{"@type":"WebPage","@id":"https:\/\/quantumlifecycle.com\/fr_CA\/solutions-pour-les-centres-de-donnees\/","url":"https:\/\/quantumlifecycle.com\/fr_CA\/solutions-pour-les-centres-de-donnees\/","name":"Solutions pour les centres de donn\u00e9es - Quantum | ITAD &amp; E-Waste Recycling","isPartOf":{"@id":"https:\/\/quantumlifecycle.com\/fr_CA\/#website"},"primaryImageOfPage":{"@id":"https:\/\/quantumlifecycle.com\/fr_CA\/solutions-pour-les-centres-de-donnees\/#primaryimage"},"image":{"@id":"https:\/\/quantumlifecycle.com\/fr_CA\/solutions-pour-les-centres-de-donnees\/#primaryimage"},"thumbnailUrl":"https:\/\/quantumlifecycle.com\/wp-content\/uploads\/2019\/12\/data-centre.svg","datePublished":"2019-12-24T11:48:26+00:00","dateModified":"2022-06-20T12:23:18+00:00","breadcrumb":{"@id":"https:\/\/quantumlifecycle.com\/fr_CA\/solutions-pour-les-centres-de-donnees\/#breadcrumb"},"inLanguage":"fr-CA","potentialAction":[{"@type":"ReadAction","target":["https:\/\/quantumlifecycle.com\/fr_CA\/solutions-pour-les-centres-de-donnees\/"]}]},{"@type":"ImageObject","inLanguage":"fr-CA","@id":"https:\/\/quantumlifecycle.com\/fr_CA\/solutions-pour-les-centres-de-donnees\/#primaryimage","url":"https:\/\/quantumlifecycle.com\/wp-content\/uploads\/2019\/12\/data-centre.svg","contentUrl":"https:\/\/quantumlifecycle.com\/wp-content\/uploads\/2019\/12\/data-centre.svg"},{"@type":"BreadcrumbList","@id":"https:\/\/quantumlifecycle.com\/fr_CA\/solutions-pour-les-centres-de-donnees\/#breadcrumb","itemListElement":[{"@type":"ListItem","position":1,"name":"Home","item":"https:\/\/quantumlifecycle.com\/fr_CA\/"},{"@type":"ListItem","position":2,"name":"Solutions pour les centres de donn\u00e9es"}]},{"@type":"WebSite","@id":"https:\/\/quantumlifecycle.com\/fr_CA\/#website","url":"https:\/\/quantumlifecycle.com\/fr_CA\/","name":"Quantum | ITAD & E-Waste Recycling","description":"","publisher":{"@id":"https:\/\/quantumlifecycle.com\/fr_CA\/#organization"},"potentialAction":[{"@type":"SearchAction","target":{"@type":"EntryPoint","urlTemplate":"https:\/\/quantumlifecycle.com\/fr_CA\/?s={search_term_string}"},"query-input":{"@type":"PropertyValueSpecification","valueRequired":true,"valueName":"search_term_string"}}],"inLanguage":"fr-CA"},{"@type":"Organization","@id":"https:\/\/quantumlifecycle.com\/fr_CA\/#organization","name":"Quantum Lifecycle Partners LP","url":"https:\/\/quantumlifecycle.com\/fr_CA\/","logo":{"@type":"ImageObject","inLanguage":"fr-CA","@id":"https:\/\/quantumlifecycle.com\/fr_CA\/#\/schema\/logo\/image\/","url":"https:\/\/quantumlifecycle.com\/wp-content\/uploads\/2020\/01\/logo.svg","contentUrl":"https:\/\/quantumlifecycle.com\/wp-content\/uploads\/2020\/01\/logo.svg","width":2700,"height":848,"caption":"Quantum Lifecycle Partners LP"},"image":{"@id":"https:\/\/quantumlifecycle.com\/fr_CA\/#\/schema\/logo\/image\/"}}]}},"yoast":{"metadesc":""},"_links":{"self":[{"href":"https:\/\/quantumlifecycle.com\/fr_CA\/wp-json\/wp\/v2\/pages\/14034","targetHints":{"allow":["GET"]}}],"collection":[{"href":"https:\/\/quantumlifecycle.com\/fr_CA\/wp-json\/wp\/v2\/pages"}],"about":[{"href":"https:\/\/quantumlifecycle.com\/fr_CA\/wp-json\/wp\/v2\/types\/page"}],"author":[{"embeddable":true,"href":"https:\/\/quantumlifecycle.com\/fr_CA\/wp-json\/wp\/v2\/users\/12"}],"replies":[{"embeddable":true,"href":"https:\/\/quantumlifecycle.com\/fr_CA\/wp-json\/wp\/v2\/comments?post=14034"}],"version-history":[{"count":2,"href":"https:\/\/quantumlifecycle.com\/fr_CA\/wp-json\/wp\/v2\/pages\/14034\/revisions"}],"predecessor-version":[{"id":18970,"href":"https:\/\/quantumlifecycle.com\/fr_CA\/wp-json\/wp\/v2\/pages\/14034\/revisions\/18970"}],"wp:attachment":[{"href":"https:\/\/quantumlifecycle.com\/fr_CA\/wp-json\/wp\/v2\/media?parent=14034"}],"curies":[{"name":"wp","href":"https:\/\/api.w.org\/{rel}","templated":true}]}}