{"id":14030,"date":"2019-12-25T08:27:02","date_gmt":"2019-12-25T13:27:02","guid":{"rendered":"https:\/\/quantumlifecycle.com\/staging\/marche-des-matieres-premieres\/"},"modified":"2022-06-15T07:26:36","modified_gmt":"2022-06-15T11:26:36","slug":"marche-des-matieres-premieres","status":"publish","type":"page","link":"https:\/\/quantumlifecycle.com\/fr_CA\/marche-des-matieres-premieres\/","title":{"rendered":"March\u00e9 des mati\u00e8res premi\u00e8res"},"content":{"rendered":"<div class=\"top-content w-800\">\nQuantum traite tous les types de rebuts \u00e9lectroniques ce qui inclut les d\u00e9chets d\u00e9chiquetables \u00e0 faible valeur ajout\u00e9e, les petits appareils m\u00e9nagers, plusieurs types de c\u00e2bles, les circuits imprim\u00e9s et les microprocesseurs. En plus d\u2019offrir \u00e0 nos clients notre savoir-faire en ce qui concerne la classification des mati\u00e8res premi\u00e8res, nous leur faisons profiter de notre pouvoir d\u2019achat qui se base sur notre capacit\u00e9 \u00e0 rassembler un volume consid\u00e9rable de d\u00e9chets \u00e9lectroniques. Ce volume nous permet de faire affaire directement avec les fonderies ce que plusieurs autres comp\u00e9titeurs ne peuvent se permettre.<\/div>\n<div class=\"two-columns-content\">\n<div class=\"top-content two-column-content\">\n<div class=\"left-column\">\n<h2 class=\"primary-headline\">Se faire payer selon la valeur r\u00e9elle de vos \u00e9quipements<\/h2>\n<p>Quantum se chargera de vos d\u00e9chets \u00e9lectroniques et s\u2019assurera d\u2019en optimiser la valeur en triant les mati\u00e8res pour qu\u2019elles rapportent r\u00e9ellement. Nous sommes des experts dans le triage des mati\u00e8res premi\u00e8res et nous sommes en mesure de vous donner la r\u00e9partition de ce tri sur les rapports qui accompagneront le montant qui vous sera r\u00e9tribu\u00e9. Nos termes de paiements sont rapides et toujours \u00e0 temps et toutes nos transactions sont faites de fa\u00e7on transparentes. Si nous ne sommes pas en mesure de traiter les produits nous-m\u00eames, il y a de fortes chances que nous ayons un partenaire qui saura le faire. Nous sommes \u00e9galement fiers de partager nos connaissances avec nos clients alors n\u2019h\u00e9sitez pas \u00e0 nous appeler!<\/p>\n<\/div>\n<div class=\"right-column\"><img loading=\"lazy\" decoding=\"async\" class=\"alignnone size-full wp-image-6168\" role=\"img\" src=\"https:\/\/quantumlifecycle.com\/wp-content\/uploads\/2020\/02\/Trading.svg\" alt=\"\" width=\"314\" height=\"309\" \/><\/div>\n<\/div>\n<\/div>\n","protected":false},"excerpt":{"rendered":"<p>Quantum traite tous les types de rebuts \u00e9lectroniques ce qui inclut les d\u00e9chets d\u00e9chiquetables \u00e0 faible valeur ajout\u00e9e, les petits appareils m\u00e9nagers,&#8230;<\/p>\n","protected":false},"author":12,"featured_media":0,"parent":0,"menu_order":3,"comment_status":"closed","ping_status":"closed","template":"page-trading.php","meta":{"_acf_changed":false,"_yoast_wpseo_title":"","_yoast_wpseo_metadesc":"","om_disable_all_campaigns":false,"_genesis_hide_title":false,"_genesis_hide_breadcrumbs":false,"_genesis_hide_singular_image":false,"_genesis_hide_footer_widgets":false,"_genesis_custom_body_class":"","_genesis_custom_post_class":"","_genesis_layout":"","_metasync_otto_title":"","_metasync_otto_description":"","_metasync_otto_keywords":"","_metasync_otto_og_title":"","_metasync_otto_og_description":"","_metasync_otto_twitter_title":"","_metasync_otto_twitter_description":"","rank_math_title":"","rank_math_description":"","_aioseo_title":"","_aioseo_description":"","_metasync_seo_title":"","_metasync_seo_desc":"","_metasync_breadcrumb_title":"","_metasync_primary_category":0,"_metasync_primary_product_cat":0,"_metasync_otto_disabled":"","_metasync_hreflang":"","_metasync_plugin_sync_ts":"","_metasync_robots_advanced":"","footnotes":""},"class_list":{"0":"post-14030","1":"page","2":"type-page","3":"status-publish","5":"entry"},"acf":[],"yoast_head":"<!-- This site is optimized with the Yoast SEO plugin v27.5 - https:\/\/yoast.com\/product\/yoast-seo-wordpress\/ -->\n<title>March\u00e9 des mati\u00e8res premi\u00e8res - Quantum | ITAD &amp; E-Waste Recycling<\/title>\n<meta name=\"robots\" content=\"index, follow, max-snippet:-1, max-image-preview:large, max-video-preview:-1\" \/>\n<link rel=\"canonical\" href=\"https:\/\/quantumlifecycle.com\/fr_CA\/marche-des-matieres-premieres\/\" \/>\n<meta property=\"og:locale\" content=\"fr_CA\" \/>\n<meta property=\"og:type\" content=\"article\" \/>\n<meta property=\"og:title\" content=\"March\u00e9 des mati\u00e8res premi\u00e8res - Quantum | ITAD &amp; E-Waste Recycling\" \/>\n<meta property=\"og:description\" content=\"Quantum traite tous les types de rebuts \u00e9lectroniques ce qui inclut les d\u00e9chets d\u00e9chiquetables \u00e0 faible valeur ajout\u00e9e, les petits appareils m\u00e9nagers,...\" \/>\n<meta property=\"og:url\" content=\"https:\/\/quantumlifecycle.com\/fr_CA\/marche-des-matieres-premieres\/\" \/>\n<meta property=\"og:site_name\" content=\"Quantum | ITAD &amp; E-Waste Recycling\" \/>\n<meta property=\"og:image\" content=\"https:\/\/quantumlifecycle.com\/wp-content\/uploads\/2020\/02\/Trading.svg\" \/>\n<meta name=\"twitter:card\" content=\"summary_large_image\" \/>\n<meta name=\"twitter:label1\" content=\"Estimation du temps de lecture\" \/>\n\t<meta name=\"twitter:data1\" content=\"1 minute\" \/>\n<script type=\"application\/ld+json\" class=\"yoast-schema-graph\">{\"@context\":\"https:\\\/\\\/schema.org\",\"@graph\":[{\"@type\":\"WebPage\",\"@id\":\"https:\\\/\\\/quantumlifecycle.com\\\/fr_CA\\\/marche-des-matieres-premieres\\\/\",\"url\":\"https:\\\/\\\/quantumlifecycle.com\\\/fr_CA\\\/marche-des-matieres-premieres\\\/\",\"name\":\"March\u00e9 des mati\u00e8res premi\u00e8res - Quantum | ITAD &amp; E-Waste Recycling\",\"isPartOf\":{\"@id\":\"https:\\\/\\\/quantumlifecycle.com\\\/fr_CA\\\/#website\"},\"primaryImageOfPage\":{\"@id\":\"https:\\\/\\\/quantumlifecycle.com\\\/fr_CA\\\/marche-des-matieres-premieres\\\/#primaryimage\"},\"image\":{\"@id\":\"https:\\\/\\\/quantumlifecycle.com\\\/fr_CA\\\/marche-des-matieres-premieres\\\/#primaryimage\"},\"thumbnailUrl\":\"https:\\\/\\\/quantumlifecycle.com\\\/wp-content\\\/uploads\\\/2020\\\/02\\\/Trading.svg\",\"datePublished\":\"2019-12-25T13:27:02+00:00\",\"dateModified\":\"2022-06-15T11:26:36+00:00\",\"breadcrumb\":{\"@id\":\"https:\\\/\\\/quantumlifecycle.com\\\/fr_CA\\\/marche-des-matieres-premieres\\\/#breadcrumb\"},\"inLanguage\":\"fr-CA\",\"potentialAction\":[{\"@type\":\"ReadAction\",\"target\":[\"https:\\\/\\\/quantumlifecycle.com\\\/fr_CA\\\/marche-des-matieres-premieres\\\/\"]}]},{\"@type\":\"ImageObject\",\"inLanguage\":\"fr-CA\",\"@id\":\"https:\\\/\\\/quantumlifecycle.com\\\/fr_CA\\\/marche-des-matieres-premieres\\\/#primaryimage\",\"url\":\"https:\\\/\\\/quantumlifecycle.com\\\/wp-content\\\/uploads\\\/2020\\\/02\\\/Trading.svg\",\"contentUrl\":\"https:\\\/\\\/quantumlifecycle.com\\\/wp-content\\\/uploads\\\/2020\\\/02\\\/Trading.svg\"},{\"@type\":\"BreadcrumbList\",\"@id\":\"https:\\\/\\\/quantumlifecycle.com\\\/fr_CA\\\/marche-des-matieres-premieres\\\/#breadcrumb\",\"itemListElement\":[{\"@type\":\"ListItem\",\"position\":1,\"name\":\"Home\",\"item\":\"https:\\\/\\\/quantumlifecycle.com\\\/fr_CA\\\/\"},{\"@type\":\"ListItem\",\"position\":2,\"name\":\"March\u00e9 des mati\u00e8res premi\u00e8res\"}]},{\"@type\":\"WebSite\",\"@id\":\"https:\\\/\\\/quantumlifecycle.com\\\/fr_CA\\\/#website\",\"url\":\"https:\\\/\\\/quantumlifecycle.com\\\/fr_CA\\\/\",\"name\":\"Quantum | ITAD & E-Waste Recycling\",\"description\":\"\",\"publisher\":{\"@id\":\"https:\\\/\\\/quantumlifecycle.com\\\/fr_CA\\\/#organization\"},\"potentialAction\":[{\"@type\":\"SearchAction\",\"target\":{\"@type\":\"EntryPoint\",\"urlTemplate\":\"https:\\\/\\\/quantumlifecycle.com\\\/fr_CA\\\/?s={search_term_string}\"},\"query-input\":{\"@type\":\"PropertyValueSpecification\",\"valueRequired\":true,\"valueName\":\"search_term_string\"}}],\"inLanguage\":\"fr-CA\"},{\"@type\":\"Organization\",\"@id\":\"https:\\\/\\\/quantumlifecycle.com\\\/fr_CA\\\/#organization\",\"name\":\"Quantum Lifecycle Partners LP\",\"url\":\"https:\\\/\\\/quantumlifecycle.com\\\/fr_CA\\\/\",\"logo\":{\"@type\":\"ImageObject\",\"inLanguage\":\"fr-CA\",\"@id\":\"https:\\\/\\\/quantumlifecycle.com\\\/fr_CA\\\/#\\\/schema\\\/logo\\\/image\\\/\",\"url\":\"https:\\\/\\\/quantumlifecycle.com\\\/wp-content\\\/uploads\\\/2020\\\/01\\\/logo.svg\",\"contentUrl\":\"https:\\\/\\\/quantumlifecycle.com\\\/wp-content\\\/uploads\\\/2020\\\/01\\\/logo.svg\",\"width\":2700,\"height\":848,\"caption\":\"Quantum Lifecycle Partners LP\"},\"image\":{\"@id\":\"https:\\\/\\\/quantumlifecycle.com\\\/fr_CA\\\/#\\\/schema\\\/logo\\\/image\\\/\"}}]}<\/script>\n<!-- \/ Yoast SEO plugin. -->","yoast_head_json":{"title":"March\u00e9 des mati\u00e8res premi\u00e8res - Quantum | ITAD &amp; E-Waste Recycling","robots":{"index":"index","follow":"follow","max-snippet":"max-snippet:-1","max-image-preview":"max-image-preview:large","max-video-preview":"max-video-preview:-1"},"canonical":"https:\/\/quantumlifecycle.com\/fr_CA\/marche-des-matieres-premieres\/","og_locale":"fr_CA","og_type":"article","og_title":"March\u00e9 des mati\u00e8res premi\u00e8res - Quantum | ITAD &amp; E-Waste Recycling","og_description":"Quantum traite tous les types de rebuts \u00e9lectroniques ce qui inclut les d\u00e9chets d\u00e9chiquetables \u00e0 faible valeur ajout\u00e9e, les petits appareils m\u00e9nagers,...","og_url":"https:\/\/quantumlifecycle.com\/fr_CA\/marche-des-matieres-premieres\/","og_site_name":"Quantum | ITAD &amp; E-Waste Recycling","og_image":[{"url":"https:\/\/quantumlifecycle.com\/wp-content\/uploads\/2020\/02\/Trading.svg","type":"","width":"","height":""}],"twitter_card":"summary_large_image","twitter_misc":{"Estimation du temps de lecture":"1 minute"},"schema":{"@context":"https:\/\/schema.org","@graph":[{"@type":"WebPage","@id":"https:\/\/quantumlifecycle.com\/fr_CA\/marche-des-matieres-premieres\/","url":"https:\/\/quantumlifecycle.com\/fr_CA\/marche-des-matieres-premieres\/","name":"March\u00e9 des mati\u00e8res premi\u00e8res - Quantum | ITAD &amp; E-Waste Recycling","isPartOf":{"@id":"https:\/\/quantumlifecycle.com\/fr_CA\/#website"},"primaryImageOfPage":{"@id":"https:\/\/quantumlifecycle.com\/fr_CA\/marche-des-matieres-premieres\/#primaryimage"},"image":{"@id":"https:\/\/quantumlifecycle.com\/fr_CA\/marche-des-matieres-premieres\/#primaryimage"},"thumbnailUrl":"https:\/\/quantumlifecycle.com\/wp-content\/uploads\/2020\/02\/Trading.svg","datePublished":"2019-12-25T13:27:02+00:00","dateModified":"2022-06-15T11:26:36+00:00","breadcrumb":{"@id":"https:\/\/quantumlifecycle.com\/fr_CA\/marche-des-matieres-premieres\/#breadcrumb"},"inLanguage":"fr-CA","potentialAction":[{"@type":"ReadAction","target":["https:\/\/quantumlifecycle.com\/fr_CA\/marche-des-matieres-premieres\/"]}]},{"@type":"ImageObject","inLanguage":"fr-CA","@id":"https:\/\/quantumlifecycle.com\/fr_CA\/marche-des-matieres-premieres\/#primaryimage","url":"https:\/\/quantumlifecycle.com\/wp-content\/uploads\/2020\/02\/Trading.svg","contentUrl":"https:\/\/quantumlifecycle.com\/wp-content\/uploads\/2020\/02\/Trading.svg"},{"@type":"BreadcrumbList","@id":"https:\/\/quantumlifecycle.com\/fr_CA\/marche-des-matieres-premieres\/#breadcrumb","itemListElement":[{"@type":"ListItem","position":1,"name":"Home","item":"https:\/\/quantumlifecycle.com\/fr_CA\/"},{"@type":"ListItem","position":2,"name":"March\u00e9 des mati\u00e8res premi\u00e8res"}]},{"@type":"WebSite","@id":"https:\/\/quantumlifecycle.com\/fr_CA\/#website","url":"https:\/\/quantumlifecycle.com\/fr_CA\/","name":"Quantum | ITAD & E-Waste Recycling","description":"","publisher":{"@id":"https:\/\/quantumlifecycle.com\/fr_CA\/#organization"},"potentialAction":[{"@type":"SearchAction","target":{"@type":"EntryPoint","urlTemplate":"https:\/\/quantumlifecycle.com\/fr_CA\/?s={search_term_string}"},"query-input":{"@type":"PropertyValueSpecification","valueRequired":true,"valueName":"search_term_string"}}],"inLanguage":"fr-CA"},{"@type":"Organization","@id":"https:\/\/quantumlifecycle.com\/fr_CA\/#organization","name":"Quantum Lifecycle Partners LP","url":"https:\/\/quantumlifecycle.com\/fr_CA\/","logo":{"@type":"ImageObject","inLanguage":"fr-CA","@id":"https:\/\/quantumlifecycle.com\/fr_CA\/#\/schema\/logo\/image\/","url":"https:\/\/quantumlifecycle.com\/wp-content\/uploads\/2020\/01\/logo.svg","contentUrl":"https:\/\/quantumlifecycle.com\/wp-content\/uploads\/2020\/01\/logo.svg","width":2700,"height":848,"caption":"Quantum Lifecycle Partners LP"},"image":{"@id":"https:\/\/quantumlifecycle.com\/fr_CA\/#\/schema\/logo\/image\/"}}]}},"yoast":{"metadesc":""},"_links":{"self":[{"href":"https:\/\/quantumlifecycle.com\/fr_CA\/wp-json\/wp\/v2\/pages\/14030","targetHints":{"allow":["GET"]}}],"collection":[{"href":"https:\/\/quantumlifecycle.com\/fr_CA\/wp-json\/wp\/v2\/pages"}],"about":[{"href":"https:\/\/quantumlifecycle.com\/fr_CA\/wp-json\/wp\/v2\/types\/page"}],"author":[{"embeddable":true,"href":"https:\/\/quantumlifecycle.com\/fr_CA\/wp-json\/wp\/v2\/users\/12"}],"replies":[{"embeddable":true,"href":"https:\/\/quantumlifecycle.com\/fr_CA\/wp-json\/wp\/v2\/comments?post=14030"}],"version-history":[{"count":1,"href":"https:\/\/quantumlifecycle.com\/fr_CA\/wp-json\/wp\/v2\/pages\/14030\/revisions"}],"predecessor-version":[{"id":14061,"href":"https:\/\/quantumlifecycle.com\/fr_CA\/wp-json\/wp\/v2\/pages\/14030\/revisions\/14061"}],"wp:attachment":[{"href":"https:\/\/quantumlifecycle.com\/fr_CA\/wp-json\/wp\/v2\/media?parent=14030"}],"curies":[{"name":"wp","href":"https:\/\/api.w.org\/{rel}","templated":true}]}}