{"id":14029,"date":"2021-10-14T17:17:45","date_gmt":"2021-10-14T21:17:45","guid":{"rendered":"https:\/\/quantumlifecycle.com\/staging\/services-pro\/"},"modified":"2025-04-15T08:08:07","modified_gmt":"2025-04-15T12:08:07","slug":"services-pro","status":"publish","type":"page","link":"https:\/\/quantumlifecycle.com\/fr_CA\/services-pro\/","title":{"rendered":"Services PRO"},"content":{"rendered":"<div class=\"new-pages-container pro-service-top-container\">\n<div class=\"pro-service-top-content\">\n<h2>Quantum travaille avec des producteurs et des PR<\/h2>\n<p>En ce qui concerne la responsabilit\u00e9 \u00e9largie des producteurs, de nombreuses juridictions dans le monde mettent en place de nouveaux cadres r\u00e9glementaires qui font peser la charge de la collecte et du recyclage sur les producteurs. Les organisations de responsabilit\u00e9 des producteurs (ORP) sont un type d&rsquo;organisation sp\u00e9cialement cr\u00e9\u00e9 pour aider les producteurs \u00e0 g\u00e9rer ces exigences.<\/p>\n<p>Quantum est \u00e0 la fois un ORP qui passe des contrats directement avec les producteurs pour satisfaire leurs obligations, et un partenaire pour les ORP qui passent des contrats avec d&rsquo;autres producteurs et qui ont besoin de \u00ab\u00a0bottes sur le terrain\u00a0\u00bb pour soutenir le d\u00e9ploiement des services.<\/p><\/div>\n<div class=\"pro-service-top-image\">\n\t\t<img decoding=\"async\" src=\"\/wp-content\/themes\/genesis-sample\/images\/ProducersFR.svg\"\/>\n\t<\/div>\n<\/div>\n<div class=\"data-destruction-landing-content\">\n<div class=\"section2 our-value-data-container new-pages-container\">\n<div class=\"flex 3items our-value-data our-pro-service-value\">\n<div class=\"flexed-row\">\n<div class=\"image-column\">\n            <img decoding=\"async\" src=\"\/wp-content\/uploads\/2021\/10\/service-pro-value-1.svg\" alt=\"\">\n          <\/div>\n<h3>Services de collectes<\/h3>\n<div class=\"content-column\">\n\t\t Que vous soyez tenu de respecter des objectifs sp\u00e9cifiques en mati\u00e8re d&rsquo;accessibilit\u00e9 ou que vous soyez soumis \u00e0 des obligations de volume, le r\u00e9seau de sites de collecte de Quantum garantit une collecte rentable et efficace des d\u00e9chets \u00e9lectroniques pour assurer votre conformit\u00e9.\n          <\/div>\n<\/p><\/div>\n<div class=\"flexed-row\">\n<div class=\"image-column\">\n            <img decoding=\"async\" src=\"\/wp-content\/uploads\/2021\/10\/service-pro-value-2.svg\" alt=\"\">\n          <\/div>\n<h3>Services de recyclage<\/h3>\n<div class=\"content-column\">\n\t\tLes installations de traitement de pointe de Quantum traitent de mani\u00e8re efficace et efficiente tout ce qui contient une pile ou une prise, selon des normes de recyclage reconnues mondialement qui garantissent votre conformit\u00e9. Qu&rsquo;il s&rsquo;agisse de mat\u00e9riel que nous avons collect\u00e9 en votre nom par le biais de notre r\u00e9seau, ou de mat\u00e9riel que vous souhaitez nous envoyer pour un traitement final, Quantum est le plus grand recycleur de produits \u00e9lectroniques en fin de vie au Canada.\n          <\/div>\n<\/p><\/div>\n<div class=\"flexed-row\">\n<div class=\"image-column\">\n            <img decoding=\"async\" src=\"\/wp-content\/uploads\/2021\/10\/service-pro-value-3.svg\" alt=\"\">\n          <\/div>\n<h3>Services ITAD<\/h3>\n<div class=\"content-column\">\n\t\t Certains syst\u00e8mes de conformit\u00e9 donnent la priorit\u00e9 au r\u00e9emploi plut\u00f4t qu&rsquo;au recyclage. Quantum est l&rsquo;un des plus importants fournisseurs de services ITAM et ITAD au Canada. Il dispose de solides capacit\u00e9s pour maximiser la valeur des actifs &#8211; en r\u00e9duisant vos co\u00fbts et en maximisant votre conformit\u00e9.\n          <\/div>\n<\/p><\/div>\n<\/p><\/div>\n<div class=\"flex 3items our-value-data our-value-second our-pro-service-value\">\n<div class=\"flexed-row\">\n<div class=\"image-column\">\n            <img decoding=\"async\" src=\"\/wp-content\/uploads\/2021\/10\/service-pro-value-4.svg\" alt=\"\">\n          <\/div>\n<h3>Programmes de retour par courrier<\/h3>\n<div class=\"content-column\">\n\t\t Quantum vous aidera \u00e0 d\u00e9ployer et \u00e0 g\u00e9rer tout programme de retour par la poste que vous souhaiteriez mettre en \u0153uvre dans le cadre de vos initiatives globales de durabilit\u00e9. Quantum peut \u00e0 la fois g\u00e9rer le programme en votre nom ou agir en tant que destinataire de colis pour un programme pr\u00e9existant.\n          <\/div>\n<\/p><\/div>\n<div class=\"flexed-row\">\n<div class=\"image-column\">\n            <img decoding=\"async\" src=\"\/wp-content\/uploads\/2021\/10\/service-pro-value-5.svg\" alt=\"\">\n          <\/div>\n<h3>Soutien aux rappels et aux retours<\/h3>\n<div class=\"content-column\">\n          Quantum agira en votre nom en tant qu&rsquo;Organisation de Responsabilit\u00e9 du Producteur. Cela comprend la compr\u00e9hension des exigences locales et de la dynamique du march\u00e9, la satisfaction des obligations en mati\u00e8re d&rsquo;accessibilit\u00e9 ou de volume et la pr\u00e9paration des rapports n\u00e9cessaires. Ce que vous obtenez r\u00e9ellement, c&rsquo;est la tranquillit\u00e9 d&rsquo;esprit de savoir que vous resterez en conformit\u00e9 en travaillant avec Quantum.\n          <\/div>\n<\/p><\/div>\n<div class=\"flexed-row\">\n<div class=\"image-column\">\n            <img decoding=\"async\" src=\"\/wp-content\/uploads\/2021\/10\/service-pro-value-6.svg\" alt=\"\">\n          <\/div>\n<h3>Quantum PRO<\/h3>\n<div class=\"content-column\">\n\t\t  Quantum agira en votre nom en tant qu&rsquo;Organisation de Responsabilit\u00e9 du Producteur. Cela inclut la compr\u00e9hension des exigences locales et des dynamiques du march\u00e9, le respect des obligations d&rsquo;accessibilit\u00e9 ou de volume, ainsi que la pr\u00e9paration des rapports requis. Ce que vous obtenez r\u00e9ellement, c&rsquo;est la tranquillit\u00e9 d&rsquo;esprit en sachant que vous resterez conforme en travaillant avec Quantum.\n          <\/div>\n<\/p><\/div>\n<\/p><\/div>\n<\/p><\/div>\n<\/p><\/div>\n<div class=\"sidewaysDots content-dots\">&#8230;&#8230;&#8230;..<\/div>\n<div class=\"w-800 producer-bottom-content\">\n<h2>Comment Quantum soutient-il les PRO et les producteurs ?<\/h2>\n<p>Les moyens par lesquels Quantum peut apporter une valeur ajout\u00e9e \u00e0 ses clients en ce qui concerne les services PRO varient largement en fonction des besoins du producteur ou de l&rsquo;ORP, de l&rsquo;\u00e9tendue de la r\u00e9glementation \u00e0 laquelle nous r\u00e9pondons et des relations pr\u00e9existantes que le producteur ou l&rsquo;ORP peut avoir et qui influencent la mani\u00e8re dont une solution conforme est fournie.  Qu&rsquo;il s&rsquo;agisse de prendre en charge l&rsquo;int\u00e9gralit\u00e9 de l&rsquo;obligation et de d\u00e9velopper une solution autour de celle-ci, d&rsquo;\u00eatre simplement le recycleur des mat\u00e9riaux collect\u00e9s par un tiers et qui nous sont adress\u00e9s, ou de soutenir votre cha\u00eene d&rsquo;approvisionnement existante de toutes les mani\u00e8res possibles, nous faisons tout.<\/p>\n<p>Que vos besoins en mati\u00e8re de recyclage concernent des programmes de retour par courrier, le d\u00e9ploiement d&rsquo;un r\u00e9seau de collecte, des initiatives de droit \u00e0 la r\u00e9paration, des retours sous garantie ou des rappels de produits, le partenariat avec Quantum prot\u00e8ge votre marque en garantissant la conformit\u00e9 r\u00e9glementaire, la r\u00e9duction des risques li\u00e9s aux donn\u00e9es et l&rsquo;optimisation des performances environnementales.<\/p>\n<\/div>\n","protected":false},"excerpt":{"rendered":"<p>Quantum travaille avec des producteurs et des PR En ce qui concerne la responsabilit\u00e9 \u00e9largie des producteurs, de nombreuses juridictions dans le&#8230;<\/p>\n","protected":false},"author":3,"featured_media":0,"parent":0,"menu_order":4,"comment_status":"closed","ping_status":"closed","template":"page-producers-brand-owners.php","meta":{"_acf_changed":false,"om_disable_all_campaigns":false,"_genesis_hide_title":false,"_genesis_hide_breadcrumbs":false,"_genesis_hide_singular_image":false,"_genesis_hide_footer_widgets":false,"_genesis_custom_body_class":"","_genesis_custom_post_class":"","_genesis_layout":"","footnotes":""},"class_list":{"0":"post-14029","1":"page","2":"type-page","3":"status-publish","5":"entry"},"acf":[],"yoast_head":"<!-- This site is optimized with the Yoast SEO plugin v27.4 - https:\/\/yoast.com\/product\/yoast-seo-wordpress\/ -->\n<title>Services PRO - Quantum | ITAD &amp; E-Waste Recycling<\/title>\n<meta name=\"robots\" content=\"index, follow, max-snippet:-1, max-image-preview:large, max-video-preview:-1\" \/>\n<link rel=\"canonical\" href=\"https:\/\/quantumlifecycle.com\/fr_CA\/services-pro\/\" \/>\n<meta property=\"og:locale\" content=\"fr_CA\" \/>\n<meta property=\"og:type\" content=\"article\" \/>\n<meta property=\"og:title\" content=\"Services PRO - Quantum | ITAD &amp; E-Waste Recycling\" \/>\n<meta property=\"og:description\" content=\"Quantum travaille avec des producteurs et des PR En ce qui concerne la responsabilit\u00e9 \u00e9largie des producteurs, de nombreuses juridictions dans le...\" \/>\n<meta property=\"og:url\" content=\"https:\/\/quantumlifecycle.com\/fr_CA\/services-pro\/\" \/>\n<meta property=\"og:site_name\" content=\"Quantum | ITAD &amp; E-Waste Recycling\" \/>\n<meta property=\"article:modified_time\" content=\"2025-04-15T12:08:07+00:00\" \/>\n<meta name=\"twitter:card\" content=\"summary_large_image\" \/>\n<meta name=\"twitter:label1\" content=\"Estimation du temps de lecture\" \/>\n\t<meta name=\"twitter:data1\" content=\"5 minutes\" \/>\n<script type=\"application\/ld+json\" class=\"yoast-schema-graph\">{\"@context\":\"https:\\\/\\\/schema.org\",\"@graph\":[{\"@type\":\"WebPage\",\"@id\":\"https:\\\/\\\/quantumlifecycle.com\\\/fr_CA\\\/services-pro\\\/\",\"url\":\"https:\\\/\\\/quantumlifecycle.com\\\/fr_CA\\\/services-pro\\\/\",\"name\":\"Services PRO - Quantum | ITAD &amp; E-Waste Recycling\",\"isPartOf\":{\"@id\":\"https:\\\/\\\/quantumlifecycle.com\\\/fr_CA\\\/#website\"},\"datePublished\":\"2021-10-14T21:17:45+00:00\",\"dateModified\":\"2025-04-15T12:08:07+00:00\",\"breadcrumb\":{\"@id\":\"https:\\\/\\\/quantumlifecycle.com\\\/fr_CA\\\/services-pro\\\/#breadcrumb\"},\"inLanguage\":\"fr-CA\",\"potentialAction\":[{\"@type\":\"ReadAction\",\"target\":[\"https:\\\/\\\/quantumlifecycle.com\\\/fr_CA\\\/services-pro\\\/\"]}]},{\"@type\":\"BreadcrumbList\",\"@id\":\"https:\\\/\\\/quantumlifecycle.com\\\/fr_CA\\\/services-pro\\\/#breadcrumb\",\"itemListElement\":[{\"@type\":\"ListItem\",\"position\":1,\"name\":\"Home\",\"item\":\"https:\\\/\\\/quantumlifecycle.com\\\/fr_CA\\\/\"},{\"@type\":\"ListItem\",\"position\":2,\"name\":\"Services PRO\"}]},{\"@type\":\"WebSite\",\"@id\":\"https:\\\/\\\/quantumlifecycle.com\\\/fr_CA\\\/#website\",\"url\":\"https:\\\/\\\/quantumlifecycle.com\\\/fr_CA\\\/\",\"name\":\"Quantum | ITAD & E-Waste Recycling\",\"description\":\"\",\"publisher\":{\"@id\":\"https:\\\/\\\/quantumlifecycle.com\\\/fr_CA\\\/#organization\"},\"potentialAction\":[{\"@type\":\"SearchAction\",\"target\":{\"@type\":\"EntryPoint\",\"urlTemplate\":\"https:\\\/\\\/quantumlifecycle.com\\\/fr_CA\\\/?s={search_term_string}\"},\"query-input\":{\"@type\":\"PropertyValueSpecification\",\"valueRequired\":true,\"valueName\":\"search_term_string\"}}],\"inLanguage\":\"fr-CA\"},{\"@type\":\"Organization\",\"@id\":\"https:\\\/\\\/quantumlifecycle.com\\\/fr_CA\\\/#organization\",\"name\":\"Quantum Lifecycle Partners LP\",\"url\":\"https:\\\/\\\/quantumlifecycle.com\\\/fr_CA\\\/\",\"logo\":{\"@type\":\"ImageObject\",\"inLanguage\":\"fr-CA\",\"@id\":\"https:\\\/\\\/quantumlifecycle.com\\\/fr_CA\\\/#\\\/schema\\\/logo\\\/image\\\/\",\"url\":\"https:\\\/\\\/quantumlifecycle.com\\\/wp-content\\\/uploads\\\/2020\\\/01\\\/logo.svg\",\"contentUrl\":\"https:\\\/\\\/quantumlifecycle.com\\\/wp-content\\\/uploads\\\/2020\\\/01\\\/logo.svg\",\"width\":2700,\"height\":848,\"caption\":\"Quantum Lifecycle Partners LP\"},\"image\":{\"@id\":\"https:\\\/\\\/quantumlifecycle.com\\\/fr_CA\\\/#\\\/schema\\\/logo\\\/image\\\/\"}}]}<\/script>\n<!-- \/ Yoast SEO plugin. -->","yoast_head_json":{"title":"Services PRO - Quantum | ITAD &amp; E-Waste Recycling","robots":{"index":"index","follow":"follow","max-snippet":"max-snippet:-1","max-image-preview":"max-image-preview:large","max-video-preview":"max-video-preview:-1"},"canonical":"https:\/\/quantumlifecycle.com\/fr_CA\/services-pro\/","og_locale":"fr_CA","og_type":"article","og_title":"Services PRO - Quantum | ITAD &amp; E-Waste Recycling","og_description":"Quantum travaille avec des producteurs et des PR En ce qui concerne la responsabilit\u00e9 \u00e9largie des producteurs, de nombreuses juridictions dans le...","og_url":"https:\/\/quantumlifecycle.com\/fr_CA\/services-pro\/","og_site_name":"Quantum | ITAD &amp; E-Waste Recycling","article_modified_time":"2025-04-15T12:08:07+00:00","twitter_card":"summary_large_image","twitter_misc":{"Estimation du temps de lecture":"5 minutes"},"schema":{"@context":"https:\/\/schema.org","@graph":[{"@type":"WebPage","@id":"https:\/\/quantumlifecycle.com\/fr_CA\/services-pro\/","url":"https:\/\/quantumlifecycle.com\/fr_CA\/services-pro\/","name":"Services PRO - Quantum | ITAD &amp; E-Waste Recycling","isPartOf":{"@id":"https:\/\/quantumlifecycle.com\/fr_CA\/#website"},"datePublished":"2021-10-14T21:17:45+00:00","dateModified":"2025-04-15T12:08:07+00:00","breadcrumb":{"@id":"https:\/\/quantumlifecycle.com\/fr_CA\/services-pro\/#breadcrumb"},"inLanguage":"fr-CA","potentialAction":[{"@type":"ReadAction","target":["https:\/\/quantumlifecycle.com\/fr_CA\/services-pro\/"]}]},{"@type":"BreadcrumbList","@id":"https:\/\/quantumlifecycle.com\/fr_CA\/services-pro\/#breadcrumb","itemListElement":[{"@type":"ListItem","position":1,"name":"Home","item":"https:\/\/quantumlifecycle.com\/fr_CA\/"},{"@type":"ListItem","position":2,"name":"Services PRO"}]},{"@type":"WebSite","@id":"https:\/\/quantumlifecycle.com\/fr_CA\/#website","url":"https:\/\/quantumlifecycle.com\/fr_CA\/","name":"Quantum | ITAD & E-Waste Recycling","description":"","publisher":{"@id":"https:\/\/quantumlifecycle.com\/fr_CA\/#organization"},"potentialAction":[{"@type":"SearchAction","target":{"@type":"EntryPoint","urlTemplate":"https:\/\/quantumlifecycle.com\/fr_CA\/?s={search_term_string}"},"query-input":{"@type":"PropertyValueSpecification","valueRequired":true,"valueName":"search_term_string"}}],"inLanguage":"fr-CA"},{"@type":"Organization","@id":"https:\/\/quantumlifecycle.com\/fr_CA\/#organization","name":"Quantum Lifecycle Partners LP","url":"https:\/\/quantumlifecycle.com\/fr_CA\/","logo":{"@type":"ImageObject","inLanguage":"fr-CA","@id":"https:\/\/quantumlifecycle.com\/fr_CA\/#\/schema\/logo\/image\/","url":"https:\/\/quantumlifecycle.com\/wp-content\/uploads\/2020\/01\/logo.svg","contentUrl":"https:\/\/quantumlifecycle.com\/wp-content\/uploads\/2020\/01\/logo.svg","width":2700,"height":848,"caption":"Quantum Lifecycle Partners LP"},"image":{"@id":"https:\/\/quantumlifecycle.com\/fr_CA\/#\/schema\/logo\/image\/"}}]}},"yoast":{"metadesc":""},"_links":{"self":[{"href":"https:\/\/quantumlifecycle.com\/fr_CA\/wp-json\/wp\/v2\/pages\/14029","targetHints":{"allow":["GET"]}}],"collection":[{"href":"https:\/\/quantumlifecycle.com\/fr_CA\/wp-json\/wp\/v2\/pages"}],"about":[{"href":"https:\/\/quantumlifecycle.com\/fr_CA\/wp-json\/wp\/v2\/types\/page"}],"author":[{"embeddable":true,"href":"https:\/\/quantumlifecycle.com\/fr_CA\/wp-json\/wp\/v2\/users\/3"}],"replies":[{"embeddable":true,"href":"https:\/\/quantumlifecycle.com\/fr_CA\/wp-json\/wp\/v2\/comments?post=14029"}],"version-history":[{"count":3,"href":"https:\/\/quantumlifecycle.com\/fr_CA\/wp-json\/wp\/v2\/pages\/14029\/revisions"}],"predecessor-version":[{"id":27590,"href":"https:\/\/quantumlifecycle.com\/fr_CA\/wp-json\/wp\/v2\/pages\/14029\/revisions\/27590"}],"wp:attachment":[{"href":"https:\/\/quantumlifecycle.com\/fr_CA\/wp-json\/wp\/v2\/media?parent=14029"}],"curies":[{"name":"wp","href":"https:\/\/api.w.org\/{rel}","templated":true}]}}