{"id":14028,"date":"2018-07-18T18:15:43","date_gmt":"2018-07-18T22:15:43","guid":{"rendered":"https:\/\/quantumlifecycle.com\/staging\/apercu-des-services\/autres-services\/"},"modified":"2022-06-15T07:27:41","modified_gmt":"2022-06-15T11:27:41","slug":"autres-services","status":"publish","type":"page","link":"https:\/\/quantumlifecycle.com\/fr_CA\/apercu-des-services\/autres-services\/","title":{"rendered":"Autres services"},"content":{"rendered":"<h2>Logistique invers\u00e9e | Emballage sur place<\/h2>\n<p>Le transport des produits informatiques est souvent le maillon faible de la chaine du recyclage informatique. Voil\u00e0 la raison pour laquelle nous avons fait des efforts suppl\u00e9mentaires pour nous assurer que vos biens sont s\u00e9curis\u00e9s \u00e0 chaque \u00e9tape du processus.<\/p>\n<p>Nous emballerons vos biens et scellerons la cargaison sur place. Puis, nous effectuons le transport dans des camions ayant un service GPS jusqu&rsquo;\u00e0 nos installations pour s\u00e9curiser le traitement.<\/p>\n<h2>Destruction s\u00e9curis\u00e9e de produits<\/h2>\n<p>Que ce soit pour une r\u00e9clamation aux assurances, un rappel de produits ou la d\u00e9pr\u00e9ciation de l&rsquo;inventaire, parfois vous devez r\u00e9aliser une destruction de produits \u00e0 grande \u00e9chelle. Nous pouvons le faire.<\/p>\n<p>Avec notre soci\u00e9t\u00e9 m\u00e8re, Shift Recycling, Revolution offre une solution rentable et fiable, vous offrant la paix d&rsquo;esprit, sachant que vos appareils morts ne reviendront pas vous hanter. Parlez avec un repr\u00e9sentant Shift pour apprendre comment nous pouvons r\u00e9soudre votre probl\u00e8me.<\/p>\n<h2>Destruction s\u00e9curis\u00e9e de documents<\/h2>\n<p>Revolution offre davantage que la destruction des donn\u00e9es num\u00e9riques &#8211; nous nous occupons aussi de vos documents papier. Avec nos consoles s\u00e9curis\u00e9es, nous collecterons et d\u00e9chiqu\u00e8terons vos documents confidentiels. Ceci peut \u00eatre fait pour une seule fois ou offert comme service r\u00e9gulier, selon les besoins de votre entreprise. Communiquez avec nous aujourd&rsquo;hui afin de soulager le fardeau de vos classeurs surcharg\u00e9s.<\/p>\n<h2>Recyclage d&rsquo;ampoules<\/h2>\n<p>Si nous pouvons nous occuper de vos ordinateurs, nous pouvons d\u00e9finitivement nous occuper de vos ampoules. Se d\u00e9barrasser de vos ampoules fluorescentes et DEL est si simple que nous n&rsquo;\u00e9tions m\u00eame pas capables de cr\u00e9er un processus en trois \u00e9tapes.<\/p>\n<p>Indiquez tout simplement quelle grandeur de bo\u00eete vous avez besoin, et nous serons sur place pour la ramasser d\u00e8s qu&rsquo;elle sera pleine. Communiquez avec nous afin d&rsquo;apprendre \u00e0 \u00e0 quel point c&rsquo;est facile.<\/p>\n","protected":false},"excerpt":{"rendered":"<p>Logistique invers\u00e9e | Emballage sur place Le transport des produits informatiques est souvent le maillon faible de la chaine du recyclage informatique&#8230;.<\/p>\n","protected":false},"author":3,"featured_media":0,"parent":14027,"menu_order":0,"comment_status":"closed","ping_status":"closed","template":"page-services.php","meta":{"_acf_changed":false,"_yoast_wpseo_title":"","_yoast_wpseo_metadesc":"Quantum offre une gamme de services suppl\u00e9mentaires incluant la destruction s\u00e9curis\u00e9e d'\u00e9lectroniques et de data, logistique invers\u00e9e sur place et le recyclage d'ampoules\/lampes.","om_disable_all_campaigns":false,"_genesis_hide_title":false,"_genesis_hide_breadcrumbs":false,"_genesis_hide_singular_image":false,"_genesis_hide_footer_widgets":false,"_genesis_custom_body_class":"","_genesis_custom_post_class":"","_genesis_layout":"","_metasync_otto_title":"","_metasync_otto_description":"","_metasync_otto_keywords":"","_metasync_otto_og_title":"","_metasync_otto_og_description":"","_metasync_otto_twitter_title":"","_metasync_otto_twitter_description":"","rank_math_title":"","rank_math_description":"","_aioseo_title":"","_aioseo_description":"","_metasync_seo_title":"","_metasync_seo_desc":"","_metasync_breadcrumb_title":"","_metasync_primary_category":0,"_metasync_primary_product_cat":0,"_metasync_otto_disabled":"","_metasync_hreflang":"","_metasync_plugin_sync_ts":"","_metasync_robots_advanced":"","footnotes":""},"class_list":{"0":"post-14028","1":"page","2":"type-page","3":"status-publish","5":"entry"},"acf":[],"yoast_head":"<!-- This site is optimized with the Yoast SEO plugin v27.5 - https:\/\/yoast.com\/product\/yoast-seo-wordpress\/ -->\n<title>Autres services - Quantum | ITAD &amp; E-Waste Recycling<\/title>\n<meta name=\"description\" content=\"Quantum offre une gamme de services suppl\u00e9mentaires incluant la destruction s\u00e9curis\u00e9e d&#039;\u00e9lectroniques et de data, logistique invers\u00e9e sur place et le recyclage d&#039;ampoules\/lampes.\" \/>\n<meta name=\"robots\" content=\"index, follow, max-snippet:-1, max-image-preview:large, max-video-preview:-1\" \/>\n<link rel=\"canonical\" href=\"https:\/\/quantumlifecycle.com\/fr_CA\/apercu-des-services\/autres-services\/\" \/>\n<meta property=\"og:locale\" content=\"fr_CA\" \/>\n<meta property=\"og:type\" content=\"article\" \/>\n<meta property=\"og:title\" content=\"Autres services - Quantum | ITAD &amp; E-Waste Recycling\" \/>\n<meta property=\"og:description\" content=\"Quantum offre une gamme de services suppl\u00e9mentaires incluant la destruction s\u00e9curis\u00e9e d&#039;\u00e9lectroniques et de data, logistique invers\u00e9e sur place et le recyclage d&#039;ampoules\/lampes.\" \/>\n<meta property=\"og:url\" content=\"https:\/\/quantumlifecycle.com\/fr_CA\/apercu-des-services\/autres-services\/\" \/>\n<meta property=\"og:site_name\" content=\"Quantum | ITAD &amp; E-Waste Recycling\" \/>\n<meta name=\"twitter:card\" content=\"summary_large_image\" \/>\n<meta name=\"twitter:label1\" content=\"Estimation du temps de lecture\" \/>\n\t<meta name=\"twitter:data1\" content=\"2 minutes\" \/>\n<script type=\"application\/ld+json\" class=\"yoast-schema-graph\">{\"@context\":\"https:\\\/\\\/schema.org\",\"@graph\":[{\"@type\":\"WebPage\",\"@id\":\"https:\\\/\\\/quantumlifecycle.com\\\/fr_CA\\\/apercu-des-services\\\/autres-services\\\/\",\"url\":\"https:\\\/\\\/quantumlifecycle.com\\\/fr_CA\\\/apercu-des-services\\\/autres-services\\\/\",\"name\":\"Autres services - Quantum | ITAD &amp; E-Waste Recycling\",\"isPartOf\":{\"@id\":\"https:\\\/\\\/quantumlifecycle.com\\\/fr_CA\\\/#website\"},\"datePublished\":\"2018-07-18T22:15:43+00:00\",\"dateModified\":\"2022-06-15T11:27:41+00:00\",\"description\":\"Quantum offre une gamme de services suppl\u00e9mentaires incluant la destruction s\u00e9curis\u00e9e d'\u00e9lectroniques et de data, logistique invers\u00e9e sur place et le recyclage d'ampoules\\\/lampes.\",\"breadcrumb\":{\"@id\":\"https:\\\/\\\/quantumlifecycle.com\\\/fr_CA\\\/apercu-des-services\\\/autres-services\\\/#breadcrumb\"},\"inLanguage\":\"fr-CA\",\"potentialAction\":[{\"@type\":\"ReadAction\",\"target\":[\"https:\\\/\\\/quantumlifecycle.com\\\/fr_CA\\\/apercu-des-services\\\/autres-services\\\/\"]}]},{\"@type\":\"BreadcrumbList\",\"@id\":\"https:\\\/\\\/quantumlifecycle.com\\\/fr_CA\\\/apercu-des-services\\\/autres-services\\\/#breadcrumb\",\"itemListElement\":[{\"@type\":\"ListItem\",\"position\":1,\"name\":\"Home\",\"item\":\"https:\\\/\\\/quantumlifecycle.com\\\/fr_CA\\\/\"},{\"@type\":\"ListItem\",\"position\":2,\"name\":\"Aper\u00e7u des services\",\"item\":\"https:\\\/\\\/quantumlifecycle.com\\\/fr_CA\\\/apercu-des-services\\\/\"},{\"@type\":\"ListItem\",\"position\":3,\"name\":\"Autres services\"}]},{\"@type\":\"WebSite\",\"@id\":\"https:\\\/\\\/quantumlifecycle.com\\\/fr_CA\\\/#website\",\"url\":\"https:\\\/\\\/quantumlifecycle.com\\\/fr_CA\\\/\",\"name\":\"Quantum | ITAD & E-Waste Recycling\",\"description\":\"\",\"publisher\":{\"@id\":\"https:\\\/\\\/quantumlifecycle.com\\\/fr_CA\\\/#organization\"},\"potentialAction\":[{\"@type\":\"SearchAction\",\"target\":{\"@type\":\"EntryPoint\",\"urlTemplate\":\"https:\\\/\\\/quantumlifecycle.com\\\/fr_CA\\\/?s={search_term_string}\"},\"query-input\":{\"@type\":\"PropertyValueSpecification\",\"valueRequired\":true,\"valueName\":\"search_term_string\"}}],\"inLanguage\":\"fr-CA\"},{\"@type\":\"Organization\",\"@id\":\"https:\\\/\\\/quantumlifecycle.com\\\/fr_CA\\\/#organization\",\"name\":\"Quantum Lifecycle Partners LP\",\"url\":\"https:\\\/\\\/quantumlifecycle.com\\\/fr_CA\\\/\",\"logo\":{\"@type\":\"ImageObject\",\"inLanguage\":\"fr-CA\",\"@id\":\"https:\\\/\\\/quantumlifecycle.com\\\/fr_CA\\\/#\\\/schema\\\/logo\\\/image\\\/\",\"url\":\"https:\\\/\\\/quantumlifecycle.com\\\/wp-content\\\/uploads\\\/2020\\\/01\\\/logo.svg\",\"contentUrl\":\"https:\\\/\\\/quantumlifecycle.com\\\/wp-content\\\/uploads\\\/2020\\\/01\\\/logo.svg\",\"width\":2700,\"height\":848,\"caption\":\"Quantum Lifecycle Partners LP\"},\"image\":{\"@id\":\"https:\\\/\\\/quantumlifecycle.com\\\/fr_CA\\\/#\\\/schema\\\/logo\\\/image\\\/\"}}]}<\/script>\n<!-- \/ Yoast SEO plugin. -->","yoast_head_json":{"title":"Autres services - Quantum | ITAD &amp; E-Waste Recycling","description":"Quantum offre une gamme de services suppl\u00e9mentaires incluant la destruction s\u00e9curis\u00e9e d'\u00e9lectroniques et de data, logistique invers\u00e9e sur place et le recyclage d'ampoules\/lampes.","robots":{"index":"index","follow":"follow","max-snippet":"max-snippet:-1","max-image-preview":"max-image-preview:large","max-video-preview":"max-video-preview:-1"},"canonical":"https:\/\/quantumlifecycle.com\/fr_CA\/apercu-des-services\/autres-services\/","og_locale":"fr_CA","og_type":"article","og_title":"Autres services - Quantum | ITAD &amp; E-Waste Recycling","og_description":"Quantum offre une gamme de services suppl\u00e9mentaires incluant la destruction s\u00e9curis\u00e9e d'\u00e9lectroniques et de data, logistique invers\u00e9e sur place et le recyclage d'ampoules\/lampes.","og_url":"https:\/\/quantumlifecycle.com\/fr_CA\/apercu-des-services\/autres-services\/","og_site_name":"Quantum | ITAD &amp; E-Waste Recycling","twitter_card":"summary_large_image","twitter_misc":{"Estimation du temps de lecture":"2 minutes"},"schema":{"@context":"https:\/\/schema.org","@graph":[{"@type":"WebPage","@id":"https:\/\/quantumlifecycle.com\/fr_CA\/apercu-des-services\/autres-services\/","url":"https:\/\/quantumlifecycle.com\/fr_CA\/apercu-des-services\/autres-services\/","name":"Autres services - Quantum | ITAD &amp; E-Waste Recycling","isPartOf":{"@id":"https:\/\/quantumlifecycle.com\/fr_CA\/#website"},"datePublished":"2018-07-18T22:15:43+00:00","dateModified":"2022-06-15T11:27:41+00:00","description":"Quantum offre une gamme de services suppl\u00e9mentaires incluant la destruction s\u00e9curis\u00e9e d'\u00e9lectroniques et de data, logistique invers\u00e9e sur place et le recyclage d'ampoules\/lampes.","breadcrumb":{"@id":"https:\/\/quantumlifecycle.com\/fr_CA\/apercu-des-services\/autres-services\/#breadcrumb"},"inLanguage":"fr-CA","potentialAction":[{"@type":"ReadAction","target":["https:\/\/quantumlifecycle.com\/fr_CA\/apercu-des-services\/autres-services\/"]}]},{"@type":"BreadcrumbList","@id":"https:\/\/quantumlifecycle.com\/fr_CA\/apercu-des-services\/autres-services\/#breadcrumb","itemListElement":[{"@type":"ListItem","position":1,"name":"Home","item":"https:\/\/quantumlifecycle.com\/fr_CA\/"},{"@type":"ListItem","position":2,"name":"Aper\u00e7u des services","item":"https:\/\/quantumlifecycle.com\/fr_CA\/apercu-des-services\/"},{"@type":"ListItem","position":3,"name":"Autres services"}]},{"@type":"WebSite","@id":"https:\/\/quantumlifecycle.com\/fr_CA\/#website","url":"https:\/\/quantumlifecycle.com\/fr_CA\/","name":"Quantum | ITAD & E-Waste Recycling","description":"","publisher":{"@id":"https:\/\/quantumlifecycle.com\/fr_CA\/#organization"},"potentialAction":[{"@type":"SearchAction","target":{"@type":"EntryPoint","urlTemplate":"https:\/\/quantumlifecycle.com\/fr_CA\/?s={search_term_string}"},"query-input":{"@type":"PropertyValueSpecification","valueRequired":true,"valueName":"search_term_string"}}],"inLanguage":"fr-CA"},{"@type":"Organization","@id":"https:\/\/quantumlifecycle.com\/fr_CA\/#organization","name":"Quantum Lifecycle Partners LP","url":"https:\/\/quantumlifecycle.com\/fr_CA\/","logo":{"@type":"ImageObject","inLanguage":"fr-CA","@id":"https:\/\/quantumlifecycle.com\/fr_CA\/#\/schema\/logo\/image\/","url":"https:\/\/quantumlifecycle.com\/wp-content\/uploads\/2020\/01\/logo.svg","contentUrl":"https:\/\/quantumlifecycle.com\/wp-content\/uploads\/2020\/01\/logo.svg","width":2700,"height":848,"caption":"Quantum Lifecycle Partners LP"},"image":{"@id":"https:\/\/quantumlifecycle.com\/fr_CA\/#\/schema\/logo\/image\/"}}]}},"yoast":{"metadesc":"Quantum offre une gamme de services suppl\u00e9mentaires incluant la destruction s\u00e9curis\u00e9e d'\u00e9lectroniques et de data, logistique invers\u00e9e sur place et le recyclage d'ampoules\/lampes."},"_links":{"self":[{"href":"https:\/\/quantumlifecycle.com\/fr_CA\/wp-json\/wp\/v2\/pages\/14028","targetHints":{"allow":["GET"]}}],"collection":[{"href":"https:\/\/quantumlifecycle.com\/fr_CA\/wp-json\/wp\/v2\/pages"}],"about":[{"href":"https:\/\/quantumlifecycle.com\/fr_CA\/wp-json\/wp\/v2\/types\/page"}],"author":[{"embeddable":true,"href":"https:\/\/quantumlifecycle.com\/fr_CA\/wp-json\/wp\/v2\/users\/3"}],"replies":[{"embeddable":true,"href":"https:\/\/quantumlifecycle.com\/fr_CA\/wp-json\/wp\/v2\/comments?post=14028"}],"version-history":[{"count":2,"href":"https:\/\/quantumlifecycle.com\/fr_CA\/wp-json\/wp\/v2\/pages\/14028\/revisions"}],"predecessor-version":[{"id":14074,"href":"https:\/\/quantumlifecycle.com\/fr_CA\/wp-json\/wp\/v2\/pages\/14028\/revisions\/14074"}],"up":[{"embeddable":true,"href":"https:\/\/quantumlifecycle.com\/fr_CA\/wp-json\/wp\/v2\/pages\/14027"}],"wp:attachment":[{"href":"https:\/\/quantumlifecycle.com\/fr_CA\/wp-json\/wp\/v2\/media?parent=14028"}],"curies":[{"name":"wp","href":"https:\/\/api.w.org\/{rel}","templated":true}]}}