{"id":13792,"date":"2019-12-21T05:43:59","date_gmt":"2019-12-21T10:43:59","guid":{"rendered":"https:\/\/quantumlifecycle.com\/staging\/ce-que-nous-recyclons\/accessoires-electroniques\/"},"modified":"2022-06-15T07:10:16","modified_gmt":"2022-06-15T11:10:16","slug":"accessoires-electroniques","status":"publish","type":"page","link":"https:\/\/quantumlifecycle.com\/fr_CA\/ce-que-nous-recyclons\/accessoires-electroniques\/","title":{"rendered":"Accessoires \u00e9lectroniques"},"content":{"rendered":"","protected":false},"excerpt":{"rendered":"","protected":false},"author":3,"featured_media":0,"parent":13786,"menu_order":0,"comment_status":"closed","ping_status":"closed","template":"page-what-we-recycle-single.php","meta":{"_acf_changed":false,"om_disable_all_campaigns":false,"_genesis_hide_title":false,"_genesis_hide_breadcrumbs":false,"_genesis_hide_singular_image":false,"_genesis_hide_footer_widgets":false,"_genesis_custom_body_class":"","_genesis_custom_post_class":"","_genesis_layout":"","footnotes":""},"class_list":{"0":"post-13792","1":"page","2":"type-page","3":"status-publish","5":"entry"},"acf":{"image":"https:\/\/quantumlifecycle.com\/wp-content\/uploads\/2020\/01\/Electronics-Accessories-.svg","description":"Un \u00e9l\u00e9ment auxiliaire essentiel ou utile qui peut \u00eatre attach\u00e9 ou retir\u00e9 d'un appareil \u00e9lectronique.","brands":"Sony, IBM, Samsung, HP, Microsoft","data_risk_potential":"Aucun","end_of_life_recycling_process":"D\u00e9chiquetage pour la r\u00e9cup\u00e9ration des produits","environmental_health_and_safety_hazards":"Divers","recycling_facts":[{"facts":"Les accessoires \u00e9lectroniques tels que les \u00e9couteurs et les c\u00e2bles de charge constituent une petite partie du flux de d\u00e9chets \u00e9lectroniques."},{"facts":"Les c\u00e2bles \u00e9lectroniques contiennent souvent un peu de cuivre, qui peut \u00eatre recycl\u00e9 et r\u00e9duire le besoin d'exploitation mini\u00e8re."},{"facts":"Les accessoires \u00e9lectroniques tels que les lecteurs flash et les disques durs doivent \u00eatre essuy\u00e9s pour emp\u00eacher le vol des donn\u00e9es lorsque vous les recyclez."},{"facts":"Si vous pr\u00e9voyez de recycler vos \u00e9couteurs supra-auriculaires, faites attention au plastique toxique qu'ils contiennent lorsque vous allez les jeter."},{"facts":"Lors du recyclage des t\u00e9l\u00e9commandes, assurez-vous de retirer les piles en premier car elles sont remplies d'acides corrosifs et de produits chimiques nocifs qui ne sont pas destin\u00e9s \u00e0 \u00eatre recycl\u00e9s avec des plastiques."},{"facts":"Les cartes SD sont souvent n\u00e9glig\u00e9es mais doivent \u00eatre recycl\u00e9es en raison de leurs traces de m\u00e9taux pr\u00e9cieux et de plastiques non biod\u00e9gradables."}]},"yoast_head":"<!-- This site is optimized with the Yoast SEO plugin v27.4 - https:\/\/yoast.com\/product\/yoast-seo-wordpress\/ -->\n<title>Accessoires \u00e9lectroniques - Quantum | ITAD &amp; E-Waste Recycling<\/title>\n<meta name=\"robots\" content=\"index, follow, max-snippet:-1, max-image-preview:large, max-video-preview:-1\" \/>\n<link rel=\"canonical\" href=\"https:\/\/quantumlifecycle.com\/fr_CA\/ce-que-nous-recyclons\/accessoires-electroniques\/\" \/>\n<meta property=\"og:locale\" content=\"fr_CA\" \/>\n<meta property=\"og:type\" content=\"article\" \/>\n<meta property=\"og:title\" content=\"Accessoires \u00e9lectroniques - Quantum | ITAD &amp; E-Waste Recycling\" \/>\n<meta property=\"og:url\" content=\"https:\/\/quantumlifecycle.com\/fr_CA\/ce-que-nous-recyclons\/accessoires-electroniques\/\" \/>\n<meta property=\"og:site_name\" content=\"Quantum | ITAD &amp; E-Waste Recycling\" \/>\n<meta property=\"article:modified_time\" content=\"2022-06-15T11:10:16+00:00\" \/>\n<meta name=\"twitter:card\" content=\"summary_large_image\" \/>\n<script type=\"application\/ld+json\" class=\"yoast-schema-graph\">{\"@context\":\"https:\\\/\\\/schema.org\",\"@graph\":[{\"@type\":\"WebPage\",\"@id\":\"https:\\\/\\\/quantumlifecycle.com\\\/fr_CA\\\/ce-que-nous-recyclons\\\/accessoires-electroniques\\\/\",\"url\":\"https:\\\/\\\/quantumlifecycle.com\\\/fr_CA\\\/ce-que-nous-recyclons\\\/accessoires-electroniques\\\/\",\"name\":\"Accessoires \u00e9lectroniques - Quantum | ITAD &amp; E-Waste Recycling\",\"isPartOf\":{\"@id\":\"https:\\\/\\\/quantumlifecycle.com\\\/fr_CA\\\/#website\"},\"datePublished\":\"2019-12-21T10:43:59+00:00\",\"dateModified\":\"2022-06-15T11:10:16+00:00\",\"breadcrumb\":{\"@id\":\"https:\\\/\\\/quantumlifecycle.com\\\/fr_CA\\\/ce-que-nous-recyclons\\\/accessoires-electroniques\\\/#breadcrumb\"},\"inLanguage\":\"fr-CA\",\"potentialAction\":[{\"@type\":\"ReadAction\",\"target\":[\"https:\\\/\\\/quantumlifecycle.com\\\/fr_CA\\\/ce-que-nous-recyclons\\\/accessoires-electroniques\\\/\"]}]},{\"@type\":\"BreadcrumbList\",\"@id\":\"https:\\\/\\\/quantumlifecycle.com\\\/fr_CA\\\/ce-que-nous-recyclons\\\/accessoires-electroniques\\\/#breadcrumb\",\"itemListElement\":[{\"@type\":\"ListItem\",\"position\":1,\"name\":\"Home\",\"item\":\"https:\\\/\\\/quantumlifecycle.com\\\/fr_CA\\\/\"},{\"@type\":\"ListItem\",\"position\":2,\"name\":\"Ce que nous recyclons\",\"item\":\"https:\\\/\\\/quantumlifecycle.com\\\/fr_CA\\\/ce-que-nous-recyclons\\\/\"},{\"@type\":\"ListItem\",\"position\":3,\"name\":\"Accessoires \u00e9lectroniques\"}]},{\"@type\":\"WebSite\",\"@id\":\"https:\\\/\\\/quantumlifecycle.com\\\/fr_CA\\\/#website\",\"url\":\"https:\\\/\\\/quantumlifecycle.com\\\/fr_CA\\\/\",\"name\":\"Quantum | ITAD & E-Waste Recycling\",\"description\":\"\",\"publisher\":{\"@id\":\"https:\\\/\\\/quantumlifecycle.com\\\/fr_CA\\\/#organization\"},\"potentialAction\":[{\"@type\":\"SearchAction\",\"target\":{\"@type\":\"EntryPoint\",\"urlTemplate\":\"https:\\\/\\\/quantumlifecycle.com\\\/fr_CA\\\/?s={search_term_string}\"},\"query-input\":{\"@type\":\"PropertyValueSpecification\",\"valueRequired\":true,\"valueName\":\"search_term_string\"}}],\"inLanguage\":\"fr-CA\"},{\"@type\":\"Organization\",\"@id\":\"https:\\\/\\\/quantumlifecycle.com\\\/fr_CA\\\/#organization\",\"name\":\"Quantum Lifecycle Partners LP\",\"url\":\"https:\\\/\\\/quantumlifecycle.com\\\/fr_CA\\\/\",\"logo\":{\"@type\":\"ImageObject\",\"inLanguage\":\"fr-CA\",\"@id\":\"https:\\\/\\\/quantumlifecycle.com\\\/fr_CA\\\/#\\\/schema\\\/logo\\\/image\\\/\",\"url\":\"https:\\\/\\\/quantumlifecycle.com\\\/wp-content\\\/uploads\\\/2020\\\/01\\\/logo.svg\",\"contentUrl\":\"https:\\\/\\\/quantumlifecycle.com\\\/wp-content\\\/uploads\\\/2020\\\/01\\\/logo.svg\",\"width\":2700,\"height\":848,\"caption\":\"Quantum Lifecycle Partners LP\"},\"image\":{\"@id\":\"https:\\\/\\\/quantumlifecycle.com\\\/fr_CA\\\/#\\\/schema\\\/logo\\\/image\\\/\"}}]}<\/script>\n<!-- \/ Yoast SEO plugin. -->","yoast_head_json":{"title":"Accessoires \u00e9lectroniques - Quantum | ITAD &amp; E-Waste Recycling","robots":{"index":"index","follow":"follow","max-snippet":"max-snippet:-1","max-image-preview":"max-image-preview:large","max-video-preview":"max-video-preview:-1"},"canonical":"https:\/\/quantumlifecycle.com\/fr_CA\/ce-que-nous-recyclons\/accessoires-electroniques\/","og_locale":"fr_CA","og_type":"article","og_title":"Accessoires \u00e9lectroniques - Quantum | ITAD &amp; E-Waste Recycling","og_url":"https:\/\/quantumlifecycle.com\/fr_CA\/ce-que-nous-recyclons\/accessoires-electroniques\/","og_site_name":"Quantum | ITAD &amp; E-Waste Recycling","article_modified_time":"2022-06-15T11:10:16+00:00","twitter_card":"summary_large_image","schema":{"@context":"https:\/\/schema.org","@graph":[{"@type":"WebPage","@id":"https:\/\/quantumlifecycle.com\/fr_CA\/ce-que-nous-recyclons\/accessoires-electroniques\/","url":"https:\/\/quantumlifecycle.com\/fr_CA\/ce-que-nous-recyclons\/accessoires-electroniques\/","name":"Accessoires \u00e9lectroniques - Quantum | ITAD &amp; E-Waste Recycling","isPartOf":{"@id":"https:\/\/quantumlifecycle.com\/fr_CA\/#website"},"datePublished":"2019-12-21T10:43:59+00:00","dateModified":"2022-06-15T11:10:16+00:00","breadcrumb":{"@id":"https:\/\/quantumlifecycle.com\/fr_CA\/ce-que-nous-recyclons\/accessoires-electroniques\/#breadcrumb"},"inLanguage":"fr-CA","potentialAction":[{"@type":"ReadAction","target":["https:\/\/quantumlifecycle.com\/fr_CA\/ce-que-nous-recyclons\/accessoires-electroniques\/"]}]},{"@type":"BreadcrumbList","@id":"https:\/\/quantumlifecycle.com\/fr_CA\/ce-que-nous-recyclons\/accessoires-electroniques\/#breadcrumb","itemListElement":[{"@type":"ListItem","position":1,"name":"Home","item":"https:\/\/quantumlifecycle.com\/fr_CA\/"},{"@type":"ListItem","position":2,"name":"Ce que nous recyclons","item":"https:\/\/quantumlifecycle.com\/fr_CA\/ce-que-nous-recyclons\/"},{"@type":"ListItem","position":3,"name":"Accessoires \u00e9lectroniques"}]},{"@type":"WebSite","@id":"https:\/\/quantumlifecycle.com\/fr_CA\/#website","url":"https:\/\/quantumlifecycle.com\/fr_CA\/","name":"Quantum | ITAD & E-Waste Recycling","description":"","publisher":{"@id":"https:\/\/quantumlifecycle.com\/fr_CA\/#organization"},"potentialAction":[{"@type":"SearchAction","target":{"@type":"EntryPoint","urlTemplate":"https:\/\/quantumlifecycle.com\/fr_CA\/?s={search_term_string}"},"query-input":{"@type":"PropertyValueSpecification","valueRequired":true,"valueName":"search_term_string"}}],"inLanguage":"fr-CA"},{"@type":"Organization","@id":"https:\/\/quantumlifecycle.com\/fr_CA\/#organization","name":"Quantum Lifecycle Partners LP","url":"https:\/\/quantumlifecycle.com\/fr_CA\/","logo":{"@type":"ImageObject","inLanguage":"fr-CA","@id":"https:\/\/quantumlifecycle.com\/fr_CA\/#\/schema\/logo\/image\/","url":"https:\/\/quantumlifecycle.com\/wp-content\/uploads\/2020\/01\/logo.svg","contentUrl":"https:\/\/quantumlifecycle.com\/wp-content\/uploads\/2020\/01\/logo.svg","width":2700,"height":848,"caption":"Quantum Lifecycle Partners LP"},"image":{"@id":"https:\/\/quantumlifecycle.com\/fr_CA\/#\/schema\/logo\/image\/"}}]}},"yoast":{"metadesc":""},"_links":{"self":[{"href":"https:\/\/quantumlifecycle.com\/fr_CA\/wp-json\/wp\/v2\/pages\/13792","targetHints":{"allow":["GET"]}}],"collection":[{"href":"https:\/\/quantumlifecycle.com\/fr_CA\/wp-json\/wp\/v2\/pages"}],"about":[{"href":"https:\/\/quantumlifecycle.com\/fr_CA\/wp-json\/wp\/v2\/types\/page"}],"author":[{"embeddable":true,"href":"https:\/\/quantumlifecycle.com\/fr_CA\/wp-json\/wp\/v2\/users\/3"}],"replies":[{"embeddable":true,"href":"https:\/\/quantumlifecycle.com\/fr_CA\/wp-json\/wp\/v2\/comments?post=13792"}],"version-history":[{"count":1,"href":"https:\/\/quantumlifecycle.com\/fr_CA\/wp-json\/wp\/v2\/pages\/13792\/revisions"}],"predecessor-version":[{"id":13916,"href":"https:\/\/quantumlifecycle.com\/fr_CA\/wp-json\/wp\/v2\/pages\/13792\/revisions\/13916"}],"up":[{"embeddable":true,"href":"https:\/\/quantumlifecycle.com\/fr_CA\/wp-json\/wp\/v2\/pages\/13786"}],"wp:attachment":[{"href":"https:\/\/quantumlifecycle.com\/fr_CA\/wp-json\/wp\/v2\/media?parent=13792"}],"curies":[{"name":"wp","href":"https:\/\/api.w.org\/{rel}","templated":true}]}}