{"id":13790,"date":"2019-12-21T05:44:05","date_gmt":"2019-12-21T10:44:05","guid":{"rendered":"https:\/\/quantumlifecycle.com\/staging\/ce-que-nous-recyclons\/telephones-portables\/"},"modified":"2022-06-15T07:10:11","modified_gmt":"2022-06-15T11:10:11","slug":"telephones-portables","status":"publish","type":"page","link":"https:\/\/quantumlifecycle.com\/fr_CA\/ce-que-nous-recyclons\/telephones-portables\/","title":{"rendered":"T\u00e9l\u00e9phones portables"},"content":{"rendered":"","protected":false},"excerpt":{"rendered":"","protected":false},"author":3,"featured_media":0,"parent":13786,"menu_order":0,"comment_status":"closed","ping_status":"closed","template":"page-what-we-recycle-single.php","meta":{"_acf_changed":false,"om_disable_all_campaigns":false,"_genesis_hide_title":false,"_genesis_hide_breadcrumbs":false,"_genesis_hide_singular_image":false,"_genesis_hide_footer_widgets":false,"_genesis_custom_body_class":"","_genesis_custom_post_class":"","_genesis_layout":"","footnotes":""},"class_list":{"0":"post-13790","1":"page","2":"type-page","3":"status-publish","5":"entry"},"acf":{"image":"https:\/\/quantumlifecycle.com\/wp-content\/uploads\/2020\/01\/Phones.svg","description":"T\u00e9l\u00e9phone intelligent ou t\u00e9l\u00e9phone \u00e0 clapet con\u00e7u pour passer des appels, envoyer des SMS et utiliser des donn\u00e9es.","brands":"Apple, Samsung, HTC, Windows, Blackberry","data_risk_potential":"\u00c9lev\u00e9","end_of_life_recycling_process":"D\u00e9montage manuel pour la r\u00e9cup\u00e9ration des produits","environmental_health_and_safety_hazards":"Batteries int\u00e9gr\u00e9es","recycling_facts":[{"facts":"Votre smartphone moyen contient une quantit\u00e9 importante d'or et d'argent. En ne recyclant pas correctement leurs t\u00e9l\u00e9phones, les Canadiens disposent d'environ 6 millions de dollars d'or et d'argent par an."},{"facts":"Chaque ann\u00e9e, plus d'un milliard de nouveaux t\u00e9l\u00e9phone intelligent sont activ\u00e9s."},{"facts":"Le t\u00e9l\u00e9phone intelligent moyen est remplac\u00e9 tous les ans et demi."}]},"yoast_head":"<!-- This site is optimized with the Yoast SEO plugin v27.4 - https:\/\/yoast.com\/product\/yoast-seo-wordpress\/ -->\n<title>T\u00e9l\u00e9phones portables - Quantum | ITAD &amp; E-Waste Recycling<\/title>\n<meta name=\"robots\" content=\"index, follow, max-snippet:-1, max-image-preview:large, max-video-preview:-1\" \/>\n<link rel=\"canonical\" href=\"https:\/\/quantumlifecycle.com\/fr_CA\/ce-que-nous-recyclons\/telephones-portables\/\" \/>\n<meta property=\"og:locale\" content=\"fr_CA\" \/>\n<meta property=\"og:type\" content=\"article\" \/>\n<meta property=\"og:title\" content=\"T\u00e9l\u00e9phones portables - Quantum | ITAD &amp; E-Waste Recycling\" \/>\n<meta property=\"og:url\" content=\"https:\/\/quantumlifecycle.com\/fr_CA\/ce-que-nous-recyclons\/telephones-portables\/\" \/>\n<meta property=\"og:site_name\" content=\"Quantum | ITAD &amp; E-Waste Recycling\" \/>\n<meta property=\"article:modified_time\" content=\"2022-06-15T11:10:11+00:00\" \/>\n<meta name=\"twitter:card\" content=\"summary_large_image\" \/>\n<script type=\"application\/ld+json\" class=\"yoast-schema-graph\">{\"@context\":\"https:\\\/\\\/schema.org\",\"@graph\":[{\"@type\":\"WebPage\",\"@id\":\"https:\\\/\\\/quantumlifecycle.com\\\/fr_CA\\\/ce-que-nous-recyclons\\\/telephones-portables\\\/\",\"url\":\"https:\\\/\\\/quantumlifecycle.com\\\/fr_CA\\\/ce-que-nous-recyclons\\\/telephones-portables\\\/\",\"name\":\"T\u00e9l\u00e9phones portables - Quantum | ITAD &amp; E-Waste Recycling\",\"isPartOf\":{\"@id\":\"https:\\\/\\\/quantumlifecycle.com\\\/fr_CA\\\/#website\"},\"datePublished\":\"2019-12-21T10:44:05+00:00\",\"dateModified\":\"2022-06-15T11:10:11+00:00\",\"breadcrumb\":{\"@id\":\"https:\\\/\\\/quantumlifecycle.com\\\/fr_CA\\\/ce-que-nous-recyclons\\\/telephones-portables\\\/#breadcrumb\"},\"inLanguage\":\"fr-CA\",\"potentialAction\":[{\"@type\":\"ReadAction\",\"target\":[\"https:\\\/\\\/quantumlifecycle.com\\\/fr_CA\\\/ce-que-nous-recyclons\\\/telephones-portables\\\/\"]}]},{\"@type\":\"BreadcrumbList\",\"@id\":\"https:\\\/\\\/quantumlifecycle.com\\\/fr_CA\\\/ce-que-nous-recyclons\\\/telephones-portables\\\/#breadcrumb\",\"itemListElement\":[{\"@type\":\"ListItem\",\"position\":1,\"name\":\"Home\",\"item\":\"https:\\\/\\\/quantumlifecycle.com\\\/fr_CA\\\/\"},{\"@type\":\"ListItem\",\"position\":2,\"name\":\"Ce que nous recyclons\",\"item\":\"https:\\\/\\\/quantumlifecycle.com\\\/fr_CA\\\/ce-que-nous-recyclons\\\/\"},{\"@type\":\"ListItem\",\"position\":3,\"name\":\"T\u00e9l\u00e9phones portables\"}]},{\"@type\":\"WebSite\",\"@id\":\"https:\\\/\\\/quantumlifecycle.com\\\/fr_CA\\\/#website\",\"url\":\"https:\\\/\\\/quantumlifecycle.com\\\/fr_CA\\\/\",\"name\":\"Quantum | ITAD & E-Waste Recycling\",\"description\":\"\",\"publisher\":{\"@id\":\"https:\\\/\\\/quantumlifecycle.com\\\/fr_CA\\\/#organization\"},\"potentialAction\":[{\"@type\":\"SearchAction\",\"target\":{\"@type\":\"EntryPoint\",\"urlTemplate\":\"https:\\\/\\\/quantumlifecycle.com\\\/fr_CA\\\/?s={search_term_string}\"},\"query-input\":{\"@type\":\"PropertyValueSpecification\",\"valueRequired\":true,\"valueName\":\"search_term_string\"}}],\"inLanguage\":\"fr-CA\"},{\"@type\":\"Organization\",\"@id\":\"https:\\\/\\\/quantumlifecycle.com\\\/fr_CA\\\/#organization\",\"name\":\"Quantum Lifecycle Partners LP\",\"url\":\"https:\\\/\\\/quantumlifecycle.com\\\/fr_CA\\\/\",\"logo\":{\"@type\":\"ImageObject\",\"inLanguage\":\"fr-CA\",\"@id\":\"https:\\\/\\\/quantumlifecycle.com\\\/fr_CA\\\/#\\\/schema\\\/logo\\\/image\\\/\",\"url\":\"https:\\\/\\\/quantumlifecycle.com\\\/wp-content\\\/uploads\\\/2020\\\/01\\\/logo.svg\",\"contentUrl\":\"https:\\\/\\\/quantumlifecycle.com\\\/wp-content\\\/uploads\\\/2020\\\/01\\\/logo.svg\",\"width\":2700,\"height\":848,\"caption\":\"Quantum Lifecycle Partners LP\"},\"image\":{\"@id\":\"https:\\\/\\\/quantumlifecycle.com\\\/fr_CA\\\/#\\\/schema\\\/logo\\\/image\\\/\"}}]}<\/script>\n<!-- \/ Yoast SEO plugin. -->","yoast_head_json":{"title":"T\u00e9l\u00e9phones portables - Quantum | ITAD &amp; E-Waste Recycling","robots":{"index":"index","follow":"follow","max-snippet":"max-snippet:-1","max-image-preview":"max-image-preview:large","max-video-preview":"max-video-preview:-1"},"canonical":"https:\/\/quantumlifecycle.com\/fr_CA\/ce-que-nous-recyclons\/telephones-portables\/","og_locale":"fr_CA","og_type":"article","og_title":"T\u00e9l\u00e9phones portables - Quantum | ITAD &amp; E-Waste Recycling","og_url":"https:\/\/quantumlifecycle.com\/fr_CA\/ce-que-nous-recyclons\/telephones-portables\/","og_site_name":"Quantum | ITAD &amp; E-Waste Recycling","article_modified_time":"2022-06-15T11:10:11+00:00","twitter_card":"summary_large_image","schema":{"@context":"https:\/\/schema.org","@graph":[{"@type":"WebPage","@id":"https:\/\/quantumlifecycle.com\/fr_CA\/ce-que-nous-recyclons\/telephones-portables\/","url":"https:\/\/quantumlifecycle.com\/fr_CA\/ce-que-nous-recyclons\/telephones-portables\/","name":"T\u00e9l\u00e9phones portables - Quantum | ITAD &amp; E-Waste Recycling","isPartOf":{"@id":"https:\/\/quantumlifecycle.com\/fr_CA\/#website"},"datePublished":"2019-12-21T10:44:05+00:00","dateModified":"2022-06-15T11:10:11+00:00","breadcrumb":{"@id":"https:\/\/quantumlifecycle.com\/fr_CA\/ce-que-nous-recyclons\/telephones-portables\/#breadcrumb"},"inLanguage":"fr-CA","potentialAction":[{"@type":"ReadAction","target":["https:\/\/quantumlifecycle.com\/fr_CA\/ce-que-nous-recyclons\/telephones-portables\/"]}]},{"@type":"BreadcrumbList","@id":"https:\/\/quantumlifecycle.com\/fr_CA\/ce-que-nous-recyclons\/telephones-portables\/#breadcrumb","itemListElement":[{"@type":"ListItem","position":1,"name":"Home","item":"https:\/\/quantumlifecycle.com\/fr_CA\/"},{"@type":"ListItem","position":2,"name":"Ce que nous recyclons","item":"https:\/\/quantumlifecycle.com\/fr_CA\/ce-que-nous-recyclons\/"},{"@type":"ListItem","position":3,"name":"T\u00e9l\u00e9phones portables"}]},{"@type":"WebSite","@id":"https:\/\/quantumlifecycle.com\/fr_CA\/#website","url":"https:\/\/quantumlifecycle.com\/fr_CA\/","name":"Quantum | ITAD & E-Waste Recycling","description":"","publisher":{"@id":"https:\/\/quantumlifecycle.com\/fr_CA\/#organization"},"potentialAction":[{"@type":"SearchAction","target":{"@type":"EntryPoint","urlTemplate":"https:\/\/quantumlifecycle.com\/fr_CA\/?s={search_term_string}"},"query-input":{"@type":"PropertyValueSpecification","valueRequired":true,"valueName":"search_term_string"}}],"inLanguage":"fr-CA"},{"@type":"Organization","@id":"https:\/\/quantumlifecycle.com\/fr_CA\/#organization","name":"Quantum Lifecycle Partners LP","url":"https:\/\/quantumlifecycle.com\/fr_CA\/","logo":{"@type":"ImageObject","inLanguage":"fr-CA","@id":"https:\/\/quantumlifecycle.com\/fr_CA\/#\/schema\/logo\/image\/","url":"https:\/\/quantumlifecycle.com\/wp-content\/uploads\/2020\/01\/logo.svg","contentUrl":"https:\/\/quantumlifecycle.com\/wp-content\/uploads\/2020\/01\/logo.svg","width":2700,"height":848,"caption":"Quantum Lifecycle Partners LP"},"image":{"@id":"https:\/\/quantumlifecycle.com\/fr_CA\/#\/schema\/logo\/image\/"}}]}},"yoast":{"metadesc":""},"_links":{"self":[{"href":"https:\/\/quantumlifecycle.com\/fr_CA\/wp-json\/wp\/v2\/pages\/13790","targetHints":{"allow":["GET"]}}],"collection":[{"href":"https:\/\/quantumlifecycle.com\/fr_CA\/wp-json\/wp\/v2\/pages"}],"about":[{"href":"https:\/\/quantumlifecycle.com\/fr_CA\/wp-json\/wp\/v2\/types\/page"}],"author":[{"embeddable":true,"href":"https:\/\/quantumlifecycle.com\/fr_CA\/wp-json\/wp\/v2\/users\/3"}],"replies":[{"embeddable":true,"href":"https:\/\/quantumlifecycle.com\/fr_CA\/wp-json\/wp\/v2\/comments?post=13790"}],"version-history":[{"count":1,"href":"https:\/\/quantumlifecycle.com\/fr_CA\/wp-json\/wp\/v2\/pages\/13790\/revisions"}],"predecessor-version":[{"id":13915,"href":"https:\/\/quantumlifecycle.com\/fr_CA\/wp-json\/wp\/v2\/pages\/13790\/revisions\/13915"}],"up":[{"embeddable":true,"href":"https:\/\/quantumlifecycle.com\/fr_CA\/wp-json\/wp\/v2\/pages\/13786"}],"wp:attachment":[{"href":"https:\/\/quantumlifecycle.com\/fr_CA\/wp-json\/wp\/v2\/media?parent=13790"}],"curies":[{"name":"wp","href":"https:\/\/api.w.org\/{rel}","templated":true}]}}