{"id":13786,"date":"2018-05-29T14:55:11","date_gmt":"2018-05-29T18:55:11","guid":{"rendered":"https:\/\/quantumlifecycle.com\/staging\/ce-que-nous-recyclons\/"},"modified":"2022-06-24T12:25:44","modified_gmt":"2022-06-24T16:25:44","slug":"ce-que-nous-recyclons","status":"publish","type":"page","link":"https:\/\/quantumlifecycle.com\/fr_CA\/ce-que-nous-recyclons\/","title":{"rendered":"Ce que nous recyclons"},"content":{"rendered":"","protected":false},"excerpt":{"rendered":"","protected":false},"author":3,"featured_media":0,"parent":0,"menu_order":0,"comment_status":"closed","ping_status":"closed","template":"page-what-we-recycle.php","meta":{"_acf_changed":false,"om_disable_all_campaigns":false,"_genesis_hide_title":false,"_genesis_hide_breadcrumbs":false,"_genesis_hide_singular_image":false,"_genesis_hide_footer_widgets":false,"_genesis_custom_body_class":"","_genesis_custom_post_class":"","_genesis_layout":"","footnotes":""},"class_list":{"0":"post-13786","1":"page","2":"type-page","3":"status-publish","5":"entry"},"acf":{"headline":"Quantum r\u00e9cup\u00e8re une grande vari\u00e9t\u00e9 de d\u00e9chets \u00e9lectroniques et de vieux appareils. Si vous trouvez votre item dans la liste ci-dessous, appelez-nous au 888-676-4992 ou utilisez le <a href=\"https:\/\/quantumlifecycle.com\/fr_CA\/planifier-ma-collecte-gratuite\/\">formulaire<\/a> pour planifier une cueillette.","recycling_products":[{"image":"https:\/\/quantumlifecycle.com\/wp-content\/uploads\/2020\/01\/Laptop-Computers.svg","label":"Ordinateur portable","subtitle":"","link":"https:\/\/quantumlifecycle.com\/fr_CA\/ce-que-nous-recyclons\/ordinateur-portable\/"},{"image":"https:\/\/quantumlifecycle.com\/wp-content\/uploads\/2020\/01\/Phones.svg","label":"T\u00e9l\u00e9phones portables","subtitle":"","link":"https:\/\/quantumlifecycle.com\/fr_CA\/ce-que-nous-recyclons\/telephones-portables\/"},{"image":"https:\/\/quantumlifecycle.com\/wp-content\/uploads\/2021\/05\/Tablet.svg","label":"Tablettes","subtitle":"Appareil portable multi-usage","link":"https:\/\/quantumlifecycle.com\/fr_CA\/ce-que-nous-recyclons\/tablettes\/"},{"image":"https:\/\/quantumlifecycle.com\/wp-content\/uploads\/2020\/01\/Desktop-Computers.svg","label":"Ordinateur de bureau","subtitle":"","link":"https:\/\/quantumlifecycle.com\/fr_CA\/ce-que-nous-recyclons\/ordinateur-de-bureau\/"},{"image":"https:\/\/quantumlifecycle.com\/wp-content\/uploads\/2020\/01\/Servers.svg","label":"Serveur","subtitle":"","link":"https:\/\/quantumlifecycle.com\/fr_CA\/ce-que-nous-recyclons\/serveur\/"},{"image":"https:\/\/quantumlifecycle.com\/wp-content\/uploads\/2020\/01\/CRT-Monitors.svg","label":"\u00c9cran cathodique","subtitle":"","link":"https:\/\/quantumlifecycle.com\/fr_CA\/ce-que-nous-recyclons\/ecran-cathodique\/"},{"image":"https:\/\/quantumlifecycle.com\/wp-content\/uploads\/2020\/01\/LCD-LED-Monitors.svg","label":"\u00c9cran LCD\/DEL","subtitle":"","link":"https:\/\/quantumlifecycle.com\/fr_CA\/ce-que-nous-recyclons\/ecran-lcd-del\/"},{"image":"https:\/\/quantumlifecycle.com\/wp-content\/uploads\/2020\/01\/CRT-Televisions.svg","label":"T\u00e9l\u00e9vision \u00e0 \u00e9cran cathodique","subtitle":"","link":"https:\/\/quantumlifecycle.com\/fr_CA\/ce-que-nous-recyclons\/television-a-ecran-cathodique\/"},{"image":"https:\/\/quantumlifecycle.com\/wp-content\/uploads\/2020\/01\/Plasma-TVS.svg","label":"T\u00e9l\u00e9viseurs au plasma","subtitle":"","link":"https:\/\/quantumlifecycle.com\/fr_CA\/ce-que-nous-recyclons\/televiseurs-au-plasma\/"},{"image":"https:\/\/quantumlifecycle.com\/wp-content\/uploads\/2020\/01\/LCD-LED-Tvs.svg","label":"T\u00e9l\u00e9viseurs ACL\/DEL","subtitle":"","link":"https:\/\/quantumlifecycle.com\/fr_CA\/ce-que-nous-recyclons\/televiseurs-acl-del\/"},{"image":"https:\/\/quantumlifecycle.com\/wp-content\/uploads\/2020\/01\/Rear-Projection-tvs.svg","label":"R\u00e9troprojecteur","subtitle":"","link":"https:\/\/quantumlifecycle.com\/fr_CA\/ce-que-nous-recyclons\/retroprojecteur\/"},{"image":"https:\/\/quantumlifecycle.com\/wp-content\/uploads\/2020\/01\/Photocopiers.svg","label":"Photocopieur","subtitle":"","link":"https:\/\/quantumlifecycle.com\/fr_CA\/ce-que-nous-recyclons\/photocopieur\/"},{"image":"https:\/\/quantumlifecycle.com\/wp-content\/uploads\/2020\/01\/Destop-Printers.svg","label":"Imprimante de bureau","subtitle":"","link":"https:\/\/quantumlifecycle.com\/fr_CA\/ce-que-nous-recyclons\/imprimante-de-bureau\/"},{"image":"https:\/\/quantumlifecycle.com\/wp-content\/uploads\/2020\/01\/Thermal-Printers.svg","label":"Imprimante thermique","subtitle":"","link":"https:\/\/quantumlifecycle.com\/fr_CA\/ce-que-nous-recyclons\/imprimante-thermique\/"},{"image":"https:\/\/quantumlifecycle.com\/wp-content\/uploads\/2020\/01\/Multifunction-Printers.svg","label":"Imprimante multifonction","subtitle":"","link":"https:\/\/quantumlifecycle.com\/fr_CA\/ce-que-nous-recyclons\/imprimante-multifonction\/"},{"image":"https:\/\/quantumlifecycle.com\/wp-content\/uploads\/2020\/01\/Uninterrupted-Power-Supplies.svg","label":"Alimentation sans interruption (ASI)","subtitle":"","link":"https:\/\/quantumlifecycle.com\/fr_CA\/ce-que-nous-recyclons\/alimentation-sans-interruption-asi\/"},{"image":"https:\/\/quantumlifecycle.com\/wp-content\/uploads\/2020\/01\/Toner-and-ink-Cartridge.svg","label":"Cartouches d'encre et de toner","subtitle":"","link":"https:\/\/quantumlifecycle.com\/fr_CA\/ce-que-nous-recyclons\/cartouches-dencre-et-de-toner\/"},{"image":"https:\/\/quantumlifecycle.com\/wp-content\/uploads\/2020\/01\/Professional-AV-Equipment.svg","label":"\u00c9quipement audiovisuel professionnel","subtitle":"","link":"https:\/\/quantumlifecycle.com\/fr_CA\/ce-que-nous-recyclons\/equipement-audiovisuel-professionnel\/"},{"image":"https:\/\/quantumlifecycle.com\/wp-content\/uploads\/2020\/01\/Mixed-Cables.svg","label":"Diff\u00e9rents c\u00e2bles","subtitle":"","link":"https:\/\/quantumlifecycle.com\/fr_CA\/ce-que-nous-recyclons\/differents-cables\/"},{"image":"https:\/\/quantumlifecycle.com\/wp-content\/uploads\/2020\/01\/Mixed-Batteries.svg","label":"Piles vari\u00e9es","subtitle":"","link":"https:\/\/quantumlifecycle.com\/fr_CA\/ce-que-nous-recyclons\/piles-variees\/"},{"image":"https:\/\/quantumlifecycle.com\/wp-content\/uploads\/2020\/01\/FAX-Machines.svg","label":"T\u00e9l\u00e9copieur","subtitle":"","link":"https:\/\/quantumlifecycle.com\/fr_CA\/ce-que-nous-recyclons\/telecopieur\/"},{"image":"https:\/\/quantumlifecycle.com\/wp-content\/uploads\/2020\/01\/Mice-and-Keyboards.svg","label":"Souris et claviers","subtitle":"","link":"https:\/\/quantumlifecycle.com\/fr_CA\/ce-que-nous-recyclons\/souris-et-claviers\/"},{"image":"https:\/\/quantumlifecycle.com\/wp-content\/uploads\/2020\/01\/Home-Theatre.svg","label":"Cin\u00e9ma maison","subtitle":"","link":"https:\/\/quantumlifecycle.com\/fr_CA\/ce-que-nous-recyclons\/cinema-maison\/"},{"image":"https:\/\/quantumlifecycle.com\/wp-content\/uploads\/2020\/01\/Stereo-Systems.svg","label":"Cha\u00eene st\u00e9r\u00e9o","subtitle":"","link":"https:\/\/quantumlifecycle.com\/fr_CA\/ce-que-nous-recyclons\/chaine-stereo\/"},{"image":"https:\/\/quantumlifecycle.com\/wp-content\/uploads\/2020\/01\/Electronics-Accessories-.svg","label":"Accessoires \u00e9lectroniques","subtitle":"","link":"https:\/\/quantumlifecycle.com\/fr_CA\/ce-que-nous-recyclons\/accessoires-electroniques\/"},{"image":"https:\/\/quantumlifecycle.com\/wp-content\/uploads\/2018\/05\/Network-Equipment-01.svg","label":"\u00c9quipement r\u00e9seau","subtitle":"","link":"https:\/\/quantumlifecycle.com\/fr_CA\/ce-que-nous-recyclons\/equipement-reseau\/"}]},"yoast_head":"<!-- This site is optimized with the Yoast SEO plugin v27.4 - https:\/\/yoast.com\/product\/yoast-seo-wordpress\/ -->\n<title>Ce que nous recyclons - Quantum | ITAD &amp; E-Waste Recycling<\/title>\n<meta name=\"robots\" content=\"index, follow, max-snippet:-1, max-image-preview:large, max-video-preview:-1\" \/>\n<link rel=\"canonical\" href=\"https:\/\/quantumlifecycle.com\/fr_CA\/ce-que-nous-recyclons\/\" \/>\n<meta property=\"og:locale\" content=\"fr_CA\" \/>\n<meta property=\"og:type\" content=\"article\" \/>\n<meta property=\"og:title\" content=\"Ce que nous recyclons - Quantum | ITAD &amp; E-Waste Recycling\" \/>\n<meta property=\"og:url\" content=\"https:\/\/quantumlifecycle.com\/fr_CA\/ce-que-nous-recyclons\/\" \/>\n<meta property=\"og:site_name\" content=\"Quantum | ITAD &amp; E-Waste Recycling\" \/>\n<meta property=\"article:modified_time\" content=\"2022-06-24T16:25:44+00:00\" \/>\n<meta name=\"twitter:card\" content=\"summary_large_image\" \/>\n<script type=\"application\/ld+json\" class=\"yoast-schema-graph\">{\"@context\":\"https:\\\/\\\/schema.org\",\"@graph\":[{\"@type\":\"WebPage\",\"@id\":\"https:\\\/\\\/quantumlifecycle.com\\\/fr_CA\\\/ce-que-nous-recyclons\\\/\",\"url\":\"https:\\\/\\\/quantumlifecycle.com\\\/fr_CA\\\/ce-que-nous-recyclons\\\/\",\"name\":\"Ce que nous recyclons - Quantum | ITAD &amp; E-Waste Recycling\",\"isPartOf\":{\"@id\":\"https:\\\/\\\/quantumlifecycle.com\\\/fr_CA\\\/#website\"},\"datePublished\":\"2018-05-29T18:55:11+00:00\",\"dateModified\":\"2022-06-24T16:25:44+00:00\",\"breadcrumb\":{\"@id\":\"https:\\\/\\\/quantumlifecycle.com\\\/fr_CA\\\/ce-que-nous-recyclons\\\/#breadcrumb\"},\"inLanguage\":\"fr-CA\",\"potentialAction\":[{\"@type\":\"ReadAction\",\"target\":[\"https:\\\/\\\/quantumlifecycle.com\\\/fr_CA\\\/ce-que-nous-recyclons\\\/\"]}]},{\"@type\":\"BreadcrumbList\",\"@id\":\"https:\\\/\\\/quantumlifecycle.com\\\/fr_CA\\\/ce-que-nous-recyclons\\\/#breadcrumb\",\"itemListElement\":[{\"@type\":\"ListItem\",\"position\":1,\"name\":\"Home\",\"item\":\"https:\\\/\\\/quantumlifecycle.com\\\/fr_CA\\\/\"},{\"@type\":\"ListItem\",\"position\":2,\"name\":\"Ce que nous recyclons\"}]},{\"@type\":\"WebSite\",\"@id\":\"https:\\\/\\\/quantumlifecycle.com\\\/fr_CA\\\/#website\",\"url\":\"https:\\\/\\\/quantumlifecycle.com\\\/fr_CA\\\/\",\"name\":\"Quantum | ITAD & E-Waste Recycling\",\"description\":\"\",\"publisher\":{\"@id\":\"https:\\\/\\\/quantumlifecycle.com\\\/fr_CA\\\/#organization\"},\"potentialAction\":[{\"@type\":\"SearchAction\",\"target\":{\"@type\":\"EntryPoint\",\"urlTemplate\":\"https:\\\/\\\/quantumlifecycle.com\\\/fr_CA\\\/?s={search_term_string}\"},\"query-input\":{\"@type\":\"PropertyValueSpecification\",\"valueRequired\":true,\"valueName\":\"search_term_string\"}}],\"inLanguage\":\"fr-CA\"},{\"@type\":\"Organization\",\"@id\":\"https:\\\/\\\/quantumlifecycle.com\\\/fr_CA\\\/#organization\",\"name\":\"Quantum Lifecycle Partners LP\",\"url\":\"https:\\\/\\\/quantumlifecycle.com\\\/fr_CA\\\/\",\"logo\":{\"@type\":\"ImageObject\",\"inLanguage\":\"fr-CA\",\"@id\":\"https:\\\/\\\/quantumlifecycle.com\\\/fr_CA\\\/#\\\/schema\\\/logo\\\/image\\\/\",\"url\":\"https:\\\/\\\/quantumlifecycle.com\\\/wp-content\\\/uploads\\\/2020\\\/01\\\/logo.svg\",\"contentUrl\":\"https:\\\/\\\/quantumlifecycle.com\\\/wp-content\\\/uploads\\\/2020\\\/01\\\/logo.svg\",\"width\":2700,\"height\":848,\"caption\":\"Quantum Lifecycle Partners LP\"},\"image\":{\"@id\":\"https:\\\/\\\/quantumlifecycle.com\\\/fr_CA\\\/#\\\/schema\\\/logo\\\/image\\\/\"}}]}<\/script>\n<!-- \/ Yoast SEO plugin. -->","yoast_head_json":{"title":"Ce que nous recyclons - Quantum | ITAD &amp; E-Waste Recycling","robots":{"index":"index","follow":"follow","max-snippet":"max-snippet:-1","max-image-preview":"max-image-preview:large","max-video-preview":"max-video-preview:-1"},"canonical":"https:\/\/quantumlifecycle.com\/fr_CA\/ce-que-nous-recyclons\/","og_locale":"fr_CA","og_type":"article","og_title":"Ce que nous recyclons - Quantum | ITAD &amp; E-Waste Recycling","og_url":"https:\/\/quantumlifecycle.com\/fr_CA\/ce-que-nous-recyclons\/","og_site_name":"Quantum | ITAD &amp; E-Waste Recycling","article_modified_time":"2022-06-24T16:25:44+00:00","twitter_card":"summary_large_image","schema":{"@context":"https:\/\/schema.org","@graph":[{"@type":"WebPage","@id":"https:\/\/quantumlifecycle.com\/fr_CA\/ce-que-nous-recyclons\/","url":"https:\/\/quantumlifecycle.com\/fr_CA\/ce-que-nous-recyclons\/","name":"Ce que nous recyclons - Quantum | ITAD &amp; E-Waste Recycling","isPartOf":{"@id":"https:\/\/quantumlifecycle.com\/fr_CA\/#website"},"datePublished":"2018-05-29T18:55:11+00:00","dateModified":"2022-06-24T16:25:44+00:00","breadcrumb":{"@id":"https:\/\/quantumlifecycle.com\/fr_CA\/ce-que-nous-recyclons\/#breadcrumb"},"inLanguage":"fr-CA","potentialAction":[{"@type":"ReadAction","target":["https:\/\/quantumlifecycle.com\/fr_CA\/ce-que-nous-recyclons\/"]}]},{"@type":"BreadcrumbList","@id":"https:\/\/quantumlifecycle.com\/fr_CA\/ce-que-nous-recyclons\/#breadcrumb","itemListElement":[{"@type":"ListItem","position":1,"name":"Home","item":"https:\/\/quantumlifecycle.com\/fr_CA\/"},{"@type":"ListItem","position":2,"name":"Ce que nous recyclons"}]},{"@type":"WebSite","@id":"https:\/\/quantumlifecycle.com\/fr_CA\/#website","url":"https:\/\/quantumlifecycle.com\/fr_CA\/","name":"Quantum | ITAD & E-Waste Recycling","description":"","publisher":{"@id":"https:\/\/quantumlifecycle.com\/fr_CA\/#organization"},"potentialAction":[{"@type":"SearchAction","target":{"@type":"EntryPoint","urlTemplate":"https:\/\/quantumlifecycle.com\/fr_CA\/?s={search_term_string}"},"query-input":{"@type":"PropertyValueSpecification","valueRequired":true,"valueName":"search_term_string"}}],"inLanguage":"fr-CA"},{"@type":"Organization","@id":"https:\/\/quantumlifecycle.com\/fr_CA\/#organization","name":"Quantum Lifecycle Partners LP","url":"https:\/\/quantumlifecycle.com\/fr_CA\/","logo":{"@type":"ImageObject","inLanguage":"fr-CA","@id":"https:\/\/quantumlifecycle.com\/fr_CA\/#\/schema\/logo\/image\/","url":"https:\/\/quantumlifecycle.com\/wp-content\/uploads\/2020\/01\/logo.svg","contentUrl":"https:\/\/quantumlifecycle.com\/wp-content\/uploads\/2020\/01\/logo.svg","width":2700,"height":848,"caption":"Quantum Lifecycle Partners LP"},"image":{"@id":"https:\/\/quantumlifecycle.com\/fr_CA\/#\/schema\/logo\/image\/"}}]}},"yoast":{"metadesc":""},"_links":{"self":[{"href":"https:\/\/quantumlifecycle.com\/fr_CA\/wp-json\/wp\/v2\/pages\/13786","targetHints":{"allow":["GET"]}}],"collection":[{"href":"https:\/\/quantumlifecycle.com\/fr_CA\/wp-json\/wp\/v2\/pages"}],"about":[{"href":"https:\/\/quantumlifecycle.com\/fr_CA\/wp-json\/wp\/v2\/types\/page"}],"author":[{"embeddable":true,"href":"https:\/\/quantumlifecycle.com\/fr_CA\/wp-json\/wp\/v2\/users\/3"}],"replies":[{"embeddable":true,"href":"https:\/\/quantumlifecycle.com\/fr_CA\/wp-json\/wp\/v2\/comments?post=13786"}],"version-history":[{"count":3,"href":"https:\/\/quantumlifecycle.com\/fr_CA\/wp-json\/wp\/v2\/pages\/13786\/revisions"}],"predecessor-version":[{"id":19727,"href":"https:\/\/quantumlifecycle.com\/fr_CA\/wp-json\/wp\/v2\/pages\/13786\/revisions\/19727"}],"wp:attachment":[{"href":"https:\/\/quantumlifecycle.com\/fr_CA\/wp-json\/wp\/v2\/media?parent=13786"}],"curies":[{"name":"wp","href":"https:\/\/api.w.org\/{rel}","templated":true}]}}