{"id":13779,"date":"2020-01-28T12:11:30","date_gmt":"2020-01-28T17:11:30","guid":{"rendered":"https:\/\/quantumlifecycle.com\/staging\/reutilisation\/"},"modified":"2022-06-22T08:43:26","modified_gmt":"2022-06-22T12:43:26","slug":"reutilisation","status":"publish","type":"page","link":"https:\/\/quantumlifecycle.com\/fr_CA\/reutilisation\/","title":{"rendered":"R\u00e9utilisation"},"content":{"rendered":"<div class=\"site-inner\">\n<div class=\"top-content w-800\">Le r\u00e9emploi est la meilleure forme de recyclage et Quantum le fait bien. La remise \u00e0 neuf et la revente de vos appareils \u00e9lectroniques ind\u00e9sirables ne sont pas seulement bonnes pour l&rsquo;environnement, c&rsquo;est bon pour vos r\u00e9sultats financiers. Nous tirerons le meilleur parti de votre ancien \u00e9quipement gr\u00e2ce \u00e0 un processus contr\u00f4l\u00e9 selon les normes de s\u00e9curit\u00e9 et de qualit\u00e9 les plus strictes.<\/div>\n<div class=\"two-columns-content\">\n<div class=\"top-content two-column-content\">\n<div class=\"left-column\">\n<h2 class=\"primary-headline\">Notre cha\u00eene de possession fiable assure que vos donn\u00e9es sont en s\u00e9curit\u00e9<\/h2>\n<p>Chez Quantum, nous suivons les \u00e9quipements qui contiennent des donn\u00e9es de l\u2019endroit d\u2019origine jusqu\u2019\u00e0 ce qu\u2019ils arrivent \u00e0 nos installations. Ce suivi se poursuit pour chaque \u00e9tape du processus de destruction s\u00e9curis\u00e9e qui s\u2019ensuit.<\/p>\n<\/div>\n<div class=\"right-column w-35\"><img loading=\"lazy\" decoding=\"async\" class=\"alignnone size-full wp-image-6178\" role=\"img\" src=\"https:\/\/quantumlifecycle.com\/wp-content\/uploads\/2020\/02\/Reuse1.svg\" alt=\"\" width=\"372\" height=\"387\" \/><\/div>\n<\/div>\n<\/div>\n<\/div>\n<div class=\"our-certificates\">\n<div class=\"site-inner\">\n<h3 class=\"text-center primary-headline white-color\">Nos certifications<\/h3>\n<div class=\"certification-content-container\">\n<div class=\"certification-image\"><img loading=\"lazy\" decoding=\"async\" class=\"aligncenter wp-image-6180\" src=\"https:\/\/quantumlifecycle.com\/wp-content\/uploads\/2019\/12\/certification.jpg\" alt=\"\" width=\"297\" height=\"124\" \/><\/div>\n<div class=\"certification-content\">Les fournisseurs de services ITAD ne sont pas tous \u00e9gaux. Assurez-vous que votre fournisseur comprend ce qu&rsquo;il fait et qu&rsquo;il est certifi\u00e9 pour le faire. La norme R2, reconnue dans le monde entier, non seulement donne la priorit\u00e9 \u00e0 la r\u00e9utilisation plut\u00f4t qu&rsquo;au recyclage, mais exige \u00e9galement que Quantum se soumette \u00e0 des audits de routine pour garantir les meilleures pratiques du point de vue de l&rsquo;environnement et du traitement des donn\u00e9es. Ne prenez pas de risques en faisant appel \u00e0 une entreprise non certifi\u00e9e.<br \/>\n<a class=\"primary-btn\" href=\"\/fr_CA\/certifications\">VOIR NOS CERTIFICATIONS<\/a><\/div>\n<\/div>\n<div class=\"top-separator\">\n<h2 class=\"primary-headline text-center no-spacing\">Quantum offre une vari\u00e9t\u00e9 de solutions de r\u00e9emploi<\/h2>\n<div class=\"two-columns-content inverse-order\">\n<div class=\"top-content two-column-content\">\n<div class=\"left-column\">\n<h2 class=\"primary-headline blue-headline\">Ventes en gros<\/h2>\n<p>L&rsquo;une des fa\u00e7ons les plus efficaces de maximiser votre budget informatique est de recommercialiser votre mat\u00e9riel r\u00e9utilisable par le biais de divers canaux. Apr\u00e8s avoir supprim\u00e9 vos donn\u00e9es en toute s\u00e9curit\u00e9, Quantum remet \u00e0 neuf, r\u00e9pare et revend votre ancien mat\u00e9riel par l&rsquo;interm\u00e9diaire de notre r\u00e9seau \u00e9tabli. Notre \u00e9quipe de revente, comp\u00e9tente et exp\u00e9riment\u00e9e, est sp\u00e9cialis\u00e9e dans la gestion de gros volumes et dans l&rsquo;obtention de la plus grande valeur possible pour votre mat\u00e9riel. Laissez-nous faire le travail pour vous, afin que votre \u00e9quipe puisse rester productive en utilisant les derniers \u00e9quipements.<\/p>\n<\/div>\n<div class=\"right-column\"><img loading=\"lazy\" decoding=\"async\" class=\"aligncenter size-full wp-image-6182\" role=\"img\" src=\"https:\/\/quantumlifecycle.com\/wp-content\/uploads\/2020\/02\/reuse2.svg\" alt=\"\" width=\"480\" height=\"396\" \/><\/div>\n<\/div>\n<div class=\"top-content two-column-content\">\n<div class=\"left-column\"><img decoding=\"async\" class=\"wp-image-6186\" src=\"https:\/\/quantumlifecycle.com\/wp-content\/uploads\/2021\/10\/QNovumLogo.png\" alt=\"QNovum Logo\" width=\"375\"\/><br \/>\nEst-ce que votre fournisseur actuel s\u2019assure de vendre vos \u00e9quipements au meilleur prix? Vous perdez probablement des opportunit\u00e9s de maximiser vos revenus. Lorsqu\u2019il est question de la revente du mat\u00e9riel TI, la revente aux particuliers est la meilleure solution pour maximiser la valeur de la marchandise. Quantum offre la vente en gros ainsi que la vente directe \u00e0 titre d\u2019option selon ce qui est le plus avantageux. QNovum.ca est notre plateforme de ventes en ligne pour des produits en tr\u00e8s bon \u00e9tat qui ont \u00e9t\u00e9 remis \u00e0 neuf. C\u2019est une tr\u00e8s bonne fa\u00e7on d\u2019aller chercher la pleine valeur de revente.<br \/>\n<a class=\"primary-btn space-top\" href=\"https:\/\/qnovum.com\" target=\"_blank\" rel=\"noopener noreferrer\">Qnovum<\/a><\/div>\n<div class=\"right-column\"><img loading=\"lazy\" decoding=\"async\" class=\"aligncenter size-full wp-image-6184\" src=\"https:\/\/quantumlifecycle.com\/wp-content\/uploads\/2021\/10\/QnovumHomepage.png\" alt=\"\" width=\"531\" height=\"457\" \/><\/div>\n<\/div>\n<div class=\"top-content two-column-content\">\n<div class=\"left-column\">\n<h2 class=\"primary-headline blue-headline\">Programme d\u2019achat pour les employ\u00e9s et donations aux organismes de charit\u00e9<\/h2>\n<p>Vous voulez bien faire ? Faites-le de mani\u00e8re responsable et ne laissez pas l&rsquo;objectif de faire la diff\u00e9rence \u00e9clipser la n\u00e9cessit\u00e9 de faire preuve de diligence raisonnable. Il existe de nombreux \u00ab\u00a0recycleurs\u00a0\u00bb sociaux qui ne sont pas \u00e0 la hauteur en mati\u00e8re de s\u00e9curit\u00e9. Quantum, en revanche, veille \u00e0 ce que vos appareils \u00e9lectroniques ind\u00e9sirables passent par le processus de r\u00e9utilisation en toute s\u00e9curit\u00e9. Nous adoptons \u00e9galement une approche diff\u00e9rente de la charit\u00e9 en donnant aux organismes de bienfaisance ce qu&rsquo;ils veulent (de l&rsquo;argent), et non ce que vous avez (de vieux actifs). Bien qu&rsquo;une organisation caritative accepte tout ce que vous lui donnez, elle a souvent une liste de besoins tr\u00e8s sp\u00e9cifique. Pourquoi ne pas mon\u00e9tiser vos actifs, faire un don, et leur donner la possibilit\u00e9 d&rsquo;acheter ce dont ils ont vraiment besoin ? Allez encore plus loin et transformez vos cr\u00e9dits en une carte cadeau QNovum que l&rsquo;organisation caritative de votre choix pourra acheter directement chez nous. Un syst\u00e8me en boucle ferm\u00e9e qui profite \u00e0 toutes les parties concern\u00e9es.<\/p>\n<\/div>\n<div class=\"right-column\"><img loading=\"lazy\" decoding=\"async\" class=\"aligncenter size-full wp-image-6188\" role=\"img\" src=\"https:\/\/quantumlifecycle.com\/wp-content\/uploads\/2020\/02\/Reuse3.svg\" alt=\"\" width=\"429\" height=\"414\" \/><\/div>\n<\/div>\n<\/div>\n<\/div>\n<\/div>\n<\/div>\n","protected":false},"excerpt":{"rendered":"<p>Le r\u00e9emploi est la meilleure forme de recyclage et Quantum le fait bien. La remise \u00e0 neuf et la revente de vos&#8230;<\/p>\n","protected":false},"author":3,"featured_media":0,"parent":0,"menu_order":0,"comment_status":"closed","ping_status":"closed","template":"page-reuse.php","meta":{"_acf_changed":false,"om_disable_all_campaigns":false,"_genesis_hide_title":false,"_genesis_hide_breadcrumbs":false,"_genesis_hide_singular_image":false,"_genesis_hide_footer_widgets":false,"_genesis_custom_body_class":"","_genesis_custom_post_class":"","_genesis_layout":"","footnotes":""},"class_list":{"0":"post-13779","1":"page","2":"type-page","3":"status-publish","5":"entry"},"acf":[],"yoast_head":"<!-- This site is optimized with the Yoast SEO plugin v27.4 - https:\/\/yoast.com\/product\/yoast-seo-wordpress\/ -->\n<title>R\u00e9utilisation - Quantum | ITAD &amp; E-Waste Recycling<\/title>\n<meta name=\"robots\" content=\"index, follow, max-snippet:-1, max-image-preview:large, max-video-preview:-1\" \/>\n<link rel=\"canonical\" href=\"https:\/\/quantumlifecycle.com\/fr_CA\/reutilisation\/\" \/>\n<meta property=\"og:locale\" content=\"fr_CA\" \/>\n<meta property=\"og:type\" content=\"article\" \/>\n<meta property=\"og:title\" content=\"R\u00e9utilisation - Quantum | ITAD &amp; E-Waste Recycling\" \/>\n<meta property=\"og:description\" content=\"Le r\u00e9emploi est la meilleure forme de recyclage et Quantum le fait bien. La remise \u00e0 neuf et la revente de vos...\" \/>\n<meta property=\"og:url\" content=\"https:\/\/quantumlifecycle.com\/fr_CA\/reutilisation\/\" \/>\n<meta property=\"og:site_name\" content=\"Quantum | ITAD &amp; E-Waste Recycling\" \/>\n<meta property=\"article:modified_time\" content=\"2022-06-22T12:43:26+00:00\" \/>\n<meta property=\"og:image\" content=\"https:\/\/quantumlifecycle.com\/wp-content\/uploads\/2020\/02\/Reuse1.svg\" \/>\n<meta name=\"twitter:card\" content=\"summary_large_image\" \/>\n<meta name=\"twitter:label1\" content=\"Estimation du temps de lecture\" \/>\n\t<meta name=\"twitter:data1\" content=\"3 minutes\" \/>\n<script type=\"application\/ld+json\" class=\"yoast-schema-graph\">{\"@context\":\"https:\\\/\\\/schema.org\",\"@graph\":[{\"@type\":\"WebPage\",\"@id\":\"https:\\\/\\\/quantumlifecycle.com\\\/fr_CA\\\/reutilisation\\\/\",\"url\":\"https:\\\/\\\/quantumlifecycle.com\\\/fr_CA\\\/reutilisation\\\/\",\"name\":\"R\u00e9utilisation - Quantum | ITAD &amp; E-Waste Recycling\",\"isPartOf\":{\"@id\":\"https:\\\/\\\/quantumlifecycle.com\\\/fr_CA\\\/#website\"},\"primaryImageOfPage\":{\"@id\":\"https:\\\/\\\/quantumlifecycle.com\\\/fr_CA\\\/reutilisation\\\/#primaryimage\"},\"image\":{\"@id\":\"https:\\\/\\\/quantumlifecycle.com\\\/fr_CA\\\/reutilisation\\\/#primaryimage\"},\"thumbnailUrl\":\"https:\\\/\\\/quantumlifecycle.com\\\/wp-content\\\/uploads\\\/2020\\\/02\\\/Reuse1.svg\",\"datePublished\":\"2020-01-28T17:11:30+00:00\",\"dateModified\":\"2022-06-22T12:43:26+00:00\",\"breadcrumb\":{\"@id\":\"https:\\\/\\\/quantumlifecycle.com\\\/fr_CA\\\/reutilisation\\\/#breadcrumb\"},\"inLanguage\":\"fr-CA\",\"potentialAction\":[{\"@type\":\"ReadAction\",\"target\":[\"https:\\\/\\\/quantumlifecycle.com\\\/fr_CA\\\/reutilisation\\\/\"]}]},{\"@type\":\"ImageObject\",\"inLanguage\":\"fr-CA\",\"@id\":\"https:\\\/\\\/quantumlifecycle.com\\\/fr_CA\\\/reutilisation\\\/#primaryimage\",\"url\":\"https:\\\/\\\/quantumlifecycle.com\\\/wp-content\\\/uploads\\\/2020\\\/02\\\/Reuse1.svg\",\"contentUrl\":\"https:\\\/\\\/quantumlifecycle.com\\\/wp-content\\\/uploads\\\/2020\\\/02\\\/Reuse1.svg\"},{\"@type\":\"BreadcrumbList\",\"@id\":\"https:\\\/\\\/quantumlifecycle.com\\\/fr_CA\\\/reutilisation\\\/#breadcrumb\",\"itemListElement\":[{\"@type\":\"ListItem\",\"position\":1,\"name\":\"Home\",\"item\":\"https:\\\/\\\/quantumlifecycle.com\\\/fr_CA\\\/\"},{\"@type\":\"ListItem\",\"position\":2,\"name\":\"R\u00e9utilisation\"}]},{\"@type\":\"WebSite\",\"@id\":\"https:\\\/\\\/quantumlifecycle.com\\\/fr_CA\\\/#website\",\"url\":\"https:\\\/\\\/quantumlifecycle.com\\\/fr_CA\\\/\",\"name\":\"Quantum | ITAD & E-Waste Recycling\",\"description\":\"\",\"publisher\":{\"@id\":\"https:\\\/\\\/quantumlifecycle.com\\\/fr_CA\\\/#organization\"},\"potentialAction\":[{\"@type\":\"SearchAction\",\"target\":{\"@type\":\"EntryPoint\",\"urlTemplate\":\"https:\\\/\\\/quantumlifecycle.com\\\/fr_CA\\\/?s={search_term_string}\"},\"query-input\":{\"@type\":\"PropertyValueSpecification\",\"valueRequired\":true,\"valueName\":\"search_term_string\"}}],\"inLanguage\":\"fr-CA\"},{\"@type\":\"Organization\",\"@id\":\"https:\\\/\\\/quantumlifecycle.com\\\/fr_CA\\\/#organization\",\"name\":\"Quantum Lifecycle Partners LP\",\"url\":\"https:\\\/\\\/quantumlifecycle.com\\\/fr_CA\\\/\",\"logo\":{\"@type\":\"ImageObject\",\"inLanguage\":\"fr-CA\",\"@id\":\"https:\\\/\\\/quantumlifecycle.com\\\/fr_CA\\\/#\\\/schema\\\/logo\\\/image\\\/\",\"url\":\"https:\\\/\\\/quantumlifecycle.com\\\/wp-content\\\/uploads\\\/2020\\\/01\\\/logo.svg\",\"contentUrl\":\"https:\\\/\\\/quantumlifecycle.com\\\/wp-content\\\/uploads\\\/2020\\\/01\\\/logo.svg\",\"width\":2700,\"height\":848,\"caption\":\"Quantum Lifecycle Partners LP\"},\"image\":{\"@id\":\"https:\\\/\\\/quantumlifecycle.com\\\/fr_CA\\\/#\\\/schema\\\/logo\\\/image\\\/\"}}]}<\/script>\n<!-- \/ Yoast SEO plugin. -->","yoast_head_json":{"title":"R\u00e9utilisation - Quantum | ITAD &amp; E-Waste Recycling","robots":{"index":"index","follow":"follow","max-snippet":"max-snippet:-1","max-image-preview":"max-image-preview:large","max-video-preview":"max-video-preview:-1"},"canonical":"https:\/\/quantumlifecycle.com\/fr_CA\/reutilisation\/","og_locale":"fr_CA","og_type":"article","og_title":"R\u00e9utilisation - Quantum | ITAD &amp; E-Waste Recycling","og_description":"Le r\u00e9emploi est la meilleure forme de recyclage et Quantum le fait bien. La remise \u00e0 neuf et la revente de vos...","og_url":"https:\/\/quantumlifecycle.com\/fr_CA\/reutilisation\/","og_site_name":"Quantum | ITAD &amp; E-Waste Recycling","article_modified_time":"2022-06-22T12:43:26+00:00","og_image":[{"url":"https:\/\/quantumlifecycle.com\/wp-content\/uploads\/2020\/02\/Reuse1.svg","type":"","width":"","height":""}],"twitter_card":"summary_large_image","twitter_misc":{"Estimation du temps de lecture":"3 minutes"},"schema":{"@context":"https:\/\/schema.org","@graph":[{"@type":"WebPage","@id":"https:\/\/quantumlifecycle.com\/fr_CA\/reutilisation\/","url":"https:\/\/quantumlifecycle.com\/fr_CA\/reutilisation\/","name":"R\u00e9utilisation - Quantum | ITAD &amp; E-Waste Recycling","isPartOf":{"@id":"https:\/\/quantumlifecycle.com\/fr_CA\/#website"},"primaryImageOfPage":{"@id":"https:\/\/quantumlifecycle.com\/fr_CA\/reutilisation\/#primaryimage"},"image":{"@id":"https:\/\/quantumlifecycle.com\/fr_CA\/reutilisation\/#primaryimage"},"thumbnailUrl":"https:\/\/quantumlifecycle.com\/wp-content\/uploads\/2020\/02\/Reuse1.svg","datePublished":"2020-01-28T17:11:30+00:00","dateModified":"2022-06-22T12:43:26+00:00","breadcrumb":{"@id":"https:\/\/quantumlifecycle.com\/fr_CA\/reutilisation\/#breadcrumb"},"inLanguage":"fr-CA","potentialAction":[{"@type":"ReadAction","target":["https:\/\/quantumlifecycle.com\/fr_CA\/reutilisation\/"]}]},{"@type":"ImageObject","inLanguage":"fr-CA","@id":"https:\/\/quantumlifecycle.com\/fr_CA\/reutilisation\/#primaryimage","url":"https:\/\/quantumlifecycle.com\/wp-content\/uploads\/2020\/02\/Reuse1.svg","contentUrl":"https:\/\/quantumlifecycle.com\/wp-content\/uploads\/2020\/02\/Reuse1.svg"},{"@type":"BreadcrumbList","@id":"https:\/\/quantumlifecycle.com\/fr_CA\/reutilisation\/#breadcrumb","itemListElement":[{"@type":"ListItem","position":1,"name":"Home","item":"https:\/\/quantumlifecycle.com\/fr_CA\/"},{"@type":"ListItem","position":2,"name":"R\u00e9utilisation"}]},{"@type":"WebSite","@id":"https:\/\/quantumlifecycle.com\/fr_CA\/#website","url":"https:\/\/quantumlifecycle.com\/fr_CA\/","name":"Quantum | ITAD & E-Waste Recycling","description":"","publisher":{"@id":"https:\/\/quantumlifecycle.com\/fr_CA\/#organization"},"potentialAction":[{"@type":"SearchAction","target":{"@type":"EntryPoint","urlTemplate":"https:\/\/quantumlifecycle.com\/fr_CA\/?s={search_term_string}"},"query-input":{"@type":"PropertyValueSpecification","valueRequired":true,"valueName":"search_term_string"}}],"inLanguage":"fr-CA"},{"@type":"Organization","@id":"https:\/\/quantumlifecycle.com\/fr_CA\/#organization","name":"Quantum Lifecycle Partners LP","url":"https:\/\/quantumlifecycle.com\/fr_CA\/","logo":{"@type":"ImageObject","inLanguage":"fr-CA","@id":"https:\/\/quantumlifecycle.com\/fr_CA\/#\/schema\/logo\/image\/","url":"https:\/\/quantumlifecycle.com\/wp-content\/uploads\/2020\/01\/logo.svg","contentUrl":"https:\/\/quantumlifecycle.com\/wp-content\/uploads\/2020\/01\/logo.svg","width":2700,"height":848,"caption":"Quantum Lifecycle Partners LP"},"image":{"@id":"https:\/\/quantumlifecycle.com\/fr_CA\/#\/schema\/logo\/image\/"}}]}},"yoast":{"metadesc":""},"_links":{"self":[{"href":"https:\/\/quantumlifecycle.com\/fr_CA\/wp-json\/wp\/v2\/pages\/13779","targetHints":{"allow":["GET"]}}],"collection":[{"href":"https:\/\/quantumlifecycle.com\/fr_CA\/wp-json\/wp\/v2\/pages"}],"about":[{"href":"https:\/\/quantumlifecycle.com\/fr_CA\/wp-json\/wp\/v2\/types\/page"}],"author":[{"embeddable":true,"href":"https:\/\/quantumlifecycle.com\/fr_CA\/wp-json\/wp\/v2\/users\/3"}],"replies":[{"embeddable":true,"href":"https:\/\/quantumlifecycle.com\/fr_CA\/wp-json\/wp\/v2\/comments?post=13779"}],"version-history":[{"count":3,"href":"https:\/\/quantumlifecycle.com\/fr_CA\/wp-json\/wp\/v2\/pages\/13779\/revisions"}],"predecessor-version":[{"id":19069,"href":"https:\/\/quantumlifecycle.com\/fr_CA\/wp-json\/wp\/v2\/pages\/13779\/revisions\/19069"}],"wp:attachment":[{"href":"https:\/\/quantumlifecycle.com\/fr_CA\/wp-json\/wp\/v2\/media?parent=13779"}],"curies":[{"name":"wp","href":"https:\/\/api.w.org\/{rel}","templated":true}]}}