{"id":13730,"date":"2019-12-24T11:24:54","date_gmt":"2019-12-24T16:24:54","guid":{"rendered":"https:\/\/quantumlifecycle.com\/staging\/industries\/solutions-pour-vente-au-detail\/"},"modified":"2022-06-20T10:06:13","modified_gmt":"2022-06-20T14:06:13","slug":"solutions-pour-vente-au-detail","status":"publish","type":"page","link":"https:\/\/quantumlifecycle.com\/fr_CA\/industries\/solutions-pour-vente-au-detail\/","title":{"rendered":"Solutions pour vente au d\u00e9tail"},"content":{"rendered":"<div class=\"retail-container\">\n<h2>Nous facilitons le traitement des produits \u00e9lectroniques retourn\u00e9s par les clients<\/h2>\n<div class=\"retail-row\">\n<div class=\"retail-row-content\">\n<p>Le paysage du commerce de d\u00e9tail est en pleine mutation. Comment se connecter avec vos clients ? En ligne ? En personne ? Les deux au cours de la m\u00eame transaction ? Dans cet environnement, il peut \u00eatre difficile de cr\u00e9er une exp\u00e9rience client significative qui les incite \u00e0 revenir. Les obligations croissantes en mati\u00e8re d&rsquo;intendance impos\u00e9es par les gouvernements cr\u00e9ent des d\u00e9fis suppl\u00e9mentaires pour les d\u00e9taillants.<\/p>\n<p>Mais ces d\u00e9fis s&rsquo;accompagnent de nouvelles opportunit\u00e9s. Vous pouvez d\u00e9sormais inclure des programmes de reprise et de recyclage dans votre offre de services, ce qui vous donne l&rsquo;occasion de proposer aux clients une exp\u00e9rience plus connect\u00e9e, d&rsquo;exercer une plus grande influence sur leurs d\u00e9cisions d&rsquo;achat et de g\u00e9n\u00e9rer une plus grande notori\u00e9t\u00e9 de la marque et une plus grande fid\u00e9lit\u00e9. Quantum propose des solutions de reprise sp\u00e9cialement con\u00e7ues pour vous aider \u00e0 g\u00e9rer le r\u00f4le vital et croissant que jouent les d\u00e9taillants dans l&rsquo;\u00e9conomie circulaire actuelle.<\/p><\/div>\n<div class=\"retail-row-image\">\n\t\t\t\t<img decoding=\"async\" class=\"img-fluid\" src=\"\/wp-content\/uploads\/2020\/02\/Retailers.svg\"\/>\n\t\t\t<\/div>\n<\/p><\/div>\n<\/p><\/div>\n<div class=\"retail-container\">\n<div class=\"retail-row retail-row-last\">\n<div class=\"retail-row-image retail-row-image-last\">\n\t\t\t\t<img decoding=\"async\" class=\"img-fluid\" src=\"\/wp-content\/uploads\/2021\/10\/retails-img-2.svg\"\/>\n\t\t\t<\/div>\n<div class=\"retail-row-content retail-row-content-last\">\n<h2>Gestion des retours clientsD\u00e9couvrez notre gamme compl\u00e8te de solutions destin\u00e9es aux d\u00e9taillants<br \/>\n<\/h2>\n<p>Le boom des achats en ligne a \u00e9galement entra\u00een\u00e9 une augmentation massive des retours de produits. Souvent, les d\u00e9taillants se retrouvent \u00e0 nager dans des produits qui ne sont ni neufs ni usag\u00e9s, mais qui doivent quand m\u00eame \u00eatre g\u00e9r\u00e9s. Ils ne peuvent pas simplement \u00eatre remis en rayon, mais ils ne sont pas pr\u00eats \u00e0 \u00eatre recycl\u00e9s. G\u00e9rer les retours clients d&rsquo;une mani\u00e8re qui respecte les protocoles d&rsquo;\u00e9limination des fabricants, maximise la valeur et minimise l&#8217;empreinte environnementale est un d\u00e9fi de taille pour les d\u00e9taillants &#8211; et Quantum peut vous aider \u00e0 le relever. Nous pouvons \u00e9galement vous aider dans la gestion des produits et la diffusion des messages relatifs aux rappels de produits. Qu&rsquo;il s&rsquo;agisse d&rsquo;aider \u00e0 g\u00e9rer les biens rappel\u00e9s ou de s&rsquo;engager aupr\u00e8s des autorit\u00e9s pour assurer la conformit\u00e9, nous avons des solutions personnalis\u00e9es pour r\u00e9pondre \u00e0 vos besoins uniques.<\/p><\/div>\n<\/p><\/div>\n<\/p><\/div>\n","protected":false},"excerpt":{"rendered":"<p>Nous facilitons le traitement des produits \u00e9lectroniques retourn\u00e9s par les clients Le paysage du commerce de d\u00e9tail est en pleine mutation. Comment&#8230;<\/p>\n","protected":false},"author":12,"featured_media":0,"parent":13684,"menu_order":5,"comment_status":"closed","ping_status":"closed","template":"page-retailers.php","meta":{"_acf_changed":false,"om_disable_all_campaigns":false,"_genesis_hide_title":false,"_genesis_hide_breadcrumbs":false,"_genesis_hide_singular_image":false,"_genesis_hide_footer_widgets":false,"_genesis_custom_body_class":"","_genesis_custom_post_class":"","_genesis_layout":"","footnotes":""},"class_list":{"0":"post-13730","1":"page","2":"type-page","3":"status-publish","5":"entry"},"acf":[],"yoast_head":"<!-- This site is optimized with the Yoast SEO plugin v27.5 - https:\/\/yoast.com\/product\/yoast-seo-wordpress\/ -->\n<title>Solutions pour vente au d\u00e9tail - Quantum | ITAD &amp; E-Waste Recycling<\/title>\n<meta name=\"robots\" content=\"index, follow, max-snippet:-1, max-image-preview:large, max-video-preview:-1\" \/>\n<link rel=\"canonical\" href=\"https:\/\/quantumlifecycle.com\/fr_CA\/industries\/solutions-pour-vente-au-detail\/\" \/>\n<meta property=\"og:locale\" content=\"fr_CA\" \/>\n<meta property=\"og:type\" content=\"article\" \/>\n<meta property=\"og:title\" content=\"Solutions pour vente au d\u00e9tail - Quantum | ITAD &amp; E-Waste Recycling\" \/>\n<meta property=\"og:description\" content=\"Nous facilitons le traitement des produits \u00e9lectroniques retourn\u00e9s par les clients Le paysage du commerce de d\u00e9tail est en pleine mutation. Comment...\" \/>\n<meta property=\"og:url\" content=\"https:\/\/quantumlifecycle.com\/fr_CA\/industries\/solutions-pour-vente-au-detail\/\" \/>\n<meta property=\"og:site_name\" content=\"Quantum | ITAD &amp; E-Waste Recycling\" \/>\n<meta property=\"article:modified_time\" content=\"2022-06-20T14:06:13+00:00\" \/>\n<meta name=\"twitter:card\" content=\"summary_large_image\" \/>\n<meta name=\"twitter:label1\" content=\"Estimation du temps de lecture\" \/>\n\t<meta name=\"twitter:data1\" content=\"2 minutes\" \/>\n<script type=\"application\/ld+json\" class=\"yoast-schema-graph\">{\"@context\":\"https:\\\/\\\/schema.org\",\"@graph\":[{\"@type\":\"WebPage\",\"@id\":\"https:\\\/\\\/quantumlifecycle.com\\\/fr_CA\\\/industries\\\/solutions-pour-vente-au-detail\\\/\",\"url\":\"https:\\\/\\\/quantumlifecycle.com\\\/fr_CA\\\/industries\\\/solutions-pour-vente-au-detail\\\/\",\"name\":\"Solutions pour vente au d\u00e9tail - Quantum | ITAD &amp; E-Waste Recycling\",\"isPartOf\":{\"@id\":\"https:\\\/\\\/quantumlifecycle.com\\\/fr_CA\\\/#website\"},\"datePublished\":\"2019-12-24T16:24:54+00:00\",\"dateModified\":\"2022-06-20T14:06:13+00:00\",\"breadcrumb\":{\"@id\":\"https:\\\/\\\/quantumlifecycle.com\\\/fr_CA\\\/industries\\\/solutions-pour-vente-au-detail\\\/#breadcrumb\"},\"inLanguage\":\"fr-CA\",\"potentialAction\":[{\"@type\":\"ReadAction\",\"target\":[\"https:\\\/\\\/quantumlifecycle.com\\\/fr_CA\\\/industries\\\/solutions-pour-vente-au-detail\\\/\"]}]},{\"@type\":\"BreadcrumbList\",\"@id\":\"https:\\\/\\\/quantumlifecycle.com\\\/fr_CA\\\/industries\\\/solutions-pour-vente-au-detail\\\/#breadcrumb\",\"itemListElement\":[{\"@type\":\"ListItem\",\"position\":1,\"name\":\"Home\",\"item\":\"https:\\\/\\\/quantumlifecycle.com\\\/fr_CA\\\/\"},{\"@type\":\"ListItem\",\"position\":2,\"name\":\"Industries\",\"item\":\"https:\\\/\\\/quantumlifecycle.com\\\/fr_CA\\\/industries\\\/\"},{\"@type\":\"ListItem\",\"position\":3,\"name\":\"Solutions pour vente au d\u00e9tail\"}]},{\"@type\":\"WebSite\",\"@id\":\"https:\\\/\\\/quantumlifecycle.com\\\/fr_CA\\\/#website\",\"url\":\"https:\\\/\\\/quantumlifecycle.com\\\/fr_CA\\\/\",\"name\":\"Quantum | ITAD & E-Waste Recycling\",\"description\":\"\",\"publisher\":{\"@id\":\"https:\\\/\\\/quantumlifecycle.com\\\/fr_CA\\\/#organization\"},\"potentialAction\":[{\"@type\":\"SearchAction\",\"target\":{\"@type\":\"EntryPoint\",\"urlTemplate\":\"https:\\\/\\\/quantumlifecycle.com\\\/fr_CA\\\/?s={search_term_string}\"},\"query-input\":{\"@type\":\"PropertyValueSpecification\",\"valueRequired\":true,\"valueName\":\"search_term_string\"}}],\"inLanguage\":\"fr-CA\"},{\"@type\":\"Organization\",\"@id\":\"https:\\\/\\\/quantumlifecycle.com\\\/fr_CA\\\/#organization\",\"name\":\"Quantum Lifecycle Partners LP\",\"url\":\"https:\\\/\\\/quantumlifecycle.com\\\/fr_CA\\\/\",\"logo\":{\"@type\":\"ImageObject\",\"inLanguage\":\"fr-CA\",\"@id\":\"https:\\\/\\\/quantumlifecycle.com\\\/fr_CA\\\/#\\\/schema\\\/logo\\\/image\\\/\",\"url\":\"https:\\\/\\\/quantumlifecycle.com\\\/wp-content\\\/uploads\\\/2020\\\/01\\\/logo.svg\",\"contentUrl\":\"https:\\\/\\\/quantumlifecycle.com\\\/wp-content\\\/uploads\\\/2020\\\/01\\\/logo.svg\",\"width\":2700,\"height\":848,\"caption\":\"Quantum Lifecycle Partners LP\"},\"image\":{\"@id\":\"https:\\\/\\\/quantumlifecycle.com\\\/fr_CA\\\/#\\\/schema\\\/logo\\\/image\\\/\"}}]}<\/script>\n<!-- \/ Yoast SEO plugin. -->","yoast_head_json":{"title":"Solutions pour vente au d\u00e9tail - Quantum | ITAD &amp; E-Waste Recycling","robots":{"index":"index","follow":"follow","max-snippet":"max-snippet:-1","max-image-preview":"max-image-preview:large","max-video-preview":"max-video-preview:-1"},"canonical":"https:\/\/quantumlifecycle.com\/fr_CA\/industries\/solutions-pour-vente-au-detail\/","og_locale":"fr_CA","og_type":"article","og_title":"Solutions pour vente au d\u00e9tail - Quantum | ITAD &amp; E-Waste Recycling","og_description":"Nous facilitons le traitement des produits \u00e9lectroniques retourn\u00e9s par les clients Le paysage du commerce de d\u00e9tail est en pleine mutation. Comment...","og_url":"https:\/\/quantumlifecycle.com\/fr_CA\/industries\/solutions-pour-vente-au-detail\/","og_site_name":"Quantum | ITAD &amp; E-Waste Recycling","article_modified_time":"2022-06-20T14:06:13+00:00","twitter_card":"summary_large_image","twitter_misc":{"Estimation du temps de lecture":"2 minutes"},"schema":{"@context":"https:\/\/schema.org","@graph":[{"@type":"WebPage","@id":"https:\/\/quantumlifecycle.com\/fr_CA\/industries\/solutions-pour-vente-au-detail\/","url":"https:\/\/quantumlifecycle.com\/fr_CA\/industries\/solutions-pour-vente-au-detail\/","name":"Solutions pour vente au d\u00e9tail - Quantum | ITAD &amp; E-Waste Recycling","isPartOf":{"@id":"https:\/\/quantumlifecycle.com\/fr_CA\/#website"},"datePublished":"2019-12-24T16:24:54+00:00","dateModified":"2022-06-20T14:06:13+00:00","breadcrumb":{"@id":"https:\/\/quantumlifecycle.com\/fr_CA\/industries\/solutions-pour-vente-au-detail\/#breadcrumb"},"inLanguage":"fr-CA","potentialAction":[{"@type":"ReadAction","target":["https:\/\/quantumlifecycle.com\/fr_CA\/industries\/solutions-pour-vente-au-detail\/"]}]},{"@type":"BreadcrumbList","@id":"https:\/\/quantumlifecycle.com\/fr_CA\/industries\/solutions-pour-vente-au-detail\/#breadcrumb","itemListElement":[{"@type":"ListItem","position":1,"name":"Home","item":"https:\/\/quantumlifecycle.com\/fr_CA\/"},{"@type":"ListItem","position":2,"name":"Industries","item":"https:\/\/quantumlifecycle.com\/fr_CA\/industries\/"},{"@type":"ListItem","position":3,"name":"Solutions pour vente au d\u00e9tail"}]},{"@type":"WebSite","@id":"https:\/\/quantumlifecycle.com\/fr_CA\/#website","url":"https:\/\/quantumlifecycle.com\/fr_CA\/","name":"Quantum | ITAD & E-Waste Recycling","description":"","publisher":{"@id":"https:\/\/quantumlifecycle.com\/fr_CA\/#organization"},"potentialAction":[{"@type":"SearchAction","target":{"@type":"EntryPoint","urlTemplate":"https:\/\/quantumlifecycle.com\/fr_CA\/?s={search_term_string}"},"query-input":{"@type":"PropertyValueSpecification","valueRequired":true,"valueName":"search_term_string"}}],"inLanguage":"fr-CA"},{"@type":"Organization","@id":"https:\/\/quantumlifecycle.com\/fr_CA\/#organization","name":"Quantum Lifecycle Partners LP","url":"https:\/\/quantumlifecycle.com\/fr_CA\/","logo":{"@type":"ImageObject","inLanguage":"fr-CA","@id":"https:\/\/quantumlifecycle.com\/fr_CA\/#\/schema\/logo\/image\/","url":"https:\/\/quantumlifecycle.com\/wp-content\/uploads\/2020\/01\/logo.svg","contentUrl":"https:\/\/quantumlifecycle.com\/wp-content\/uploads\/2020\/01\/logo.svg","width":2700,"height":848,"caption":"Quantum Lifecycle Partners LP"},"image":{"@id":"https:\/\/quantumlifecycle.com\/fr_CA\/#\/schema\/logo\/image\/"}}]}},"yoast":{"metadesc":""},"_links":{"self":[{"href":"https:\/\/quantumlifecycle.com\/fr_CA\/wp-json\/wp\/v2\/pages\/13730","targetHints":{"allow":["GET"]}}],"collection":[{"href":"https:\/\/quantumlifecycle.com\/fr_CA\/wp-json\/wp\/v2\/pages"}],"about":[{"href":"https:\/\/quantumlifecycle.com\/fr_CA\/wp-json\/wp\/v2\/types\/page"}],"author":[{"embeddable":true,"href":"https:\/\/quantumlifecycle.com\/fr_CA\/wp-json\/wp\/v2\/users\/12"}],"replies":[{"embeddable":true,"href":"https:\/\/quantumlifecycle.com\/fr_CA\/wp-json\/wp\/v2\/comments?post=13730"}],"version-history":[{"count":3,"href":"https:\/\/quantumlifecycle.com\/fr_CA\/wp-json\/wp\/v2\/pages\/13730\/revisions"}],"predecessor-version":[{"id":19017,"href":"https:\/\/quantumlifecycle.com\/fr_CA\/wp-json\/wp\/v2\/pages\/13730\/revisions\/19017"}],"up":[{"embeddable":true,"href":"https:\/\/quantumlifecycle.com\/fr_CA\/wp-json\/wp\/v2\/pages\/13684"}],"wp:attachment":[{"href":"https:\/\/quantumlifecycle.com\/fr_CA\/wp-json\/wp\/v2\/media?parent=13730"}],"curies":[{"name":"wp","href":"https:\/\/api.w.org\/{rel}","templated":true}]}}