{"id":13722,"date":"2019-12-24T10:57:49","date_gmt":"2019-12-24T15:57:49","guid":{"rendered":"https:\/\/quantumlifecycle.com\/staging\/industries\/solutions-pour-vars\/"},"modified":"2022-06-20T10:05:21","modified_gmt":"2022-06-20T14:05:21","slug":"solutions-pour-vars","status":"publish","type":"page","link":"https:\/\/quantumlifecycle.com\/fr_CA\/industries\/solutions-pour-vars\/","title":{"rendered":"Solutions pour les revendeurs \u00e0 valeur ajout\u00e9e (VAR), les int\u00e9grateurs de syst\u00e8mes et les fabricants d\u2019\u00e9quipements d\u2019origine (OEM)"},"content":{"rendered":"<div class=\"top-content two-column-content\">\n<div class=\"left-column\">\n<h2 class=\"primary-headline\">Nous faisons le travail et vous et vos clients \u00eates r\u00e9compens\u00e9s<\/h2>\n<p>Si vous vous concentrez sur la vente de nouveaux \u00e9quipements en tant que revendeur \u00e0 valeur ajout\u00e9e (VAR), vous manquez peut-\u00eatre l&rsquo;opportunit\u00e9 de g\u00e9n\u00e9rer de la valeur pour vos clients lorsqu&rsquo;ils renouvellent leurs actifs. En faisant de nos services ITAD votre propre solution de rafra\u00eechissement, vous pouvez continuer \u00e0 vous concentrer sur la fourniture de nouveaux \u00e9quipements tandis que nous nous occupons de la r\u00e9utilisation et du recyclage des anciens actifs. Nous sommes audit\u00e9s et approuv\u00e9s par tous les grands manufacturiers du Canada, ce qui \u00e9limine un obstacle majeur au changement de fournisseur. Nous offrons \u00e0 vos clients des programmes de cr\u00e9dit de rachat pour tout \u00e9quipement de mod\u00e8le r\u00e9cent en bon \u00e9tat. Gr\u00e2ce \u00e0 un portail pratique pour les rapports et les r\u00e8glements, vos clients appr\u00e9cieront la simplicit\u00e9 d&rsquo;une solution de service complet qui r\u00e9pond aux exigences de s\u00e9curit\u00e9 des donn\u00e9es, satisfait aux r\u00e8glements environnementaux et soutient les initiatives de durabilit\u00e9.<\/p>\n<\/div>\n<div class=\"right-column\"><img loading=\"lazy\" decoding=\"async\" class=\"alignnone size-full wp-image-6145 f-basis-90\" role=\"img\" src=\"https:\/\/quantumlifecycle.com\/wp-content\/uploads\/2020\/02\/VARs.svg\" alt=\"\" width=\"577\" height=\"512\" \/><\/div>\n<\/div>\n","protected":false},"excerpt":{"rendered":"<p>Nous faisons le travail et vous et vos clients \u00eates r\u00e9compens\u00e9s Si vous vous concentrez sur la vente de nouveaux \u00e9quipements en&#8230;<\/p>\n","protected":false},"author":12,"featured_media":0,"parent":13684,"menu_order":3,"comment_status":"closed","ping_status":"closed","template":"page-VAR.php","meta":{"_acf_changed":false,"om_disable_all_campaigns":false,"_genesis_hide_title":false,"_genesis_hide_breadcrumbs":false,"_genesis_hide_singular_image":false,"_genesis_hide_footer_widgets":false,"_genesis_custom_body_class":"","_genesis_custom_post_class":"","_genesis_layout":"","footnotes":""},"class_list":{"0":"post-13722","1":"page","2":"type-page","3":"status-publish","5":"entry"},"acf":[],"yoast_head":"<!-- This site is optimized with the Yoast SEO plugin v27.4 - https:\/\/yoast.com\/product\/yoast-seo-wordpress\/ -->\n<title>Solutions pour les revendeurs \u00e0 valeur ajout\u00e9e (VAR), les int\u00e9grateurs de syst\u00e8mes et les fabricants d\u2019\u00e9quipements d\u2019origine (OEM) - Quantum | ITAD &amp; E-Waste Recycling<\/title>\n<meta name=\"robots\" content=\"index, follow, max-snippet:-1, max-image-preview:large, max-video-preview:-1\" \/>\n<link rel=\"canonical\" href=\"https:\/\/quantumlifecycle.com\/fr_CA\/industries\/solutions-pour-vars\/\" \/>\n<meta property=\"og:locale\" content=\"fr_CA\" \/>\n<meta property=\"og:type\" content=\"article\" \/>\n<meta property=\"og:title\" content=\"Solutions pour les revendeurs \u00e0 valeur ajout\u00e9e (VAR), les int\u00e9grateurs de syst\u00e8mes et les fabricants d\u2019\u00e9quipements d\u2019origine (OEM) - Quantum | ITAD &amp; E-Waste Recycling\" \/>\n<meta property=\"og:description\" content=\"Nous faisons le travail et vous et vos clients \u00eates r\u00e9compens\u00e9s Si vous vous concentrez sur la vente de nouveaux \u00e9quipements en...\" \/>\n<meta property=\"og:url\" content=\"https:\/\/quantumlifecycle.com\/fr_CA\/industries\/solutions-pour-vars\/\" \/>\n<meta property=\"og:site_name\" content=\"Quantum | ITAD &amp; E-Waste Recycling\" \/>\n<meta property=\"article:modified_time\" content=\"2022-06-20T14:05:21+00:00\" \/>\n<meta property=\"og:image\" content=\"https:\/\/quantumlifecycle.com\/wp-content\/uploads\/2020\/02\/VARs.svg\" \/>\n<meta name=\"twitter:card\" content=\"summary_large_image\" \/>\n<meta name=\"twitter:label1\" content=\"Estimation du temps de lecture\" \/>\n\t<meta name=\"twitter:data1\" content=\"1 minute\" \/>\n<script type=\"application\/ld+json\" class=\"yoast-schema-graph\">{\"@context\":\"https:\\\/\\\/schema.org\",\"@graph\":[{\"@type\":\"WebPage\",\"@id\":\"https:\\\/\\\/quantumlifecycle.com\\\/fr_CA\\\/industries\\\/solutions-pour-vars\\\/\",\"url\":\"https:\\\/\\\/quantumlifecycle.com\\\/fr_CA\\\/industries\\\/solutions-pour-vars\\\/\",\"name\":\"Solutions pour les revendeurs \u00e0 valeur ajout\u00e9e (VAR), les int\u00e9grateurs de syst\u00e8mes et les fabricants d\u2019\u00e9quipements d\u2019origine (OEM) - Quantum | ITAD &amp; E-Waste Recycling\",\"isPartOf\":{\"@id\":\"https:\\\/\\\/quantumlifecycle.com\\\/fr_CA\\\/#website\"},\"primaryImageOfPage\":{\"@id\":\"https:\\\/\\\/quantumlifecycle.com\\\/fr_CA\\\/industries\\\/solutions-pour-vars\\\/#primaryimage\"},\"image\":{\"@id\":\"https:\\\/\\\/quantumlifecycle.com\\\/fr_CA\\\/industries\\\/solutions-pour-vars\\\/#primaryimage\"},\"thumbnailUrl\":\"https:\\\/\\\/quantumlifecycle.com\\\/wp-content\\\/uploads\\\/2020\\\/02\\\/VARs.svg\",\"datePublished\":\"2019-12-24T15:57:49+00:00\",\"dateModified\":\"2022-06-20T14:05:21+00:00\",\"breadcrumb\":{\"@id\":\"https:\\\/\\\/quantumlifecycle.com\\\/fr_CA\\\/industries\\\/solutions-pour-vars\\\/#breadcrumb\"},\"inLanguage\":\"fr-CA\",\"potentialAction\":[{\"@type\":\"ReadAction\",\"target\":[\"https:\\\/\\\/quantumlifecycle.com\\\/fr_CA\\\/industries\\\/solutions-pour-vars\\\/\"]}]},{\"@type\":\"ImageObject\",\"inLanguage\":\"fr-CA\",\"@id\":\"https:\\\/\\\/quantumlifecycle.com\\\/fr_CA\\\/industries\\\/solutions-pour-vars\\\/#primaryimage\",\"url\":\"https:\\\/\\\/quantumlifecycle.com\\\/wp-content\\\/uploads\\\/2020\\\/02\\\/VARs.svg\",\"contentUrl\":\"https:\\\/\\\/quantumlifecycle.com\\\/wp-content\\\/uploads\\\/2020\\\/02\\\/VARs.svg\"},{\"@type\":\"BreadcrumbList\",\"@id\":\"https:\\\/\\\/quantumlifecycle.com\\\/fr_CA\\\/industries\\\/solutions-pour-vars\\\/#breadcrumb\",\"itemListElement\":[{\"@type\":\"ListItem\",\"position\":1,\"name\":\"Home\",\"item\":\"https:\\\/\\\/quantumlifecycle.com\\\/fr_CA\\\/\"},{\"@type\":\"ListItem\",\"position\":2,\"name\":\"Industries\",\"item\":\"https:\\\/\\\/quantumlifecycle.com\\\/fr_CA\\\/industries\\\/\"},{\"@type\":\"ListItem\",\"position\":3,\"name\":\"Solutions pour les revendeurs \u00e0 valeur ajout\u00e9e (VAR), les int\u00e9grateurs de syst\u00e8mes et les fabricants d\u2019\u00e9quipements d\u2019origine (OEM)\"}]},{\"@type\":\"WebSite\",\"@id\":\"https:\\\/\\\/quantumlifecycle.com\\\/fr_CA\\\/#website\",\"url\":\"https:\\\/\\\/quantumlifecycle.com\\\/fr_CA\\\/\",\"name\":\"Quantum | ITAD & E-Waste Recycling\",\"description\":\"\",\"publisher\":{\"@id\":\"https:\\\/\\\/quantumlifecycle.com\\\/fr_CA\\\/#organization\"},\"potentialAction\":[{\"@type\":\"SearchAction\",\"target\":{\"@type\":\"EntryPoint\",\"urlTemplate\":\"https:\\\/\\\/quantumlifecycle.com\\\/fr_CA\\\/?s={search_term_string}\"},\"query-input\":{\"@type\":\"PropertyValueSpecification\",\"valueRequired\":true,\"valueName\":\"search_term_string\"}}],\"inLanguage\":\"fr-CA\"},{\"@type\":\"Organization\",\"@id\":\"https:\\\/\\\/quantumlifecycle.com\\\/fr_CA\\\/#organization\",\"name\":\"Quantum Lifecycle Partners LP\",\"url\":\"https:\\\/\\\/quantumlifecycle.com\\\/fr_CA\\\/\",\"logo\":{\"@type\":\"ImageObject\",\"inLanguage\":\"fr-CA\",\"@id\":\"https:\\\/\\\/quantumlifecycle.com\\\/fr_CA\\\/#\\\/schema\\\/logo\\\/image\\\/\",\"url\":\"https:\\\/\\\/quantumlifecycle.com\\\/wp-content\\\/uploads\\\/2020\\\/01\\\/logo.svg\",\"contentUrl\":\"https:\\\/\\\/quantumlifecycle.com\\\/wp-content\\\/uploads\\\/2020\\\/01\\\/logo.svg\",\"width\":2700,\"height\":848,\"caption\":\"Quantum Lifecycle Partners LP\"},\"image\":{\"@id\":\"https:\\\/\\\/quantumlifecycle.com\\\/fr_CA\\\/#\\\/schema\\\/logo\\\/image\\\/\"}}]}<\/script>\n<!-- \/ Yoast SEO plugin. -->","yoast_head_json":{"title":"Solutions pour les revendeurs \u00e0 valeur ajout\u00e9e (VAR), les int\u00e9grateurs de syst\u00e8mes et les fabricants d\u2019\u00e9quipements d\u2019origine (OEM) - Quantum | ITAD &amp; E-Waste Recycling","robots":{"index":"index","follow":"follow","max-snippet":"max-snippet:-1","max-image-preview":"max-image-preview:large","max-video-preview":"max-video-preview:-1"},"canonical":"https:\/\/quantumlifecycle.com\/fr_CA\/industries\/solutions-pour-vars\/","og_locale":"fr_CA","og_type":"article","og_title":"Solutions pour les revendeurs \u00e0 valeur ajout\u00e9e (VAR), les int\u00e9grateurs de syst\u00e8mes et les fabricants d\u2019\u00e9quipements d\u2019origine (OEM) - Quantum | ITAD &amp; E-Waste Recycling","og_description":"Nous faisons le travail et vous et vos clients \u00eates r\u00e9compens\u00e9s Si vous vous concentrez sur la vente de nouveaux \u00e9quipements en...","og_url":"https:\/\/quantumlifecycle.com\/fr_CA\/industries\/solutions-pour-vars\/","og_site_name":"Quantum | ITAD &amp; E-Waste Recycling","article_modified_time":"2022-06-20T14:05:21+00:00","og_image":[{"url":"https:\/\/quantumlifecycle.com\/wp-content\/uploads\/2020\/02\/VARs.svg","type":"","width":"","height":""}],"twitter_card":"summary_large_image","twitter_misc":{"Estimation du temps de lecture":"1 minute"},"schema":{"@context":"https:\/\/schema.org","@graph":[{"@type":"WebPage","@id":"https:\/\/quantumlifecycle.com\/fr_CA\/industries\/solutions-pour-vars\/","url":"https:\/\/quantumlifecycle.com\/fr_CA\/industries\/solutions-pour-vars\/","name":"Solutions pour les revendeurs \u00e0 valeur ajout\u00e9e (VAR), les int\u00e9grateurs de syst\u00e8mes et les fabricants d\u2019\u00e9quipements d\u2019origine (OEM) - Quantum | ITAD &amp; E-Waste Recycling","isPartOf":{"@id":"https:\/\/quantumlifecycle.com\/fr_CA\/#website"},"primaryImageOfPage":{"@id":"https:\/\/quantumlifecycle.com\/fr_CA\/industries\/solutions-pour-vars\/#primaryimage"},"image":{"@id":"https:\/\/quantumlifecycle.com\/fr_CA\/industries\/solutions-pour-vars\/#primaryimage"},"thumbnailUrl":"https:\/\/quantumlifecycle.com\/wp-content\/uploads\/2020\/02\/VARs.svg","datePublished":"2019-12-24T15:57:49+00:00","dateModified":"2022-06-20T14:05:21+00:00","breadcrumb":{"@id":"https:\/\/quantumlifecycle.com\/fr_CA\/industries\/solutions-pour-vars\/#breadcrumb"},"inLanguage":"fr-CA","potentialAction":[{"@type":"ReadAction","target":["https:\/\/quantumlifecycle.com\/fr_CA\/industries\/solutions-pour-vars\/"]}]},{"@type":"ImageObject","inLanguage":"fr-CA","@id":"https:\/\/quantumlifecycle.com\/fr_CA\/industries\/solutions-pour-vars\/#primaryimage","url":"https:\/\/quantumlifecycle.com\/wp-content\/uploads\/2020\/02\/VARs.svg","contentUrl":"https:\/\/quantumlifecycle.com\/wp-content\/uploads\/2020\/02\/VARs.svg"},{"@type":"BreadcrumbList","@id":"https:\/\/quantumlifecycle.com\/fr_CA\/industries\/solutions-pour-vars\/#breadcrumb","itemListElement":[{"@type":"ListItem","position":1,"name":"Home","item":"https:\/\/quantumlifecycle.com\/fr_CA\/"},{"@type":"ListItem","position":2,"name":"Industries","item":"https:\/\/quantumlifecycle.com\/fr_CA\/industries\/"},{"@type":"ListItem","position":3,"name":"Solutions pour les revendeurs \u00e0 valeur ajout\u00e9e (VAR), les int\u00e9grateurs de syst\u00e8mes et les fabricants d\u2019\u00e9quipements d\u2019origine (OEM)"}]},{"@type":"WebSite","@id":"https:\/\/quantumlifecycle.com\/fr_CA\/#website","url":"https:\/\/quantumlifecycle.com\/fr_CA\/","name":"Quantum | ITAD & E-Waste Recycling","description":"","publisher":{"@id":"https:\/\/quantumlifecycle.com\/fr_CA\/#organization"},"potentialAction":[{"@type":"SearchAction","target":{"@type":"EntryPoint","urlTemplate":"https:\/\/quantumlifecycle.com\/fr_CA\/?s={search_term_string}"},"query-input":{"@type":"PropertyValueSpecification","valueRequired":true,"valueName":"search_term_string"}}],"inLanguage":"fr-CA"},{"@type":"Organization","@id":"https:\/\/quantumlifecycle.com\/fr_CA\/#organization","name":"Quantum Lifecycle Partners LP","url":"https:\/\/quantumlifecycle.com\/fr_CA\/","logo":{"@type":"ImageObject","inLanguage":"fr-CA","@id":"https:\/\/quantumlifecycle.com\/fr_CA\/#\/schema\/logo\/image\/","url":"https:\/\/quantumlifecycle.com\/wp-content\/uploads\/2020\/01\/logo.svg","contentUrl":"https:\/\/quantumlifecycle.com\/wp-content\/uploads\/2020\/01\/logo.svg","width":2700,"height":848,"caption":"Quantum Lifecycle Partners LP"},"image":{"@id":"https:\/\/quantumlifecycle.com\/fr_CA\/#\/schema\/logo\/image\/"}}]}},"yoast":{"metadesc":""},"_links":{"self":[{"href":"https:\/\/quantumlifecycle.com\/fr_CA\/wp-json\/wp\/v2\/pages\/13722","targetHints":{"allow":["GET"]}}],"collection":[{"href":"https:\/\/quantumlifecycle.com\/fr_CA\/wp-json\/wp\/v2\/pages"}],"about":[{"href":"https:\/\/quantumlifecycle.com\/fr_CA\/wp-json\/wp\/v2\/types\/page"}],"author":[{"embeddable":true,"href":"https:\/\/quantumlifecycle.com\/fr_CA\/wp-json\/wp\/v2\/users\/12"}],"replies":[{"embeddable":true,"href":"https:\/\/quantumlifecycle.com\/fr_CA\/wp-json\/wp\/v2\/comments?post=13722"}],"version-history":[{"count":2,"href":"https:\/\/quantumlifecycle.com\/fr_CA\/wp-json\/wp\/v2\/pages\/13722\/revisions"}],"predecessor-version":[{"id":19015,"href":"https:\/\/quantumlifecycle.com\/fr_CA\/wp-json\/wp\/v2\/pages\/13722\/revisions\/19015"}],"up":[{"embeddable":true,"href":"https:\/\/quantumlifecycle.com\/fr_CA\/wp-json\/wp\/v2\/pages\/13684"}],"wp:attachment":[{"href":"https:\/\/quantumlifecycle.com\/fr_CA\/wp-json\/wp\/v2\/media?parent=13722"}],"curies":[{"name":"wp","href":"https:\/\/api.w.org\/{rel}","templated":true}]}}