{"id":13720,"date":"2019-12-24T08:06:18","date_gmt":"2019-12-24T13:06:18","guid":{"rendered":"https:\/\/quantumlifecycle.com\/staging\/industries\/recyclage-des-produits-electroniques-pour-les-pme\/"},"modified":"2022-06-20T09:54:00","modified_gmt":"2022-06-20T13:54:00","slug":"recyclage-des-produits-electroniques-pour-les-pme","status":"publish","type":"page","link":"https:\/\/quantumlifecycle.com\/fr_CA\/industries\/recyclage-des-produits-electroniques-pour-les-pme\/","title":{"rendered":"Recyclage des produits \u00e9lectroniques pour les PME"},"content":{"rendered":"<div class=\"top-content two-column-content\">\n<div class=\"left-column\">\n<h2 class=\"primary-headline\">Le Quantum vient \u00e0 vous<\/h2>\n<p>Le service d&rsquo;enl\u00e8vement rapide, pratique et peu co\u00fbteux de Quantum rend le recyclage des appareils \u00e9lectroniques en fin de vie de votre entreprise \u00e0 la fois facile et s\u00fbr. Nous ne nous occupons pas seulement des ordinateurs de bureau, des ordinateurs portables et des \u00e9crans. La plupart de vos \u00e9quipements de bureau, qu&rsquo;il s&rsquo;agisse d&rsquo;imprimantes, de photocopieurs, de t\u00e9l\u00e9copieurs, de t\u00e9l\u00e9viseurs, de serveurs ou d&rsquo;\u00e9quipements audiovisuels, peuvent \u00eatre collect\u00e9s et recycl\u00e9s selon notre processus certifi\u00e9. En fonction du type et des quantit\u00e9s d&rsquo;\u00e9quipements, nous pouvons \u00eatre en mesure de fournir ce service gratuitement. Et nous garantissons que toutes vos donn\u00e9es sont d\u00e9truites.<\/p>\n<\/div>\n<div class=\"right-column\"><img loading=\"lazy\" decoding=\"async\" class=\"alignnone size-full wp-image-6138\" role=\"img\" src=\"https:\/\/quantumlifecycle.com\/wp-content\/uploads\/2020\/02\/SMBs1.svg\" alt=\"\" width=\"419\" height=\"412\" \/><\/div>\n<\/div>\n","protected":false},"excerpt":{"rendered":"<p>Le Quantum vient \u00e0 vous Le service d&rsquo;enl\u00e8vement rapide, pratique et peu co\u00fbteux de Quantum rend le recyclage des appareils \u00e9lectroniques en&#8230;<\/p>\n","protected":false},"author":12,"featured_media":0,"parent":13684,"menu_order":2,"comment_status":"closed","ping_status":"closed","template":"page-SMB.php","meta":{"_acf_changed":false,"om_disable_all_campaigns":false,"_genesis_hide_title":false,"_genesis_hide_breadcrumbs":false,"_genesis_hide_singular_image":false,"_genesis_hide_footer_widgets":false,"_genesis_custom_body_class":"","_genesis_custom_post_class":"","_genesis_layout":"","footnotes":""},"class_list":{"0":"post-13720","1":"page","2":"type-page","3":"status-publish","5":"entry"},"acf":[],"yoast_head":"<!-- This site is optimized with the Yoast SEO plugin v27.4 - https:\/\/yoast.com\/product\/yoast-seo-wordpress\/ -->\n<title>Recyclage des produits \u00e9lectroniques pour les PME - Quantum | ITAD &amp; E-Waste Recycling<\/title>\n<meta name=\"robots\" content=\"index, follow, max-snippet:-1, max-image-preview:large, max-video-preview:-1\" \/>\n<link rel=\"canonical\" href=\"https:\/\/quantumlifecycle.com\/fr_CA\/industries\/recyclage-des-produits-electroniques-pour-les-pme\/\" \/>\n<meta property=\"og:locale\" content=\"fr_CA\" \/>\n<meta property=\"og:type\" content=\"article\" \/>\n<meta property=\"og:title\" content=\"Recyclage des produits \u00e9lectroniques pour les PME - Quantum | ITAD &amp; E-Waste Recycling\" \/>\n<meta property=\"og:description\" content=\"Le Quantum vient \u00e0 vous Le service d&rsquo;enl\u00e8vement rapide, pratique et peu co\u00fbteux de Quantum rend le recyclage des appareils \u00e9lectroniques en...\" \/>\n<meta property=\"og:url\" content=\"https:\/\/quantumlifecycle.com\/fr_CA\/industries\/recyclage-des-produits-electroniques-pour-les-pme\/\" \/>\n<meta property=\"og:site_name\" content=\"Quantum | ITAD &amp; E-Waste Recycling\" \/>\n<meta property=\"article:modified_time\" content=\"2022-06-20T13:54:00+00:00\" \/>\n<meta property=\"og:image\" content=\"https:\/\/quantumlifecycle.com\/wp-content\/uploads\/2020\/02\/SMBs1.svg\" \/>\n<meta name=\"twitter:card\" content=\"summary_large_image\" \/>\n<meta name=\"twitter:label1\" content=\"Estimation du temps de lecture\" \/>\n\t<meta name=\"twitter:data1\" content=\"1 minute\" \/>\n<script type=\"application\/ld+json\" class=\"yoast-schema-graph\">{\"@context\":\"https:\\\/\\\/schema.org\",\"@graph\":[{\"@type\":\"WebPage\",\"@id\":\"https:\\\/\\\/quantumlifecycle.com\\\/fr_CA\\\/industries\\\/recyclage-des-produits-electroniques-pour-les-pme\\\/\",\"url\":\"https:\\\/\\\/quantumlifecycle.com\\\/fr_CA\\\/industries\\\/recyclage-des-produits-electroniques-pour-les-pme\\\/\",\"name\":\"Recyclage des produits \u00e9lectroniques pour les PME - Quantum | ITAD &amp; E-Waste Recycling\",\"isPartOf\":{\"@id\":\"https:\\\/\\\/quantumlifecycle.com\\\/fr_CA\\\/#website\"},\"primaryImageOfPage\":{\"@id\":\"https:\\\/\\\/quantumlifecycle.com\\\/fr_CA\\\/industries\\\/recyclage-des-produits-electroniques-pour-les-pme\\\/#primaryimage\"},\"image\":{\"@id\":\"https:\\\/\\\/quantumlifecycle.com\\\/fr_CA\\\/industries\\\/recyclage-des-produits-electroniques-pour-les-pme\\\/#primaryimage\"},\"thumbnailUrl\":\"https:\\\/\\\/quantumlifecycle.com\\\/wp-content\\\/uploads\\\/2020\\\/02\\\/SMBs1.svg\",\"datePublished\":\"2019-12-24T13:06:18+00:00\",\"dateModified\":\"2022-06-20T13:54:00+00:00\",\"breadcrumb\":{\"@id\":\"https:\\\/\\\/quantumlifecycle.com\\\/fr_CA\\\/industries\\\/recyclage-des-produits-electroniques-pour-les-pme\\\/#breadcrumb\"},\"inLanguage\":\"fr-CA\",\"potentialAction\":[{\"@type\":\"ReadAction\",\"target\":[\"https:\\\/\\\/quantumlifecycle.com\\\/fr_CA\\\/industries\\\/recyclage-des-produits-electroniques-pour-les-pme\\\/\"]}]},{\"@type\":\"ImageObject\",\"inLanguage\":\"fr-CA\",\"@id\":\"https:\\\/\\\/quantumlifecycle.com\\\/fr_CA\\\/industries\\\/recyclage-des-produits-electroniques-pour-les-pme\\\/#primaryimage\",\"url\":\"https:\\\/\\\/quantumlifecycle.com\\\/wp-content\\\/uploads\\\/2020\\\/02\\\/SMBs1.svg\",\"contentUrl\":\"https:\\\/\\\/quantumlifecycle.com\\\/wp-content\\\/uploads\\\/2020\\\/02\\\/SMBs1.svg\"},{\"@type\":\"BreadcrumbList\",\"@id\":\"https:\\\/\\\/quantumlifecycle.com\\\/fr_CA\\\/industries\\\/recyclage-des-produits-electroniques-pour-les-pme\\\/#breadcrumb\",\"itemListElement\":[{\"@type\":\"ListItem\",\"position\":1,\"name\":\"Home\",\"item\":\"https:\\\/\\\/quantumlifecycle.com\\\/fr_CA\\\/\"},{\"@type\":\"ListItem\",\"position\":2,\"name\":\"Industries\",\"item\":\"https:\\\/\\\/quantumlifecycle.com\\\/fr_CA\\\/industries\\\/\"},{\"@type\":\"ListItem\",\"position\":3,\"name\":\"Recyclage des produits \u00e9lectroniques pour les PME\"}]},{\"@type\":\"WebSite\",\"@id\":\"https:\\\/\\\/quantumlifecycle.com\\\/fr_CA\\\/#website\",\"url\":\"https:\\\/\\\/quantumlifecycle.com\\\/fr_CA\\\/\",\"name\":\"Quantum | ITAD & E-Waste Recycling\",\"description\":\"\",\"publisher\":{\"@id\":\"https:\\\/\\\/quantumlifecycle.com\\\/fr_CA\\\/#organization\"},\"potentialAction\":[{\"@type\":\"SearchAction\",\"target\":{\"@type\":\"EntryPoint\",\"urlTemplate\":\"https:\\\/\\\/quantumlifecycle.com\\\/fr_CA\\\/?s={search_term_string}\"},\"query-input\":{\"@type\":\"PropertyValueSpecification\",\"valueRequired\":true,\"valueName\":\"search_term_string\"}}],\"inLanguage\":\"fr-CA\"},{\"@type\":\"Organization\",\"@id\":\"https:\\\/\\\/quantumlifecycle.com\\\/fr_CA\\\/#organization\",\"name\":\"Quantum Lifecycle Partners LP\",\"url\":\"https:\\\/\\\/quantumlifecycle.com\\\/fr_CA\\\/\",\"logo\":{\"@type\":\"ImageObject\",\"inLanguage\":\"fr-CA\",\"@id\":\"https:\\\/\\\/quantumlifecycle.com\\\/fr_CA\\\/#\\\/schema\\\/logo\\\/image\\\/\",\"url\":\"https:\\\/\\\/quantumlifecycle.com\\\/wp-content\\\/uploads\\\/2020\\\/01\\\/logo.svg\",\"contentUrl\":\"https:\\\/\\\/quantumlifecycle.com\\\/wp-content\\\/uploads\\\/2020\\\/01\\\/logo.svg\",\"width\":2700,\"height\":848,\"caption\":\"Quantum Lifecycle Partners LP\"},\"image\":{\"@id\":\"https:\\\/\\\/quantumlifecycle.com\\\/fr_CA\\\/#\\\/schema\\\/logo\\\/image\\\/\"}}]}<\/script>\n<!-- \/ Yoast SEO plugin. -->","yoast_head_json":{"title":"Recyclage des produits \u00e9lectroniques pour les PME - Quantum | ITAD &amp; E-Waste Recycling","robots":{"index":"index","follow":"follow","max-snippet":"max-snippet:-1","max-image-preview":"max-image-preview:large","max-video-preview":"max-video-preview:-1"},"canonical":"https:\/\/quantumlifecycle.com\/fr_CA\/industries\/recyclage-des-produits-electroniques-pour-les-pme\/","og_locale":"fr_CA","og_type":"article","og_title":"Recyclage des produits \u00e9lectroniques pour les PME - Quantum | ITAD &amp; E-Waste Recycling","og_description":"Le Quantum vient \u00e0 vous Le service d&rsquo;enl\u00e8vement rapide, pratique et peu co\u00fbteux de Quantum rend le recyclage des appareils \u00e9lectroniques en...","og_url":"https:\/\/quantumlifecycle.com\/fr_CA\/industries\/recyclage-des-produits-electroniques-pour-les-pme\/","og_site_name":"Quantum | ITAD &amp; E-Waste Recycling","article_modified_time":"2022-06-20T13:54:00+00:00","og_image":[{"url":"https:\/\/quantumlifecycle.com\/wp-content\/uploads\/2020\/02\/SMBs1.svg","type":"","width":"","height":""}],"twitter_card":"summary_large_image","twitter_misc":{"Estimation du temps de lecture":"1 minute"},"schema":{"@context":"https:\/\/schema.org","@graph":[{"@type":"WebPage","@id":"https:\/\/quantumlifecycle.com\/fr_CA\/industries\/recyclage-des-produits-electroniques-pour-les-pme\/","url":"https:\/\/quantumlifecycle.com\/fr_CA\/industries\/recyclage-des-produits-electroniques-pour-les-pme\/","name":"Recyclage des produits \u00e9lectroniques pour les PME - Quantum | ITAD &amp; E-Waste Recycling","isPartOf":{"@id":"https:\/\/quantumlifecycle.com\/fr_CA\/#website"},"primaryImageOfPage":{"@id":"https:\/\/quantumlifecycle.com\/fr_CA\/industries\/recyclage-des-produits-electroniques-pour-les-pme\/#primaryimage"},"image":{"@id":"https:\/\/quantumlifecycle.com\/fr_CA\/industries\/recyclage-des-produits-electroniques-pour-les-pme\/#primaryimage"},"thumbnailUrl":"https:\/\/quantumlifecycle.com\/wp-content\/uploads\/2020\/02\/SMBs1.svg","datePublished":"2019-12-24T13:06:18+00:00","dateModified":"2022-06-20T13:54:00+00:00","breadcrumb":{"@id":"https:\/\/quantumlifecycle.com\/fr_CA\/industries\/recyclage-des-produits-electroniques-pour-les-pme\/#breadcrumb"},"inLanguage":"fr-CA","potentialAction":[{"@type":"ReadAction","target":["https:\/\/quantumlifecycle.com\/fr_CA\/industries\/recyclage-des-produits-electroniques-pour-les-pme\/"]}]},{"@type":"ImageObject","inLanguage":"fr-CA","@id":"https:\/\/quantumlifecycle.com\/fr_CA\/industries\/recyclage-des-produits-electroniques-pour-les-pme\/#primaryimage","url":"https:\/\/quantumlifecycle.com\/wp-content\/uploads\/2020\/02\/SMBs1.svg","contentUrl":"https:\/\/quantumlifecycle.com\/wp-content\/uploads\/2020\/02\/SMBs1.svg"},{"@type":"BreadcrumbList","@id":"https:\/\/quantumlifecycle.com\/fr_CA\/industries\/recyclage-des-produits-electroniques-pour-les-pme\/#breadcrumb","itemListElement":[{"@type":"ListItem","position":1,"name":"Home","item":"https:\/\/quantumlifecycle.com\/fr_CA\/"},{"@type":"ListItem","position":2,"name":"Industries","item":"https:\/\/quantumlifecycle.com\/fr_CA\/industries\/"},{"@type":"ListItem","position":3,"name":"Recyclage des produits \u00e9lectroniques pour les PME"}]},{"@type":"WebSite","@id":"https:\/\/quantumlifecycle.com\/fr_CA\/#website","url":"https:\/\/quantumlifecycle.com\/fr_CA\/","name":"Quantum | ITAD & E-Waste Recycling","description":"","publisher":{"@id":"https:\/\/quantumlifecycle.com\/fr_CA\/#organization"},"potentialAction":[{"@type":"SearchAction","target":{"@type":"EntryPoint","urlTemplate":"https:\/\/quantumlifecycle.com\/fr_CA\/?s={search_term_string}"},"query-input":{"@type":"PropertyValueSpecification","valueRequired":true,"valueName":"search_term_string"}}],"inLanguage":"fr-CA"},{"@type":"Organization","@id":"https:\/\/quantumlifecycle.com\/fr_CA\/#organization","name":"Quantum Lifecycle Partners LP","url":"https:\/\/quantumlifecycle.com\/fr_CA\/","logo":{"@type":"ImageObject","inLanguage":"fr-CA","@id":"https:\/\/quantumlifecycle.com\/fr_CA\/#\/schema\/logo\/image\/","url":"https:\/\/quantumlifecycle.com\/wp-content\/uploads\/2020\/01\/logo.svg","contentUrl":"https:\/\/quantumlifecycle.com\/wp-content\/uploads\/2020\/01\/logo.svg","width":2700,"height":848,"caption":"Quantum Lifecycle Partners LP"},"image":{"@id":"https:\/\/quantumlifecycle.com\/fr_CA\/#\/schema\/logo\/image\/"}}]}},"yoast":{"metadesc":""},"_links":{"self":[{"href":"https:\/\/quantumlifecycle.com\/fr_CA\/wp-json\/wp\/v2\/pages\/13720","targetHints":{"allow":["GET"]}}],"collection":[{"href":"https:\/\/quantumlifecycle.com\/fr_CA\/wp-json\/wp\/v2\/pages"}],"about":[{"href":"https:\/\/quantumlifecycle.com\/fr_CA\/wp-json\/wp\/v2\/types\/page"}],"author":[{"embeddable":true,"href":"https:\/\/quantumlifecycle.com\/fr_CA\/wp-json\/wp\/v2\/users\/12"}],"replies":[{"embeddable":true,"href":"https:\/\/quantumlifecycle.com\/fr_CA\/wp-json\/wp\/v2\/comments?post=13720"}],"version-history":[{"count":3,"href":"https:\/\/quantumlifecycle.com\/fr_CA\/wp-json\/wp\/v2\/pages\/13720\/revisions"}],"predecessor-version":[{"id":18997,"href":"https:\/\/quantumlifecycle.com\/fr_CA\/wp-json\/wp\/v2\/pages\/13720\/revisions\/18997"}],"up":[{"embeddable":true,"href":"https:\/\/quantumlifecycle.com\/fr_CA\/wp-json\/wp\/v2\/pages\/13684"}],"wp:attachment":[{"href":"https:\/\/quantumlifecycle.com\/fr_CA\/wp-json\/wp\/v2\/media?parent=13720"}],"curies":[{"name":"wp","href":"https:\/\/api.w.org\/{rel}","templated":true}]}}