{"id":13715,"date":"2020-02-04T06:25:43","date_gmt":"2020-02-04T11:25:43","guid":{"rendered":"https:\/\/quantumlifecycle.com\/staging\/?page_id=13715"},"modified":"2022-06-15T07:03:28","modified_gmt":"2022-06-15T11:03:28","slug":"politique-de-confidentialite","status":"publish","type":"page","link":"https:\/\/quantumlifecycle.com\/fr_CA\/politique-de-confidentialite\/","title":{"rendered":"Politique de confidentialit\u00e9"},"content":{"rendered":"<p><strong>LES RENSEIGNEMENTS QUE NOUS RECUEILLONS AUPR\u00c8S DE VOUS<\/strong><\/p>\n<p><strong>Les renseignements personnels que vous fournissez volontairement ou que nous d\u00e9duisons<\/strong><\/p>\n<p>En g\u00e9n\u00e9ral, vous pouvez utiliser ce site Internet sans fournir de renseignements personnels. Les informations de nom de domaine que nous collectons ne sont pas utilis\u00e9es pour vous identifier personnellement, mais sont cumul\u00e9es pour mesurer le nombre de visites, le temps moyen pass\u00e9 sur le site, les pages consult\u00e9es, etc. Nous utilisons ces informations dans le but d&rsquo;\u00e9valuer l&rsquo;utilisation de notre site Internet et d&rsquo;en am\u00e9liorer le contenu. Toutefois, des services additionnels peuvent \u00eatre disponibles si nous avons certains renseignements sur vous.<\/p>\n<p>Nous pourrions recueillir ces renseignements:<\/p>\n<ul>\n<li>une liste de produits et services pour lesquels vous manifestez un int\u00e9r\u00eat quand vous utilisez Internet; <\/li>\n<li>votre nom et vos informations de contact, incluant votre courriel et les d\u00e9tails de votre entreprise que vous pouvez nous transmettre lors de vos interactions sur Internet; <\/li>\n<li>de l&rsquo;information portant sur vos int\u00e9r\u00eats personnels ou professionnels, vos donn\u00e9es d\u00e9mographiques, vos exp\u00e9riences avec nos produits et services et vos pr\u00e9f\u00e9rences de communication, afin de vous offrir d&rsquo;\u00e9ventuelles correspondances sur nos produits et services.<\/li>\n<\/ul>\n<p><strong>nous pouvons intercepter et surveiller vos communications.<\/strong><\/p>\n<p>Quantum peut mettre en \u0153uvre des syst\u00e8mes con\u00e7us pour intercepter et surveiller vos communications avec les associ\u00e9s de Quantum, dans les limites permises par la loi, auquel cas vous consentez \u00e0 cette interception et surveillance. <\/p>\n<p>Dans le cadre de ce processus d&rsquo;interception et de surveillance de ces communications, nous pouvons enregistrer de telles communications dans un but de divulgation sur la base de cette politique.<\/p>\n<p><strong>Renseignements personnels que nous recueillons automatiquement<\/strong><\/p>\n<p>Quand vous utilisez notre site Internet, Quantum re\u00e7oit et enregistre automatiquement dans les registres de serveur de l&rsquo;information fournie par votre navigateur ou par votre plateforme de cellulaire, incluant votre localisation, adresse IP, information des cookies et la page sur laquelle vous avez navigu\u00e9e.<\/p>\n<p>Nous traitons ces donn\u00e9es comme des informations non personnelles, sauf quand nous sommes contraints par la loi ou par une autorit\u00e9 l\u00e9gale d&rsquo;agir autrement.<\/p>\n<p>Quantum n&rsquo;utilise ces donn\u00e9es que sous forme agr\u00e9g\u00e9e et peut partager cette information regroup\u00e9e portant sur l&rsquo;utilisation collective d&rsquo;Internet par ses consommateurs, et ainsi permettre \u00e0 ses partenaires de comprendre eux aussi comment les utilisateurs emploient le site Internet.<\/p>\n<p><strong>S\u00e9curit\u00e9<\/strong><\/p>\n<p>Nous nous engageons \u00e0 assurer que vos renseignements soient prot\u00e9g\u00e9s. Afin d&rsquo;\u00e9viter les acc\u00e8s non autoris\u00e9s ainsi que la divulgation des informations collect\u00e9es en ligne, nous avons mis en place des proc\u00e9dures physiques, \u00e9lectroniques et organisationnelles adapt\u00e9es. Nous utilisons des techniques de chiffrement pour la collecte ou le transfert de donn\u00e9es comme l&rsquo;information de cartes de cr\u00e9dit.<\/p>\n<p><strong>Liens<\/strong><\/p>\n<p>Nous pouvons proposer des liens vers d&rsquo;autres sites sur lesquels nous n&rsquo;avons pas le contr\u00f4le. D\u00e8s que vous quittez notre site Internet, nous ne pouvons \u00eatre tenus responsables de la protection et du respect de la confidentialit\u00e9 de l&rsquo;information que vous fournissez. Soyez prudents et consultez la d\u00e9claration de confidentialit\u00e9 applicable au site Internet concern\u00e9.<\/p>\n<p><strong>Cookies<\/strong><\/p>\n<p>Comme mentionn\u00e9 plus haut, nous utilisons des cookies sur notre site Internet. Les cookies sont des fichiers stockant des informations sur votre disque dur ou sur votre navigateur permettant \u00e0 notre site Internet de reconna\u00eetre que vous l&rsquo;avez consult\u00e9 par le pass\u00e9. Pour en savoir davantage sur les cookies, consultez la section confidentialit\u00e9 et cookies qui suit.<\/p>\n<p> <strong>QUE FAISONS-NOUS AVEC L&rsquo;INFORMATION<\/strong><\/p>\n<p>Nous utilisons cette information pour vous offrir un meilleur service, en particulier pour les raisons suivantes:<\/p>\n<ul>\n<li>offrir les services que vous avez demand\u00e9s et vous aviser d&rsquo;importants changements ou d\u00e9veloppements reli\u00e9s \u00e0 ces services; <\/li>\n<li>r\u00e9pondre \u00e0 vos demandes et plaintes ou traiter vos demandes en lien avec votre information; <\/li>\n<li>faire un suivi dans le cadre des proc\u00e9dures de service \u00e0 la client\u00e8le ; <\/li>\n<li>mettre \u00e0 jour nos dossiers vous concernant; <\/li>\n<li>tenue de dossier interne; <\/li>\n<li>administrer des offres; <\/li>\n<li>am\u00e9liorer nos produits et services; <\/li>\n<li>pr\u00e9vention de la d\u00e9tection des crimes et leur poursuite; <\/li>\n<li>concours et autres promotions; <\/li>\n<li>\u00e9valuer l&rsquo;efficacit\u00e9 de notre marketing et pour la recherche, la formation et l&rsquo;analyse statistique dans le but d&rsquo;am\u00e9liorer nos services; <\/li>\n<li>rendre notre site Internet plus simple \u00e0 naviguer et vous fournir un acc\u00e8s \u00e0 certaines parties de notre site Internet; et<\/li>\n<li>pour communiquer avec vous dans le cadre d&rsquo;\u00e9tudes de march\u00e9.<\/li>\n<\/ul>\n<p>Au moment o\u00f9 vous nous fournissez de l&rsquo;information r\u00e9pondant \u00e0 une demande de notre part, notre demande vous fournira de l&rsquo;information sp\u00e9cifique sur comment utiliser de telles informations.<\/p>\n<p>Nous pourrions communiquer avec vous par courriel, t\u00e9l\u00e9phone, fax ou par la poste en lien avec les objectifs de cette section et en fournissant une telle information, il sera r\u00e9put\u00e9 que vous acceptez que nous communiquions avec vous par ces modes de communication. Nous continuerons de communiquer avec vous par ces moyens jusqu&rsquo;\u00e0 ce que vous nous avisiez par \u00e9crit que vous ne souhaitez plus \u00eatre contact\u00e9 par certains modes de communication. Veuillez noter qu&rsquo;il est exig\u00e9 que vous acceptiez au moins l&rsquo;une des m\u00e9thodes offertes plus haut comme mode de communication de notre part.<\/p>\n<p>Nous ne transf\u00e9rerons pas vos renseignements \u00e0 d\u2019autres personnes (\u00e0 part sur la base d\u00e9taill\u00e9e plus bas et en accord avec les exigences de divulgation appropri\u00e9es qui pourraient \u00eatre exig\u00e9es). <\/p>\n<p><strong>MARKETING DIRECT<\/strong><\/p>\n<p>Nous aimerions vous offrir de l&rsquo;information sur de nouveaux produits, promotions, offres sp\u00e9ciales et autres informations que nous croyons qui pourrait vous int\u00e9resser. Nous pourrions vous faire parvenir ce type d&rsquo;information par courriel, par la poste ou par t\u00e9l\u00e9phone si vous avez choisi de recevoir du mat\u00e9riel marketing et avez indiqu\u00e9 votre pr\u00e9f\u00e9rence pour recevoir ce type de mat\u00e9riel marketing lors de votre inscription \u00e0 nos services. Vous pouvez vous retirer de nos campagnes de marketing direct \u00e0 tout moment, et nous cesserons de vous faire des envois de marketing direct.<\/p>\n<p>Si nous vous fournissons des services, vous serez aussi soumis aux modalit\u00e9s et conditions sp\u00e9cifiques aux produits ou aux services qui vous sont fournis et ces modalit\u00e9s incluront de l&rsquo;information suppl\u00e9mentaire sur les moyens que nous pouvons prendre pour communiquer avec vous.<\/p>\n<p>Si vous \u00eates un nouveau client ou si vous nous avez d\u00e9j\u00e0 fait des demandes d&rsquo;information sur nos produits, nous pourrions vous envoyer de l&rsquo;information sur notre gamme de produits par courriel quand nous avons votre permission de le faire.<\/p>\n<p>Si la raison pour laquelle vous nous avez fourni des renseignements personnels est pour recevoir un courriel d&rsquo;information de notre part, nous continuerons de vous fournir cette information par courriel sauf si vous nous demandez de ne plus le faire.<\/p>\n<p><strong>Vous pouvez changer d&rsquo;id\u00e9e en tout temps en communiquant avec la personne-ressource nomm\u00e9e ci-dessous pour le secteur correspondant de Quantum.<\/strong><\/p>\n<p><strong>CONFIDENTIALIT\u00c9 DE VOS DONN\u00c9ES<\/strong><\/p>\n<p>Nous nous engageons \u00e0 ne pas divulguer, transf\u00e9rer, vendre, distribuer ou louer vos renseignements personnels \u00e0 de tierces parties autres que sur les bases suivantes :<\/p>\n<ul>\n<li>dans la mesure o\u00f9 nous avons votre accord; <\/li>\n<li>dans la mesure o\u00f9 la loi l&rsquo;exige; <\/li>\n<li>dans le cas o\u00f9 nos agents, conseillers ou autres personnes impliqu\u00e9es dans la gestion de vos comptes ou services en ont besoin ou pour mener des activit\u00e9s li\u00e9es \u00e0 l&rsquo;op\u00e9ration de tels services ou comptes en notre nom; ou<\/li>\n<li>dans le cas o\u00f9 le transfert ou la divulgation serait conforme aux exigences l\u00e9gales auxquelles nous sommes assujetties incluant, mais sans s&rsquo;y limiter, \u00e0 une ordonnance ou un r\u00e8glement.<\/li>\n<\/ul>\n<p><strong>COMMENT CONTR\u00d4LER ET EFFACER LES COOKIES<\/strong><\/p>\n<p>Quantum n&rsquo;utilisera pas les cookies pour recueillir des renseignements pouvant \u00eatre identifi\u00e9s personnellement. Toutefois, si vous souhaitez restreindre, ou bloquer les cookies qui sont appliqu\u00e9s par les sites Internet de Quantum, ou tout autre site Internet, vous pouvez le faire en passant par les param\u00e8tres de votre navigateur. La fonction aide de votre navigateur devrait vous indiquer comment faire.<\/p>\n<p>Autrement, vous pourriez vouloir visiter <a href=\"http:\/\/www.aboutcookies.org\/\">www.aboutcookies.org<\/a> qui propose de l&rsquo;information compl\u00e8te sur la m\u00e9thode \u00e0 appliquer pour y parvenir sur un grand choix de navigateurs. Vous trouverez \u00e9galement de l&rsquo;information sur la m\u00e9thode \u00e0 appliquer pour effacer les cookies de vos appareils ainsi que de l&rsquo;information g\u00e9n\u00e9rale sur les cookies.<\/p>\n<p>Soyez avis\u00e9s que de bloquer les cookies peut avoir un impact sur la fonctionnalit\u00e9 des sites Internet de Quantum.<\/p>\n<p>Si vous souhaitez voir notre code de cookie, cliquez sur un cookie pour l&rsquo;ouvrir. Vous apercevrez une courte s\u00e9rie de texte et de chiffres. Les chiffres correspondent \u00e0 votre carte d\u2019identit\u00e9, qui ne peut \u00eatre vue que par le serveur qui vous a attribu\u00e9 le cookie.<\/p>\n<p>Vous devrez vous r\u00e9f\u00e9rer au manuel de votre t\u00e9l\u00e9phone intelligent pour obtenir de l&rsquo;information sur le moyen d&rsquo;ex\u00e9cuter cette action sur le navigateur de votre t\u00e9l\u00e9phone.<\/p>\n<p><strong>Cookies appliqu\u00e9s par des tiers<\/strong><\/p>\n<p>Afin de soutenir notre site Internet, nous int\u00e9grons parfois des photos et du contenu vid\u00e9o de sites Internet comme YouTube et Flickr. Par cons\u00e9quent, quand vous consultez une page ayant du contenu int\u00e9gr\u00e9 de YouTube ou Flickr par exemple, il est possible que des cookies de ces sites Internet vous soient pr\u00e9sent\u00e9s. Quantum ne contr\u00f4le pas la diffusion de ces cookies. Vous devriez v\u00e9rifier le site Internet des tierces parties pour avoir plus d&rsquo;information sur ceux-ci.<\/p>\n<p><strong>Outils de partage de sites Internet<\/strong><\/p>\n<p>Le site Internet de Quantum a int\u00e9gr\u00e9 des boutons de \u00ab partage \u00bb pour permettre aux utilisateurs du site de facilement partager des articles avec leurs amis via certains r\u00e9seaux sociaux populaires. Ces sites peuvent appliquer un cookie quand vous \u00eates \u00e9galement inscrits \u00e0 leurs services. Quantum ne contr\u00f4le pas la diffusion de ces cookies et vous devriez v\u00e9rifier le site Internet tiers pour obtenir plus d&rsquo;information sur ceux-ci.<\/p>\n<p><strong>Cookies appliqu\u00e9s par d&rsquo;autres:<\/strong><\/p>\n<p>Quantum a certains partenaires qui appliquent aussi des cookies sur le site Internet.<\/p>\n<p>Les cookies suivants peuvent \u00eatre appliqu\u00e9s:<\/p>\n<p><strong>Google Analytics<\/strong><\/p>\n<p>Quantum utilise Google Analytics, un service Internet d&rsquo;analyse fourni par Google, Inc.  Google Analytics applique un cookie afin d&rsquo;\u00e9valuer votre utilisation des sites Internet de Quantum et de compiler pour nous des rapports d&rsquo;activit\u00e9 sur nos sites Internet.<\/p>\n<p>Google emmagasine l&rsquo;information recueillie par le cookie sur des serveurs situ\u00e9s aux \u00c9tats-Unis. Google peut aussi transf\u00e9rer cette information \u00e0 de tierces parties si exig\u00e9 par la loi, ou dans le cas o\u00f9 ces tierces parties traitent cette information au nom de Google. Google n&rsquo;associera pas votre adresse IP \u00e0 toute autre information d\u00e9tenue par Google. En utilisant les sites Internet de Quantum, vous consentez express\u00e9ment au traitement de vos donn\u00e9es par Google dans les conditions et pour les finalit\u00e9s d\u00e9crites ci-dessus.<\/p>\n<p>Pour de plus amples renseignements sur les cookies appliqu\u00e9s par Google Analytics, incluant pour exercer votre option de retrait, veuillez consulter : https:\/\/policies.google.com\/privacy?hl=fr-CA<\/p>\n<p><strong>Serveur de publicit\u00e9 (non cibl\u00e9e, cibl\u00e9e et recibl\u00e9e)<\/strong><\/p>\n<p>Ces entreprises utilisent les cookies pour d\u00e9couvrir de l&rsquo;information g\u00e9n\u00e9rale sur les pages que vous visitez sur les sites de Quantum en plus de traiter les adresses IP pour recueillir des informations non personnellement identifiables afin de vous classer dans un \u00ab segment de march\u00e9 \u00bb. Ceci inclut des donn\u00e9es sur le pays, la ville ou la r\u00e9gion o\u00f9 vous \u00eates situ\u00e9 ainsi que le nom de votre domaine (ex. quel FAI vous utilisez). Si vous souhaitez obtenir davantage d&rsquo;information sur les cookies utilis\u00e9s par ces entreprises et sur la fa\u00e7on de les refuser, veuillez consulter leur politique de confidentialit\u00e9 sur une base individuelle.<\/p>\n<p><strong>Sondages <\/strong><\/p>\n<p>Ces entreprises utilisent des cookies pour les aider \u00e0 am\u00e9liorer nos services et pour offrir une exp\u00e9rience utilisateur positive et personnalis\u00e9e. Leurs ID cookies permanents ou sp\u00e9cifiques \u00e0 une session sont utilis\u00e9s pour identifier chaque visiteur unique \u00e0 nos sites Internet et pour offrir un acc\u00e8s simple aux fichiers. Si vous souhaitez recevoir plus d&rsquo;information \u00e0 propos des cookies utilis\u00e9s par une entreprise de sondage et comment les refuser, veuillez consulter leurs politiques de confidentialit\u00e9 sur une base individuelle.<\/p>\n","protected":false},"excerpt":{"rendered":"<p>LES RENSEIGNEMENTS QUE NOUS RECUEILLONS AUPR\u00c8S DE VOUS Les renseignements personnels que vous fournissez volontairement ou que nous d\u00e9duisons En g\u00e9n\u00e9ral, vous&#8230;<\/p>\n","protected":false},"author":3,"featured_media":0,"parent":0,"menu_order":0,"comment_status":"closed","ping_status":"closed","template":"","meta":{"_acf_changed":false,"_yoast_wpseo_title":"","_yoast_wpseo_metadesc":"","om_disable_all_campaigns":false,"_genesis_hide_title":false,"_genesis_hide_breadcrumbs":false,"_genesis_hide_singular_image":false,"_genesis_hide_footer_widgets":false,"_genesis_custom_body_class":"","_genesis_custom_post_class":"","_genesis_layout":"","_metasync_otto_title":"","_metasync_otto_description":"","_metasync_otto_keywords":"","_metasync_otto_og_title":"","_metasync_otto_og_description":"","_metasync_otto_twitter_title":"","_metasync_otto_twitter_description":"","rank_math_title":"","rank_math_description":"","_aioseo_title":"","_aioseo_description":"","_metasync_seo_title":"","_metasync_seo_desc":"","_metasync_breadcrumb_title":"","_metasync_primary_category":0,"_metasync_primary_product_cat":0,"_metasync_otto_disabled":"","_metasync_hreflang":"","_metasync_plugin_sync_ts":"","_metasync_robots_advanced":"","footnotes":""},"class_list":{"0":"post-13715","1":"page","2":"type-page","3":"status-publish","5":"entry"},"acf":[],"yoast_head":"<!-- This site is optimized with the Yoast SEO plugin v27.5 - https:\/\/yoast.com\/product\/yoast-seo-wordpress\/ -->\n<title>Politique de confidentialit\u00e9 - Quantum | ITAD &amp; E-Waste Recycling<\/title>\n<meta name=\"robots\" content=\"noindex, nofollow\" \/>\n<meta property=\"og:locale\" content=\"fr_CA\" \/>\n<meta property=\"og:type\" content=\"article\" \/>\n<meta property=\"og:title\" content=\"Politique de confidentialit\u00e9 - Quantum | ITAD &amp; E-Waste Recycling\" \/>\n<meta property=\"og:description\" content=\"LES RENSEIGNEMENTS QUE NOUS RECUEILLONS AUPR\u00c8S DE VOUS Les renseignements personnels que vous fournissez volontairement ou que nous d\u00e9duisons En g\u00e9n\u00e9ral, vous...\" \/>\n<meta property=\"og:url\" content=\"https:\/\/quantumlifecycle.com\/fr_CA\/politique-de-confidentialite\/\" \/>\n<meta property=\"og:site_name\" content=\"Quantum | ITAD &amp; E-Waste Recycling\" \/>\n<meta name=\"twitter:card\" content=\"summary_large_image\" \/>\n<meta name=\"twitter:label1\" content=\"Estimation du temps de lecture\" \/>\n\t<meta name=\"twitter:data1\" content=\"10 minutes\" \/>\n<script type=\"application\/ld+json\" class=\"yoast-schema-graph\">{\"@context\":\"https:\\\/\\\/schema.org\",\"@graph\":[{\"@type\":\"WebPage\",\"@id\":\"https:\\\/\\\/quantumlifecycle.com\\\/fr_CA\\\/politique-de-confidentialite\\\/\",\"url\":\"https:\\\/\\\/quantumlifecycle.com\\\/fr_CA\\\/politique-de-confidentialite\\\/\",\"name\":\"Politique de confidentialit\u00e9 - Quantum | ITAD &amp; E-Waste Recycling\",\"isPartOf\":{\"@id\":\"https:\\\/\\\/quantumlifecycle.com\\\/fr_CA\\\/#website\"},\"datePublished\":\"2020-02-04T11:25:43+00:00\",\"dateModified\":\"2022-06-15T11:03:28+00:00\",\"breadcrumb\":{\"@id\":\"https:\\\/\\\/quantumlifecycle.com\\\/fr_CA\\\/politique-de-confidentialite\\\/#breadcrumb\"},\"inLanguage\":\"fr-CA\",\"potentialAction\":[{\"@type\":\"ReadAction\",\"target\":[\"https:\\\/\\\/quantumlifecycle.com\\\/fr_CA\\\/politique-de-confidentialite\\\/\"]}]},{\"@type\":\"BreadcrumbList\",\"@id\":\"https:\\\/\\\/quantumlifecycle.com\\\/fr_CA\\\/politique-de-confidentialite\\\/#breadcrumb\",\"itemListElement\":[{\"@type\":\"ListItem\",\"position\":1,\"name\":\"Home\",\"item\":\"https:\\\/\\\/quantumlifecycle.com\\\/fr_CA\\\/\"},{\"@type\":\"ListItem\",\"position\":2,\"name\":\"Politique de confidentialit\u00e9\"}]},{\"@type\":\"WebSite\",\"@id\":\"https:\\\/\\\/quantumlifecycle.com\\\/fr_CA\\\/#website\",\"url\":\"https:\\\/\\\/quantumlifecycle.com\\\/fr_CA\\\/\",\"name\":\"Quantum | ITAD & E-Waste Recycling\",\"description\":\"\",\"publisher\":{\"@id\":\"https:\\\/\\\/quantumlifecycle.com\\\/fr_CA\\\/#organization\"},\"potentialAction\":[{\"@type\":\"SearchAction\",\"target\":{\"@type\":\"EntryPoint\",\"urlTemplate\":\"https:\\\/\\\/quantumlifecycle.com\\\/fr_CA\\\/?s={search_term_string}\"},\"query-input\":{\"@type\":\"PropertyValueSpecification\",\"valueRequired\":true,\"valueName\":\"search_term_string\"}}],\"inLanguage\":\"fr-CA\"},{\"@type\":\"Organization\",\"@id\":\"https:\\\/\\\/quantumlifecycle.com\\\/fr_CA\\\/#organization\",\"name\":\"Quantum Lifecycle Partners LP\",\"url\":\"https:\\\/\\\/quantumlifecycle.com\\\/fr_CA\\\/\",\"logo\":{\"@type\":\"ImageObject\",\"inLanguage\":\"fr-CA\",\"@id\":\"https:\\\/\\\/quantumlifecycle.com\\\/fr_CA\\\/#\\\/schema\\\/logo\\\/image\\\/\",\"url\":\"https:\\\/\\\/quantumlifecycle.com\\\/wp-content\\\/uploads\\\/2020\\\/01\\\/logo.svg\",\"contentUrl\":\"https:\\\/\\\/quantumlifecycle.com\\\/wp-content\\\/uploads\\\/2020\\\/01\\\/logo.svg\",\"width\":2700,\"height\":848,\"caption\":\"Quantum Lifecycle Partners LP\"},\"image\":{\"@id\":\"https:\\\/\\\/quantumlifecycle.com\\\/fr_CA\\\/#\\\/schema\\\/logo\\\/image\\\/\"}}]}<\/script>\n<!-- \/ Yoast SEO plugin. -->","yoast_head_json":{"title":"Politique de confidentialit\u00e9 - Quantum | ITAD &amp; E-Waste Recycling","robots":{"index":"noindex","follow":"nofollow"},"og_locale":"fr_CA","og_type":"article","og_title":"Politique de confidentialit\u00e9 - Quantum | ITAD &amp; E-Waste Recycling","og_description":"LES RENSEIGNEMENTS QUE NOUS RECUEILLONS AUPR\u00c8S DE VOUS Les renseignements personnels que vous fournissez volontairement ou que nous d\u00e9duisons En g\u00e9n\u00e9ral, vous...","og_url":"https:\/\/quantumlifecycle.com\/fr_CA\/politique-de-confidentialite\/","og_site_name":"Quantum | ITAD &amp; E-Waste Recycling","twitter_card":"summary_large_image","twitter_misc":{"Estimation du temps de lecture":"10 minutes"},"schema":{"@context":"https:\/\/schema.org","@graph":[{"@type":"WebPage","@id":"https:\/\/quantumlifecycle.com\/fr_CA\/politique-de-confidentialite\/","url":"https:\/\/quantumlifecycle.com\/fr_CA\/politique-de-confidentialite\/","name":"Politique de confidentialit\u00e9 - Quantum | ITAD &amp; E-Waste Recycling","isPartOf":{"@id":"https:\/\/quantumlifecycle.com\/fr_CA\/#website"},"datePublished":"2020-02-04T11:25:43+00:00","dateModified":"2022-06-15T11:03:28+00:00","breadcrumb":{"@id":"https:\/\/quantumlifecycle.com\/fr_CA\/politique-de-confidentialite\/#breadcrumb"},"inLanguage":"fr-CA","potentialAction":[{"@type":"ReadAction","target":["https:\/\/quantumlifecycle.com\/fr_CA\/politique-de-confidentialite\/"]}]},{"@type":"BreadcrumbList","@id":"https:\/\/quantumlifecycle.com\/fr_CA\/politique-de-confidentialite\/#breadcrumb","itemListElement":[{"@type":"ListItem","position":1,"name":"Home","item":"https:\/\/quantumlifecycle.com\/fr_CA\/"},{"@type":"ListItem","position":2,"name":"Politique de confidentialit\u00e9"}]},{"@type":"WebSite","@id":"https:\/\/quantumlifecycle.com\/fr_CA\/#website","url":"https:\/\/quantumlifecycle.com\/fr_CA\/","name":"Quantum | ITAD & E-Waste Recycling","description":"","publisher":{"@id":"https:\/\/quantumlifecycle.com\/fr_CA\/#organization"},"potentialAction":[{"@type":"SearchAction","target":{"@type":"EntryPoint","urlTemplate":"https:\/\/quantumlifecycle.com\/fr_CA\/?s={search_term_string}"},"query-input":{"@type":"PropertyValueSpecification","valueRequired":true,"valueName":"search_term_string"}}],"inLanguage":"fr-CA"},{"@type":"Organization","@id":"https:\/\/quantumlifecycle.com\/fr_CA\/#organization","name":"Quantum Lifecycle Partners LP","url":"https:\/\/quantumlifecycle.com\/fr_CA\/","logo":{"@type":"ImageObject","inLanguage":"fr-CA","@id":"https:\/\/quantumlifecycle.com\/fr_CA\/#\/schema\/logo\/image\/","url":"https:\/\/quantumlifecycle.com\/wp-content\/uploads\/2020\/01\/logo.svg","contentUrl":"https:\/\/quantumlifecycle.com\/wp-content\/uploads\/2020\/01\/logo.svg","width":2700,"height":848,"caption":"Quantum Lifecycle Partners LP"},"image":{"@id":"https:\/\/quantumlifecycle.com\/fr_CA\/#\/schema\/logo\/image\/"}}]}},"yoast":{"metadesc":""},"_links":{"self":[{"href":"https:\/\/quantumlifecycle.com\/fr_CA\/wp-json\/wp\/v2\/pages\/13715","targetHints":{"allow":["GET"]}}],"collection":[{"href":"https:\/\/quantumlifecycle.com\/fr_CA\/wp-json\/wp\/v2\/pages"}],"about":[{"href":"https:\/\/quantumlifecycle.com\/fr_CA\/wp-json\/wp\/v2\/types\/page"}],"author":[{"embeddable":true,"href":"https:\/\/quantumlifecycle.com\/fr_CA\/wp-json\/wp\/v2\/users\/3"}],"replies":[{"embeddable":true,"href":"https:\/\/quantumlifecycle.com\/fr_CA\/wp-json\/wp\/v2\/comments?post=13715"}],"version-history":[{"count":3,"href":"https:\/\/quantumlifecycle.com\/fr_CA\/wp-json\/wp\/v2\/pages\/13715\/revisions"}],"predecessor-version":[{"id":13765,"href":"https:\/\/quantumlifecycle.com\/fr_CA\/wp-json\/wp\/v2\/pages\/13715\/revisions\/13765"}],"wp:attachment":[{"href":"https:\/\/quantumlifecycle.com\/fr_CA\/wp-json\/wp\/v2\/media?parent=13715"}],"curies":[{"name":"wp","href":"https:\/\/api.w.org\/{rel}","templated":true}]}}