{"id":13713,"date":"2019-12-25T08:36:18","date_gmt":"2019-12-25T13:36:18","guid":{"rendered":"https:\/\/quantumlifecycle.com\/staging\/?page_id=13713"},"modified":"2022-06-15T07:02:59","modified_gmt":"2022-06-15T11:02:59","slug":"programme-dintendance-et-les-solutions-de-conformite-rep","status":"publish","type":"page","link":"https:\/\/quantumlifecycle.com\/fr_CA\/services\/programme-dintendance-et-les-solutions-de-conformite-rep\/","title":{"rendered":"Programme d\u2019Intendance et les solutions de conformit\u00e9 REP"},"content":{"rendered":"<div class=\"top-content w-800\">Le concept de Responsabilit\u00e9s \u00c9largies des Producteurs (REP) n\u2019est pas r\u00e9cente mais il est en pleine croissance. La province de l\u2019Ontario a d\u00e9j\u00e0 mis en place une structure dans laquelle les producteurs auront une responsabilit\u00e9 accrue sur la finalit\u00e9 de leur produit. Quantum se positionne activement dans la cha\u00eene de valeur du cycle de recyclage des produits \u00e9lectroniques. Si vous avez des questions sur la r\u00e9glementation et la gestion responsable, nous avons les r\u00e9ponses.<\/div>\n<div class=\"two-columns-content-container\">\n<div class=\"top-content two-column-content\">\n<div class=\"left-column\">\n<h2 class=\"primary-headline\">Nous travaillons avec l\u2019ensemble des programmes de r\u00e9cup\u00e9ration des provinces<\/h2>\n<p>Quantum est un partenaire et adh\u00e8re pleinement aux programmes suivant ARPE, EPRA, ARMA, OES et CESA. Les programmes provinciaux comme ceux-ci existent &#8211; et continuent \u00e0 \u00eatre d\u00e9velopp\u00e9s &#8211; pour rencontrer les obligations relatives \u00e0 la gestion responsable des produits \u00e9lectroniques partout au Canada. Non seulement quantum poss\u00e8de-t\u2019il toutes les certifications pour \u00eatre un processeur, il est fort probable que nous soyons d\u00e9j\u00e0 partenaire du programme auquel vous voulez adh\u00e9rer.<\/p>\n<\/div>\n<div class=\"right-column\"><img loading=\"lazy\" decoding=\"async\" class=\"alignnone size-full wp-image-6171\" role=\"img\" src=\"https:\/\/quantumlifecycle.com\/wp-content\/uploads\/2019\/12\/Stewardship.svg\" alt=\"\" width=\"469\" height=\"405\" \/><\/div>\n<\/div>\n<div class=\"top-content two-column-content\">\n<div class=\"left-column\">\n<h2 class=\"primary-headline\">Nous avons des solutions certifi\u00e9es pour les programmes subventionn\u00e9s de recyclage, pour les responsabilit\u00e9s des producteurs.<\/h2>\n<p>Vous avez des craintes par rapport \u00e0 la responsabilit\u00e9 \u00e9largie des producteurs ou de la responsabilit\u00e9 individuelle des producteurs? Chez Quantum, nous avons tout ce qui peut vous aider \u00e0 assurer une gestion responsable. Que ce soit pour mieux comprendre les enjeux relatifs \u00e0 votre situation d\u2019entreprise ou que vous soyez une branche gouvernementale recherchant plus de d\u00e9tails sur les diff\u00e9rents programmes de recyclages nationaux, n\u2019h\u00e9sitez pas \u00e0 nous donner un coup de fil.<\/p>\n<\/div>\n<div class=\"right-column\"><img loading=\"lazy\" decoding=\"async\" class=\"alignnone size-full wp-image-6173 f-basis-70\" role=\"img\" src=\"https:\/\/quantumlifecycle.com\/wp-content\/uploads\/2020\/03\/Producer-Responsibility-French.svg\" alt=\"\" width=\"454\" height=\"453\" \/><\/div>\n<\/div>\n<\/div>\n","protected":false},"excerpt":{"rendered":"<p>Le concept de Responsabilit\u00e9s \u00c9largies des Producteurs (REP) n\u2019est pas r\u00e9cente mais il est en pleine croissance. La province de l\u2019Ontario a&#8230;<\/p>\n","protected":false},"author":12,"featured_media":0,"parent":13738,"menu_order":4,"comment_status":"closed","ping_status":"closed","template":"page-stewardship.php","meta":{"_acf_changed":false,"om_disable_all_campaigns":false,"_genesis_hide_title":false,"_genesis_hide_breadcrumbs":false,"_genesis_hide_singular_image":false,"_genesis_hide_footer_widgets":false,"_genesis_custom_body_class":"","_genesis_custom_post_class":"","_genesis_layout":"","footnotes":""},"class_list":{"0":"post-13713","1":"page","2":"type-page","3":"status-publish","5":"entry"},"acf":[],"yoast_head":"<!-- This site is optimized with the Yoast SEO plugin v27.5 - https:\/\/yoast.com\/product\/yoast-seo-wordpress\/ -->\n<title>Programme d\u2019Intendance et les solutions de conformit\u00e9 REP - Quantum | ITAD &amp; E-Waste Recycling<\/title>\n<meta name=\"robots\" content=\"index, follow, max-snippet:-1, max-image-preview:large, max-video-preview:-1\" \/>\n<link rel=\"canonical\" href=\"https:\/\/quantumlifecycle.com\/fr_CA\/services\/programme-dintendance-et-les-solutions-de-conformite-rep\/\" \/>\n<meta property=\"og:locale\" content=\"fr_CA\" \/>\n<meta property=\"og:type\" content=\"article\" \/>\n<meta property=\"og:title\" content=\"Programme d\u2019Intendance et les solutions de conformit\u00e9 REP - Quantum | ITAD &amp; E-Waste Recycling\" \/>\n<meta property=\"og:description\" content=\"Le concept de Responsabilit\u00e9s \u00c9largies des Producteurs (REP) n\u2019est pas r\u00e9cente mais il est en pleine croissance. La province de l\u2019Ontario a...\" \/>\n<meta property=\"og:url\" content=\"https:\/\/quantumlifecycle.com\/fr_CA\/services\/programme-dintendance-et-les-solutions-de-conformite-rep\/\" \/>\n<meta property=\"og:site_name\" content=\"Quantum | ITAD &amp; E-Waste Recycling\" \/>\n<meta property=\"article:modified_time\" content=\"2022-06-15T11:02:59+00:00\" \/>\n<meta property=\"og:image\" content=\"https:\/\/quantumlifecycle.com\/wp-content\/uploads\/2019\/12\/Stewardship.svg\" \/>\n<meta name=\"twitter:card\" content=\"summary_large_image\" \/>\n<meta name=\"twitter:label1\" content=\"Estimation du temps de lecture\" \/>\n\t<meta name=\"twitter:data1\" content=\"1 minute\" \/>\n<script type=\"application\/ld+json\" class=\"yoast-schema-graph\">{\"@context\":\"https:\\\/\\\/schema.org\",\"@graph\":[{\"@type\":\"WebPage\",\"@id\":\"https:\\\/\\\/quantumlifecycle.com\\\/fr_CA\\\/services\\\/programme-dintendance-et-les-solutions-de-conformite-rep\\\/\",\"url\":\"https:\\\/\\\/quantumlifecycle.com\\\/fr_CA\\\/services\\\/programme-dintendance-et-les-solutions-de-conformite-rep\\\/\",\"name\":\"Programme d\u2019Intendance et les solutions de conformit\u00e9 REP - Quantum | ITAD &amp; E-Waste Recycling\",\"isPartOf\":{\"@id\":\"https:\\\/\\\/quantumlifecycle.com\\\/fr_CA\\\/#website\"},\"primaryImageOfPage\":{\"@id\":\"https:\\\/\\\/quantumlifecycle.com\\\/fr_CA\\\/services\\\/programme-dintendance-et-les-solutions-de-conformite-rep\\\/#primaryimage\"},\"image\":{\"@id\":\"https:\\\/\\\/quantumlifecycle.com\\\/fr_CA\\\/services\\\/programme-dintendance-et-les-solutions-de-conformite-rep\\\/#primaryimage\"},\"thumbnailUrl\":\"https:\\\/\\\/quantumlifecycle.com\\\/wp-content\\\/uploads\\\/2019\\\/12\\\/Stewardship.svg\",\"datePublished\":\"2019-12-25T13:36:18+00:00\",\"dateModified\":\"2022-06-15T11:02:59+00:00\",\"breadcrumb\":{\"@id\":\"https:\\\/\\\/quantumlifecycle.com\\\/fr_CA\\\/services\\\/programme-dintendance-et-les-solutions-de-conformite-rep\\\/#breadcrumb\"},\"inLanguage\":\"fr-CA\",\"potentialAction\":[{\"@type\":\"ReadAction\",\"target\":[\"https:\\\/\\\/quantumlifecycle.com\\\/fr_CA\\\/services\\\/programme-dintendance-et-les-solutions-de-conformite-rep\\\/\"]}]},{\"@type\":\"ImageObject\",\"inLanguage\":\"fr-CA\",\"@id\":\"https:\\\/\\\/quantumlifecycle.com\\\/fr_CA\\\/services\\\/programme-dintendance-et-les-solutions-de-conformite-rep\\\/#primaryimage\",\"url\":\"https:\\\/\\\/quantumlifecycle.com\\\/wp-content\\\/uploads\\\/2019\\\/12\\\/Stewardship.svg\",\"contentUrl\":\"https:\\\/\\\/quantumlifecycle.com\\\/wp-content\\\/uploads\\\/2019\\\/12\\\/Stewardship.svg\"},{\"@type\":\"BreadcrumbList\",\"@id\":\"https:\\\/\\\/quantumlifecycle.com\\\/fr_CA\\\/services\\\/programme-dintendance-et-les-solutions-de-conformite-rep\\\/#breadcrumb\",\"itemListElement\":[{\"@type\":\"ListItem\",\"position\":1,\"name\":\"Home\",\"item\":\"https:\\\/\\\/quantumlifecycle.com\\\/fr_CA\\\/\"},{\"@type\":\"ListItem\",\"position\":2,\"name\":\"Services\",\"item\":\"https:\\\/\\\/quantumlifecycle.com\\\/fr_CA\\\/services\\\/\"},{\"@type\":\"ListItem\",\"position\":3,\"name\":\"Programme d\u2019Intendance et les solutions de conformit\u00e9 REP\"}]},{\"@type\":\"WebSite\",\"@id\":\"https:\\\/\\\/quantumlifecycle.com\\\/fr_CA\\\/#website\",\"url\":\"https:\\\/\\\/quantumlifecycle.com\\\/fr_CA\\\/\",\"name\":\"Quantum | ITAD & E-Waste Recycling\",\"description\":\"\",\"publisher\":{\"@id\":\"https:\\\/\\\/quantumlifecycle.com\\\/fr_CA\\\/#organization\"},\"potentialAction\":[{\"@type\":\"SearchAction\",\"target\":{\"@type\":\"EntryPoint\",\"urlTemplate\":\"https:\\\/\\\/quantumlifecycle.com\\\/fr_CA\\\/?s={search_term_string}\"},\"query-input\":{\"@type\":\"PropertyValueSpecification\",\"valueRequired\":true,\"valueName\":\"search_term_string\"}}],\"inLanguage\":\"fr-CA\"},{\"@type\":\"Organization\",\"@id\":\"https:\\\/\\\/quantumlifecycle.com\\\/fr_CA\\\/#organization\",\"name\":\"Quantum Lifecycle Partners LP\",\"url\":\"https:\\\/\\\/quantumlifecycle.com\\\/fr_CA\\\/\",\"logo\":{\"@type\":\"ImageObject\",\"inLanguage\":\"fr-CA\",\"@id\":\"https:\\\/\\\/quantumlifecycle.com\\\/fr_CA\\\/#\\\/schema\\\/logo\\\/image\\\/\",\"url\":\"https:\\\/\\\/quantumlifecycle.com\\\/wp-content\\\/uploads\\\/2020\\\/01\\\/logo.svg\",\"contentUrl\":\"https:\\\/\\\/quantumlifecycle.com\\\/wp-content\\\/uploads\\\/2020\\\/01\\\/logo.svg\",\"width\":2700,\"height\":848,\"caption\":\"Quantum Lifecycle Partners LP\"},\"image\":{\"@id\":\"https:\\\/\\\/quantumlifecycle.com\\\/fr_CA\\\/#\\\/schema\\\/logo\\\/image\\\/\"}}]}<\/script>\n<!-- \/ Yoast SEO plugin. -->","yoast_head_json":{"title":"Programme d\u2019Intendance et les solutions de conformit\u00e9 REP - Quantum | ITAD &amp; E-Waste Recycling","robots":{"index":"index","follow":"follow","max-snippet":"max-snippet:-1","max-image-preview":"max-image-preview:large","max-video-preview":"max-video-preview:-1"},"canonical":"https:\/\/quantumlifecycle.com\/fr_CA\/services\/programme-dintendance-et-les-solutions-de-conformite-rep\/","og_locale":"fr_CA","og_type":"article","og_title":"Programme d\u2019Intendance et les solutions de conformit\u00e9 REP - Quantum | ITAD &amp; E-Waste Recycling","og_description":"Le concept de Responsabilit\u00e9s \u00c9largies des Producteurs (REP) n\u2019est pas r\u00e9cente mais il est en pleine croissance. La province de l\u2019Ontario a...","og_url":"https:\/\/quantumlifecycle.com\/fr_CA\/services\/programme-dintendance-et-les-solutions-de-conformite-rep\/","og_site_name":"Quantum | ITAD &amp; E-Waste Recycling","article_modified_time":"2022-06-15T11:02:59+00:00","og_image":[{"url":"https:\/\/quantumlifecycle.com\/wp-content\/uploads\/2019\/12\/Stewardship.svg","type":"","width":"","height":""}],"twitter_card":"summary_large_image","twitter_misc":{"Estimation du temps de lecture":"1 minute"},"schema":{"@context":"https:\/\/schema.org","@graph":[{"@type":"WebPage","@id":"https:\/\/quantumlifecycle.com\/fr_CA\/services\/programme-dintendance-et-les-solutions-de-conformite-rep\/","url":"https:\/\/quantumlifecycle.com\/fr_CA\/services\/programme-dintendance-et-les-solutions-de-conformite-rep\/","name":"Programme d\u2019Intendance et les solutions de conformit\u00e9 REP - Quantum | ITAD &amp; E-Waste Recycling","isPartOf":{"@id":"https:\/\/quantumlifecycle.com\/fr_CA\/#website"},"primaryImageOfPage":{"@id":"https:\/\/quantumlifecycle.com\/fr_CA\/services\/programme-dintendance-et-les-solutions-de-conformite-rep\/#primaryimage"},"image":{"@id":"https:\/\/quantumlifecycle.com\/fr_CA\/services\/programme-dintendance-et-les-solutions-de-conformite-rep\/#primaryimage"},"thumbnailUrl":"https:\/\/quantumlifecycle.com\/wp-content\/uploads\/2019\/12\/Stewardship.svg","datePublished":"2019-12-25T13:36:18+00:00","dateModified":"2022-06-15T11:02:59+00:00","breadcrumb":{"@id":"https:\/\/quantumlifecycle.com\/fr_CA\/services\/programme-dintendance-et-les-solutions-de-conformite-rep\/#breadcrumb"},"inLanguage":"fr-CA","potentialAction":[{"@type":"ReadAction","target":["https:\/\/quantumlifecycle.com\/fr_CA\/services\/programme-dintendance-et-les-solutions-de-conformite-rep\/"]}]},{"@type":"ImageObject","inLanguage":"fr-CA","@id":"https:\/\/quantumlifecycle.com\/fr_CA\/services\/programme-dintendance-et-les-solutions-de-conformite-rep\/#primaryimage","url":"https:\/\/quantumlifecycle.com\/wp-content\/uploads\/2019\/12\/Stewardship.svg","contentUrl":"https:\/\/quantumlifecycle.com\/wp-content\/uploads\/2019\/12\/Stewardship.svg"},{"@type":"BreadcrumbList","@id":"https:\/\/quantumlifecycle.com\/fr_CA\/services\/programme-dintendance-et-les-solutions-de-conformite-rep\/#breadcrumb","itemListElement":[{"@type":"ListItem","position":1,"name":"Home","item":"https:\/\/quantumlifecycle.com\/fr_CA\/"},{"@type":"ListItem","position":2,"name":"Services","item":"https:\/\/quantumlifecycle.com\/fr_CA\/services\/"},{"@type":"ListItem","position":3,"name":"Programme d\u2019Intendance et les solutions de conformit\u00e9 REP"}]},{"@type":"WebSite","@id":"https:\/\/quantumlifecycle.com\/fr_CA\/#website","url":"https:\/\/quantumlifecycle.com\/fr_CA\/","name":"Quantum | ITAD & E-Waste Recycling","description":"","publisher":{"@id":"https:\/\/quantumlifecycle.com\/fr_CA\/#organization"},"potentialAction":[{"@type":"SearchAction","target":{"@type":"EntryPoint","urlTemplate":"https:\/\/quantumlifecycle.com\/fr_CA\/?s={search_term_string}"},"query-input":{"@type":"PropertyValueSpecification","valueRequired":true,"valueName":"search_term_string"}}],"inLanguage":"fr-CA"},{"@type":"Organization","@id":"https:\/\/quantumlifecycle.com\/fr_CA\/#organization","name":"Quantum Lifecycle Partners LP","url":"https:\/\/quantumlifecycle.com\/fr_CA\/","logo":{"@type":"ImageObject","inLanguage":"fr-CA","@id":"https:\/\/quantumlifecycle.com\/fr_CA\/#\/schema\/logo\/image\/","url":"https:\/\/quantumlifecycle.com\/wp-content\/uploads\/2020\/01\/logo.svg","contentUrl":"https:\/\/quantumlifecycle.com\/wp-content\/uploads\/2020\/01\/logo.svg","width":2700,"height":848,"caption":"Quantum Lifecycle Partners LP"},"image":{"@id":"https:\/\/quantumlifecycle.com\/fr_CA\/#\/schema\/logo\/image\/"}}]}},"yoast":{"metadesc":""},"_links":{"self":[{"href":"https:\/\/quantumlifecycle.com\/fr_CA\/wp-json\/wp\/v2\/pages\/13713","targetHints":{"allow":["GET"]}}],"collection":[{"href":"https:\/\/quantumlifecycle.com\/fr_CA\/wp-json\/wp\/v2\/pages"}],"about":[{"href":"https:\/\/quantumlifecycle.com\/fr_CA\/wp-json\/wp\/v2\/types\/page"}],"author":[{"embeddable":true,"href":"https:\/\/quantumlifecycle.com\/fr_CA\/wp-json\/wp\/v2\/users\/12"}],"replies":[{"embeddable":true,"href":"https:\/\/quantumlifecycle.com\/fr_CA\/wp-json\/wp\/v2\/comments?post=13713"}],"version-history":[{"count":2,"href":"https:\/\/quantumlifecycle.com\/fr_CA\/wp-json\/wp\/v2\/pages\/13713\/revisions"}],"predecessor-version":[{"id":13761,"href":"https:\/\/quantumlifecycle.com\/fr_CA\/wp-json\/wp\/v2\/pages\/13713\/revisions\/13761"}],"up":[{"embeddable":true,"href":"https:\/\/quantumlifecycle.com\/fr_CA\/wp-json\/wp\/v2\/pages\/13738"}],"wp:attachment":[{"href":"https:\/\/quantumlifecycle.com\/fr_CA\/wp-json\/wp\/v2\/media?parent=13713"}],"curies":[{"name":"wp","href":"https:\/\/api.w.org\/{rel}","templated":true}]}}