{"id":13711,"date":"2019-12-25T08:06:44","date_gmt":"2019-12-25T13:06:44","guid":{"rendered":"https:\/\/quantumlifecycle.com\/staging\/?page_id=13711"},"modified":"2022-06-15T07:01:53","modified_gmt":"2022-06-15T11:01:53","slug":"solutions-de-collecte-et-de-recyclage-pour-les-municipalites","status":"publish","type":"page","link":"https:\/\/quantumlifecycle.com\/fr_CA\/industries\/solutions-de-collecte-et-de-recyclage-pour-les-municipalites\/","title":{"rendered":"Solutions de collecte et de recyclage pour les municipalit\u00e9s"},"content":{"rendered":"<div class=\"two-columns-content-container\">\n<div class=\"top-content two-column-content\">\n<div class=\"left-column\">\n<h2 class=\"primary-headline\">Nous vous aidons \u00e0 g\u00e9rer les d\u00e9chets \u00e9lectroniques de mani\u00e8re responsable et abordable<\/h2>\n<p>Les forces mondiales entra\u00eenent une refonte fondamentale de la fa\u00e7on dont les municipalit\u00e9s g\u00e8rent et paient les d\u00e9chets et les mati\u00e8res recyclables. Les \u00e9chelons sup\u00e9rieurs du gouvernement continuent de se d\u00e9charger des co\u00fbts sur les municipalit\u00e9s sans leur accorder de pouvoir d&rsquo;imposition suppl\u00e9mentaire. Les gestionnaires de d\u00e9chets municipaux, quant \u00e0 eux, obtiennent moins pour certains produits. En plus de ces d\u00e9fis, de nouveaux syst\u00e8mes de conformit\u00e9 de responsabilit\u00e9 \u00e9largie du producteur sont lanc\u00e9s en permanence, ce qui fait peser la charge de la gestion des mat\u00e9riaux sur le producteur &#8211; ce qui repr\u00e9sente \u00e0 la fois une opportunit\u00e9 et une menace pour les gestionnaires de d\u00e9chets municipaux.<\/p>\n<p>Si vous cherchez des moyens de relever le d\u00e9fi de fournir des services municipaux de gestion des d\u00e9chets \u00e9lectroniques \u00e0 un prix abordable, parlez-nous-en. Quantum peut vous aider \u00e0 comprendre les diff\u00e9rents changements qui s&rsquo;appliquent \u00e0 votre municipalit\u00e9 (le cas \u00e9ch\u00e9ant). Nous pouvons vous aider \u00e0 cr\u00e9er des offres de services pour les r\u00e9sidents, y compris l&rsquo;infrastructure appropri\u00e9e, les supports marketing et toute autre ressource dont vous pourriez avoir besoin. Nous sommes convaincus que nous pouvons r\u00e9soudre votre probl\u00e8me de d\u00e9chets \u00e9lectroniques gr\u00e2ce \u00e0 des solutions de recyclage efficaces.<\/p>\n<\/div>\n<div class=\"right-column\"><img loading=\"lazy\" decoding=\"async\" class=\"alignnone size-full wp-image-6159\" role=\"img\" src=\"https:\/\/quantumlifecycle.com\/wp-content\/uploads\/2020\/02\/Municipalities.svg\" alt=\"\" width=\"307\" height=\"204\" \/><\/div>\n<\/div>\n<div class=\"top-content two-column-content\">\n<div class=\"left-column\">\n<h2 class=\"primary-headline\">Ce que vous pouvez attendre de nos solutions de recyclage municipal<\/h2>\n<ul>\n<li>Des services de collecte de d\u00e9chets \u00e9lectroniques personnalis\u00e9s et des horaires flexibles qui r\u00e9duisent vos co\u00fbts<\/li>\n<li>Des options de d\u00e9versement \u00e0 l&rsquo;int\u00e9rieur et de livraison par d\u00e9p\u00f4t qui comprennent un assortiment vari\u00e9 d&rsquo;options de collecte con\u00e7ues pour fonctionner avec votre syst\u00e8me existant<\/li>\n<li>Tous les chargements sont r\u00e9gl\u00e9s \u00e0 temps dans les 30 jours<\/li>\n<li>Des r\u00e8glements clairs et d\u00e9taill\u00e9s<\/li>\n<\/ul>\n<\/div>\n<div class=\"right-column\"><img loading=\"lazy\" decoding=\"async\" class=\"alignnone size-full wp-image-6162\" role=\"img\" src=\"https:\/\/quantumlifecycle.com\/wp-content\/uploads\/2019\/12\/Municipalities2.svg\" alt=\"\" width=\"507\" height=\"384\" \/><\/div>\n<\/div>\n<div class=\"top-content two-column-content\">\n<div class=\"left-column\">\n<h2 class=\"primary-headline\">Nos certifications<\/h2>\n<p>Nos certifications dans des programmes tels que l\u2019Association des Recycleurs de Produits \u00c9lectroniques (ARPE) R2 Recyclage Responsable et Alberta Recycling Management vous garantissent que Quantum adh\u00e8re aux r\u00e8gles les plus strictes de l\u2019industrie du recyclage \u00e9lectronique. Nous sommes audit\u00e9s sur une base r\u00e9guli\u00e8re &#8211; vous pouvez donc \u00eatre confiants que nos processus de recyclage sont s\u00e9curitaires tant au point de vue de vue humain que des donn\u00e9es et que nous sommes conformes au point de vue de l\u2019environnement.<\/p>\n<\/div>\n<div class=\"right-column certification-logos\">\n<ul>\n<li><a href=\"https:\/\/sustainableelectronics.org\/\" target=\"_blank\" rel=\"noopener\"><img decoding=\"async\" class=\"img-fluid\" src=\"https:\/\/quantumlifecycle.com\/wp-content\/uploads\/2021\/06\/R2-Logo.png\" alt=\"R2 Logo\"\/><\/a><\/li>\n<li><img decoding=\"async\" class=\"img-fluid\" src=\"https:\/\/quantumlifecycle.com\/wp-content\/uploads\/2021\/06\/Alberta-Recycling.jpeg\" alt=\"Alberta Recycling Logo\"\/><\/li>\n<\/ul>\n<\/div>\n<\/div>\n<\/div>\n","protected":false},"excerpt":{"rendered":"<p>Nous vous aidons \u00e0 g\u00e9rer les d\u00e9chets \u00e9lectroniques de mani\u00e8re responsable et abordable Les forces mondiales entra\u00eenent une refonte fondamentale de la&#8230;<\/p>\n","protected":false},"author":12,"featured_media":0,"parent":13684,"menu_order":6,"comment_status":"closed","ping_status":"closed","template":"page-municipalities.php","meta":{"_acf_changed":false,"om_disable_all_campaigns":false,"_genesis_hide_title":false,"_genesis_hide_breadcrumbs":false,"_genesis_hide_singular_image":false,"_genesis_hide_footer_widgets":false,"_genesis_custom_body_class":"","_genesis_custom_post_class":"","_genesis_layout":"","footnotes":""},"class_list":{"0":"post-13711","1":"page","2":"type-page","3":"status-publish","5":"entry"},"acf":[],"yoast_head":"<!-- This site is optimized with the Yoast SEO plugin v27.4 - https:\/\/yoast.com\/product\/yoast-seo-wordpress\/ -->\n<title>Solutions de collecte et de recyclage pour les municipalit\u00e9s - Quantum | ITAD &amp; E-Waste Recycling<\/title>\n<meta name=\"robots\" content=\"index, follow, max-snippet:-1, max-image-preview:large, max-video-preview:-1\" \/>\n<link rel=\"canonical\" href=\"https:\/\/quantumlifecycle.com\/fr_CA\/industries\/solutions-de-collecte-et-de-recyclage-pour-les-municipalites\/\" \/>\n<meta property=\"og:locale\" content=\"fr_CA\" \/>\n<meta property=\"og:type\" content=\"article\" \/>\n<meta property=\"og:title\" content=\"Solutions de collecte et de recyclage pour les municipalit\u00e9s - Quantum | ITAD &amp; E-Waste Recycling\" \/>\n<meta property=\"og:description\" content=\"Nous vous aidons \u00e0 g\u00e9rer les d\u00e9chets \u00e9lectroniques de mani\u00e8re responsable et abordable Les forces mondiales entra\u00eenent une refonte fondamentale de la...\" \/>\n<meta property=\"og:url\" content=\"https:\/\/quantumlifecycle.com\/fr_CA\/industries\/solutions-de-collecte-et-de-recyclage-pour-les-municipalites\/\" \/>\n<meta property=\"og:site_name\" content=\"Quantum | ITAD &amp; E-Waste Recycling\" \/>\n<meta property=\"article:modified_time\" content=\"2022-06-15T11:01:53+00:00\" \/>\n<meta property=\"og:image\" content=\"https:\/\/quantumlifecycle.com\/wp-content\/uploads\/2020\/02\/Municipalities.svg\" \/>\n<meta name=\"twitter:card\" content=\"summary_large_image\" \/>\n<meta name=\"twitter:label1\" content=\"Estimation du temps de lecture\" \/>\n\t<meta name=\"twitter:data1\" content=\"2 minutes\" \/>\n<script type=\"application\/ld+json\" class=\"yoast-schema-graph\">{\"@context\":\"https:\\\/\\\/schema.org\",\"@graph\":[{\"@type\":\"WebPage\",\"@id\":\"https:\\\/\\\/quantumlifecycle.com\\\/fr_CA\\\/industries\\\/solutions-de-collecte-et-de-recyclage-pour-les-municipalites\\\/\",\"url\":\"https:\\\/\\\/quantumlifecycle.com\\\/fr_CA\\\/industries\\\/solutions-de-collecte-et-de-recyclage-pour-les-municipalites\\\/\",\"name\":\"Solutions de collecte et de recyclage pour les municipalit\u00e9s - Quantum | ITAD &amp; E-Waste Recycling\",\"isPartOf\":{\"@id\":\"https:\\\/\\\/quantumlifecycle.com\\\/fr_CA\\\/#website\"},\"primaryImageOfPage\":{\"@id\":\"https:\\\/\\\/quantumlifecycle.com\\\/fr_CA\\\/industries\\\/solutions-de-collecte-et-de-recyclage-pour-les-municipalites\\\/#primaryimage\"},\"image\":{\"@id\":\"https:\\\/\\\/quantumlifecycle.com\\\/fr_CA\\\/industries\\\/solutions-de-collecte-et-de-recyclage-pour-les-municipalites\\\/#primaryimage\"},\"thumbnailUrl\":\"https:\\\/\\\/quantumlifecycle.com\\\/wp-content\\\/uploads\\\/2020\\\/02\\\/Municipalities.svg\",\"datePublished\":\"2019-12-25T13:06:44+00:00\",\"dateModified\":\"2022-06-15T11:01:53+00:00\",\"breadcrumb\":{\"@id\":\"https:\\\/\\\/quantumlifecycle.com\\\/fr_CA\\\/industries\\\/solutions-de-collecte-et-de-recyclage-pour-les-municipalites\\\/#breadcrumb\"},\"inLanguage\":\"fr-CA\",\"potentialAction\":[{\"@type\":\"ReadAction\",\"target\":[\"https:\\\/\\\/quantumlifecycle.com\\\/fr_CA\\\/industries\\\/solutions-de-collecte-et-de-recyclage-pour-les-municipalites\\\/\"]}]},{\"@type\":\"ImageObject\",\"inLanguage\":\"fr-CA\",\"@id\":\"https:\\\/\\\/quantumlifecycle.com\\\/fr_CA\\\/industries\\\/solutions-de-collecte-et-de-recyclage-pour-les-municipalites\\\/#primaryimage\",\"url\":\"https:\\\/\\\/quantumlifecycle.com\\\/wp-content\\\/uploads\\\/2020\\\/02\\\/Municipalities.svg\",\"contentUrl\":\"https:\\\/\\\/quantumlifecycle.com\\\/wp-content\\\/uploads\\\/2020\\\/02\\\/Municipalities.svg\"},{\"@type\":\"BreadcrumbList\",\"@id\":\"https:\\\/\\\/quantumlifecycle.com\\\/fr_CA\\\/industries\\\/solutions-de-collecte-et-de-recyclage-pour-les-municipalites\\\/#breadcrumb\",\"itemListElement\":[{\"@type\":\"ListItem\",\"position\":1,\"name\":\"Home\",\"item\":\"https:\\\/\\\/quantumlifecycle.com\\\/fr_CA\\\/\"},{\"@type\":\"ListItem\",\"position\":2,\"name\":\"Industries\",\"item\":\"https:\\\/\\\/quantumlifecycle.com\\\/fr_CA\\\/industries\\\/\"},{\"@type\":\"ListItem\",\"position\":3,\"name\":\"Solutions de collecte et de recyclage pour les municipalit\u00e9s\"}]},{\"@type\":\"WebSite\",\"@id\":\"https:\\\/\\\/quantumlifecycle.com\\\/fr_CA\\\/#website\",\"url\":\"https:\\\/\\\/quantumlifecycle.com\\\/fr_CA\\\/\",\"name\":\"Quantum | ITAD & E-Waste Recycling\",\"description\":\"\",\"publisher\":{\"@id\":\"https:\\\/\\\/quantumlifecycle.com\\\/fr_CA\\\/#organization\"},\"potentialAction\":[{\"@type\":\"SearchAction\",\"target\":{\"@type\":\"EntryPoint\",\"urlTemplate\":\"https:\\\/\\\/quantumlifecycle.com\\\/fr_CA\\\/?s={search_term_string}\"},\"query-input\":{\"@type\":\"PropertyValueSpecification\",\"valueRequired\":true,\"valueName\":\"search_term_string\"}}],\"inLanguage\":\"fr-CA\"},{\"@type\":\"Organization\",\"@id\":\"https:\\\/\\\/quantumlifecycle.com\\\/fr_CA\\\/#organization\",\"name\":\"Quantum Lifecycle Partners LP\",\"url\":\"https:\\\/\\\/quantumlifecycle.com\\\/fr_CA\\\/\",\"logo\":{\"@type\":\"ImageObject\",\"inLanguage\":\"fr-CA\",\"@id\":\"https:\\\/\\\/quantumlifecycle.com\\\/fr_CA\\\/#\\\/schema\\\/logo\\\/image\\\/\",\"url\":\"https:\\\/\\\/quantumlifecycle.com\\\/wp-content\\\/uploads\\\/2020\\\/01\\\/logo.svg\",\"contentUrl\":\"https:\\\/\\\/quantumlifecycle.com\\\/wp-content\\\/uploads\\\/2020\\\/01\\\/logo.svg\",\"width\":2700,\"height\":848,\"caption\":\"Quantum Lifecycle Partners LP\"},\"image\":{\"@id\":\"https:\\\/\\\/quantumlifecycle.com\\\/fr_CA\\\/#\\\/schema\\\/logo\\\/image\\\/\"}}]}<\/script>\n<!-- \/ Yoast SEO plugin. -->","yoast_head_json":{"title":"Solutions de collecte et de recyclage pour les municipalit\u00e9s - Quantum | ITAD &amp; E-Waste Recycling","robots":{"index":"index","follow":"follow","max-snippet":"max-snippet:-1","max-image-preview":"max-image-preview:large","max-video-preview":"max-video-preview:-1"},"canonical":"https:\/\/quantumlifecycle.com\/fr_CA\/industries\/solutions-de-collecte-et-de-recyclage-pour-les-municipalites\/","og_locale":"fr_CA","og_type":"article","og_title":"Solutions de collecte et de recyclage pour les municipalit\u00e9s - Quantum | ITAD &amp; E-Waste Recycling","og_description":"Nous vous aidons \u00e0 g\u00e9rer les d\u00e9chets \u00e9lectroniques de mani\u00e8re responsable et abordable Les forces mondiales entra\u00eenent une refonte fondamentale de la...","og_url":"https:\/\/quantumlifecycle.com\/fr_CA\/industries\/solutions-de-collecte-et-de-recyclage-pour-les-municipalites\/","og_site_name":"Quantum | ITAD &amp; E-Waste Recycling","article_modified_time":"2022-06-15T11:01:53+00:00","og_image":[{"url":"https:\/\/quantumlifecycle.com\/wp-content\/uploads\/2020\/02\/Municipalities.svg","type":"","width":"","height":""}],"twitter_card":"summary_large_image","twitter_misc":{"Estimation du temps de lecture":"2 minutes"},"schema":{"@context":"https:\/\/schema.org","@graph":[{"@type":"WebPage","@id":"https:\/\/quantumlifecycle.com\/fr_CA\/industries\/solutions-de-collecte-et-de-recyclage-pour-les-municipalites\/","url":"https:\/\/quantumlifecycle.com\/fr_CA\/industries\/solutions-de-collecte-et-de-recyclage-pour-les-municipalites\/","name":"Solutions de collecte et de recyclage pour les municipalit\u00e9s - Quantum | ITAD &amp; E-Waste Recycling","isPartOf":{"@id":"https:\/\/quantumlifecycle.com\/fr_CA\/#website"},"primaryImageOfPage":{"@id":"https:\/\/quantumlifecycle.com\/fr_CA\/industries\/solutions-de-collecte-et-de-recyclage-pour-les-municipalites\/#primaryimage"},"image":{"@id":"https:\/\/quantumlifecycle.com\/fr_CA\/industries\/solutions-de-collecte-et-de-recyclage-pour-les-municipalites\/#primaryimage"},"thumbnailUrl":"https:\/\/quantumlifecycle.com\/wp-content\/uploads\/2020\/02\/Municipalities.svg","datePublished":"2019-12-25T13:06:44+00:00","dateModified":"2022-06-15T11:01:53+00:00","breadcrumb":{"@id":"https:\/\/quantumlifecycle.com\/fr_CA\/industries\/solutions-de-collecte-et-de-recyclage-pour-les-municipalites\/#breadcrumb"},"inLanguage":"fr-CA","potentialAction":[{"@type":"ReadAction","target":["https:\/\/quantumlifecycle.com\/fr_CA\/industries\/solutions-de-collecte-et-de-recyclage-pour-les-municipalites\/"]}]},{"@type":"ImageObject","inLanguage":"fr-CA","@id":"https:\/\/quantumlifecycle.com\/fr_CA\/industries\/solutions-de-collecte-et-de-recyclage-pour-les-municipalites\/#primaryimage","url":"https:\/\/quantumlifecycle.com\/wp-content\/uploads\/2020\/02\/Municipalities.svg","contentUrl":"https:\/\/quantumlifecycle.com\/wp-content\/uploads\/2020\/02\/Municipalities.svg"},{"@type":"BreadcrumbList","@id":"https:\/\/quantumlifecycle.com\/fr_CA\/industries\/solutions-de-collecte-et-de-recyclage-pour-les-municipalites\/#breadcrumb","itemListElement":[{"@type":"ListItem","position":1,"name":"Home","item":"https:\/\/quantumlifecycle.com\/fr_CA\/"},{"@type":"ListItem","position":2,"name":"Industries","item":"https:\/\/quantumlifecycle.com\/fr_CA\/industries\/"},{"@type":"ListItem","position":3,"name":"Solutions de collecte et de recyclage pour les municipalit\u00e9s"}]},{"@type":"WebSite","@id":"https:\/\/quantumlifecycle.com\/fr_CA\/#website","url":"https:\/\/quantumlifecycle.com\/fr_CA\/","name":"Quantum | ITAD & E-Waste Recycling","description":"","publisher":{"@id":"https:\/\/quantumlifecycle.com\/fr_CA\/#organization"},"potentialAction":[{"@type":"SearchAction","target":{"@type":"EntryPoint","urlTemplate":"https:\/\/quantumlifecycle.com\/fr_CA\/?s={search_term_string}"},"query-input":{"@type":"PropertyValueSpecification","valueRequired":true,"valueName":"search_term_string"}}],"inLanguage":"fr-CA"},{"@type":"Organization","@id":"https:\/\/quantumlifecycle.com\/fr_CA\/#organization","name":"Quantum Lifecycle Partners LP","url":"https:\/\/quantumlifecycle.com\/fr_CA\/","logo":{"@type":"ImageObject","inLanguage":"fr-CA","@id":"https:\/\/quantumlifecycle.com\/fr_CA\/#\/schema\/logo\/image\/","url":"https:\/\/quantumlifecycle.com\/wp-content\/uploads\/2020\/01\/logo.svg","contentUrl":"https:\/\/quantumlifecycle.com\/wp-content\/uploads\/2020\/01\/logo.svg","width":2700,"height":848,"caption":"Quantum Lifecycle Partners LP"},"image":{"@id":"https:\/\/quantumlifecycle.com\/fr_CA\/#\/schema\/logo\/image\/"}}]}},"yoast":{"metadesc":""},"_links":{"self":[{"href":"https:\/\/quantumlifecycle.com\/fr_CA\/wp-json\/wp\/v2\/pages\/13711","targetHints":{"allow":["GET"]}}],"collection":[{"href":"https:\/\/quantumlifecycle.com\/fr_CA\/wp-json\/wp\/v2\/pages"}],"about":[{"href":"https:\/\/quantumlifecycle.com\/fr_CA\/wp-json\/wp\/v2\/types\/page"}],"author":[{"embeddable":true,"href":"https:\/\/quantumlifecycle.com\/fr_CA\/wp-json\/wp\/v2\/users\/12"}],"replies":[{"embeddable":true,"href":"https:\/\/quantumlifecycle.com\/fr_CA\/wp-json\/wp\/v2\/comments?post=13711"}],"version-history":[{"count":2,"href":"https:\/\/quantumlifecycle.com\/fr_CA\/wp-json\/wp\/v2\/pages\/13711\/revisions"}],"predecessor-version":[{"id":13759,"href":"https:\/\/quantumlifecycle.com\/fr_CA\/wp-json\/wp\/v2\/pages\/13711\/revisions\/13759"}],"up":[{"embeddable":true,"href":"https:\/\/quantumlifecycle.com\/fr_CA\/wp-json\/wp\/v2\/pages\/13684"}],"wp:attachment":[{"href":"https:\/\/quantumlifecycle.com\/fr_CA\/wp-json\/wp\/v2\/media?parent=13711"}],"curies":[{"name":"wp","href":"https:\/\/api.w.org\/{rel}","templated":true}]}}