{"id":13686,"date":"2021-10-06T04:55:24","date_gmt":"2021-10-06T08:55:24","guid":{"rendered":"https:\/\/quantumlifecycle.com\/staging\/industries\/solutions-pour-telecommunications\/"},"modified":"2022-06-15T06:54:51","modified_gmt":"2022-06-15T10:54:51","slug":"solutions-pour-telecommunications","status":"publish","type":"page","link":"https:\/\/quantumlifecycle.com\/fr_CA\/industries\/solutions-pour-telecommunications\/","title":{"rendered":"Solutions pour t\u00e9l\u00e9communications"},"content":{"rendered":"<div class=\"new-pages-container telecom-top-content-container\">\n<div class=\"telecom-top-content\">\n<p>Quantum traite plus de mat\u00e9riel li\u00e9 aux t\u00e9l\u00e9communications que toute autre entreprise au Canada. Nous sommes un fournisseur de confiance de services de r\u00e9emploi et de recyclage pour toutes les grandes entreprises de t\u00e9l\u00e9communications du Canada. Nous offrons une pr\u00e9sence nationale pour soutenir leurs activit\u00e9s, ainsi qu&rsquo;une solide compr\u00e9hension des possibilit\u00e9s de r\u00e9utilisation et de recyclage inh\u00e9rentes aux divers flux g\u00e9n\u00e9r\u00e9s par ce secteur. Quantum est un partenaire pr\u00e9cieux dans toute l&rsquo;industrie des t\u00e9l\u00e9communications.<\/p>\n<p>Nous avons \u00e9galement une conscience aigu\u00eb des immenses d\u00e9fis et complexit\u00e9s r\u00e9glementaires des t\u00e9l\u00e9communications. Non seulement nous rendons la conformit\u00e9 aussi simple que possible pour votre organisation, mais nous fournissons \u00e9galement des solutions personnalis\u00e9es pour maximiser la valeur de vos actifs et minimiser les co\u00fbts de conformit\u00e9. Nous atteignons ces objectifs gr\u00e2ce \u00e0 des solutions qui touchent tous les aspects des entreprises ax\u00e9es sur les t\u00e9l\u00e9communications, de l&rsquo;\u00e9quipement install\u00e9 chez le client aux dispositifs de mobilit\u00e9, en passant par les solutions ITAD et les programmes de garantie et de retour ax\u00e9s sur la vente au d\u00e9tail. Nommez un flux de t\u00e9l\u00e9communications li\u00e9 au mat\u00e9riel et Quantum est impliqu\u00e9 dans son \u00e9limination, cr\u00e9ant de la valeur et r\u00e9duisant les co\u00fbts \u00e0 chaque \u00e9tape.<\/p><\/div>\n<div class=\"telecom-top-image\">\n      <img decoding=\"async\" class=\"img-fluid\" src=\"\/wp-content\/uploads\/2021\/10\/telecom-top-content.svg\"\/>\n    <\/div>\n<\/p><\/div>\n<div class=\"w-800 telecom-focused-container\">\n<div class=\"sidewaysDots telecom-focused-dotes content-dots\">&#8230;&#8230;&#8230;..<\/div>\n<h2>Solutions de responsabilit\u00e9 des producteurs ax\u00e9es sur les t\u00e9l\u00e9communications<\/h2>\n<p>Alors que les juridictions au Canada et dans le monde entier s&rsquo;orientent vers des cadres de responsabilit\u00e9 \u00e9largie des producteurs, Quantum cr\u00e9e une valeur suppl\u00e9mentaire pour ce secteur en consolidant les diverses activit\u00e9s de recyclage effectu\u00e9es par et au nom de nos clients du secteur des t\u00e9l\u00e9communications dans un r\u00e9cit coh\u00e9rent qui d\u00e9montre leur engagement envers la durabilit\u00e9. Ce faisant, nous aidons ces entreprises \u00e0 d\u00e9montrer qu&rsquo;elles respectent leurs diverses obligations r\u00e9glementaires, leur \u00e9pargnant ainsi des dizaines de milliers de dollars en frais de conformit\u00e9 suppl\u00e9mentaires.<\/p><\/div>\n<div class=\"new-pages-container telecom-accordian-container\">\n<div class=\"telecom-accordian\">\n<h2>Mobilit\u00e9<\/h2>\n<div class=\"c-accordion\" data-individual-openable=\"false\" data-speed=\"400\">\n<div class=\"c-accordion__entries\">\n<div class=\"c-accordion__entry is-expanded\" aria-expanded=\"true\" role=\"tablist\">\n<div id=\"c-accordion__entry-title-1\" class=\"c-accordion__entry-title\" aria-selected=\"true\" aria-controls=\"c-accordion__entry-body-1\" role=\"tab\">\n                <a href=\"\" class=\"c-accordion__entry-header-link js-accordion__entry-header-link\">Appareils grand public<br \/>\n                  <\/a>\n              <\/div>\n<div id=\"c-accordion__entry-body-1\" class=\"c-accordion__entry-body\" aria-hidden=\"false\" role=\"tabpanel\" aria-labelledby=\"c-accordion__entry-title-1\" style=\"display: block;\">\n<div class=\"c-accordion__entry-contents c-wysiwyg\">Quantum investit massivement dans son offre d&rsquo;appareils mobiles pour toucher de plus en plus de points de la cha\u00eene d&rsquo;approvisionnement et cr\u00e9er de la valeur pour les op\u00e9rateurs de t\u00e9l\u00e9communication et leurs partenaires. Nous pouvons \u00eatre votre guichet unique pour g\u00e9rer directement l&rsquo;ensemble du processus d&rsquo;\u00e9limination (de la r\u00e9paration au recyclage), ou nous pouvons nous int\u00e9grer dans votre cha\u00eene d&rsquo;\u00e9limination existante et combler les lacunes, en cr\u00e9ant de la valeur tout au long du processus.<\/div>\n<\/p><\/div>\n<\/p><\/div>\n<div class=\"c-accordion__entry\" aria-expanded=\"false\" role=\"tablist\">\n<div id=\"c-accordion__entry-title-2\" class=\"c-accordion__entry-title\" aria-selected=\"false\" aria-controls=\"c-accordion__entry-body-2\" role=\"tab\">\n                <a href=\"\" class=\"c-accordion__entry-header-link js-accordion__entry-header-link\">Appareils internes<br \/>\n                  <\/a>\n              <\/div>\n<div id=\"c-accordion__entry-body-2\" class=\"c-accordion__entry-body\" aria-hidden=\"true\" role=\"tabpanel\" aria-labelledby=\"c-accordion__entry-title-2\">\n<div class=\"c-accordion__entry-contents c-wysiwyg\">Quantum travaillera avec vous pour comprendre votre strat\u00e9gie en mati\u00e8re d&rsquo;appareils pour les employ\u00e9s et \u00e9laborer un programme personnalis\u00e9 judicieux. Que les appareils appartiennent \u00e0 l&rsquo;entreprise ou qu&rsquo;il s&rsquo;agisse de BYOD (AVEC : Apportez Votre \u00c9quipement personnel de Communication), nous pouvons g\u00e9rer le processus de fin de vie de mani\u00e8re s\u00e9curis\u00e9e et efficace, lib\u00e9rant ainsi vos ressources internes pour g\u00e9rer des projets essentiels.<\/div>\n<\/p><\/div>\n<\/p><\/div>\n<div class=\"c-accordion__entry\" aria-expanded=\"false\" role=\"tablist\">\n<div id=\"c-accordion__entry-title-3\" class=\"c-accordion__entry-title\" aria-selected=\"false\" aria-controls=\"c-accordion__entry-body-3\" role=\"tab\">\n                <a href=\"\" class=\"c-accordion__entry-header-link js-accordion__entry-header-link\">B2B<br \/>\n                  <\/a>\n              <\/div>\n<div id=\"c-accordion__entry-body-3\" class=\"c-accordion__entry-body\" aria-hidden=\"true\" role=\"tabpanel\" aria-labelledby=\"c-accordion__entry-title-3\">\n<div class=\"c-accordion__entry-contents c-wysiwyg\">Nous g\u00e9rons des projets ITAD pour de nombreuses entreprises de premier plan au Canada et nous sommes tout naturellement en mesure de g\u00e9rer \u00e9galement le retour de leurs appareils mobiles. Nous prenons en charge le retrait des anciens appareils d&rsquo;une mani\u00e8re qui maximise la valeur pour le client, valeur qu&rsquo;il utilise ensuite pour acheter de nouveaux appareils aupr\u00e8s de l&rsquo;op\u00e9rateur.<\/div>\n<\/p><\/div>\n<\/p><\/div>\n<\/p><\/div>\n<\/p><\/div>\n<\/p><\/div>\n<div class=\"telecom-accordian-image\">\n      <img decoding=\"async\" class=\"img-fluid\" src=\"\/wp-content\/uploads\/2021\/10\/accordian-image-1.svg\"\/>\n    <\/div>\n<\/p><\/div>\n<div class=\"new-pages-container telecom-accordian-container telecom-accordian-container-center\">\n<div class=\"telecom-accordian-image telecom-accordian-image-center\">\n      <img decoding=\"async\" class=\"img-fluid\" src=\"\/wp-content\/uploads\/2021\/10\/accordian-image-2.svg\"\/>\n    <\/div>\n<div class=\"telecom-accordian telecom-accordian-center\">\n<h2>Recyclage<\/h2>\n<div class=\"c-accordion\" data-individual-openable=\"false\" data-speed=\"400\">\n<div class=\"c-accordion__entries\">\n<div class=\"c-accordion__entry is-expanded\" aria-expanded=\"true\" role=\"tablist\">\n<div id=\"c-accordion__entry-title-1\" class=\"c-accordion__entry-title\" aria-selected=\"true\" aria-controls=\"c-accordion__entry-body-1\" role=\"tab\">\n                <a href=\"\" class=\"c-accordion__entry-header-link js-accordion__entry-header-link\">\u00c9quipements install\u00e9s chez le client<\/a>\n              <\/div>\n<div id=\"c-accordion__entry-body-1\" class=\"c-accordion__entry-body\" aria-hidden=\"false\" role=\"tabpanel\" aria-labelledby=\"c-accordion__entry-title-1\" style=\"display: block;\">\n<div class=\"c-accordion__entry-contents c-wysiwyg\">Les magn\u00e9toscopes num\u00e9riques, les d\u00e9codeurs, les modems et les routeurs constituent une partie essentielle de l&rsquo;offre de services de t\u00e9l\u00e9communications et g\u00e9n\u00e8rent des revenus importants pour les op\u00e9rateurs, les fournisseurs de services Internet et les c\u00e2blo-op\u00e9rateurs. Les appareils \u00e9tant constamment d\u00e9ploy\u00e9s, retourn\u00e9s et red\u00e9ploy\u00e9s, les possibilit\u00e9s de r\u00e9paration et de recyclage sont nombreuses. Quantum les prend toutes en charge.<\/div>\n<\/p><\/div>\n<\/p><\/div>\n<div class=\"c-accordion__entry\" aria-expanded=\"false\" role=\"tablist\">\n<div id=\"c-accordion__entry-title-3\" class=\"c-accordion__entry-title\" aria-selected=\"false\" aria-controls=\"c-accordion__entry-body-3\" role=\"tab\">\n                <a href=\"\" class=\"c-accordion__entry-header-link js-accordion__entry-header-link\"> L&rsquo;infrastructure<\/a>\n              <\/div>\n<div id=\"c-accordion__entry-body-3\" class=\"c-accordion__entry-body\" aria-hidden=\"true\" role=\"tabpanel\" aria-labelledby=\"c-accordion__entry-title-3\">\n<div class=\"c-accordion__entry-contents c-wysiwyg\">Les r\u00e9seaux des transporteurs s&rsquo;\u00e9tendent \u00e0 travers le pays et tout ce qui s&rsquo;y trouve, des tours aux lignes filaires en passant par les commutateurs et les alimentations \u00e9lectriques, et tout ce qui se trouve entre les deux. L&#8217;empreinte nationale de Quantum permet de minimiser la logistique et d&rsquo;offrir une solution d&rsquo;\u00e9limination coh\u00e9rente dans tout le Canada.<\/div>\n<\/p><\/div>\n<\/p><\/div>\n<\/p><\/div>\n<\/p><\/div>\n<\/p><\/div>\n<\/p><\/div>\n<div class=\"new-pages-container telecom-accordian-container telecom-accordian-container-last\">\n<div class=\"telecom-accordian\">\n<h2>ITAD<\/h2>\n<div class=\"c-accordion\" data-individual-openable=\"false\" data-speed=\"400\">\n<div class=\"c-accordion__entries\">\n<div class=\"c-accordion__entry is-expanded\" aria-expanded=\"true\" role=\"tablist\">\n<div id=\"c-accordion__entry-title-1\" class=\"c-accordion__entry-title\" aria-selected=\"true\" aria-controls=\"c-accordion__entry-body-1\" role=\"tab\">\n                <a href=\"\" class=\"c-accordion__entry-header-link js-accordion__entry-header-link\">Biens informatiques internes<br \/>\n                  <\/a>\n              <\/div>\n<div id=\"c-accordion__entry-body-1\" class=\"c-accordion__entry-body\" aria-hidden=\"false\" role=\"tabpanel\" aria-labelledby=\"c-accordion__entry-title-1\" style=\"display: block;\">\n<div class=\"c-accordion__entry-contents c-wysiwyg\">Les entreprises de t\u00e9l\u00e9communications et les industries connexes sont parmi les plus importantes des secteurs priv\u00e9 et public et ont des besoins complexes en mati\u00e8re d&rsquo;\u00e9limination des actifs informatiques. L&rsquo;offre de services ITAD de Quantum est in\u00e9gal\u00e9e. Elle est certifi\u00e9e, transparente et robuste. Les plus grandes entreprises canadiennes font confiance \u00e0 Quantum pour g\u00e9rer en toute s\u00e9curit\u00e9 et cr\u00e9er de la valeur \u00e0 partir des actifs de leurs employ\u00e9s, finan\u00e7ant ainsi l&rsquo;achat de nouveaux actifs qui permettent \u00e0 leurs \u00e9quipes de rester efficaces et productives.<\/div>\n<\/p><\/div>\n<\/p><\/div>\n<div class=\"c-accordion__entry\" aria-expanded=\"false\" role=\"tablist\">\n<div id=\"c-accordion__entry-title-3\" class=\"c-accordion__entry-title\" aria-selected=\"false\" aria-controls=\"c-accordion__entry-body-3\" role=\"tab\">\n                <a href=\"\" class=\"c-accordion__entry-header-link js-accordion__entry-header-link\">Centres de donn\u00e9es<br \/>\n                  <\/a>\n              <\/div>\n<div id=\"c-accordion__entry-body-3\" class=\"c-accordion__entry-body\" aria-hidden=\"true\" role=\"tabpanel\" aria-labelledby=\"c-accordion__entry-title-3\">\n<div class=\"c-accordion__entry-contents c-wysiwyg\">Les entreprises de t\u00e9l\u00e9communications exploitent certains des plus grands centres de donn\u00e9es du pays. Quantum propose des solutions de destruction de donn\u00e9es sur site et hors site certifi\u00e9es NAID AAA qui vous permettent de dormir sur vos deux oreilles en sachant que vos donn\u00e9es ne tomberont pas entre de mauvaises mains. Il n&rsquo;y a pas d&rsquo;autre entreprise \u00e0 laquelle vous pouvez faire confiance pour le rafra\u00eechissement de votre centre de donn\u00e9es.<\/div>\n<\/p><\/div>\n<\/p><\/div>\n<\/p><\/div>\n<\/p><\/div>\n<\/p><\/div>\n<div class=\"telecom-accordian-image\">\n      <img decoding=\"async\" class=\"img-fluid\" src=\"\/wp-content\/uploads\/2021\/10\/Certificate-fr.svg\"\/>\n    <\/div>\n<\/p><\/div>\n","protected":false},"excerpt":{"rendered":"<p>Quantum traite plus de mat\u00e9riel li\u00e9 aux t\u00e9l\u00e9communications que toute autre entreprise au Canada. Nous sommes un fournisseur de confiance de services&#8230;<\/p>\n","protected":false},"author":12,"featured_media":0,"parent":13684,"menu_order":0,"comment_status":"closed","ping_status":"closed","template":"page-telecom-services.php","meta":{"_acf_changed":false,"om_disable_all_campaigns":false,"_genesis_hide_title":false,"_genesis_hide_breadcrumbs":false,"_genesis_hide_singular_image":false,"_genesis_hide_footer_widgets":false,"_genesis_custom_body_class":"","_genesis_custom_post_class":"","_genesis_layout":"","footnotes":""},"class_list":{"0":"post-13686","1":"page","2":"type-page","3":"status-publish","5":"entry"},"acf":[],"yoast_head":"<!-- This site is optimized with the Yoast SEO plugin v27.4 - https:\/\/yoast.com\/product\/yoast-seo-wordpress\/ -->\n<title>Solutions pour t\u00e9l\u00e9communications - Quantum | ITAD &amp; E-Waste Recycling<\/title>\n<meta name=\"robots\" content=\"index, follow, max-snippet:-1, max-image-preview:large, max-video-preview:-1\" \/>\n<link rel=\"canonical\" href=\"https:\/\/quantumlifecycle.com\/fr_CA\/industries\/solutions-pour-telecommunications\/\" \/>\n<meta property=\"og:locale\" content=\"fr_CA\" \/>\n<meta property=\"og:type\" content=\"article\" \/>\n<meta property=\"og:title\" content=\"Solutions pour t\u00e9l\u00e9communications - Quantum | ITAD &amp; E-Waste Recycling\" \/>\n<meta property=\"og:description\" content=\"Quantum traite plus de mat\u00e9riel li\u00e9 aux t\u00e9l\u00e9communications que toute autre entreprise au Canada. Nous sommes un fournisseur de confiance de services...\" \/>\n<meta property=\"og:url\" content=\"https:\/\/quantumlifecycle.com\/fr_CA\/industries\/solutions-pour-telecommunications\/\" \/>\n<meta property=\"og:site_name\" content=\"Quantum | ITAD &amp; E-Waste Recycling\" \/>\n<meta property=\"article:modified_time\" content=\"2022-06-15T10:54:51+00:00\" \/>\n<meta name=\"twitter:card\" content=\"summary_large_image\" \/>\n<meta name=\"twitter:label1\" content=\"Estimation du temps de lecture\" \/>\n\t<meta name=\"twitter:data1\" content=\"4 minutes\" \/>\n<script type=\"application\/ld+json\" class=\"yoast-schema-graph\">{\"@context\":\"https:\\\/\\\/schema.org\",\"@graph\":[{\"@type\":\"WebPage\",\"@id\":\"https:\\\/\\\/quantumlifecycle.com\\\/fr_CA\\\/industries\\\/solutions-pour-telecommunications\\\/\",\"url\":\"https:\\\/\\\/quantumlifecycle.com\\\/fr_CA\\\/industries\\\/solutions-pour-telecommunications\\\/\",\"name\":\"Solutions pour t\u00e9l\u00e9communications - Quantum | ITAD &amp; E-Waste Recycling\",\"isPartOf\":{\"@id\":\"https:\\\/\\\/quantumlifecycle.com\\\/fr_CA\\\/#website\"},\"datePublished\":\"2021-10-06T08:55:24+00:00\",\"dateModified\":\"2022-06-15T10:54:51+00:00\",\"breadcrumb\":{\"@id\":\"https:\\\/\\\/quantumlifecycle.com\\\/fr_CA\\\/industries\\\/solutions-pour-telecommunications\\\/#breadcrumb\"},\"inLanguage\":\"fr-CA\",\"potentialAction\":[{\"@type\":\"ReadAction\",\"target\":[\"https:\\\/\\\/quantumlifecycle.com\\\/fr_CA\\\/industries\\\/solutions-pour-telecommunications\\\/\"]}]},{\"@type\":\"BreadcrumbList\",\"@id\":\"https:\\\/\\\/quantumlifecycle.com\\\/fr_CA\\\/industries\\\/solutions-pour-telecommunications\\\/#breadcrumb\",\"itemListElement\":[{\"@type\":\"ListItem\",\"position\":1,\"name\":\"Home\",\"item\":\"https:\\\/\\\/quantumlifecycle.com\\\/fr_CA\\\/\"},{\"@type\":\"ListItem\",\"position\":2,\"name\":\"Industries\",\"item\":\"https:\\\/\\\/quantumlifecycle.com\\\/fr_CA\\\/industries\\\/\"},{\"@type\":\"ListItem\",\"position\":3,\"name\":\"Solutions pour t\u00e9l\u00e9communications\"}]},{\"@type\":\"WebSite\",\"@id\":\"https:\\\/\\\/quantumlifecycle.com\\\/fr_CA\\\/#website\",\"url\":\"https:\\\/\\\/quantumlifecycle.com\\\/fr_CA\\\/\",\"name\":\"Quantum | ITAD & E-Waste Recycling\",\"description\":\"\",\"publisher\":{\"@id\":\"https:\\\/\\\/quantumlifecycle.com\\\/fr_CA\\\/#organization\"},\"potentialAction\":[{\"@type\":\"SearchAction\",\"target\":{\"@type\":\"EntryPoint\",\"urlTemplate\":\"https:\\\/\\\/quantumlifecycle.com\\\/fr_CA\\\/?s={search_term_string}\"},\"query-input\":{\"@type\":\"PropertyValueSpecification\",\"valueRequired\":true,\"valueName\":\"search_term_string\"}}],\"inLanguage\":\"fr-CA\"},{\"@type\":\"Organization\",\"@id\":\"https:\\\/\\\/quantumlifecycle.com\\\/fr_CA\\\/#organization\",\"name\":\"Quantum Lifecycle Partners LP\",\"url\":\"https:\\\/\\\/quantumlifecycle.com\\\/fr_CA\\\/\",\"logo\":{\"@type\":\"ImageObject\",\"inLanguage\":\"fr-CA\",\"@id\":\"https:\\\/\\\/quantumlifecycle.com\\\/fr_CA\\\/#\\\/schema\\\/logo\\\/image\\\/\",\"url\":\"https:\\\/\\\/quantumlifecycle.com\\\/wp-content\\\/uploads\\\/2020\\\/01\\\/logo.svg\",\"contentUrl\":\"https:\\\/\\\/quantumlifecycle.com\\\/wp-content\\\/uploads\\\/2020\\\/01\\\/logo.svg\",\"width\":2700,\"height\":848,\"caption\":\"Quantum Lifecycle Partners LP\"},\"image\":{\"@id\":\"https:\\\/\\\/quantumlifecycle.com\\\/fr_CA\\\/#\\\/schema\\\/logo\\\/image\\\/\"}}]}<\/script>\n<!-- \/ Yoast SEO plugin. -->","yoast_head_json":{"title":"Solutions pour t\u00e9l\u00e9communications - Quantum | ITAD &amp; E-Waste Recycling","robots":{"index":"index","follow":"follow","max-snippet":"max-snippet:-1","max-image-preview":"max-image-preview:large","max-video-preview":"max-video-preview:-1"},"canonical":"https:\/\/quantumlifecycle.com\/fr_CA\/industries\/solutions-pour-telecommunications\/","og_locale":"fr_CA","og_type":"article","og_title":"Solutions pour t\u00e9l\u00e9communications - Quantum | ITAD &amp; E-Waste Recycling","og_description":"Quantum traite plus de mat\u00e9riel li\u00e9 aux t\u00e9l\u00e9communications que toute autre entreprise au Canada. Nous sommes un fournisseur de confiance de services...","og_url":"https:\/\/quantumlifecycle.com\/fr_CA\/industries\/solutions-pour-telecommunications\/","og_site_name":"Quantum | ITAD &amp; E-Waste Recycling","article_modified_time":"2022-06-15T10:54:51+00:00","twitter_card":"summary_large_image","twitter_misc":{"Estimation du temps de lecture":"4 minutes"},"schema":{"@context":"https:\/\/schema.org","@graph":[{"@type":"WebPage","@id":"https:\/\/quantumlifecycle.com\/fr_CA\/industries\/solutions-pour-telecommunications\/","url":"https:\/\/quantumlifecycle.com\/fr_CA\/industries\/solutions-pour-telecommunications\/","name":"Solutions pour t\u00e9l\u00e9communications - Quantum | ITAD &amp; E-Waste Recycling","isPartOf":{"@id":"https:\/\/quantumlifecycle.com\/fr_CA\/#website"},"datePublished":"2021-10-06T08:55:24+00:00","dateModified":"2022-06-15T10:54:51+00:00","breadcrumb":{"@id":"https:\/\/quantumlifecycle.com\/fr_CA\/industries\/solutions-pour-telecommunications\/#breadcrumb"},"inLanguage":"fr-CA","potentialAction":[{"@type":"ReadAction","target":["https:\/\/quantumlifecycle.com\/fr_CA\/industries\/solutions-pour-telecommunications\/"]}]},{"@type":"BreadcrumbList","@id":"https:\/\/quantumlifecycle.com\/fr_CA\/industries\/solutions-pour-telecommunications\/#breadcrumb","itemListElement":[{"@type":"ListItem","position":1,"name":"Home","item":"https:\/\/quantumlifecycle.com\/fr_CA\/"},{"@type":"ListItem","position":2,"name":"Industries","item":"https:\/\/quantumlifecycle.com\/fr_CA\/industries\/"},{"@type":"ListItem","position":3,"name":"Solutions pour t\u00e9l\u00e9communications"}]},{"@type":"WebSite","@id":"https:\/\/quantumlifecycle.com\/fr_CA\/#website","url":"https:\/\/quantumlifecycle.com\/fr_CA\/","name":"Quantum | ITAD & E-Waste Recycling","description":"","publisher":{"@id":"https:\/\/quantumlifecycle.com\/fr_CA\/#organization"},"potentialAction":[{"@type":"SearchAction","target":{"@type":"EntryPoint","urlTemplate":"https:\/\/quantumlifecycle.com\/fr_CA\/?s={search_term_string}"},"query-input":{"@type":"PropertyValueSpecification","valueRequired":true,"valueName":"search_term_string"}}],"inLanguage":"fr-CA"},{"@type":"Organization","@id":"https:\/\/quantumlifecycle.com\/fr_CA\/#organization","name":"Quantum Lifecycle Partners LP","url":"https:\/\/quantumlifecycle.com\/fr_CA\/","logo":{"@type":"ImageObject","inLanguage":"fr-CA","@id":"https:\/\/quantumlifecycle.com\/fr_CA\/#\/schema\/logo\/image\/","url":"https:\/\/quantumlifecycle.com\/wp-content\/uploads\/2020\/01\/logo.svg","contentUrl":"https:\/\/quantumlifecycle.com\/wp-content\/uploads\/2020\/01\/logo.svg","width":2700,"height":848,"caption":"Quantum Lifecycle Partners LP"},"image":{"@id":"https:\/\/quantumlifecycle.com\/fr_CA\/#\/schema\/logo\/image\/"}}]}},"yoast":{"metadesc":""},"_links":{"self":[{"href":"https:\/\/quantumlifecycle.com\/fr_CA\/wp-json\/wp\/v2\/pages\/13686","targetHints":{"allow":["GET"]}}],"collection":[{"href":"https:\/\/quantumlifecycle.com\/fr_CA\/wp-json\/wp\/v2\/pages"}],"about":[{"href":"https:\/\/quantumlifecycle.com\/fr_CA\/wp-json\/wp\/v2\/types\/page"}],"author":[{"embeddable":true,"href":"https:\/\/quantumlifecycle.com\/fr_CA\/wp-json\/wp\/v2\/users\/12"}],"replies":[{"embeddable":true,"href":"https:\/\/quantumlifecycle.com\/fr_CA\/wp-json\/wp\/v2\/comments?post=13686"}],"version-history":[{"count":1,"href":"https:\/\/quantumlifecycle.com\/fr_CA\/wp-json\/wp\/v2\/pages\/13686\/revisions"}],"predecessor-version":[{"id":13704,"href":"https:\/\/quantumlifecycle.com\/fr_CA\/wp-json\/wp\/v2\/pages\/13686\/revisions\/13704"}],"up":[{"embeddable":true,"href":"https:\/\/quantumlifecycle.com\/fr_CA\/wp-json\/wp\/v2\/pages\/13684"}],"wp:attachment":[{"href":"https:\/\/quantumlifecycle.com\/fr_CA\/wp-json\/wp\/v2\/media?parent=13686"}],"curies":[{"name":"wp","href":"https:\/\/api.w.org\/{rel}","templated":true}]}}