{"id":13682,"date":"2021-10-05T05:53:37","date_gmt":"2021-10-05T09:53:37","guid":{"rendered":"https:\/\/quantumlifecycle.com\/staging\/nos-valeurs\/"},"modified":"2025-01-23T01:11:37","modified_gmt":"2025-01-23T06:11:37","slug":"nos-valeurs","status":"publish","type":"page","link":"https:\/\/quantumlifecycle.com\/fr_CA\/nos-valeurs\/","title":{"rendered":"Nos valeurs"},"content":{"rendered":"<div class=\"data-destruction-landing-content our-values-main-section\">\n<div class=\"section2 our-value-data-container new-pages-container\">\n<div class=\"our-vision-wrapper\">\n<div class=\"image-wrapper\"><img decoding=\"async\" src=\"\/wp-content\/uploads\/2022\/03\/vision.svg\" alt=\"Image\" \/><\/div>\n<div class=\"content-wrapper\">\n<h2>Notre vision<\/h2>\n<p>Devenir le partenaire le plus fiable de nos clients en \u00e9tablissant la norme en mati\u00e8re de gestion durable du cycle de vie des produits \u00e9lectroniques.<\/p>\n<\/div>\n<\/div>\n<div class=\"our-vision-wrapper our-mission-wrapper\">\n<div class=\"content-wrapper\">\n<h2>Notre mission<\/h2>\n<p>Nous r\u00e9unissons les meilleures personnes, les meilleurs processus et les meilleures technologies pour offrir une solution compl\u00e8te \u00e0 nos clients.<\/p>\n<\/div>\n<div class=\"image-wrapper\"><img decoding=\"async\" src=\"\/wp-content\/uploads\/2022\/03\/FR-Mission.png\" alt=\"Image\" \/><\/div>\n<\/div>\n<div class=\"stake-holders-section\">\n<h2>Parties prenantes cl\u00e9s<\/h2>\n<div class=\"our-stake-holders\">\n<div class=\"image-wrapper\"><img decoding=\"async\" src=\"\/wp-content\/uploads\/2025\/01\/French-Values-Diagram.png\" alt=\"Image\" \/><\/div>\n<div class=\"content-wrapper\">\n<div class=\"single-stake-holder-wrapper\">\n<div class=\"image-wrapper\"><img decoding=\"async\" src=\"\/wp-content\/uploads\/2022\/03\/planet.svg\" alt=\"Image\" \/><\/div>\n<div class=\"details-wrapper\">\n<h4>Plan\u00e8te<\/h4>\n<p>Nous sommes les leaders de la prolongation de la vie et de la r\u00e9cup\u00e9ration des ressources mondiales pour la durabilit\u00e9 de notre plan\u00e8te. Nous nous engageons \u00e0 ne produire aucun d\u00e9chet \u00e9lectronique et \u00e0 r\u00e9duire notre empreinte carbone.<\/p>\n<\/div>\n<\/div>\n<div class=\"single-stake-holder-wrapper\">\n<div class=\"image-wrapper\"><img decoding=\"async\" src=\"\/wp-content\/uploads\/2022\/03\/team.svg\" alt=\"Image\" \/><\/div>\n<div class=\"details-wrapper\">\n<h4>L&rsquo;\u00e9quipe<\/h4>\n<p>Nous attirons des personnes formidables en \u00e9tant un lieu de travail agr\u00e9able &#8211; un lieu o\u00f9 les gens se sentent en s\u00e9curit\u00e9, inspir\u00e9s et \u00e9panouis. Nous gagnons ensemble en nous rendant mutuellement meilleurs.<\/p>\n<\/div>\n<\/div>\n<div class=\"single-stake-holder-wrapper\">\n<div class=\"image-wrapper\"><img decoding=\"async\" src=\"\/wp-content\/uploads\/2022\/03\/customers.svg\" alt=\"Image\" \/><\/div>\n<div class=\"details-wrapper\">\n<h4>Clients<\/h4>\n<p>Nous voyons le monde \u00e0 travers les yeux de nos clients. Nous les aidons \u00e0 se former pour prendre les meilleures d\u00e9cisions. Nous travaillons dur pour gagner, conserver et d\u00e9velopper leur activit\u00e9.<\/p>\n<\/div>\n<\/div>\n<\/div>\n<\/div>\n<\/div>\n<div class=\"our-guiding-section\">\n<div class=\"guiding-row\">\n<div class=\"guiding-col title-col\">\n<h2>Nos valeurs fondamentales<\/h2>\n<\/div>\n<div class=\"guiding-col\">\n<div class=\"details-col\">\n<div class=\"image-wrapper\"><img decoding=\"async\" src=\"\/wp-content\/uploads\/2022\/03\/relentless.svg\" alt=\"Image\" \/><\/div>\n<h4>Une curiosit\u00e9<br \/>sans rel\u00e2che<\/h4>\n<p>L&rsquo;apprentissage et l&rsquo;innovation sont dans notre ADN. Nous sommes toujours \u00e0 la recherche de la meilleure fa\u00e7on de faire. Nous sommes passionn\u00e9s par le retour d&rsquo;information. <\/p>\n<\/div>\n<\/div>\n<div class=\"guiding-col\">\n<div class=\"details-col\">\n<div class=\"image-wrapper\"><img decoding=\"async\" src=\"\/wp-content\/uploads\/2022\/03\/attitude.svg\" alt=\"Image\" \/><\/div>\n<h4>Attitude de gratitude<\/h4>\n<p>Nous appr\u00e9cions et reconnaissons les contributions de notre \u00e9quipe et de nos clients. Nous sommes reconnaissants et inspir\u00e9s par l&rsquo;occasion qui nous est donn\u00e9e de faire la diff\u00e9rence aupr\u00e8s de nos principales parties prenantes.<\/p>\n<\/div>\n<\/div>\n<\/div>\n<div class=\"guiding-row\">\n<div class=\"guiding-col\">\n<div class=\"details-col\">\n<div class=\"image-wrapper\"><img decoding=\"async\" src=\"\/wp-content\/uploads\/2022\/03\/leadership.svg\" alt=\"Image\" \/><\/div>\n<h4>Un leadership audacieux<\/h4>\n<p>Nous voyons grand. Nous savons que nous pouvons transformer notre secteur. Nous voulons \u00eatre les meilleurs, et non les plus grands, au monde.<\/p>\n<\/div>\n<\/div>\n<div class=\"guiding-col\">\n<div class=\"details-col\">\n<div class=\"image-wrapper\"><img decoding=\"async\" src=\"\/wp-content\/uploads\/2022\/03\/integrity.svg\" alt=\"Image\" \/><\/div>\n<h4>Int\u00e9grit\u00e9 courageuse<\/h4>\n<p>Nous faisons les bonnes choses correctement. Si nous le voyons, nous le disons. Nous faisons ce que nous disons que nous allons faire.<\/p>\n<\/div>\n<\/div>\n<div class=\"guiding-col\">\n<div class=\"details-col\">\n<div class=\"image-wrapper\"><img decoding=\"async\" src=\"\/wp-content\/uploads\/2022\/03\/pride.svg\" alt=\"Image\" \/><\/div>\n<h4>S&rsquo;engager avec empathie<\/h4>\n<p>Nous privil\u00e9gions la compr\u00e9hension en \u00e9coutant activement et en nous mettant \u00e0 la place de nos principaux interlocuteurs. Nous abordons chaque interaction avec un esprit ouvert. Nous cherchons \u00e0 instaurer la confiance et \u00e0 favoriser des relations fructueuses.<\/p>\n<\/div>\n<\/div>\n<\/div>\n<\/div>\n<\/div>\n<\/div>\n","protected":false},"excerpt":{"rendered":"<p>Notre vision Devenir le partenaire le plus fiable de nos clients en \u00e9tablissant la norme en mati\u00e8re de gestion durable du cycle&#8230;<\/p>\n","protected":false},"author":12,"featured_media":0,"parent":0,"menu_order":0,"comment_status":"closed","ping_status":"closed","template":"page-our-values.php","meta":{"_acf_changed":false,"om_disable_all_campaigns":false,"_genesis_hide_title":false,"_genesis_hide_breadcrumbs":false,"_genesis_hide_singular_image":false,"_genesis_hide_footer_widgets":false,"_genesis_custom_body_class":"","_genesis_custom_post_class":"","_genesis_layout":"","footnotes":""},"class_list":{"0":"post-13682","1":"page","2":"type-page","3":"status-publish","5":"entry"},"acf":[],"yoast_head":"<!-- This site is optimized with the Yoast SEO plugin v27.4 - https:\/\/yoast.com\/product\/yoast-seo-wordpress\/ -->\n<title>Nos valeurs - Quantum | ITAD &amp; E-Waste Recycling<\/title>\n<meta name=\"robots\" content=\"index, follow, max-snippet:-1, max-image-preview:large, max-video-preview:-1\" \/>\n<link rel=\"canonical\" href=\"https:\/\/quantumlifecycle.com\/fr_CA\/nos-valeurs\/\" \/>\n<meta property=\"og:locale\" content=\"fr_CA\" \/>\n<meta property=\"og:type\" content=\"article\" \/>\n<meta property=\"og:title\" content=\"Nos valeurs - Quantum | ITAD &amp; E-Waste Recycling\" \/>\n<meta property=\"og:description\" content=\"Notre vision Devenir le partenaire le plus fiable de nos clients en \u00e9tablissant la norme en mati\u00e8re de gestion durable du cycle...\" \/>\n<meta property=\"og:url\" content=\"https:\/\/quantumlifecycle.com\/fr_CA\/nos-valeurs\/\" \/>\n<meta property=\"og:site_name\" content=\"Quantum | ITAD &amp; E-Waste Recycling\" \/>\n<meta property=\"article:modified_time\" content=\"2025-01-23T06:11:37+00:00\" \/>\n<meta name=\"twitter:card\" content=\"summary_large_image\" \/>\n<meta name=\"twitter:label1\" content=\"Estimation du temps de lecture\" \/>\n\t<meta name=\"twitter:data1\" content=\"4 minutes\" \/>\n<script type=\"application\/ld+json\" class=\"yoast-schema-graph\">{\"@context\":\"https:\\\/\\\/schema.org\",\"@graph\":[{\"@type\":\"WebPage\",\"@id\":\"https:\\\/\\\/quantumlifecycle.com\\\/fr_CA\\\/nos-valeurs\\\/\",\"url\":\"https:\\\/\\\/quantumlifecycle.com\\\/fr_CA\\\/nos-valeurs\\\/\",\"name\":\"Nos valeurs - Quantum | ITAD &amp; E-Waste Recycling\",\"isPartOf\":{\"@id\":\"https:\\\/\\\/quantumlifecycle.com\\\/fr_CA\\\/#website\"},\"datePublished\":\"2021-10-05T09:53:37+00:00\",\"dateModified\":\"2025-01-23T06:11:37+00:00\",\"breadcrumb\":{\"@id\":\"https:\\\/\\\/quantumlifecycle.com\\\/fr_CA\\\/nos-valeurs\\\/#breadcrumb\"},\"inLanguage\":\"fr-CA\",\"potentialAction\":[{\"@type\":\"ReadAction\",\"target\":[\"https:\\\/\\\/quantumlifecycle.com\\\/fr_CA\\\/nos-valeurs\\\/\"]}]},{\"@type\":\"BreadcrumbList\",\"@id\":\"https:\\\/\\\/quantumlifecycle.com\\\/fr_CA\\\/nos-valeurs\\\/#breadcrumb\",\"itemListElement\":[{\"@type\":\"ListItem\",\"position\":1,\"name\":\"Home\",\"item\":\"https:\\\/\\\/quantumlifecycle.com\\\/fr_CA\\\/\"},{\"@type\":\"ListItem\",\"position\":2,\"name\":\"Nos valeurs\"}]},{\"@type\":\"WebSite\",\"@id\":\"https:\\\/\\\/quantumlifecycle.com\\\/fr_CA\\\/#website\",\"url\":\"https:\\\/\\\/quantumlifecycle.com\\\/fr_CA\\\/\",\"name\":\"Quantum | ITAD & E-Waste Recycling\",\"description\":\"\",\"publisher\":{\"@id\":\"https:\\\/\\\/quantumlifecycle.com\\\/fr_CA\\\/#organization\"},\"potentialAction\":[{\"@type\":\"SearchAction\",\"target\":{\"@type\":\"EntryPoint\",\"urlTemplate\":\"https:\\\/\\\/quantumlifecycle.com\\\/fr_CA\\\/?s={search_term_string}\"},\"query-input\":{\"@type\":\"PropertyValueSpecification\",\"valueRequired\":true,\"valueName\":\"search_term_string\"}}],\"inLanguage\":\"fr-CA\"},{\"@type\":\"Organization\",\"@id\":\"https:\\\/\\\/quantumlifecycle.com\\\/fr_CA\\\/#organization\",\"name\":\"Quantum Lifecycle Partners LP\",\"url\":\"https:\\\/\\\/quantumlifecycle.com\\\/fr_CA\\\/\",\"logo\":{\"@type\":\"ImageObject\",\"inLanguage\":\"fr-CA\",\"@id\":\"https:\\\/\\\/quantumlifecycle.com\\\/fr_CA\\\/#\\\/schema\\\/logo\\\/image\\\/\",\"url\":\"https:\\\/\\\/quantumlifecycle.com\\\/wp-content\\\/uploads\\\/2020\\\/01\\\/logo.svg\",\"contentUrl\":\"https:\\\/\\\/quantumlifecycle.com\\\/wp-content\\\/uploads\\\/2020\\\/01\\\/logo.svg\",\"width\":2700,\"height\":848,\"caption\":\"Quantum Lifecycle Partners LP\"},\"image\":{\"@id\":\"https:\\\/\\\/quantumlifecycle.com\\\/fr_CA\\\/#\\\/schema\\\/logo\\\/image\\\/\"}}]}<\/script>\n<!-- \/ Yoast SEO plugin. -->","yoast_head_json":{"title":"Nos valeurs - Quantum | ITAD &amp; E-Waste Recycling","robots":{"index":"index","follow":"follow","max-snippet":"max-snippet:-1","max-image-preview":"max-image-preview:large","max-video-preview":"max-video-preview:-1"},"canonical":"https:\/\/quantumlifecycle.com\/fr_CA\/nos-valeurs\/","og_locale":"fr_CA","og_type":"article","og_title":"Nos valeurs - Quantum | ITAD &amp; E-Waste Recycling","og_description":"Notre vision Devenir le partenaire le plus fiable de nos clients en \u00e9tablissant la norme en mati\u00e8re de gestion durable du cycle...","og_url":"https:\/\/quantumlifecycle.com\/fr_CA\/nos-valeurs\/","og_site_name":"Quantum | ITAD &amp; E-Waste Recycling","article_modified_time":"2025-01-23T06:11:37+00:00","twitter_card":"summary_large_image","twitter_misc":{"Estimation du temps de lecture":"4 minutes"},"schema":{"@context":"https:\/\/schema.org","@graph":[{"@type":"WebPage","@id":"https:\/\/quantumlifecycle.com\/fr_CA\/nos-valeurs\/","url":"https:\/\/quantumlifecycle.com\/fr_CA\/nos-valeurs\/","name":"Nos valeurs - Quantum | ITAD &amp; E-Waste Recycling","isPartOf":{"@id":"https:\/\/quantumlifecycle.com\/fr_CA\/#website"},"datePublished":"2021-10-05T09:53:37+00:00","dateModified":"2025-01-23T06:11:37+00:00","breadcrumb":{"@id":"https:\/\/quantumlifecycle.com\/fr_CA\/nos-valeurs\/#breadcrumb"},"inLanguage":"fr-CA","potentialAction":[{"@type":"ReadAction","target":["https:\/\/quantumlifecycle.com\/fr_CA\/nos-valeurs\/"]}]},{"@type":"BreadcrumbList","@id":"https:\/\/quantumlifecycle.com\/fr_CA\/nos-valeurs\/#breadcrumb","itemListElement":[{"@type":"ListItem","position":1,"name":"Home","item":"https:\/\/quantumlifecycle.com\/fr_CA\/"},{"@type":"ListItem","position":2,"name":"Nos valeurs"}]},{"@type":"WebSite","@id":"https:\/\/quantumlifecycle.com\/fr_CA\/#website","url":"https:\/\/quantumlifecycle.com\/fr_CA\/","name":"Quantum | ITAD & E-Waste Recycling","description":"","publisher":{"@id":"https:\/\/quantumlifecycle.com\/fr_CA\/#organization"},"potentialAction":[{"@type":"SearchAction","target":{"@type":"EntryPoint","urlTemplate":"https:\/\/quantumlifecycle.com\/fr_CA\/?s={search_term_string}"},"query-input":{"@type":"PropertyValueSpecification","valueRequired":true,"valueName":"search_term_string"}}],"inLanguage":"fr-CA"},{"@type":"Organization","@id":"https:\/\/quantumlifecycle.com\/fr_CA\/#organization","name":"Quantum Lifecycle Partners LP","url":"https:\/\/quantumlifecycle.com\/fr_CA\/","logo":{"@type":"ImageObject","inLanguage":"fr-CA","@id":"https:\/\/quantumlifecycle.com\/fr_CA\/#\/schema\/logo\/image\/","url":"https:\/\/quantumlifecycle.com\/wp-content\/uploads\/2020\/01\/logo.svg","contentUrl":"https:\/\/quantumlifecycle.com\/wp-content\/uploads\/2020\/01\/logo.svg","width":2700,"height":848,"caption":"Quantum Lifecycle Partners LP"},"image":{"@id":"https:\/\/quantumlifecycle.com\/fr_CA\/#\/schema\/logo\/image\/"}}]}},"yoast":{"metadesc":""},"_links":{"self":[{"href":"https:\/\/quantumlifecycle.com\/fr_CA\/wp-json\/wp\/v2\/pages\/13682","targetHints":{"allow":["GET"]}}],"collection":[{"href":"https:\/\/quantumlifecycle.com\/fr_CA\/wp-json\/wp\/v2\/pages"}],"about":[{"href":"https:\/\/quantumlifecycle.com\/fr_CA\/wp-json\/wp\/v2\/types\/page"}],"author":[{"embeddable":true,"href":"https:\/\/quantumlifecycle.com\/fr_CA\/wp-json\/wp\/v2\/users\/12"}],"replies":[{"embeddable":true,"href":"https:\/\/quantumlifecycle.com\/fr_CA\/wp-json\/wp\/v2\/comments?post=13682"}],"version-history":[{"count":3,"href":"https:\/\/quantumlifecycle.com\/fr_CA\/wp-json\/wp\/v2\/pages\/13682\/revisions"}],"predecessor-version":[{"id":27366,"href":"https:\/\/quantumlifecycle.com\/fr_CA\/wp-json\/wp\/v2\/pages\/13682\/revisions\/27366"}],"wp:attachment":[{"href":"https:\/\/quantumlifecycle.com\/fr_CA\/wp-json\/wp\/v2\/media?parent=13682"}],"curies":[{"name":"wp","href":"https:\/\/api.w.org\/{rel}","templated":true}]}}