{"id":13661,"date":"2021-10-07T07:41:17","date_gmt":"2021-10-07T11:41:17","guid":{"rendered":"https:\/\/quantumlifecycle.com\/staging\/durabilite\/"},"modified":"2025-10-16T11:10:36","modified_gmt":"2025-10-16T15:10:36","slug":"durabilite","status":"publish","type":"page","link":"https:\/\/quantumlifecycle.com\/fr_CA\/durabilite\/","title":{"rendered":"Durabilit\u00e9"},"content":{"rendered":"<div class=\"new-pages-container\">\n<div class=\"sustain-top-row sustain-top-row-facility\">\n<div class=\"sustain-top-row-right\">\n<h2 class=\"primary-headline\">Comment Quantum facilite le d\u00e9veloppement durable<\/h2>\n<p>La durabilit\u00e9 est au c\u0153ur de toutes les activit\u00e9s de Quantum. C&rsquo;est pourquoi nous sommes les partenaires id\u00e9aux pour un avenir durable.<\/p>\n<p>La durabilit\u00e9 est un concept complexe qui englobe les <strong>aspects environnementaux, sociaux et financiers<\/strong> dans tout processus donn\u00e9. Pour appr\u00e9cier pleinement et relever les d\u00e9fis li\u00e9s \u00e0 la gestion des d\u00e9chets \u00e9lectroniques pour un avenir durable, nous devons tenir compte de tous ces facteurs et de leur interaction. Quantum envisage la durabilit\u00e9 de mani\u00e8re holistique et sous tous les angles. Alors que la plupart des entreprises de notre secteur se concentrent sur l&rsquo;un ou l&rsquo;autre, Quantum est aussi fort dans les services de r\u00e9utilisation et de recyclage, ce qui refl\u00e8te notre engagement \u00e0 fournir des solutions solides qui traitent en profondeur l&rsquo;impact consid\u00e9rable des d\u00e9chets \u00e9lectroniques sur notre plan\u00e8te.<\/p>\n<\/div>\n<div class=\"sustain-top-row-left\"><div class=\"image-container-cta\"><img decoding=\"async\" src=\"https:\/\/quantumlifecycle.com\/wp-content\/uploads\/2025\/10\/Impact-Report-FR-1.jpg\" \/><\/div><div class=\"cta-content\"><a class=\"primary-btn\" href=\"https:\/\/flipbooklets.com\/pdfflipbooklets\/impact-report-fy25-quantum-lifecycle-partners-fr\">T\u00c9L\u00c9CHARGER<\/a><\/div><\/div>\n<\/div>\n<\/div>\n<div class=\"new-pages-container sustain-top-row-container sustain-container\">\n<h2 class=\"text-center primary-headline\">R\u00e9duction du carbone &#8211; Mesurer votre impact<\/h2>\n<div class=\"sustain-top-row\">\n<div class=\"sustain-top-row-right\">\n<p>IIl est bien document\u00e9 que la r\u00e9utilisation, la remise \u00e0 neuf et le recyclage des produits \u00e9lectroniques ont un impact positif sur les \u00e9missions de gaz \u00e0 effet de serre. Cependant, nous pensons que les programmes de cr\u00e9dits de GES existants n&rsquo;abordent pas de mani\u00e8re ad\u00e9quate le concept d&rsquo;additionnalit\u00e9 et ne constituent donc pas un moyen significatif de r\u00e9duire les \u00e9missions de carbone.<\/p>\n<p><strong>Pourquoi l&rsquo;additionnalit\u00e9 est-elle importante pour vous ?<\/strong><\/p>\n<p>L&rsquo;additionnalit\u00e9 est le concept selon lequel une activit\u00e9 a un impact positif mesurable qui est sup\u00e9rieur \u00e0 l&rsquo;impact que vous auriez eu en faisant autre chose. R\u00e9utiliser un ordinateur portable n&rsquo;est pas en soi une activit\u00e9 qui g\u00e9n\u00e8re des cr\u00e9dits s&rsquo;il y a une forte probabilit\u00e9 que l&rsquo;ordinateur aurait \u00e9t\u00e9 r\u00e9utilis\u00e9 de toute fa\u00e7on. Au fur et \u00e0 mesure que les march\u00e9s du carbone se d\u00e9veloppent \u00e0 l&rsquo;\u00e9chelle mondiale, on constate un consensus croissant sur ce qui constitue ou non un \u00ab\u00a0cr\u00e9dit\u00a0\u00bb, en particulier dans le contexte de la compensation des \u00e9missions de carbone dans une organisation. Il pourrait devenir co\u00fbteux d&rsquo;acheter r\u00e9troactivement de nouveaux cr\u00e9dits parce que vos anciens ne sont plus accept\u00e9s par les agences d&rsquo;enregistrement reconnues.<\/p>\n<\/div>\n<div class=\"sustain-top-row-left\"><img decoding=\"async\" src=\"\/wp-content\/uploads\/2021\/10\/sustain-image-1.svg\" \/><\/div>\n<\/div>\n<\/div>\n<div class=\"new-pages-container sustain-container\">\n<div class=\"sustain-top-row sustain-row-center\">\n<div class=\"sustain-top-row-left sustain-top-row-center \"><img decoding=\"async\" src=\"\/wp-content\/uploads\/2021\/10\/Your-footprint-fr.svg\" \/><\/div>\n<div class=\"sustain-top-row-right\">\n<p><strong>L&rsquo;approche de Quantum : Moins sexy, plus efficace<\/strong><\/p>\n<p>Quantum r\u00e9sout ce probl\u00e8me gr\u00e2ce \u00e0 son approche unique. Nous d\u00e9veloppons un calculateur propri\u00e9taire certifi\u00e9 (dont le lancement est pr\u00e9vu d\u00e9but 2022) qui permettra aux clients de mesurer avec pr\u00e9cision l&rsquo;impact sur les gaz \u00e0 effet de serre de leurs activit\u00e9s de r\u00e9utilisation, de remise \u00e0 neuf et de recyclage, en \u00e9tablissant un lien direct entre le travail que nous effectuons en votre nom et la r\u00e9duction nette des \u00e9missions de carbone qui en r\u00e9sulte. En d&rsquo;autres termes, il ne s&rsquo;agit pas de g\u00e9n\u00e9rer des \u00ab\u00a0cr\u00e9dits\u00a0\u00bb mais d&rsquo;obtenir une r\u00e9duction r\u00e9elle et quantifiable des \u00e9missions de carbone. Ces donn\u00e9es peuvent ensuite \u00eatre utilis\u00e9es pour rendre compte des exigences gouvernementales ainsi que des initiatives environnementales et de durabilit\u00e9 des entreprises.<\/p>\n<\/div>\n<\/div>\n<\/div>\n<div class=\"new-pages-container sustain-container sustain-container-social\">\n<div class=\"sustain-top-row\">\n<div class=\"sustain-top-row-right sustain-social-giving\">\n<h2 class=\"primary-headline\">Donation sociale<\/h2>\n<p>Quantum s&rsquo;efforce d&rsquo;avoir un impact social positif par le biais de dons caritatifs et de donations de ressources informatiques \u00e0 ceux qui en ont besoin. Quels que soient les aspects de la durabilit\u00e9 auxquels vous accordez le plus d&rsquo;importance, Quantum les met tous sur un pied d&rsquo;\u00e9galit\u00e9 lorsqu&rsquo;il d\u00e9ploie des solutions pour votre organisation. Nos clients soutiennent des organisations caritatives, et toute cause importante pour nos clients est importante pour Quantum.<\/p>\n<p>Gr\u00e2ce \u00e0 notre programme de dons de bienfaisance, nous pouvons \u00e9galement adopter une approche diff\u00e9rente du don en offrant aux organismes de bienfaisance ce dont ils ont le plus besoin (de l&rsquo;argent), et pas n\u00e9cessairement ce que vous avez (de vieux actifs). Bien que de nombreuses organisations caritatives puissent accepter tout ce que vous leur donnez, la plupart d&rsquo;entre elles ont une liste de besoins tr\u00e8s pr\u00e9cise. Pourquoi ne pas mon\u00e9tiser vos actifs, faire un don et leur donner la possibilit\u00e9 d&rsquo;acheter ce dont ils ont vraiment besoin ? Allez plus loin et transformez vos cr\u00e9dits en une carte cadeau QNovum que l&rsquo;association caritative de votre choix pourra acheter directement aupr\u00e8s de nous. C&rsquo;est un syst\u00e8me en boucle ferm\u00e9e qui profite \u00e0 toutes les parties concern\u00e9es.<\/p>\n<p><a class=\"primary-btn\" href=\"https:\/\/qnovum.com\/\" target=\"_blank\" rel=\"noopener\">Visitez QNovum<\/a><\/p>\n<\/div>\n<div class=\"sustain-top-row-left\"><img decoding=\"async\" src=\"\/wp-content\/uploads\/2021\/10\/sustain-image-3.svg\" \/><\/div>\n<\/div>\n<\/div>\n","protected":false},"excerpt":{"rendered":"<p>Comment Quantum facilite le d\u00e9veloppement durable La durabilit\u00e9 est au c\u0153ur de toutes les activit\u00e9s de Quantum. C&rsquo;est pourquoi nous sommes les&#8230;<\/p>\n","protected":false},"author":12,"featured_media":0,"parent":0,"menu_order":0,"comment_status":"closed","ping_status":"closed","template":"page-sustainability.php","meta":{"_acf_changed":false,"om_disable_all_campaigns":false,"_genesis_hide_title":false,"_genesis_hide_breadcrumbs":false,"_genesis_hide_singular_image":false,"_genesis_hide_footer_widgets":false,"_genesis_custom_body_class":"","_genesis_custom_post_class":"","_genesis_layout":"","footnotes":""},"class_list":{"0":"post-13661","1":"page","2":"type-page","3":"status-publish","5":"entry"},"acf":[],"yoast_head":"<!-- This site is optimized with the Yoast SEO plugin v27.4 - https:\/\/yoast.com\/product\/yoast-seo-wordpress\/ -->\n<title>Durabilit\u00e9 - Quantum | ITAD &amp; E-Waste Recycling<\/title>\n<meta name=\"robots\" content=\"index, follow, max-snippet:-1, max-image-preview:large, max-video-preview:-1\" \/>\n<link rel=\"canonical\" href=\"https:\/\/quantumlifecycle.com\/fr_CA\/durabilite\/\" \/>\n<meta property=\"og:locale\" content=\"fr_CA\" \/>\n<meta property=\"og:type\" content=\"article\" \/>\n<meta property=\"og:title\" content=\"Durabilit\u00e9 - Quantum | ITAD &amp; E-Waste Recycling\" \/>\n<meta property=\"og:description\" content=\"Comment Quantum facilite le d\u00e9veloppement durable La durabilit\u00e9 est au c\u0153ur de toutes les activit\u00e9s de Quantum. C&rsquo;est pourquoi nous sommes les...\" \/>\n<meta property=\"og:url\" content=\"https:\/\/quantumlifecycle.com\/fr_CA\/durabilite\/\" \/>\n<meta property=\"og:site_name\" content=\"Quantum | ITAD &amp; E-Waste Recycling\" \/>\n<meta property=\"article:modified_time\" content=\"2025-10-16T15:10:36+00:00\" \/>\n<meta name=\"twitter:card\" content=\"summary_large_image\" \/>\n<meta name=\"twitter:label1\" content=\"Estimation du temps de lecture\" \/>\n\t<meta name=\"twitter:data1\" content=\"4 minutes\" \/>\n<script type=\"application\/ld+json\" class=\"yoast-schema-graph\">{\"@context\":\"https:\\\/\\\/schema.org\",\"@graph\":[{\"@type\":\"WebPage\",\"@id\":\"https:\\\/\\\/quantumlifecycle.com\\\/fr_CA\\\/durabilite\\\/\",\"url\":\"https:\\\/\\\/quantumlifecycle.com\\\/fr_CA\\\/durabilite\\\/\",\"name\":\"Durabilit\u00e9 - Quantum | ITAD &amp; E-Waste Recycling\",\"isPartOf\":{\"@id\":\"https:\\\/\\\/quantumlifecycle.com\\\/fr_CA\\\/#website\"},\"datePublished\":\"2021-10-07T11:41:17+00:00\",\"dateModified\":\"2025-10-16T15:10:36+00:00\",\"breadcrumb\":{\"@id\":\"https:\\\/\\\/quantumlifecycle.com\\\/fr_CA\\\/durabilite\\\/#breadcrumb\"},\"inLanguage\":\"fr-CA\",\"potentialAction\":[{\"@type\":\"ReadAction\",\"target\":[\"https:\\\/\\\/quantumlifecycle.com\\\/fr_CA\\\/durabilite\\\/\"]}]},{\"@type\":\"BreadcrumbList\",\"@id\":\"https:\\\/\\\/quantumlifecycle.com\\\/fr_CA\\\/durabilite\\\/#breadcrumb\",\"itemListElement\":[{\"@type\":\"ListItem\",\"position\":1,\"name\":\"Home\",\"item\":\"https:\\\/\\\/quantumlifecycle.com\\\/fr_CA\\\/\"},{\"@type\":\"ListItem\",\"position\":2,\"name\":\"Durabilit\u00e9\"}]},{\"@type\":\"WebSite\",\"@id\":\"https:\\\/\\\/quantumlifecycle.com\\\/fr_CA\\\/#website\",\"url\":\"https:\\\/\\\/quantumlifecycle.com\\\/fr_CA\\\/\",\"name\":\"Quantum | ITAD & E-Waste Recycling\",\"description\":\"\",\"publisher\":{\"@id\":\"https:\\\/\\\/quantumlifecycle.com\\\/fr_CA\\\/#organization\"},\"potentialAction\":[{\"@type\":\"SearchAction\",\"target\":{\"@type\":\"EntryPoint\",\"urlTemplate\":\"https:\\\/\\\/quantumlifecycle.com\\\/fr_CA\\\/?s={search_term_string}\"},\"query-input\":{\"@type\":\"PropertyValueSpecification\",\"valueRequired\":true,\"valueName\":\"search_term_string\"}}],\"inLanguage\":\"fr-CA\"},{\"@type\":\"Organization\",\"@id\":\"https:\\\/\\\/quantumlifecycle.com\\\/fr_CA\\\/#organization\",\"name\":\"Quantum Lifecycle Partners LP\",\"url\":\"https:\\\/\\\/quantumlifecycle.com\\\/fr_CA\\\/\",\"logo\":{\"@type\":\"ImageObject\",\"inLanguage\":\"fr-CA\",\"@id\":\"https:\\\/\\\/quantumlifecycle.com\\\/fr_CA\\\/#\\\/schema\\\/logo\\\/image\\\/\",\"url\":\"https:\\\/\\\/quantumlifecycle.com\\\/wp-content\\\/uploads\\\/2020\\\/01\\\/logo.svg\",\"contentUrl\":\"https:\\\/\\\/quantumlifecycle.com\\\/wp-content\\\/uploads\\\/2020\\\/01\\\/logo.svg\",\"width\":2700,\"height\":848,\"caption\":\"Quantum Lifecycle Partners LP\"},\"image\":{\"@id\":\"https:\\\/\\\/quantumlifecycle.com\\\/fr_CA\\\/#\\\/schema\\\/logo\\\/image\\\/\"}}]}<\/script>\n<!-- \/ Yoast SEO plugin. -->","yoast_head_json":{"title":"Durabilit\u00e9 - Quantum | ITAD &amp; E-Waste Recycling","robots":{"index":"index","follow":"follow","max-snippet":"max-snippet:-1","max-image-preview":"max-image-preview:large","max-video-preview":"max-video-preview:-1"},"canonical":"https:\/\/quantumlifecycle.com\/fr_CA\/durabilite\/","og_locale":"fr_CA","og_type":"article","og_title":"Durabilit\u00e9 - Quantum | ITAD &amp; E-Waste Recycling","og_description":"Comment Quantum facilite le d\u00e9veloppement durable La durabilit\u00e9 est au c\u0153ur de toutes les activit\u00e9s de Quantum. C&rsquo;est pourquoi nous sommes les...","og_url":"https:\/\/quantumlifecycle.com\/fr_CA\/durabilite\/","og_site_name":"Quantum | ITAD &amp; E-Waste Recycling","article_modified_time":"2025-10-16T15:10:36+00:00","twitter_card":"summary_large_image","twitter_misc":{"Estimation du temps de lecture":"4 minutes"},"schema":{"@context":"https:\/\/schema.org","@graph":[{"@type":"WebPage","@id":"https:\/\/quantumlifecycle.com\/fr_CA\/durabilite\/","url":"https:\/\/quantumlifecycle.com\/fr_CA\/durabilite\/","name":"Durabilit\u00e9 - Quantum | ITAD &amp; E-Waste Recycling","isPartOf":{"@id":"https:\/\/quantumlifecycle.com\/fr_CA\/#website"},"datePublished":"2021-10-07T11:41:17+00:00","dateModified":"2025-10-16T15:10:36+00:00","breadcrumb":{"@id":"https:\/\/quantumlifecycle.com\/fr_CA\/durabilite\/#breadcrumb"},"inLanguage":"fr-CA","potentialAction":[{"@type":"ReadAction","target":["https:\/\/quantumlifecycle.com\/fr_CA\/durabilite\/"]}]},{"@type":"BreadcrumbList","@id":"https:\/\/quantumlifecycle.com\/fr_CA\/durabilite\/#breadcrumb","itemListElement":[{"@type":"ListItem","position":1,"name":"Home","item":"https:\/\/quantumlifecycle.com\/fr_CA\/"},{"@type":"ListItem","position":2,"name":"Durabilit\u00e9"}]},{"@type":"WebSite","@id":"https:\/\/quantumlifecycle.com\/fr_CA\/#website","url":"https:\/\/quantumlifecycle.com\/fr_CA\/","name":"Quantum | ITAD & E-Waste Recycling","description":"","publisher":{"@id":"https:\/\/quantumlifecycle.com\/fr_CA\/#organization"},"potentialAction":[{"@type":"SearchAction","target":{"@type":"EntryPoint","urlTemplate":"https:\/\/quantumlifecycle.com\/fr_CA\/?s={search_term_string}"},"query-input":{"@type":"PropertyValueSpecification","valueRequired":true,"valueName":"search_term_string"}}],"inLanguage":"fr-CA"},{"@type":"Organization","@id":"https:\/\/quantumlifecycle.com\/fr_CA\/#organization","name":"Quantum Lifecycle Partners LP","url":"https:\/\/quantumlifecycle.com\/fr_CA\/","logo":{"@type":"ImageObject","inLanguage":"fr-CA","@id":"https:\/\/quantumlifecycle.com\/fr_CA\/#\/schema\/logo\/image\/","url":"https:\/\/quantumlifecycle.com\/wp-content\/uploads\/2020\/01\/logo.svg","contentUrl":"https:\/\/quantumlifecycle.com\/wp-content\/uploads\/2020\/01\/logo.svg","width":2700,"height":848,"caption":"Quantum Lifecycle Partners LP"},"image":{"@id":"https:\/\/quantumlifecycle.com\/fr_CA\/#\/schema\/logo\/image\/"}}]}},"yoast":{"metadesc":""},"_links":{"self":[{"href":"https:\/\/quantumlifecycle.com\/fr_CA\/wp-json\/wp\/v2\/pages\/13661","targetHints":{"allow":["GET"]}}],"collection":[{"href":"https:\/\/quantumlifecycle.com\/fr_CA\/wp-json\/wp\/v2\/pages"}],"about":[{"href":"https:\/\/quantumlifecycle.com\/fr_CA\/wp-json\/wp\/v2\/types\/page"}],"author":[{"embeddable":true,"href":"https:\/\/quantumlifecycle.com\/fr_CA\/wp-json\/wp\/v2\/users\/12"}],"replies":[{"embeddable":true,"href":"https:\/\/quantumlifecycle.com\/fr_CA\/wp-json\/wp\/v2\/comments?post=13661"}],"version-history":[{"count":7,"href":"https:\/\/quantumlifecycle.com\/fr_CA\/wp-json\/wp\/v2\/pages\/13661\/revisions"}],"predecessor-version":[{"id":29068,"href":"https:\/\/quantumlifecycle.com\/fr_CA\/wp-json\/wp\/v2\/pages\/13661\/revisions\/29068"}],"wp:attachment":[{"href":"https:\/\/quantumlifecycle.com\/fr_CA\/wp-json\/wp\/v2\/media?parent=13661"}],"curies":[{"name":"wp","href":"https:\/\/api.w.org\/{rel}","templated":true}]}}