{"id":13657,"date":"2021-10-14T09:29:20","date_gmt":"2021-10-14T13:29:20","guid":{"rendered":"https:\/\/quantumlifecycle.com\/staging\/notre-histoire\/"},"modified":"2022-06-15T06:50:11","modified_gmt":"2022-06-15T10:50:11","slug":"notre-histoire","status":"publish","type":"page","link":"https:\/\/quantumlifecycle.com\/fr_CA\/notre-histoire\/","title":{"rendered":"Notre histoire"},"content":{"rendered":"<div class=\"container\">\n<div class=\"our-story-content w-800\">\n<h2 class=\"text-center primary-headline\">Qui sommes-nous ?<\/h2>\n<p>Quantum Lifecycle Partners est \u00e0 la fois une soci\u00e9t\u00e9 d&rsquo;\u00e9limination des actifs informatiques (ITAD) et un recycleur de mat\u00e9riel \u00e9lectronique en fin de vie. Gr\u00e2ce \u00e0 cette association strat\u00e9gique de services, nous couvrons toutes les \u00e9tapes du processus d&rsquo;\u00e9limination des TI, de la destruction des donn\u00e9es \u00e0 la remise \u00e0 neuf, la revente et le recyclage. Nous nous appuyons sur plus de 30 ans d&rsquo;histoire d&rsquo;entreprise pour d\u00e9velopper des solutions personnalis\u00e9es pour nos clients. En tenant compte de l&rsquo;\u00e9volution de la technologie, de l&rsquo;\u00e9volution du march\u00e9 et d&rsquo;un paysage r\u00e9glementaire complexe, notre \u00e9volution vers Quantum refl\u00e8te notre capacit\u00e9 \u00e0 r\u00e9pondre aux besoins des clients de mani\u00e8re significative.<\/p><\/div>\n<div class=\"w-800 our-story-content-image-container\">\n<div class=\"our-story-content-image\">\n<div class=\"story-image\">\n                <img decoding=\"async\" class=\"img-fluid\" src=\"\/wp-content\/uploads\/2021\/10\/story-img-1.svg\" alt=\"Processus de ITAD\"><\/p>\n<h3>ITAD<\/h3>\n<\/p><\/div>\n<div class=\"story-image\">\n                <img decoding=\"async\" class=\"img-fluid\" src=\"\/wp-content\/uploads\/2021\/10\/story-img-2.svg\" alt=\"Processus de Recycling\"><\/p>\n<h3>Solutions de recyclage<\/h3>\n<\/p><\/div>\n<\/p><\/div>\n<\/p><\/div>\n<\/p><\/div>\n<div class=\"new-pages-container story-history-container\">\n<div class=\"row story-our-history text-center\">\n<div class=\"col-lg-6 quantum-logo-story\">\n<div>\n          <img decoding=\"async\" class=\"img-fluid\" src=\"\/wp-content\/uploads\/2021\/10\/logo-Quantum.svg\" alt=\"Quantum logo\">\n        <\/div>\n<\/p><\/div>\n<div class=\"col-lg-6 story-our-history-image\">\n<h2 class=\"primary-headline\">Notre histoire<\/h2>\n<div>\n<p style=\"font-size: 20px; line-height: 32.5px;\">Quantum a \u00e9t\u00e9 cr\u00e9\u00e9e en septembre 2019 par l&rsquo;acquisition d&rsquo;actifs de Shift Recycling Inc. et de GEEP (Global Electric Electronic Processing). L&rsquo;entreprise est soutenue par deux groupes d&rsquo;actionnaires ayant une expertise dans le secteur du service et du recyclage des m\u00e9taux : <a href=\"https:\/\/www.combinedmetal.com\/\">Combined Metal Industries<\/a> et <a href=\"http:\/\/gg-inc.ca\/\">le groupe Giampaolo.<\/a><\/a><\/p><\/div>\n<\/p><\/div>\n<\/p><\/div>\n<\/p><\/div>\n<div class=\"top-content two-column-content new-pages-container our-mission-story\">\n<div class=\"right-column\">\n<h2 class=\"primary-headline blue-headline\">Notre mission<\/h2>\n<p>Quantum envisage un avenir durable dans lequel les pratiques de r\u00e9utilisation et de recyclage minimisent la quantit\u00e9 de d\u00e9chets \u00e9lectroniques mis en d\u00e9charge. Nous offrons des solutions sans tracas pour simplifier la gestion des d\u00e9chets \u00e9lectroniques et l&rsquo;\u00e9limination des actifs pour les organisations de toutes tailles et de tous secteurs. En outre, nous aidons chaque entreprise \u00e0 maximiser la valeur de ses actifs informatiques en fin de vie, en allant au-del\u00e0 de la conformit\u00e9 pour offrir des avantages r\u00e9els \u00e0 votre entreprise. Avec une culture d&rsquo;entreprise ax\u00e9e sur la croissance, nous atteignons ces objectifs gr\u00e2ce \u00e0 nos valeurs fondamentales : Une curiosit\u00e9 sans rel\u00e2che, Attitude de gratitude, Un leadership audacieux, Int\u00e9grit\u00e9 courageuse et la Fiert\u00e9 de contribuer.<\/p><\/div>\n<div class=\"left-column our-mission-story-image\"><img loading=\"lazy\" decoding=\"async\" class=\"aligncenter size-full wp-image-6188\" role=\"img\" src=\"https:\/\/quantumlifecycle.com\/wp-content\/uploads\/2022\/03\/Our-Story-FR.png.webp\" alt=\"Notre mission infographie\" width=\"429\" height=\"414\" \/><\/div>\n<\/p><\/div>\n","protected":false},"excerpt":{"rendered":"<p>Qui sommes-nous ? Quantum Lifecycle Partners est \u00e0 la fois une soci\u00e9t\u00e9 d&rsquo;\u00e9limination des actifs informatiques (ITAD) et un recycleur de mat\u00e9riel&#8230;<\/p>\n","protected":false},"author":3,"featured_media":0,"parent":0,"menu_order":0,"comment_status":"closed","ping_status":"closed","template":"page-our-story.php","meta":{"_acf_changed":false,"om_disable_all_campaigns":false,"_genesis_hide_title":false,"_genesis_hide_breadcrumbs":false,"_genesis_hide_singular_image":false,"_genesis_hide_footer_widgets":false,"_genesis_custom_body_class":"","_genesis_custom_post_class":"","_genesis_layout":"","footnotes":""},"class_list":{"0":"post-13657","1":"page","2":"type-page","3":"status-publish","5":"entry"},"acf":[],"yoast_head":"<!-- This site is optimized with the Yoast SEO plugin v27.4 - https:\/\/yoast.com\/product\/yoast-seo-wordpress\/ -->\n<title>Notre histoire - Quantum | ITAD &amp; E-Waste Recycling<\/title>\n<meta name=\"robots\" content=\"index, follow, max-snippet:-1, max-image-preview:large, max-video-preview:-1\" \/>\n<link rel=\"canonical\" href=\"https:\/\/quantumlifecycle.com\/fr_CA\/notre-histoire\/\" \/>\n<meta property=\"og:locale\" content=\"fr_CA\" \/>\n<meta property=\"og:type\" content=\"article\" \/>\n<meta property=\"og:title\" content=\"Notre histoire - Quantum | ITAD &amp; E-Waste Recycling\" \/>\n<meta property=\"og:description\" content=\"Qui sommes-nous ? Quantum Lifecycle Partners est \u00e0 la fois une soci\u00e9t\u00e9 d&rsquo;\u00e9limination des actifs informatiques (ITAD) et un recycleur de mat\u00e9riel...\" \/>\n<meta property=\"og:url\" content=\"https:\/\/quantumlifecycle.com\/fr_CA\/notre-histoire\/\" \/>\n<meta property=\"og:site_name\" content=\"Quantum | ITAD &amp; E-Waste Recycling\" \/>\n<meta property=\"article:modified_time\" content=\"2022-06-15T10:50:11+00:00\" \/>\n<meta property=\"og:image\" content=\"https:\/\/quantumlifecycle.com\/wp-content\/uploads\/2022\/03\/Our-Story-FR.png.webp\" \/>\n<meta name=\"twitter:card\" content=\"summary_large_image\" \/>\n<meta name=\"twitter:label1\" content=\"Estimation du temps de lecture\" \/>\n\t<meta name=\"twitter:data1\" content=\"1 minute\" \/>\n<script type=\"application\/ld+json\" class=\"yoast-schema-graph\">{\"@context\":\"https:\\\/\\\/schema.org\",\"@graph\":[{\"@type\":\"WebPage\",\"@id\":\"https:\\\/\\\/quantumlifecycle.com\\\/fr_CA\\\/notre-histoire\\\/\",\"url\":\"https:\\\/\\\/quantumlifecycle.com\\\/fr_CA\\\/notre-histoire\\\/\",\"name\":\"Notre histoire - Quantum | ITAD &amp; E-Waste Recycling\",\"isPartOf\":{\"@id\":\"https:\\\/\\\/quantumlifecycle.com\\\/fr_CA\\\/#website\"},\"primaryImageOfPage\":{\"@id\":\"https:\\\/\\\/quantumlifecycle.com\\\/fr_CA\\\/notre-histoire\\\/#primaryimage\"},\"image\":{\"@id\":\"https:\\\/\\\/quantumlifecycle.com\\\/fr_CA\\\/notre-histoire\\\/#primaryimage\"},\"thumbnailUrl\":\"https:\\\/\\\/quantumlifecycle.com\\\/wp-content\\\/uploads\\\/2022\\\/03\\\/Our-Story-FR.png.webp\",\"datePublished\":\"2021-10-14T13:29:20+00:00\",\"dateModified\":\"2022-06-15T10:50:11+00:00\",\"breadcrumb\":{\"@id\":\"https:\\\/\\\/quantumlifecycle.com\\\/fr_CA\\\/notre-histoire\\\/#breadcrumb\"},\"inLanguage\":\"fr-CA\",\"potentialAction\":[{\"@type\":\"ReadAction\",\"target\":[\"https:\\\/\\\/quantumlifecycle.com\\\/fr_CA\\\/notre-histoire\\\/\"]}]},{\"@type\":\"ImageObject\",\"inLanguage\":\"fr-CA\",\"@id\":\"https:\\\/\\\/quantumlifecycle.com\\\/fr_CA\\\/notre-histoire\\\/#primaryimage\",\"url\":\"https:\\\/\\\/quantumlifecycle.com\\\/wp-content\\\/uploads\\\/2022\\\/03\\\/Our-Story-FR.png.webp\",\"contentUrl\":\"https:\\\/\\\/quantumlifecycle.com\\\/wp-content\\\/uploads\\\/2022\\\/03\\\/Our-Story-FR.png.webp\"},{\"@type\":\"BreadcrumbList\",\"@id\":\"https:\\\/\\\/quantumlifecycle.com\\\/fr_CA\\\/notre-histoire\\\/#breadcrumb\",\"itemListElement\":[{\"@type\":\"ListItem\",\"position\":1,\"name\":\"Home\",\"item\":\"https:\\\/\\\/quantumlifecycle.com\\\/fr_CA\\\/\"},{\"@type\":\"ListItem\",\"position\":2,\"name\":\"Notre histoire\"}]},{\"@type\":\"WebSite\",\"@id\":\"https:\\\/\\\/quantumlifecycle.com\\\/fr_CA\\\/#website\",\"url\":\"https:\\\/\\\/quantumlifecycle.com\\\/fr_CA\\\/\",\"name\":\"Quantum | ITAD & E-Waste Recycling\",\"description\":\"\",\"publisher\":{\"@id\":\"https:\\\/\\\/quantumlifecycle.com\\\/fr_CA\\\/#organization\"},\"potentialAction\":[{\"@type\":\"SearchAction\",\"target\":{\"@type\":\"EntryPoint\",\"urlTemplate\":\"https:\\\/\\\/quantumlifecycle.com\\\/fr_CA\\\/?s={search_term_string}\"},\"query-input\":{\"@type\":\"PropertyValueSpecification\",\"valueRequired\":true,\"valueName\":\"search_term_string\"}}],\"inLanguage\":\"fr-CA\"},{\"@type\":\"Organization\",\"@id\":\"https:\\\/\\\/quantumlifecycle.com\\\/fr_CA\\\/#organization\",\"name\":\"Quantum Lifecycle Partners LP\",\"url\":\"https:\\\/\\\/quantumlifecycle.com\\\/fr_CA\\\/\",\"logo\":{\"@type\":\"ImageObject\",\"inLanguage\":\"fr-CA\",\"@id\":\"https:\\\/\\\/quantumlifecycle.com\\\/fr_CA\\\/#\\\/schema\\\/logo\\\/image\\\/\",\"url\":\"https:\\\/\\\/quantumlifecycle.com\\\/wp-content\\\/uploads\\\/2020\\\/01\\\/logo.svg\",\"contentUrl\":\"https:\\\/\\\/quantumlifecycle.com\\\/wp-content\\\/uploads\\\/2020\\\/01\\\/logo.svg\",\"width\":2700,\"height\":848,\"caption\":\"Quantum Lifecycle Partners LP\"},\"image\":{\"@id\":\"https:\\\/\\\/quantumlifecycle.com\\\/fr_CA\\\/#\\\/schema\\\/logo\\\/image\\\/\"}}]}<\/script>\n<!-- \/ Yoast SEO plugin. -->","yoast_head_json":{"title":"Notre histoire - Quantum | ITAD &amp; E-Waste Recycling","robots":{"index":"index","follow":"follow","max-snippet":"max-snippet:-1","max-image-preview":"max-image-preview:large","max-video-preview":"max-video-preview:-1"},"canonical":"https:\/\/quantumlifecycle.com\/fr_CA\/notre-histoire\/","og_locale":"fr_CA","og_type":"article","og_title":"Notre histoire - Quantum | ITAD &amp; E-Waste Recycling","og_description":"Qui sommes-nous ? Quantum Lifecycle Partners est \u00e0 la fois une soci\u00e9t\u00e9 d&rsquo;\u00e9limination des actifs informatiques (ITAD) et un recycleur de mat\u00e9riel...","og_url":"https:\/\/quantumlifecycle.com\/fr_CA\/notre-histoire\/","og_site_name":"Quantum | ITAD &amp; E-Waste Recycling","article_modified_time":"2022-06-15T10:50:11+00:00","og_image":[{"url":"https:\/\/quantumlifecycle.com\/wp-content\/uploads\/2022\/03\/Our-Story-FR.png.webp","type":"","width":"","height":""}],"twitter_card":"summary_large_image","twitter_misc":{"Estimation du temps de lecture":"1 minute"},"schema":{"@context":"https:\/\/schema.org","@graph":[{"@type":"WebPage","@id":"https:\/\/quantumlifecycle.com\/fr_CA\/notre-histoire\/","url":"https:\/\/quantumlifecycle.com\/fr_CA\/notre-histoire\/","name":"Notre histoire - Quantum | ITAD &amp; E-Waste Recycling","isPartOf":{"@id":"https:\/\/quantumlifecycle.com\/fr_CA\/#website"},"primaryImageOfPage":{"@id":"https:\/\/quantumlifecycle.com\/fr_CA\/notre-histoire\/#primaryimage"},"image":{"@id":"https:\/\/quantumlifecycle.com\/fr_CA\/notre-histoire\/#primaryimage"},"thumbnailUrl":"https:\/\/quantumlifecycle.com\/wp-content\/uploads\/2022\/03\/Our-Story-FR.png.webp","datePublished":"2021-10-14T13:29:20+00:00","dateModified":"2022-06-15T10:50:11+00:00","breadcrumb":{"@id":"https:\/\/quantumlifecycle.com\/fr_CA\/notre-histoire\/#breadcrumb"},"inLanguage":"fr-CA","potentialAction":[{"@type":"ReadAction","target":["https:\/\/quantumlifecycle.com\/fr_CA\/notre-histoire\/"]}]},{"@type":"ImageObject","inLanguage":"fr-CA","@id":"https:\/\/quantumlifecycle.com\/fr_CA\/notre-histoire\/#primaryimage","url":"https:\/\/quantumlifecycle.com\/wp-content\/uploads\/2022\/03\/Our-Story-FR.png.webp","contentUrl":"https:\/\/quantumlifecycle.com\/wp-content\/uploads\/2022\/03\/Our-Story-FR.png.webp"},{"@type":"BreadcrumbList","@id":"https:\/\/quantumlifecycle.com\/fr_CA\/notre-histoire\/#breadcrumb","itemListElement":[{"@type":"ListItem","position":1,"name":"Home","item":"https:\/\/quantumlifecycle.com\/fr_CA\/"},{"@type":"ListItem","position":2,"name":"Notre histoire"}]},{"@type":"WebSite","@id":"https:\/\/quantumlifecycle.com\/fr_CA\/#website","url":"https:\/\/quantumlifecycle.com\/fr_CA\/","name":"Quantum | ITAD & E-Waste Recycling","description":"","publisher":{"@id":"https:\/\/quantumlifecycle.com\/fr_CA\/#organization"},"potentialAction":[{"@type":"SearchAction","target":{"@type":"EntryPoint","urlTemplate":"https:\/\/quantumlifecycle.com\/fr_CA\/?s={search_term_string}"},"query-input":{"@type":"PropertyValueSpecification","valueRequired":true,"valueName":"search_term_string"}}],"inLanguage":"fr-CA"},{"@type":"Organization","@id":"https:\/\/quantumlifecycle.com\/fr_CA\/#organization","name":"Quantum Lifecycle Partners LP","url":"https:\/\/quantumlifecycle.com\/fr_CA\/","logo":{"@type":"ImageObject","inLanguage":"fr-CA","@id":"https:\/\/quantumlifecycle.com\/fr_CA\/#\/schema\/logo\/image\/","url":"https:\/\/quantumlifecycle.com\/wp-content\/uploads\/2020\/01\/logo.svg","contentUrl":"https:\/\/quantumlifecycle.com\/wp-content\/uploads\/2020\/01\/logo.svg","width":2700,"height":848,"caption":"Quantum Lifecycle Partners LP"},"image":{"@id":"https:\/\/quantumlifecycle.com\/fr_CA\/#\/schema\/logo\/image\/"}}]}},"yoast":{"metadesc":""},"_links":{"self":[{"href":"https:\/\/quantumlifecycle.com\/fr_CA\/wp-json\/wp\/v2\/pages\/13657","targetHints":{"allow":["GET"]}}],"collection":[{"href":"https:\/\/quantumlifecycle.com\/fr_CA\/wp-json\/wp\/v2\/pages"}],"about":[{"href":"https:\/\/quantumlifecycle.com\/fr_CA\/wp-json\/wp\/v2\/types\/page"}],"author":[{"embeddable":true,"href":"https:\/\/quantumlifecycle.com\/fr_CA\/wp-json\/wp\/v2\/users\/3"}],"replies":[{"embeddable":true,"href":"https:\/\/quantumlifecycle.com\/fr_CA\/wp-json\/wp\/v2\/comments?post=13657"}],"version-history":[{"count":1,"href":"https:\/\/quantumlifecycle.com\/fr_CA\/wp-json\/wp\/v2\/pages\/13657\/revisions"}],"predecessor-version":[{"id":13659,"href":"https:\/\/quantumlifecycle.com\/fr_CA\/wp-json\/wp\/v2\/pages\/13657\/revisions\/13659"}],"wp:attachment":[{"href":"https:\/\/quantumlifecycle.com\/fr_CA\/wp-json\/wp\/v2\/media?parent=13657"}],"curies":[{"name":"wp","href":"https:\/\/api.w.org\/{rel}","templated":true}]}}