{"id":13649,"date":"2021-10-14T14:21:14","date_gmt":"2021-10-14T18:21:14","guid":{"rendered":"https:\/\/quantumlifecycle.com\/staging\/itad\/"},"modified":"2025-03-03T15:38:46","modified_gmt":"2025-03-03T20:38:46","slug":"itad","status":"publish","type":"page","link":"https:\/\/quantumlifecycle.com\/fr_CA\/itad\/","title":{"rendered":"ITAD"},"content":{"rendered":"<div class=\"top-content\">\n<h2 class=\"text-center primary-headline\">Qu\u2019est-ce que le service ITAD?<\/h2>\n<div class=\"w-800\">Information Technology Asset Disposition (ITAD) s&rsquo;appuie sur une gamme compl\u00e8te de services pour maximiser la valeur de votre \u00e9quipement informatique en fin d&rsquo;utilisation. Quantum se charge de tout, y compris des services sur site, de la logistique et de la destruction s\u00e9curis\u00e9e de vos donn\u00e9es. Nos processus de remise \u00e0 neuf et notre r\u00e9seau de vente \u00e9tendu maximisent la valeur des \u00e9quipements \u00e9lectroniques ind\u00e9sirables de votre entreprise. Et notre programme ITAD int\u00e9gr\u00e9 verticalement est d&rsquo;envergure nationale, ce qui garantit que vos besoins sont satisfaits, quel que soit l&rsquo;endroit o\u00f9 se trouvent vos actifs. Avec un service client in\u00e9gal\u00e9, nous fournissons des programmes pratiques et faciles \u00e0 suivre, ainsi que des rapports et des certificats pour satisfaire aux exigences de conformit\u00e9 internes et externes. Lorsque vous vous associez \u00e0 Quantum, vos donn\u00e9es sont s\u00e9curis\u00e9es, votre empreinte environnementale est minimis\u00e9e et votre valeur est maximis\u00e9e.<\/div>\n<\/div>\n<p><img loading=\"lazy\" decoding=\"async\" src=\"https:\/\/quantumlifecycle.com\/wp-content\/uploads\/2020\/07\/ITAD-EN.png\" alt=\"\" width=\"1172\" height=\"697\" class=\"alignnone size-full wp-image-8845\"  role=\"img\" \/><\/a><\/p>\n","protected":false},"excerpt":{"rendered":"<p>Qu\u2019est-ce que le service ITAD? Information Technology Asset Disposition (ITAD) s&rsquo;appuie sur une gamme compl\u00e8te de services pour maximiser la valeur de&#8230;<\/p>\n","protected":false},"author":3,"featured_media":0,"parent":0,"menu_order":0,"comment_status":"closed","ping_status":"closed","template":"page-enterprise.php","meta":{"_acf_changed":false,"om_disable_all_campaigns":false,"_genesis_hide_title":false,"_genesis_hide_breadcrumbs":false,"_genesis_hide_singular_image":false,"_genesis_hide_footer_widgets":false,"_genesis_custom_body_class":"","_genesis_custom_post_class":"","_genesis_layout":"","footnotes":""},"class_list":{"0":"post-13649","1":"page","2":"type-page","3":"status-publish","5":"entry"},"acf":[],"yoast_head":"<!-- This site is optimized with the Yoast SEO plugin v27.4 - https:\/\/yoast.com\/product\/yoast-seo-wordpress\/ -->\n<title>ITAD - Quantum | ITAD &amp; E-Waste Recycling<\/title>\n<meta name=\"robots\" content=\"index, follow, max-snippet:-1, max-image-preview:large, max-video-preview:-1\" \/>\n<link rel=\"canonical\" href=\"https:\/\/quantumlifecycle.com\/fr_CA\/itad\/\" \/>\n<meta property=\"og:locale\" content=\"fr_CA\" \/>\n<meta property=\"og:type\" content=\"article\" \/>\n<meta property=\"og:title\" content=\"ITAD - Quantum | ITAD &amp; E-Waste Recycling\" \/>\n<meta property=\"og:description\" content=\"Qu\u2019est-ce que le service ITAD? Information Technology Asset Disposition (ITAD) s&rsquo;appuie sur une gamme compl\u00e8te de services pour maximiser la valeur de...\" \/>\n<meta property=\"og:url\" content=\"https:\/\/quantumlifecycle.com\/fr_CA\/itad\/\" \/>\n<meta property=\"og:site_name\" content=\"Quantum | ITAD &amp; E-Waste Recycling\" \/>\n<meta property=\"article:modified_time\" content=\"2025-03-03T20:38:46+00:00\" \/>\n<meta name=\"twitter:card\" content=\"summary_large_image\" \/>\n<meta name=\"twitter:label1\" content=\"Estimation du temps de lecture\" \/>\n\t<meta name=\"twitter:data1\" content=\"1 minute\" \/>\n<script type=\"application\/ld+json\" class=\"yoast-schema-graph\">{\"@context\":\"https:\\\/\\\/schema.org\",\"@graph\":[{\"@type\":\"WebPage\",\"@id\":\"https:\\\/\\\/quantumlifecycle.com\\\/fr_CA\\\/itad\\\/\",\"url\":\"https:\\\/\\\/quantumlifecycle.com\\\/fr_CA\\\/itad\\\/\",\"name\":\"ITAD - Quantum | ITAD &amp; E-Waste Recycling\",\"isPartOf\":{\"@id\":\"https:\\\/\\\/quantumlifecycle.com\\\/fr_CA\\\/#website\"},\"primaryImageOfPage\":{\"@id\":\"https:\\\/\\\/quantumlifecycle.com\\\/fr_CA\\\/itad\\\/#primaryimage\"},\"image\":{\"@id\":\"https:\\\/\\\/quantumlifecycle.com\\\/fr_CA\\\/itad\\\/#primaryimage\"},\"thumbnailUrl\":\"https:\\\/\\\/quantumlifecycle.com\\\/wp-content\\\/uploads\\\/2020\\\/07\\\/ITAD-EN.png\",\"datePublished\":\"2021-10-14T18:21:14+00:00\",\"dateModified\":\"2025-03-03T20:38:46+00:00\",\"breadcrumb\":{\"@id\":\"https:\\\/\\\/quantumlifecycle.com\\\/fr_CA\\\/itad\\\/#breadcrumb\"},\"inLanguage\":\"fr-CA\",\"potentialAction\":[{\"@type\":\"ReadAction\",\"target\":[\"https:\\\/\\\/quantumlifecycle.com\\\/fr_CA\\\/itad\\\/\"]}]},{\"@type\":\"ImageObject\",\"inLanguage\":\"fr-CA\",\"@id\":\"https:\\\/\\\/quantumlifecycle.com\\\/fr_CA\\\/itad\\\/#primaryimage\",\"url\":\"https:\\\/\\\/quantumlifecycle.com\\\/wp-content\\\/uploads\\\/2020\\\/07\\\/ITAD-EN.png\",\"contentUrl\":\"https:\\\/\\\/quantumlifecycle.com\\\/wp-content\\\/uploads\\\/2020\\\/07\\\/ITAD-EN.png\"},{\"@type\":\"BreadcrumbList\",\"@id\":\"https:\\\/\\\/quantumlifecycle.com\\\/fr_CA\\\/itad\\\/#breadcrumb\",\"itemListElement\":[{\"@type\":\"ListItem\",\"position\":1,\"name\":\"Home\",\"item\":\"https:\\\/\\\/quantumlifecycle.com\\\/fr_CA\\\/\"},{\"@type\":\"ListItem\",\"position\":2,\"name\":\"ITAD\"}]},{\"@type\":\"WebSite\",\"@id\":\"https:\\\/\\\/quantumlifecycle.com\\\/fr_CA\\\/#website\",\"url\":\"https:\\\/\\\/quantumlifecycle.com\\\/fr_CA\\\/\",\"name\":\"Quantum | ITAD & E-Waste Recycling\",\"description\":\"\",\"publisher\":{\"@id\":\"https:\\\/\\\/quantumlifecycle.com\\\/fr_CA\\\/#organization\"},\"potentialAction\":[{\"@type\":\"SearchAction\",\"target\":{\"@type\":\"EntryPoint\",\"urlTemplate\":\"https:\\\/\\\/quantumlifecycle.com\\\/fr_CA\\\/?s={search_term_string}\"},\"query-input\":{\"@type\":\"PropertyValueSpecification\",\"valueRequired\":true,\"valueName\":\"search_term_string\"}}],\"inLanguage\":\"fr-CA\"},{\"@type\":\"Organization\",\"@id\":\"https:\\\/\\\/quantumlifecycle.com\\\/fr_CA\\\/#organization\",\"name\":\"Quantum Lifecycle Partners LP\",\"url\":\"https:\\\/\\\/quantumlifecycle.com\\\/fr_CA\\\/\",\"logo\":{\"@type\":\"ImageObject\",\"inLanguage\":\"fr-CA\",\"@id\":\"https:\\\/\\\/quantumlifecycle.com\\\/fr_CA\\\/#\\\/schema\\\/logo\\\/image\\\/\",\"url\":\"https:\\\/\\\/quantumlifecycle.com\\\/wp-content\\\/uploads\\\/2020\\\/01\\\/logo.svg\",\"contentUrl\":\"https:\\\/\\\/quantumlifecycle.com\\\/wp-content\\\/uploads\\\/2020\\\/01\\\/logo.svg\",\"width\":2700,\"height\":848,\"caption\":\"Quantum Lifecycle Partners LP\"},\"image\":{\"@id\":\"https:\\\/\\\/quantumlifecycle.com\\\/fr_CA\\\/#\\\/schema\\\/logo\\\/image\\\/\"}}]}<\/script>\n<!-- \/ Yoast SEO plugin. -->","yoast_head_json":{"title":"ITAD - Quantum | ITAD &amp; E-Waste Recycling","robots":{"index":"index","follow":"follow","max-snippet":"max-snippet:-1","max-image-preview":"max-image-preview:large","max-video-preview":"max-video-preview:-1"},"canonical":"https:\/\/quantumlifecycle.com\/fr_CA\/itad\/","og_locale":"fr_CA","og_type":"article","og_title":"ITAD - Quantum | ITAD &amp; E-Waste Recycling","og_description":"Qu\u2019est-ce que le service ITAD? Information Technology Asset Disposition (ITAD) s&rsquo;appuie sur une gamme compl\u00e8te de services pour maximiser la valeur de...","og_url":"https:\/\/quantumlifecycle.com\/fr_CA\/itad\/","og_site_name":"Quantum | ITAD &amp; E-Waste Recycling","article_modified_time":"2025-03-03T20:38:46+00:00","twitter_card":"summary_large_image","twitter_misc":{"Estimation du temps de lecture":"1 minute"},"schema":{"@context":"https:\/\/schema.org","@graph":[{"@type":"WebPage","@id":"https:\/\/quantumlifecycle.com\/fr_CA\/itad\/","url":"https:\/\/quantumlifecycle.com\/fr_CA\/itad\/","name":"ITAD - Quantum | ITAD &amp; E-Waste Recycling","isPartOf":{"@id":"https:\/\/quantumlifecycle.com\/fr_CA\/#website"},"primaryImageOfPage":{"@id":"https:\/\/quantumlifecycle.com\/fr_CA\/itad\/#primaryimage"},"image":{"@id":"https:\/\/quantumlifecycle.com\/fr_CA\/itad\/#primaryimage"},"thumbnailUrl":"https:\/\/quantumlifecycle.com\/wp-content\/uploads\/2020\/07\/ITAD-EN.png","datePublished":"2021-10-14T18:21:14+00:00","dateModified":"2025-03-03T20:38:46+00:00","breadcrumb":{"@id":"https:\/\/quantumlifecycle.com\/fr_CA\/itad\/#breadcrumb"},"inLanguage":"fr-CA","potentialAction":[{"@type":"ReadAction","target":["https:\/\/quantumlifecycle.com\/fr_CA\/itad\/"]}]},{"@type":"ImageObject","inLanguage":"fr-CA","@id":"https:\/\/quantumlifecycle.com\/fr_CA\/itad\/#primaryimage","url":"https:\/\/quantumlifecycle.com\/wp-content\/uploads\/2020\/07\/ITAD-EN.png","contentUrl":"https:\/\/quantumlifecycle.com\/wp-content\/uploads\/2020\/07\/ITAD-EN.png"},{"@type":"BreadcrumbList","@id":"https:\/\/quantumlifecycle.com\/fr_CA\/itad\/#breadcrumb","itemListElement":[{"@type":"ListItem","position":1,"name":"Home","item":"https:\/\/quantumlifecycle.com\/fr_CA\/"},{"@type":"ListItem","position":2,"name":"ITAD"}]},{"@type":"WebSite","@id":"https:\/\/quantumlifecycle.com\/fr_CA\/#website","url":"https:\/\/quantumlifecycle.com\/fr_CA\/","name":"Quantum | ITAD & E-Waste Recycling","description":"","publisher":{"@id":"https:\/\/quantumlifecycle.com\/fr_CA\/#organization"},"potentialAction":[{"@type":"SearchAction","target":{"@type":"EntryPoint","urlTemplate":"https:\/\/quantumlifecycle.com\/fr_CA\/?s={search_term_string}"},"query-input":{"@type":"PropertyValueSpecification","valueRequired":true,"valueName":"search_term_string"}}],"inLanguage":"fr-CA"},{"@type":"Organization","@id":"https:\/\/quantumlifecycle.com\/fr_CA\/#organization","name":"Quantum Lifecycle Partners LP","url":"https:\/\/quantumlifecycle.com\/fr_CA\/","logo":{"@type":"ImageObject","inLanguage":"fr-CA","@id":"https:\/\/quantumlifecycle.com\/fr_CA\/#\/schema\/logo\/image\/","url":"https:\/\/quantumlifecycle.com\/wp-content\/uploads\/2020\/01\/logo.svg","contentUrl":"https:\/\/quantumlifecycle.com\/wp-content\/uploads\/2020\/01\/logo.svg","width":2700,"height":848,"caption":"Quantum Lifecycle Partners LP"},"image":{"@id":"https:\/\/quantumlifecycle.com\/fr_CA\/#\/schema\/logo\/image\/"}}]}},"yoast":{"metadesc":""},"_links":{"self":[{"href":"https:\/\/quantumlifecycle.com\/fr_CA\/wp-json\/wp\/v2\/pages\/13649","targetHints":{"allow":["GET"]}}],"collection":[{"href":"https:\/\/quantumlifecycle.com\/fr_CA\/wp-json\/wp\/v2\/pages"}],"about":[{"href":"https:\/\/quantumlifecycle.com\/fr_CA\/wp-json\/wp\/v2\/types\/page"}],"author":[{"embeddable":true,"href":"https:\/\/quantumlifecycle.com\/fr_CA\/wp-json\/wp\/v2\/users\/3"}],"replies":[{"embeddable":true,"href":"https:\/\/quantumlifecycle.com\/fr_CA\/wp-json\/wp\/v2\/comments?post=13649"}],"version-history":[{"count":6,"href":"https:\/\/quantumlifecycle.com\/fr_CA\/wp-json\/wp\/v2\/pages\/13649\/revisions"}],"predecessor-version":[{"id":19067,"href":"https:\/\/quantumlifecycle.com\/fr_CA\/wp-json\/wp\/v2\/pages\/13649\/revisions\/19067"}],"wp:attachment":[{"href":"https:\/\/quantumlifecycle.com\/fr_CA\/wp-json\/wp\/v2\/media?parent=13649"}],"curies":[{"name":"wp","href":"https:\/\/api.w.org\/{rel}","templated":true}]}}