{"id":14347,"date":"2022-05-25T05:44:16","date_gmt":"2022-05-25T09:44:16","guid":{"rendered":"https:\/\/quantumlifecycle.com\/staging\/soluciones-moviles\/"},"modified":"2025-08-18T07:03:34","modified_gmt":"2025-08-18T11:03:34","slug":"gestion-medios-portatiles","status":"publish","type":"page","link":"https:\/\/quantumlifecycle.com\/es_CR\/gestion-medios-portatiles\/","title":{"rendered":"Gesti\u00f3n para Medios Port\u00e1tiles"},"content":{"rendered":"<div class=\"w-800 mobility-top-content\">\n<p>Debido a la constante evoluci\u00f3n de la tecnolog\u00eda y demanda de los tel\u00e9fonos inteligentes se ha logrado identificar que su vida \u00fatil es cercana a los tres a\u00f1os; poco despu\u00e9s, la bater\u00eda disminuye su funcionabilidad, sumado a esto, la mayor\u00eda de estos dispositivos port\u00e1tiles utilizan bater\u00edas de litio, que pueden autocalentarse y provocar fen\u00f3menos t\u00e9rmicos. Por otro lado, nuevos modelos de tel\u00e9fonos celulares salen al mercado ofreciendo nuevas experiencias de uso, por lo que la corta vida de estos dispositivos o medios port\u00e1tiles conlleva un enorme problema en la alta generaci\u00f3n de residuos electr\u00f3nicos.<\/p>\n<\/div>\n<div class=\"sidewaysDots mobility-sidewaysDots content-dots\">&#8230;&#8230;&#8230;..<\/div>\n<div class=\"top-content two-column-content new-pages-container mobility-content-first\">\n<div class=\"right-column\">\n<h2 class=\"primary-headline\">Gestionamos de forma segura los dispositivos m\u00f3viles al final de su vida \u00fatil<\/h2>\n<\/div>\n<\/div>\n<div class=\"top-content two-column-content new-pages-container mobility-content-first pt-0\">\n<div class=\"right-column\">\n<p>Quantum ofrece soluciones seguras y eficaces de reutilizaci\u00f3n y reciclaje de tel\u00e9fonos m\u00f3viles, as\u00ed como dispositivos o equipos electr\u00f3nicos port\u00e1tiles en Costa Rica y Latinoam\u00e9rica. Nuestra propuesta de servicios de re\u00faso o reciclaje de medios electr\u00f3nicos port\u00e1tiles va dirigido a empresas de telecomunicaciones, los operadores m\u00f3viles virtuales (OMV), los fabricantes de equipos originales, los distribuidores de tel\u00e9fonos al por mayor, los minoristas, los talleres de reparaci\u00f3n independientes y los usuarios finales corporativos.<\/p>\n<p>En el mercado de consumo, no son s\u00f3lo los tel\u00e9fonos m\u00f3viles presentan desaf\u00edos al final de su vida \u00fatil, se debe considerar que la tecnolog\u00eda se ha infiltrado en casi todos los aspectos de la vida, permitiendo la conectividad del hogar inteligente en todos los dispositivos, desde la iluminaci\u00f3n hasta los termostatos, pasando por los sistemas de seguridad del hogar y los electrodom\u00e9sticos. A medida que estos dispositivos envejecen y se sustituyen por modelos m\u00e1s nuevos, los minoristas y distribuidores necesitan t\u00e1cticas eficientes de gesti\u00f3n al final de la vida \u00fatil de estos dispositivos.<\/p>\n<\/div>\n<div class=\"left-column\"><img loading=\"lazy\" decoding=\"async\" class=\"aligncenter size-full wp-image-6188\" role=\"img\" src=\"\/wp-content\/uploads\/2021\/10\/mobility-img.svg\" alt=\"\" width=\"429\" height=\"414\" \/><\/div>\n<\/div>\n<div class=\"top-content two-column-content new-pages-container mobility-content mobility-content-last\">\n<div class=\"left-column\"><img loading=\"lazy\" decoding=\"async\" class=\"aligncenter size-full wp-image-6188\" role=\"img\" src=\"\/wp-content\/uploads\/2021\/10\/mobility-img-2.svg\" alt=\"\" width=\"429\" height=\"414\" \/><\/div>\n<div class=\"right-column\">\nQuantum adem\u00e1s ofrece una soluci\u00f3n para la reutilizaci\u00f3n componentes o partes de los equipos electr\u00f3nicos en Costa Rica y Latinoam\u00e9rica, esto en el escenario que no se pueda reutilizar el equipo completo, por esto se eval\u00faan las opciones de reutilizar sus partes. Con opciones de reutilizaci\u00f3n de componentes y partes de los equipos electr\u00f3nicos, se incrementa la oportunidad en la gesti\u00f3n de dispositivos electr\u00f3nicos m\u00f3viles al final de su vida \u00fatil, que mejor se adapte a las necesidades de su empresa. Aceptamos tel\u00e9fonos de \u00faltima generaci\u00f3n y de buena calidad para su reacondicionamiento y podemos facilitar programas de recompra de dispositivos para clientes peque\u00f1os, medianos y empresariales. Al asociarse con Quantum, puede obtener el mejor retorno de la inversi\u00f3n para sus tel\u00e9fonos m\u00f3viles y otros dispositivos al final de su vida \u00fatil, a la vez que disfruta de la tranquilidad del borrado del 100% de los datos y del cumplimiento de la normativa ambiental aplicable en Costa Rica y Latinoam\u00e9rica.\n<\/div>\n<\/div>\n","protected":false},"excerpt":{"rendered":"<p>Debido a la constante evoluci\u00f3n de la tecnolog\u00eda y demanda de los tel\u00e9fonos inteligentes se ha logrado identificar que su vida \u00fatil&#8230;<\/p>\n","protected":false},"author":12,"featured_media":0,"parent":0,"menu_order":0,"comment_status":"closed","ping_status":"closed","template":"page-mobility.php","meta":{"_acf_changed":false,"om_disable_all_campaigns":false,"_genesis_hide_title":false,"_genesis_hide_breadcrumbs":false,"_genesis_hide_singular_image":false,"_genesis_hide_footer_widgets":false,"_genesis_custom_body_class":"","_genesis_custom_post_class":"","_genesis_layout":"","footnotes":""},"class_list":{"0":"post-14347","1":"page","2":"type-page","3":"status-publish","5":"entry"},"acf":[],"yoast_head":"<!-- This site is optimized with the Yoast SEO plugin v27.4 - https:\/\/yoast.com\/product\/yoast-seo-wordpress\/ -->\n<title>Gesti\u00f3n para Medios Port\u00e1tiles - Quantum | ITAD &amp; E-Waste Recycling<\/title>\n<meta name=\"robots\" content=\"index, follow, max-snippet:-1, max-image-preview:large, max-video-preview:-1\" \/>\n<link rel=\"canonical\" href=\"https:\/\/quantumlifecycle.com\/es_CR\/gestion-medios-portatiles\/\" \/>\n<meta property=\"og:locale\" content=\"es_ES\" \/>\n<meta property=\"og:type\" content=\"article\" \/>\n<meta property=\"og:title\" content=\"Gesti\u00f3n para Medios Port\u00e1tiles - Quantum | ITAD &amp; E-Waste Recycling\" \/>\n<meta property=\"og:description\" content=\"Debido a la constante evoluci\u00f3n de la tecnolog\u00eda y demanda de los tel\u00e9fonos inteligentes se ha logrado identificar que su vida \u00fatil...\" \/>\n<meta property=\"og:url\" content=\"https:\/\/quantumlifecycle.com\/es_CR\/gestion-medios-portatiles\/\" \/>\n<meta property=\"og:site_name\" content=\"Quantum | ITAD &amp; E-Waste Recycling\" \/>\n<meta property=\"article:modified_time\" content=\"2025-08-18T11:03:34+00:00\" \/>\n<meta name=\"twitter:card\" content=\"summary_large_image\" \/>\n<meta name=\"twitter:label1\" content=\"Est. reading time\" \/>\n\t<meta name=\"twitter:data1\" content=\"3 minutos\" \/>\n<script type=\"application\/ld+json\" class=\"yoast-schema-graph\">{\"@context\":\"https:\\\/\\\/schema.org\",\"@graph\":[{\"@type\":\"WebPage\",\"@id\":\"https:\\\/\\\/quantumlifecycle.com\\\/es_CR\\\/gestion-medios-portatiles\\\/\",\"url\":\"https:\\\/\\\/quantumlifecycle.com\\\/es_CR\\\/gestion-medios-portatiles\\\/\",\"name\":\"Gesti\u00f3n para Medios Port\u00e1tiles - Quantum | ITAD &amp; E-Waste Recycling\",\"isPartOf\":{\"@id\":\"https:\\\/\\\/quantumlifecycle.com\\\/es_CR\\\/#website\"},\"datePublished\":\"2022-05-25T09:44:16+00:00\",\"dateModified\":\"2025-08-18T11:03:34+00:00\",\"breadcrumb\":{\"@id\":\"https:\\\/\\\/quantumlifecycle.com\\\/es_CR\\\/gestion-medios-portatiles\\\/#breadcrumb\"},\"inLanguage\":\"es-CR\",\"potentialAction\":[{\"@type\":\"ReadAction\",\"target\":[\"https:\\\/\\\/quantumlifecycle.com\\\/es_CR\\\/gestion-medios-portatiles\\\/\"]}]},{\"@type\":\"BreadcrumbList\",\"@id\":\"https:\\\/\\\/quantumlifecycle.com\\\/es_CR\\\/gestion-medios-portatiles\\\/#breadcrumb\",\"itemListElement\":[{\"@type\":\"ListItem\",\"position\":1,\"name\":\"Home\",\"item\":\"https:\\\/\\\/quantumlifecycle.com\\\/es_CR\\\/\"},{\"@type\":\"ListItem\",\"position\":2,\"name\":\"Gesti\u00f3n para Medios Port\u00e1tiles\"}]},{\"@type\":\"WebSite\",\"@id\":\"https:\\\/\\\/quantumlifecycle.com\\\/es_CR\\\/#website\",\"url\":\"https:\\\/\\\/quantumlifecycle.com\\\/es_CR\\\/\",\"name\":\"Quantum | ITAD & E-Waste Recycling\",\"description\":\"\",\"publisher\":{\"@id\":\"https:\\\/\\\/quantumlifecycle.com\\\/es_CR\\\/#organization\"},\"potentialAction\":[{\"@type\":\"SearchAction\",\"target\":{\"@type\":\"EntryPoint\",\"urlTemplate\":\"https:\\\/\\\/quantumlifecycle.com\\\/es_CR\\\/?s={search_term_string}\"},\"query-input\":{\"@type\":\"PropertyValueSpecification\",\"valueRequired\":true,\"valueName\":\"search_term_string\"}}],\"inLanguage\":\"es-CR\"},{\"@type\":\"Organization\",\"@id\":\"https:\\\/\\\/quantumlifecycle.com\\\/es_CR\\\/#organization\",\"name\":\"Quantum Lifecycle Partners LP\",\"url\":\"https:\\\/\\\/quantumlifecycle.com\\\/es_CR\\\/\",\"logo\":{\"@type\":\"ImageObject\",\"inLanguage\":\"es-CR\",\"@id\":\"https:\\\/\\\/quantumlifecycle.com\\\/es_CR\\\/#\\\/schema\\\/logo\\\/image\\\/\",\"url\":\"https:\\\/\\\/quantumlifecycle.com\\\/wp-content\\\/uploads\\\/2020\\\/01\\\/logo.svg\",\"contentUrl\":\"https:\\\/\\\/quantumlifecycle.com\\\/wp-content\\\/uploads\\\/2020\\\/01\\\/logo.svg\",\"width\":2700,\"height\":848,\"caption\":\"Quantum Lifecycle Partners LP\"},\"image\":{\"@id\":\"https:\\\/\\\/quantumlifecycle.com\\\/es_CR\\\/#\\\/schema\\\/logo\\\/image\\\/\"}}]}<\/script>\n<!-- \/ Yoast SEO plugin. -->","yoast_head_json":{"title":"Gesti\u00f3n para Medios Port\u00e1tiles - Quantum | ITAD &amp; E-Waste Recycling","robots":{"index":"index","follow":"follow","max-snippet":"max-snippet:-1","max-image-preview":"max-image-preview:large","max-video-preview":"max-video-preview:-1"},"canonical":"https:\/\/quantumlifecycle.com\/es_CR\/gestion-medios-portatiles\/","og_locale":"es_ES","og_type":"article","og_title":"Gesti\u00f3n para Medios Port\u00e1tiles - Quantum | ITAD &amp; E-Waste Recycling","og_description":"Debido a la constante evoluci\u00f3n de la tecnolog\u00eda y demanda de los tel\u00e9fonos inteligentes se ha logrado identificar que su vida \u00fatil...","og_url":"https:\/\/quantumlifecycle.com\/es_CR\/gestion-medios-portatiles\/","og_site_name":"Quantum | ITAD &amp; E-Waste Recycling","article_modified_time":"2025-08-18T11:03:34+00:00","twitter_card":"summary_large_image","twitter_misc":{"Est. reading time":"3 minutos"},"schema":{"@context":"https:\/\/schema.org","@graph":[{"@type":"WebPage","@id":"https:\/\/quantumlifecycle.com\/es_CR\/gestion-medios-portatiles\/","url":"https:\/\/quantumlifecycle.com\/es_CR\/gestion-medios-portatiles\/","name":"Gesti\u00f3n para Medios Port\u00e1tiles - Quantum | ITAD &amp; E-Waste Recycling","isPartOf":{"@id":"https:\/\/quantumlifecycle.com\/es_CR\/#website"},"datePublished":"2022-05-25T09:44:16+00:00","dateModified":"2025-08-18T11:03:34+00:00","breadcrumb":{"@id":"https:\/\/quantumlifecycle.com\/es_CR\/gestion-medios-portatiles\/#breadcrumb"},"inLanguage":"es-CR","potentialAction":[{"@type":"ReadAction","target":["https:\/\/quantumlifecycle.com\/es_CR\/gestion-medios-portatiles\/"]}]},{"@type":"BreadcrumbList","@id":"https:\/\/quantumlifecycle.com\/es_CR\/gestion-medios-portatiles\/#breadcrumb","itemListElement":[{"@type":"ListItem","position":1,"name":"Home","item":"https:\/\/quantumlifecycle.com\/es_CR\/"},{"@type":"ListItem","position":2,"name":"Gesti\u00f3n para Medios Port\u00e1tiles"}]},{"@type":"WebSite","@id":"https:\/\/quantumlifecycle.com\/es_CR\/#website","url":"https:\/\/quantumlifecycle.com\/es_CR\/","name":"Quantum | ITAD & E-Waste Recycling","description":"","publisher":{"@id":"https:\/\/quantumlifecycle.com\/es_CR\/#organization"},"potentialAction":[{"@type":"SearchAction","target":{"@type":"EntryPoint","urlTemplate":"https:\/\/quantumlifecycle.com\/es_CR\/?s={search_term_string}"},"query-input":{"@type":"PropertyValueSpecification","valueRequired":true,"valueName":"search_term_string"}}],"inLanguage":"es-CR"},{"@type":"Organization","@id":"https:\/\/quantumlifecycle.com\/es_CR\/#organization","name":"Quantum Lifecycle Partners LP","url":"https:\/\/quantumlifecycle.com\/es_CR\/","logo":{"@type":"ImageObject","inLanguage":"es-CR","@id":"https:\/\/quantumlifecycle.com\/es_CR\/#\/schema\/logo\/image\/","url":"https:\/\/quantumlifecycle.com\/wp-content\/uploads\/2020\/01\/logo.svg","contentUrl":"https:\/\/quantumlifecycle.com\/wp-content\/uploads\/2020\/01\/logo.svg","width":2700,"height":848,"caption":"Quantum Lifecycle Partners LP"},"image":{"@id":"https:\/\/quantumlifecycle.com\/es_CR\/#\/schema\/logo\/image\/"}}]}},"yoast":{"metadesc":""},"_links":{"self":[{"href":"https:\/\/quantumlifecycle.com\/es_CR\/wp-json\/wp\/v2\/pages\/14347","targetHints":{"allow":["GET"]}}],"collection":[{"href":"https:\/\/quantumlifecycle.com\/es_CR\/wp-json\/wp\/v2\/pages"}],"about":[{"href":"https:\/\/quantumlifecycle.com\/es_CR\/wp-json\/wp\/v2\/types\/page"}],"author":[{"embeddable":true,"href":"https:\/\/quantumlifecycle.com\/es_CR\/wp-json\/wp\/v2\/users\/12"}],"replies":[{"embeddable":true,"href":"https:\/\/quantumlifecycle.com\/es_CR\/wp-json\/wp\/v2\/comments?post=14347"}],"version-history":[{"count":5,"href":"https:\/\/quantumlifecycle.com\/es_CR\/wp-json\/wp\/v2\/pages\/14347\/revisions"}],"predecessor-version":[{"id":28577,"href":"https:\/\/quantumlifecycle.com\/es_CR\/wp-json\/wp\/v2\/pages\/14347\/revisions\/28577"}],"wp:attachment":[{"href":"https:\/\/quantumlifecycle.com\/es_CR\/wp-json\/wp\/v2\/media?parent=14347"}],"curies":[{"name":"wp","href":"https:\/\/api.w.org\/{rel}","templated":true}]}}