{"id":14238,"date":"2022-05-25T05:44:16","date_gmt":"2022-05-25T09:44:16","guid":{"rendered":"https:\/\/quantumlifecycle.com\/staging\/soluciones-de-recoleccion-y-reciclaje-para-municipios\/"},"modified":"2022-06-15T07:57:26","modified_gmt":"2022-06-15T11:57:26","slug":"soluciones-de-recoleccion-y-reciclaje-para-municipios","status":"publish","type":"page","link":"https:\/\/quantumlifecycle.com\/es_CR\/soluciones-de-recoleccion-y-reciclaje-para-municipios\/","title":{"rendered":"Soluciones de Recoleccion y reciclaje para municipios"},"content":{"rendered":"<div class=\"two-columns-content-container\">\n<div class=\"top-content two-column-content\">\n<div class=\"left-column\">\n<h2 class=\"primary-headline\">Le ayudamos a gestionar los residuos electr\u00f3nicos de forma responsable y a bajo costo<\/h2>\n<p>Las fuerzas globales est\u00e1n provocando un replanteamiento del modo en que los municipios gestionan y pagan los residuos y los materiales reciclables. Los altos entes gubernamentales siguen reduciendo los presupuestos y reduciendo costos a los municipios sin incrementar ning\u00fan tributo que pueda ayudar a mitigar estas reducciones. Los gestores municipales de residuos, por su parte, reciben menos por determinados productos. Adem\u00e1s de estos retos, cada vez se lanzan nuevos planes de cumplimiento de la responsabilidad extendida del productor, que hacen recaer la responsabilidad de la gesti\u00f3n de los materiales en el productor, lo que representa tanto una oportunidad como una amenaza para los gestores municipales de residuos.<\/p>\n<p>Si est\u00e1 buscando formas de afrontar el reto de prestar servicios municipales de residuos electr\u00f3nicos de forma asequible, hable con nosotros. Quantum puede ayudarle a entender los distintos cambios que se aplican a su municipio (si los hay). Podemos ayudarle a crear ofertas de servicios para los residentes, incluyendo la infraestructura adecuada, el material de marketing y cualquier otro recurso que pueda necesitar. Estamos seguros de que podemos resolver su problema de residuos electr\u00f3nicos con soluciones de reciclaje eficaces.<\/p>\n<\/div>\n<div class=\"right-column\"><img loading=\"lazy\" decoding=\"async\" class=\"alignnone size-full wp-image-6159\" role=\"img\" src=\"https:\/\/quantumlifecycle.com\/wp-content\/uploads\/2022\/05\/Municipalities1.svg\" alt=\"\" width=\"307\" height=\"204\" \/><\/div>\n<\/div>\n<div class=\"top-content two-column-content\">\n<div class=\"left-column\">\n<h2 class=\"primary-headline\">Lo que puede esperar de nuestras soluciones de reciclaje municipal<\/h2>\n<ul>\n<li>Servicios de residuos electr\u00f3nicos personalizados y programaci\u00f3n flexible que reducen sus costos<\/li>\n<li>Opciones de recolecci\u00f3n que se adaptan a sus medidas tanto en sitio como en planteles externos<\/li>\n<li>Todas las cargas se se documentan y cierran en un plazo de 30 d\u00edas<\/li>\n<li>Certificados y Documentos claros y detallados<\/li>\n<\/ul>\n<\/div>\n<div class=\"right-column\"><img loading=\"lazy\" decoding=\"async\" class=\"alignnone size-full wp-image-6162\" role=\"img\" src=\"https:\/\/quantumlifecycle.com\/wp-content\/uploads\/2022\/05\/Municipalities2.svg\" alt=\"\" width=\"507\" height=\"384\" \/><\/div>\n<\/div>\n<div class=\"top-content two-column-content\">\n<div class=\"left-column\">\n<h2 class=\"primary-headline\">Nuestras certificaciones<\/h2>\n<p>Nuestras certificaciones de programas como R2 Responsible Recycling y Alberta Recycling Management Authority son su garant\u00eda de que Quantum cumple con la estricta normativa de reciclaje de residuos electr\u00f3nicos. Adem\u00e1s, nos sometemos a auditor\u00edas peri\u00f3dicas, por lo que puede estar seguro de que nuestros procesos de reciclaje son seguros y respetuosos con el medio ambiente.<\/p>\n<\/div>\n<div class=\"right-column certification-logos\">\n<ul>\n<li><a href=\"https:\/\/sustainableelectronics.org\/\" target=\"_blank\" rel=\"noopener\"><img decoding=\"async\" class=\"img-fluid\" src=\"https:\/\/quantumlifecycle.com\/wp-content\/uploads\/2022\/05\/R2-Logo.png\" alt=\"R2 Logo\" \/><\/a><\/li>\n<li><img decoding=\"async\" class=\"img-fluid\" src=\"https:\/\/quantumlifecycle.com\/wp-content\/uploads\/2022\/05\/Alberta-Recycling-Logo-2021.jpg\" alt=\"Alberta Recycling Logo\" \/><\/li>\n<\/ul>\n<\/div>\n<\/div>\n<\/div>\n","protected":false},"excerpt":{"rendered":"<p>Le ayudamos a gestionar los residuos electr\u00f3nicos de forma responsable y a bajo costo Las fuerzas globales est\u00e1n provocando un replanteamiento del&#8230;<\/p>\n","protected":false},"author":12,"featured_media":0,"parent":0,"menu_order":6,"comment_status":"closed","ping_status":"closed","template":"page-municipalities.php","meta":{"_acf_changed":false,"om_disable_all_campaigns":false,"_genesis_hide_title":false,"_genesis_hide_breadcrumbs":false,"_genesis_hide_singular_image":false,"_genesis_hide_footer_widgets":false,"_genesis_custom_body_class":"","_genesis_custom_post_class":"","_genesis_layout":"","footnotes":""},"class_list":{"0":"post-14238","1":"page","2":"type-page","3":"status-publish","5":"entry"},"acf":[],"yoast_head":"<!-- This site is optimized with the Yoast SEO plugin v27.4 - https:\/\/yoast.com\/product\/yoast-seo-wordpress\/ -->\n<title>Soluciones de Recoleccion y reciclaje para municipios - Quantum | ITAD &amp; E-Waste Recycling<\/title>\n<meta name=\"robots\" content=\"index, follow, max-snippet:-1, max-image-preview:large, max-video-preview:-1\" \/>\n<link rel=\"canonical\" href=\"https:\/\/quantumlifecycle.com\/es_CR\/soluciones-de-recoleccion-y-reciclaje-para-municipios\/\" \/>\n<meta property=\"og:locale\" content=\"es_ES\" \/>\n<meta property=\"og:type\" content=\"article\" \/>\n<meta property=\"og:title\" content=\"Soluciones de Recoleccion y reciclaje para municipios - Quantum | ITAD &amp; E-Waste Recycling\" \/>\n<meta property=\"og:description\" content=\"Le ayudamos a gestionar los residuos electr\u00f3nicos de forma responsable y a bajo costo Las fuerzas globales est\u00e1n provocando un replanteamiento del...\" \/>\n<meta property=\"og:url\" content=\"https:\/\/quantumlifecycle.com\/es_CR\/soluciones-de-recoleccion-y-reciclaje-para-municipios\/\" \/>\n<meta property=\"og:site_name\" content=\"Quantum | ITAD &amp; E-Waste Recycling\" \/>\n<meta property=\"article:modified_time\" content=\"2022-06-15T11:57:26+00:00\" \/>\n<meta property=\"og:image\" content=\"https:\/\/quantumlifecycle.com\/wp-content\/uploads\/2022\/05\/Municipalities1.svg\" \/>\n<meta name=\"twitter:card\" content=\"summary_large_image\" \/>\n<meta name=\"twitter:label1\" content=\"Est. reading time\" \/>\n\t<meta name=\"twitter:data1\" content=\"2 minutos\" \/>\n<script type=\"application\/ld+json\" class=\"yoast-schema-graph\">{\"@context\":\"https:\\\/\\\/schema.org\",\"@graph\":[{\"@type\":\"WebPage\",\"@id\":\"https:\\\/\\\/quantumlifecycle.com\\\/es_CR\\\/soluciones-de-recoleccion-y-reciclaje-para-municipios\\\/\",\"url\":\"https:\\\/\\\/quantumlifecycle.com\\\/es_CR\\\/soluciones-de-recoleccion-y-reciclaje-para-municipios\\\/\",\"name\":\"Soluciones de Recoleccion y reciclaje para municipios - Quantum | ITAD &amp; E-Waste Recycling\",\"isPartOf\":{\"@id\":\"https:\\\/\\\/quantumlifecycle.com\\\/es_CR\\\/#website\"},\"primaryImageOfPage\":{\"@id\":\"https:\\\/\\\/quantumlifecycle.com\\\/es_CR\\\/soluciones-de-recoleccion-y-reciclaje-para-municipios\\\/#primaryimage\"},\"image\":{\"@id\":\"https:\\\/\\\/quantumlifecycle.com\\\/es_CR\\\/soluciones-de-recoleccion-y-reciclaje-para-municipios\\\/#primaryimage\"},\"thumbnailUrl\":\"https:\\\/\\\/quantumlifecycle.com\\\/wp-content\\\/uploads\\\/2022\\\/05\\\/Municipalities1.svg\",\"datePublished\":\"2022-05-25T09:44:16+00:00\",\"dateModified\":\"2022-06-15T11:57:26+00:00\",\"breadcrumb\":{\"@id\":\"https:\\\/\\\/quantumlifecycle.com\\\/es_CR\\\/soluciones-de-recoleccion-y-reciclaje-para-municipios\\\/#breadcrumb\"},\"inLanguage\":\"es-CR\",\"potentialAction\":[{\"@type\":\"ReadAction\",\"target\":[\"https:\\\/\\\/quantumlifecycle.com\\\/es_CR\\\/soluciones-de-recoleccion-y-reciclaje-para-municipios\\\/\"]}]},{\"@type\":\"ImageObject\",\"inLanguage\":\"es-CR\",\"@id\":\"https:\\\/\\\/quantumlifecycle.com\\\/es_CR\\\/soluciones-de-recoleccion-y-reciclaje-para-municipios\\\/#primaryimage\",\"url\":\"https:\\\/\\\/quantumlifecycle.com\\\/wp-content\\\/uploads\\\/2022\\\/05\\\/Municipalities1.svg\",\"contentUrl\":\"https:\\\/\\\/quantumlifecycle.com\\\/wp-content\\\/uploads\\\/2022\\\/05\\\/Municipalities1.svg\"},{\"@type\":\"BreadcrumbList\",\"@id\":\"https:\\\/\\\/quantumlifecycle.com\\\/es_CR\\\/soluciones-de-recoleccion-y-reciclaje-para-municipios\\\/#breadcrumb\",\"itemListElement\":[{\"@type\":\"ListItem\",\"position\":1,\"name\":\"Home\",\"item\":\"https:\\\/\\\/quantumlifecycle.com\\\/es_CR\\\/\"},{\"@type\":\"ListItem\",\"position\":2,\"name\":\"Soluciones de Recoleccion y reciclaje para municipios\"}]},{\"@type\":\"WebSite\",\"@id\":\"https:\\\/\\\/quantumlifecycle.com\\\/es_CR\\\/#website\",\"url\":\"https:\\\/\\\/quantumlifecycle.com\\\/es_CR\\\/\",\"name\":\"Quantum | ITAD & E-Waste Recycling\",\"description\":\"\",\"publisher\":{\"@id\":\"https:\\\/\\\/quantumlifecycle.com\\\/es_CR\\\/#organization\"},\"potentialAction\":[{\"@type\":\"SearchAction\",\"target\":{\"@type\":\"EntryPoint\",\"urlTemplate\":\"https:\\\/\\\/quantumlifecycle.com\\\/es_CR\\\/?s={search_term_string}\"},\"query-input\":{\"@type\":\"PropertyValueSpecification\",\"valueRequired\":true,\"valueName\":\"search_term_string\"}}],\"inLanguage\":\"es-CR\"},{\"@type\":\"Organization\",\"@id\":\"https:\\\/\\\/quantumlifecycle.com\\\/es_CR\\\/#organization\",\"name\":\"Quantum Lifecycle Partners LP\",\"url\":\"https:\\\/\\\/quantumlifecycle.com\\\/es_CR\\\/\",\"logo\":{\"@type\":\"ImageObject\",\"inLanguage\":\"es-CR\",\"@id\":\"https:\\\/\\\/quantumlifecycle.com\\\/es_CR\\\/#\\\/schema\\\/logo\\\/image\\\/\",\"url\":\"https:\\\/\\\/quantumlifecycle.com\\\/wp-content\\\/uploads\\\/2020\\\/01\\\/logo.svg\",\"contentUrl\":\"https:\\\/\\\/quantumlifecycle.com\\\/wp-content\\\/uploads\\\/2020\\\/01\\\/logo.svg\",\"width\":2700,\"height\":848,\"caption\":\"Quantum Lifecycle Partners LP\"},\"image\":{\"@id\":\"https:\\\/\\\/quantumlifecycle.com\\\/es_CR\\\/#\\\/schema\\\/logo\\\/image\\\/\"}}]}<\/script>\n<!-- \/ Yoast SEO plugin. -->","yoast_head_json":{"title":"Soluciones de Recoleccion y reciclaje para municipios - Quantum | ITAD &amp; E-Waste Recycling","robots":{"index":"index","follow":"follow","max-snippet":"max-snippet:-1","max-image-preview":"max-image-preview:large","max-video-preview":"max-video-preview:-1"},"canonical":"https:\/\/quantumlifecycle.com\/es_CR\/soluciones-de-recoleccion-y-reciclaje-para-municipios\/","og_locale":"es_ES","og_type":"article","og_title":"Soluciones de Recoleccion y reciclaje para municipios - Quantum | ITAD &amp; E-Waste Recycling","og_description":"Le ayudamos a gestionar los residuos electr\u00f3nicos de forma responsable y a bajo costo Las fuerzas globales est\u00e1n provocando un replanteamiento del...","og_url":"https:\/\/quantumlifecycle.com\/es_CR\/soluciones-de-recoleccion-y-reciclaje-para-municipios\/","og_site_name":"Quantum | ITAD &amp; E-Waste Recycling","article_modified_time":"2022-06-15T11:57:26+00:00","og_image":[{"url":"https:\/\/quantumlifecycle.com\/wp-content\/uploads\/2022\/05\/Municipalities1.svg","type":"","width":"","height":""}],"twitter_card":"summary_large_image","twitter_misc":{"Est. reading time":"2 minutos"},"schema":{"@context":"https:\/\/schema.org","@graph":[{"@type":"WebPage","@id":"https:\/\/quantumlifecycle.com\/es_CR\/soluciones-de-recoleccion-y-reciclaje-para-municipios\/","url":"https:\/\/quantumlifecycle.com\/es_CR\/soluciones-de-recoleccion-y-reciclaje-para-municipios\/","name":"Soluciones de Recoleccion y reciclaje para municipios - Quantum | ITAD &amp; E-Waste Recycling","isPartOf":{"@id":"https:\/\/quantumlifecycle.com\/es_CR\/#website"},"primaryImageOfPage":{"@id":"https:\/\/quantumlifecycle.com\/es_CR\/soluciones-de-recoleccion-y-reciclaje-para-municipios\/#primaryimage"},"image":{"@id":"https:\/\/quantumlifecycle.com\/es_CR\/soluciones-de-recoleccion-y-reciclaje-para-municipios\/#primaryimage"},"thumbnailUrl":"https:\/\/quantumlifecycle.com\/wp-content\/uploads\/2022\/05\/Municipalities1.svg","datePublished":"2022-05-25T09:44:16+00:00","dateModified":"2022-06-15T11:57:26+00:00","breadcrumb":{"@id":"https:\/\/quantumlifecycle.com\/es_CR\/soluciones-de-recoleccion-y-reciclaje-para-municipios\/#breadcrumb"},"inLanguage":"es-CR","potentialAction":[{"@type":"ReadAction","target":["https:\/\/quantumlifecycle.com\/es_CR\/soluciones-de-recoleccion-y-reciclaje-para-municipios\/"]}]},{"@type":"ImageObject","inLanguage":"es-CR","@id":"https:\/\/quantumlifecycle.com\/es_CR\/soluciones-de-recoleccion-y-reciclaje-para-municipios\/#primaryimage","url":"https:\/\/quantumlifecycle.com\/wp-content\/uploads\/2022\/05\/Municipalities1.svg","contentUrl":"https:\/\/quantumlifecycle.com\/wp-content\/uploads\/2022\/05\/Municipalities1.svg"},{"@type":"BreadcrumbList","@id":"https:\/\/quantumlifecycle.com\/es_CR\/soluciones-de-recoleccion-y-reciclaje-para-municipios\/#breadcrumb","itemListElement":[{"@type":"ListItem","position":1,"name":"Home","item":"https:\/\/quantumlifecycle.com\/es_CR\/"},{"@type":"ListItem","position":2,"name":"Soluciones de Recoleccion y reciclaje para municipios"}]},{"@type":"WebSite","@id":"https:\/\/quantumlifecycle.com\/es_CR\/#website","url":"https:\/\/quantumlifecycle.com\/es_CR\/","name":"Quantum | ITAD & E-Waste Recycling","description":"","publisher":{"@id":"https:\/\/quantumlifecycle.com\/es_CR\/#organization"},"potentialAction":[{"@type":"SearchAction","target":{"@type":"EntryPoint","urlTemplate":"https:\/\/quantumlifecycle.com\/es_CR\/?s={search_term_string}"},"query-input":{"@type":"PropertyValueSpecification","valueRequired":true,"valueName":"search_term_string"}}],"inLanguage":"es-CR"},{"@type":"Organization","@id":"https:\/\/quantumlifecycle.com\/es_CR\/#organization","name":"Quantum Lifecycle Partners LP","url":"https:\/\/quantumlifecycle.com\/es_CR\/","logo":{"@type":"ImageObject","inLanguage":"es-CR","@id":"https:\/\/quantumlifecycle.com\/es_CR\/#\/schema\/logo\/image\/","url":"https:\/\/quantumlifecycle.com\/wp-content\/uploads\/2020\/01\/logo.svg","contentUrl":"https:\/\/quantumlifecycle.com\/wp-content\/uploads\/2020\/01\/logo.svg","width":2700,"height":848,"caption":"Quantum Lifecycle Partners LP"},"image":{"@id":"https:\/\/quantumlifecycle.com\/es_CR\/#\/schema\/logo\/image\/"}}]}},"yoast":{"metadesc":""},"_links":{"self":[{"href":"https:\/\/quantumlifecycle.com\/es_CR\/wp-json\/wp\/v2\/pages\/14238","targetHints":{"allow":["GET"]}}],"collection":[{"href":"https:\/\/quantumlifecycle.com\/es_CR\/wp-json\/wp\/v2\/pages"}],"about":[{"href":"https:\/\/quantumlifecycle.com\/es_CR\/wp-json\/wp\/v2\/types\/page"}],"author":[{"embeddable":true,"href":"https:\/\/quantumlifecycle.com\/es_CR\/wp-json\/wp\/v2\/users\/12"}],"replies":[{"embeddable":true,"href":"https:\/\/quantumlifecycle.com\/es_CR\/wp-json\/wp\/v2\/comments?post=14238"}],"version-history":[{"count":1,"href":"https:\/\/quantumlifecycle.com\/es_CR\/wp-json\/wp\/v2\/pages\/14238\/revisions"}],"predecessor-version":[{"id":14333,"href":"https:\/\/quantumlifecycle.com\/es_CR\/wp-json\/wp\/v2\/pages\/14238\/revisions\/14333"}],"wp:attachment":[{"href":"https:\/\/quantumlifecycle.com\/es_CR\/wp-json\/wp\/v2\/media?parent=14238"}],"curies":[{"name":"wp","href":"https:\/\/api.w.org\/{rel}","templated":true}]}}