{"id":14236,"date":"2022-05-25T05:44:16","date_gmt":"2022-05-25T09:44:16","guid":{"rendered":"https:\/\/quantumlifecycle.com\/staging\/soluciones-para-minoristas\/"},"modified":"2022-06-20T10:17:33","modified_gmt":"2022-06-20T14:17:33","slug":"soluciones-para-minoristas","status":"publish","type":"page","link":"https:\/\/quantumlifecycle.com\/es_CR\/soluciones-para-minoristas\/","title":{"rendered":"Soluciones para minoristas"},"content":{"rendered":"<div class=\"retail-container\">\n<h2>Facilitamos la gesti\u00f3n de los productos electr\u00f3nicos devueltos por los clientes<\/h2>\n<div class=\"retail-row\">\n<div class=\"retail-row-content\">\n<p>El panorama del comercio minorista est\u00e1 cambiando. \u00bfC\u00f3mo se conecta con sus clientes? \u00bfEn l\u00ednea? \u00bfEn persona? \u00bfAmbos en la misma transacci\u00f3n? En este entorno, puede resultar dif\u00edcil crear una experiencia significativa para el cliente que le haga volver. Las crecientes obligaciones de gesti\u00f3n impuestas por los gobiernos crean retos adicionales para los minoristas.<\/p>\n<p>Pero con esos retos surgen nuevas oportunidades. Ahora puede incluir programas de devoluci\u00f3n y reciclaje como parte de su oferta de servicios, creando una oportunidad para proporcionar a los clientes una experiencia m\u00e1s conectada, ejercer una mayor influencia sobre sus decisiones de compra y generar una mayor conciencia de marca y lealtad. Quantum dispone de soluciones de devoluci\u00f3n dise\u00f1adas espec\u00edficamente para ayudarle a navegar por el papel vital y creciente que desempe\u00f1an los minoristas en la econom\u00eda circular actual.<\/p><\/div>\n<div class=\"retail-row-image\">\n\t\t\t\t<img decoding=\"async\" class=\"img-fluid\" src=\"\/wp-content\/uploads\/2021\/10\/retails-img-1.svg\"\/>\n\t\t\t<\/div>\n<\/p><\/div>\n<\/p><\/div>\n<div class=\"retail-container\">\n<div class=\"retail-row retail-row-last\">\n<div class=\"retail-row-image retail-row-image-last\">\n\t\t\t\t<img decoding=\"async\" class=\"img-fluid\" src=\"\/wp-content\/uploads\/2021\/10\/retails-img-2.svg\"\/>\n\t\t\t<\/div>\n<div class=\"retail-row-content retail-row-content-last\">\n<h2>Gesti\u00f3n de las devoluciones de los clientes<\/h2>\n<p>El auge de las compras en l\u00ednea tambi\u00e9n ha creado un aumento masivo de las devoluciones de productos. A menudo, los minoristas se encuentran con productos que no son ni nuevos ni usados, pero que deben ser gestionados. No pueden simplemente volver a las estanter\u00edas, pero no est\u00e1n listos para ser reciclados. Gestionar las devoluciones de los clientes de forma que se respeten los protocolos de eliminaci\u00f3n de los fabricantes, se maximice el valor y se minimice la huella medioambiental es una tarea dif\u00edcil para los minoristas, y Quantum puede ayudar a resolverla. Tambi\u00e9n podemos ayudar con el manejo del producto y los mensajes de retiro de equipos da\u00f1ados. Tanto si se trata de ayudar a gestionar los activos retirados como de colaborar con las autoridades para garantizar el cumplimiento, disponemos de soluciones personalizadas para satisfacer sus necesidades espec\u00edficas.<\/p><\/div>\n<\/p><\/div>\n<\/p><\/div>\n","protected":false},"excerpt":{"rendered":"<p>Facilitamos la gesti\u00f3n de los productos electr\u00f3nicos devueltos por los clientes El panorama del comercio minorista est\u00e1 cambiando. \u00bfC\u00f3mo se conecta con&#8230;<\/p>\n","protected":false},"author":12,"featured_media":0,"parent":0,"menu_order":5,"comment_status":"closed","ping_status":"closed","template":"page-retailers.php","meta":{"_acf_changed":false,"om_disable_all_campaigns":false,"_genesis_hide_title":false,"_genesis_hide_breadcrumbs":false,"_genesis_hide_singular_image":false,"_genesis_hide_footer_widgets":false,"_genesis_custom_body_class":"","_genesis_custom_post_class":"","_genesis_layout":"","footnotes":""},"class_list":{"0":"post-14236","1":"page","2":"type-page","3":"status-publish","5":"entry"},"acf":[],"yoast_head":"<!-- This site is optimized with the Yoast SEO plugin v27.4 - https:\/\/yoast.com\/product\/yoast-seo-wordpress\/ -->\n<title>Soluciones para minoristas - Quantum | ITAD &amp; E-Waste Recycling<\/title>\n<meta name=\"robots\" content=\"index, follow, max-snippet:-1, max-image-preview:large, max-video-preview:-1\" \/>\n<link rel=\"canonical\" href=\"https:\/\/quantumlifecycle.com\/es_CR\/soluciones-para-minoristas\/\" \/>\n<meta property=\"og:locale\" content=\"es_ES\" \/>\n<meta property=\"og:type\" content=\"article\" \/>\n<meta property=\"og:title\" content=\"Soluciones para minoristas - Quantum | ITAD &amp; E-Waste Recycling\" \/>\n<meta property=\"og:description\" content=\"Facilitamos la gesti\u00f3n de los productos electr\u00f3nicos devueltos por los clientes El panorama del comercio minorista est\u00e1 cambiando. \u00bfC\u00f3mo se conecta con...\" \/>\n<meta property=\"og:url\" content=\"https:\/\/quantumlifecycle.com\/es_CR\/soluciones-para-minoristas\/\" \/>\n<meta property=\"og:site_name\" content=\"Quantum | ITAD &amp; E-Waste Recycling\" \/>\n<meta property=\"article:modified_time\" content=\"2022-06-20T14:17:33+00:00\" \/>\n<meta name=\"twitter:card\" content=\"summary_large_image\" \/>\n<meta name=\"twitter:label1\" content=\"Est. reading time\" \/>\n\t<meta name=\"twitter:data1\" content=\"2 minutos\" \/>\n<script type=\"application\/ld+json\" class=\"yoast-schema-graph\">{\"@context\":\"https:\\\/\\\/schema.org\",\"@graph\":[{\"@type\":\"WebPage\",\"@id\":\"https:\\\/\\\/quantumlifecycle.com\\\/es_CR\\\/soluciones-para-minoristas\\\/\",\"url\":\"https:\\\/\\\/quantumlifecycle.com\\\/es_CR\\\/soluciones-para-minoristas\\\/\",\"name\":\"Soluciones para minoristas - Quantum | ITAD &amp; E-Waste Recycling\",\"isPartOf\":{\"@id\":\"https:\\\/\\\/quantumlifecycle.com\\\/es_CR\\\/#website\"},\"datePublished\":\"2022-05-25T09:44:16+00:00\",\"dateModified\":\"2022-06-20T14:17:33+00:00\",\"breadcrumb\":{\"@id\":\"https:\\\/\\\/quantumlifecycle.com\\\/es_CR\\\/soluciones-para-minoristas\\\/#breadcrumb\"},\"inLanguage\":\"es-CR\",\"potentialAction\":[{\"@type\":\"ReadAction\",\"target\":[\"https:\\\/\\\/quantumlifecycle.com\\\/es_CR\\\/soluciones-para-minoristas\\\/\"]}]},{\"@type\":\"BreadcrumbList\",\"@id\":\"https:\\\/\\\/quantumlifecycle.com\\\/es_CR\\\/soluciones-para-minoristas\\\/#breadcrumb\",\"itemListElement\":[{\"@type\":\"ListItem\",\"position\":1,\"name\":\"Home\",\"item\":\"https:\\\/\\\/quantumlifecycle.com\\\/es_CR\\\/\"},{\"@type\":\"ListItem\",\"position\":2,\"name\":\"Soluciones para minoristas\"}]},{\"@type\":\"WebSite\",\"@id\":\"https:\\\/\\\/quantumlifecycle.com\\\/es_CR\\\/#website\",\"url\":\"https:\\\/\\\/quantumlifecycle.com\\\/es_CR\\\/\",\"name\":\"Quantum | ITAD & E-Waste Recycling\",\"description\":\"\",\"publisher\":{\"@id\":\"https:\\\/\\\/quantumlifecycle.com\\\/es_CR\\\/#organization\"},\"potentialAction\":[{\"@type\":\"SearchAction\",\"target\":{\"@type\":\"EntryPoint\",\"urlTemplate\":\"https:\\\/\\\/quantumlifecycle.com\\\/es_CR\\\/?s={search_term_string}\"},\"query-input\":{\"@type\":\"PropertyValueSpecification\",\"valueRequired\":true,\"valueName\":\"search_term_string\"}}],\"inLanguage\":\"es-CR\"},{\"@type\":\"Organization\",\"@id\":\"https:\\\/\\\/quantumlifecycle.com\\\/es_CR\\\/#organization\",\"name\":\"Quantum Lifecycle Partners LP\",\"url\":\"https:\\\/\\\/quantumlifecycle.com\\\/es_CR\\\/\",\"logo\":{\"@type\":\"ImageObject\",\"inLanguage\":\"es-CR\",\"@id\":\"https:\\\/\\\/quantumlifecycle.com\\\/es_CR\\\/#\\\/schema\\\/logo\\\/image\\\/\",\"url\":\"https:\\\/\\\/quantumlifecycle.com\\\/wp-content\\\/uploads\\\/2020\\\/01\\\/logo.svg\",\"contentUrl\":\"https:\\\/\\\/quantumlifecycle.com\\\/wp-content\\\/uploads\\\/2020\\\/01\\\/logo.svg\",\"width\":2700,\"height\":848,\"caption\":\"Quantum Lifecycle Partners LP\"},\"image\":{\"@id\":\"https:\\\/\\\/quantumlifecycle.com\\\/es_CR\\\/#\\\/schema\\\/logo\\\/image\\\/\"}}]}<\/script>\n<!-- \/ Yoast SEO plugin. -->","yoast_head_json":{"title":"Soluciones para minoristas - Quantum | ITAD &amp; E-Waste Recycling","robots":{"index":"index","follow":"follow","max-snippet":"max-snippet:-1","max-image-preview":"max-image-preview:large","max-video-preview":"max-video-preview:-1"},"canonical":"https:\/\/quantumlifecycle.com\/es_CR\/soluciones-para-minoristas\/","og_locale":"es_ES","og_type":"article","og_title":"Soluciones para minoristas - Quantum | ITAD &amp; E-Waste Recycling","og_description":"Facilitamos la gesti\u00f3n de los productos electr\u00f3nicos devueltos por los clientes El panorama del comercio minorista est\u00e1 cambiando. \u00bfC\u00f3mo se conecta con...","og_url":"https:\/\/quantumlifecycle.com\/es_CR\/soluciones-para-minoristas\/","og_site_name":"Quantum | ITAD &amp; E-Waste Recycling","article_modified_time":"2022-06-20T14:17:33+00:00","twitter_card":"summary_large_image","twitter_misc":{"Est. reading time":"2 minutos"},"schema":{"@context":"https:\/\/schema.org","@graph":[{"@type":"WebPage","@id":"https:\/\/quantumlifecycle.com\/es_CR\/soluciones-para-minoristas\/","url":"https:\/\/quantumlifecycle.com\/es_CR\/soluciones-para-minoristas\/","name":"Soluciones para minoristas - Quantum | ITAD &amp; E-Waste Recycling","isPartOf":{"@id":"https:\/\/quantumlifecycle.com\/es_CR\/#website"},"datePublished":"2022-05-25T09:44:16+00:00","dateModified":"2022-06-20T14:17:33+00:00","breadcrumb":{"@id":"https:\/\/quantumlifecycle.com\/es_CR\/soluciones-para-minoristas\/#breadcrumb"},"inLanguage":"es-CR","potentialAction":[{"@type":"ReadAction","target":["https:\/\/quantumlifecycle.com\/es_CR\/soluciones-para-minoristas\/"]}]},{"@type":"BreadcrumbList","@id":"https:\/\/quantumlifecycle.com\/es_CR\/soluciones-para-minoristas\/#breadcrumb","itemListElement":[{"@type":"ListItem","position":1,"name":"Home","item":"https:\/\/quantumlifecycle.com\/es_CR\/"},{"@type":"ListItem","position":2,"name":"Soluciones para minoristas"}]},{"@type":"WebSite","@id":"https:\/\/quantumlifecycle.com\/es_CR\/#website","url":"https:\/\/quantumlifecycle.com\/es_CR\/","name":"Quantum | ITAD & E-Waste Recycling","description":"","publisher":{"@id":"https:\/\/quantumlifecycle.com\/es_CR\/#organization"},"potentialAction":[{"@type":"SearchAction","target":{"@type":"EntryPoint","urlTemplate":"https:\/\/quantumlifecycle.com\/es_CR\/?s={search_term_string}"},"query-input":{"@type":"PropertyValueSpecification","valueRequired":true,"valueName":"search_term_string"}}],"inLanguage":"es-CR"},{"@type":"Organization","@id":"https:\/\/quantumlifecycle.com\/es_CR\/#organization","name":"Quantum Lifecycle Partners LP","url":"https:\/\/quantumlifecycle.com\/es_CR\/","logo":{"@type":"ImageObject","inLanguage":"es-CR","@id":"https:\/\/quantumlifecycle.com\/es_CR\/#\/schema\/logo\/image\/","url":"https:\/\/quantumlifecycle.com\/wp-content\/uploads\/2020\/01\/logo.svg","contentUrl":"https:\/\/quantumlifecycle.com\/wp-content\/uploads\/2020\/01\/logo.svg","width":2700,"height":848,"caption":"Quantum Lifecycle Partners LP"},"image":{"@id":"https:\/\/quantumlifecycle.com\/es_CR\/#\/schema\/logo\/image\/"}}]}},"yoast":{"metadesc":""},"_links":{"self":[{"href":"https:\/\/quantumlifecycle.com\/es_CR\/wp-json\/wp\/v2\/pages\/14236","targetHints":{"allow":["GET"]}}],"collection":[{"href":"https:\/\/quantumlifecycle.com\/es_CR\/wp-json\/wp\/v2\/pages"}],"about":[{"href":"https:\/\/quantumlifecycle.com\/es_CR\/wp-json\/wp\/v2\/types\/page"}],"author":[{"embeddable":true,"href":"https:\/\/quantumlifecycle.com\/es_CR\/wp-json\/wp\/v2\/users\/12"}],"replies":[{"embeddable":true,"href":"https:\/\/quantumlifecycle.com\/es_CR\/wp-json\/wp\/v2\/comments?post=14236"}],"version-history":[{"count":2,"href":"https:\/\/quantumlifecycle.com\/es_CR\/wp-json\/wp\/v2\/pages\/14236\/revisions"}],"predecessor-version":[{"id":19022,"href":"https:\/\/quantumlifecycle.com\/es_CR\/wp-json\/wp\/v2\/pages\/14236\/revisions\/19022"}],"wp:attachment":[{"href":"https:\/\/quantumlifecycle.com\/es_CR\/wp-json\/wp\/v2\/media?parent=14236"}],"curies":[{"name":"wp","href":"https:\/\/api.w.org\/{rel}","templated":true}]}}