{"id":14234,"date":"2022-05-25T05:44:16","date_gmt":"2022-05-25T09:44:16","guid":{"rendered":"https:\/\/quantumlifecycle.com\/staging\/soluciones-para-revendedores-y-fabricantes-de-equipos-originales\/"},"modified":"2022-06-20T10:08:52","modified_gmt":"2022-06-20T14:08:52","slug":"soluciones-para-revendedores-y-fabricantes-de-equipos-originales","status":"publish","type":"page","link":"https:\/\/quantumlifecycle.com\/es_CR\/soluciones-para-revendedores-y-fabricantes-de-equipos-originales\/","title":{"rendered":"Soluciones para Revendedores y Fabricantes de Equipos Originales"},"content":{"rendered":"<div class=\"top-content two-column-content\">\n<div class=\"left-column\">\n<h2 class=\"primary-headline\">Nosotros hacemos el trabajo mientras usted y sus clientes son recompensados<\/h2>\n<p>Si est\u00e1 enfocado en la venta de equipos nuevos como revendedor, puede estar perdiendo la oportunidad de generar valor para sus clientes cuando renueven sus activos. Al utilizar nuestros servicios de ITAD como su propia soluci\u00f3n de renovaci\u00f3n, puede seguir centr\u00e1ndose en el suministro de equipos nuevos mientras nosotros nos encargamos de la reutilizaci\u00f3n y el reciclaje de los activos m\u00e1s antiguos. Estamos auditados y aprobados por todos los principales fabricantes de equipos originales de Canad\u00e1 y la regi\u00f3n de Latino Am\u00e9rica, lo que elimina un obst\u00e1culo clave a la hora de cambiar de proveedor. Ofrecemos programas de cr\u00e9dito de recompra para sus clientes para cualquier equipo \u00faltimo modelo en buen estado. Con un c\u00f3modo portal para informes y liquidaciones, sus clientes apreciar\u00e1n la simplicidad de una soluci\u00f3n de servicio completo que cumple con los requisitos de seguridad de los datos, satisface la normativa medioambiental y apoya las iniciativas de sostenibilidad.<\/p>\n<\/div>\n<div class=\"right-column\"><img loading=\"lazy\" decoding=\"async\" class=\"alignnone size-full wp-image-6145 f-basis-90\" role=\"img\" src=\"https:\/\/quantumlifecycle.com\/wp-content\/uploads\/2022\/05\/VARs.svg\" alt=\"\" width=\"577\" height=\"512\" \/><\/div>\n<\/div>\n","protected":false},"excerpt":{"rendered":"<p>Nosotros hacemos el trabajo mientras usted y sus clientes son recompensados Si est\u00e1 enfocado en la venta de equipos nuevos como revendedor,&#8230;<\/p>\n","protected":false},"author":12,"featured_media":0,"parent":0,"menu_order":3,"comment_status":"closed","ping_status":"closed","template":"page-VAR.php","meta":{"_acf_changed":false,"om_disable_all_campaigns":false,"_genesis_hide_title":false,"_genesis_hide_breadcrumbs":false,"_genesis_hide_singular_image":false,"_genesis_hide_footer_widgets":false,"_genesis_custom_body_class":"","_genesis_custom_post_class":"","_genesis_layout":"","footnotes":""},"class_list":{"0":"post-14234","1":"page","2":"type-page","3":"status-publish","5":"entry"},"acf":[],"yoast_head":"<!-- This site is optimized with the Yoast SEO plugin v27.5 - https:\/\/yoast.com\/product\/yoast-seo-wordpress\/ -->\n<title>Soluciones para Revendedores y Fabricantes de Equipos Originales - Quantum | ITAD &amp; E-Waste Recycling<\/title>\n<meta name=\"robots\" content=\"index, follow, max-snippet:-1, max-image-preview:large, max-video-preview:-1\" \/>\n<link rel=\"canonical\" href=\"https:\/\/quantumlifecycle.com\/es_CR\/soluciones-para-revendedores-y-fabricantes-de-equipos-originales\/\" \/>\n<meta property=\"og:locale\" content=\"es_ES\" \/>\n<meta property=\"og:type\" content=\"article\" \/>\n<meta property=\"og:title\" content=\"Soluciones para Revendedores y Fabricantes de Equipos Originales - Quantum | ITAD &amp; E-Waste Recycling\" \/>\n<meta property=\"og:description\" content=\"Nosotros hacemos el trabajo mientras usted y sus clientes son recompensados Si est\u00e1 enfocado en la venta de equipos nuevos como revendedor,...\" \/>\n<meta property=\"og:url\" content=\"https:\/\/quantumlifecycle.com\/es_CR\/soluciones-para-revendedores-y-fabricantes-de-equipos-originales\/\" \/>\n<meta property=\"og:site_name\" content=\"Quantum | ITAD &amp; E-Waste Recycling\" \/>\n<meta property=\"article:modified_time\" content=\"2022-06-20T14:08:52+00:00\" \/>\n<meta property=\"og:image\" content=\"https:\/\/quantumlifecycle.com\/wp-content\/uploads\/2022\/05\/VARs.svg\" \/>\n<meta name=\"twitter:card\" content=\"summary_large_image\" \/>\n<meta name=\"twitter:label1\" content=\"Est. reading time\" \/>\n\t<meta name=\"twitter:data1\" content=\"1 minuto\" \/>\n<script type=\"application\/ld+json\" class=\"yoast-schema-graph\">{\"@context\":\"https:\\\/\\\/schema.org\",\"@graph\":[{\"@type\":\"WebPage\",\"@id\":\"https:\\\/\\\/quantumlifecycle.com\\\/es_CR\\\/soluciones-para-revendedores-y-fabricantes-de-equipos-originales\\\/\",\"url\":\"https:\\\/\\\/quantumlifecycle.com\\\/es_CR\\\/soluciones-para-revendedores-y-fabricantes-de-equipos-originales\\\/\",\"name\":\"Soluciones para Revendedores y Fabricantes de Equipos Originales - Quantum | ITAD &amp; E-Waste Recycling\",\"isPartOf\":{\"@id\":\"https:\\\/\\\/quantumlifecycle.com\\\/es_CR\\\/#website\"},\"primaryImageOfPage\":{\"@id\":\"https:\\\/\\\/quantumlifecycle.com\\\/es_CR\\\/soluciones-para-revendedores-y-fabricantes-de-equipos-originales\\\/#primaryimage\"},\"image\":{\"@id\":\"https:\\\/\\\/quantumlifecycle.com\\\/es_CR\\\/soluciones-para-revendedores-y-fabricantes-de-equipos-originales\\\/#primaryimage\"},\"thumbnailUrl\":\"https:\\\/\\\/quantumlifecycle.com\\\/wp-content\\\/uploads\\\/2022\\\/05\\\/VARs.svg\",\"datePublished\":\"2022-05-25T09:44:16+00:00\",\"dateModified\":\"2022-06-20T14:08:52+00:00\",\"breadcrumb\":{\"@id\":\"https:\\\/\\\/quantumlifecycle.com\\\/es_CR\\\/soluciones-para-revendedores-y-fabricantes-de-equipos-originales\\\/#breadcrumb\"},\"inLanguage\":\"es-CR\",\"potentialAction\":[{\"@type\":\"ReadAction\",\"target\":[\"https:\\\/\\\/quantumlifecycle.com\\\/es_CR\\\/soluciones-para-revendedores-y-fabricantes-de-equipos-originales\\\/\"]}]},{\"@type\":\"ImageObject\",\"inLanguage\":\"es-CR\",\"@id\":\"https:\\\/\\\/quantumlifecycle.com\\\/es_CR\\\/soluciones-para-revendedores-y-fabricantes-de-equipos-originales\\\/#primaryimage\",\"url\":\"https:\\\/\\\/quantumlifecycle.com\\\/wp-content\\\/uploads\\\/2022\\\/05\\\/VARs.svg\",\"contentUrl\":\"https:\\\/\\\/quantumlifecycle.com\\\/wp-content\\\/uploads\\\/2022\\\/05\\\/VARs.svg\"},{\"@type\":\"BreadcrumbList\",\"@id\":\"https:\\\/\\\/quantumlifecycle.com\\\/es_CR\\\/soluciones-para-revendedores-y-fabricantes-de-equipos-originales\\\/#breadcrumb\",\"itemListElement\":[{\"@type\":\"ListItem\",\"position\":1,\"name\":\"Home\",\"item\":\"https:\\\/\\\/quantumlifecycle.com\\\/es_CR\\\/\"},{\"@type\":\"ListItem\",\"position\":2,\"name\":\"Soluciones para Revendedores y Fabricantes de Equipos Originales\"}]},{\"@type\":\"WebSite\",\"@id\":\"https:\\\/\\\/quantumlifecycle.com\\\/es_CR\\\/#website\",\"url\":\"https:\\\/\\\/quantumlifecycle.com\\\/es_CR\\\/\",\"name\":\"Quantum | ITAD & E-Waste Recycling\",\"description\":\"\",\"publisher\":{\"@id\":\"https:\\\/\\\/quantumlifecycle.com\\\/es_CR\\\/#organization\"},\"potentialAction\":[{\"@type\":\"SearchAction\",\"target\":{\"@type\":\"EntryPoint\",\"urlTemplate\":\"https:\\\/\\\/quantumlifecycle.com\\\/es_CR\\\/?s={search_term_string}\"},\"query-input\":{\"@type\":\"PropertyValueSpecification\",\"valueRequired\":true,\"valueName\":\"search_term_string\"}}],\"inLanguage\":\"es-CR\"},{\"@type\":\"Organization\",\"@id\":\"https:\\\/\\\/quantumlifecycle.com\\\/es_CR\\\/#organization\",\"name\":\"Quantum Lifecycle Partners LP\",\"url\":\"https:\\\/\\\/quantumlifecycle.com\\\/es_CR\\\/\",\"logo\":{\"@type\":\"ImageObject\",\"inLanguage\":\"es-CR\",\"@id\":\"https:\\\/\\\/quantumlifecycle.com\\\/es_CR\\\/#\\\/schema\\\/logo\\\/image\\\/\",\"url\":\"https:\\\/\\\/quantumlifecycle.com\\\/wp-content\\\/uploads\\\/2020\\\/01\\\/logo.svg\",\"contentUrl\":\"https:\\\/\\\/quantumlifecycle.com\\\/wp-content\\\/uploads\\\/2020\\\/01\\\/logo.svg\",\"width\":2700,\"height\":848,\"caption\":\"Quantum Lifecycle Partners LP\"},\"image\":{\"@id\":\"https:\\\/\\\/quantumlifecycle.com\\\/es_CR\\\/#\\\/schema\\\/logo\\\/image\\\/\"}}]}<\/script>\n<!-- \/ Yoast SEO plugin. -->","yoast_head_json":{"title":"Soluciones para Revendedores y Fabricantes de Equipos Originales - Quantum | ITAD &amp; E-Waste Recycling","robots":{"index":"index","follow":"follow","max-snippet":"max-snippet:-1","max-image-preview":"max-image-preview:large","max-video-preview":"max-video-preview:-1"},"canonical":"https:\/\/quantumlifecycle.com\/es_CR\/soluciones-para-revendedores-y-fabricantes-de-equipos-originales\/","og_locale":"es_ES","og_type":"article","og_title":"Soluciones para Revendedores y Fabricantes de Equipos Originales - Quantum | ITAD &amp; E-Waste Recycling","og_description":"Nosotros hacemos el trabajo mientras usted y sus clientes son recompensados Si est\u00e1 enfocado en la venta de equipos nuevos como revendedor,...","og_url":"https:\/\/quantumlifecycle.com\/es_CR\/soluciones-para-revendedores-y-fabricantes-de-equipos-originales\/","og_site_name":"Quantum | ITAD &amp; E-Waste Recycling","article_modified_time":"2022-06-20T14:08:52+00:00","og_image":[{"url":"https:\/\/quantumlifecycle.com\/wp-content\/uploads\/2022\/05\/VARs.svg","type":"","width":"","height":""}],"twitter_card":"summary_large_image","twitter_misc":{"Est. reading time":"1 minuto"},"schema":{"@context":"https:\/\/schema.org","@graph":[{"@type":"WebPage","@id":"https:\/\/quantumlifecycle.com\/es_CR\/soluciones-para-revendedores-y-fabricantes-de-equipos-originales\/","url":"https:\/\/quantumlifecycle.com\/es_CR\/soluciones-para-revendedores-y-fabricantes-de-equipos-originales\/","name":"Soluciones para Revendedores y Fabricantes de Equipos Originales - Quantum | ITAD &amp; E-Waste Recycling","isPartOf":{"@id":"https:\/\/quantumlifecycle.com\/es_CR\/#website"},"primaryImageOfPage":{"@id":"https:\/\/quantumlifecycle.com\/es_CR\/soluciones-para-revendedores-y-fabricantes-de-equipos-originales\/#primaryimage"},"image":{"@id":"https:\/\/quantumlifecycle.com\/es_CR\/soluciones-para-revendedores-y-fabricantes-de-equipos-originales\/#primaryimage"},"thumbnailUrl":"https:\/\/quantumlifecycle.com\/wp-content\/uploads\/2022\/05\/VARs.svg","datePublished":"2022-05-25T09:44:16+00:00","dateModified":"2022-06-20T14:08:52+00:00","breadcrumb":{"@id":"https:\/\/quantumlifecycle.com\/es_CR\/soluciones-para-revendedores-y-fabricantes-de-equipos-originales\/#breadcrumb"},"inLanguage":"es-CR","potentialAction":[{"@type":"ReadAction","target":["https:\/\/quantumlifecycle.com\/es_CR\/soluciones-para-revendedores-y-fabricantes-de-equipos-originales\/"]}]},{"@type":"ImageObject","inLanguage":"es-CR","@id":"https:\/\/quantumlifecycle.com\/es_CR\/soluciones-para-revendedores-y-fabricantes-de-equipos-originales\/#primaryimage","url":"https:\/\/quantumlifecycle.com\/wp-content\/uploads\/2022\/05\/VARs.svg","contentUrl":"https:\/\/quantumlifecycle.com\/wp-content\/uploads\/2022\/05\/VARs.svg"},{"@type":"BreadcrumbList","@id":"https:\/\/quantumlifecycle.com\/es_CR\/soluciones-para-revendedores-y-fabricantes-de-equipos-originales\/#breadcrumb","itemListElement":[{"@type":"ListItem","position":1,"name":"Home","item":"https:\/\/quantumlifecycle.com\/es_CR\/"},{"@type":"ListItem","position":2,"name":"Soluciones para Revendedores y Fabricantes de Equipos Originales"}]},{"@type":"WebSite","@id":"https:\/\/quantumlifecycle.com\/es_CR\/#website","url":"https:\/\/quantumlifecycle.com\/es_CR\/","name":"Quantum | ITAD & E-Waste Recycling","description":"","publisher":{"@id":"https:\/\/quantumlifecycle.com\/es_CR\/#organization"},"potentialAction":[{"@type":"SearchAction","target":{"@type":"EntryPoint","urlTemplate":"https:\/\/quantumlifecycle.com\/es_CR\/?s={search_term_string}"},"query-input":{"@type":"PropertyValueSpecification","valueRequired":true,"valueName":"search_term_string"}}],"inLanguage":"es-CR"},{"@type":"Organization","@id":"https:\/\/quantumlifecycle.com\/es_CR\/#organization","name":"Quantum Lifecycle Partners LP","url":"https:\/\/quantumlifecycle.com\/es_CR\/","logo":{"@type":"ImageObject","inLanguage":"es-CR","@id":"https:\/\/quantumlifecycle.com\/es_CR\/#\/schema\/logo\/image\/","url":"https:\/\/quantumlifecycle.com\/wp-content\/uploads\/2020\/01\/logo.svg","contentUrl":"https:\/\/quantumlifecycle.com\/wp-content\/uploads\/2020\/01\/logo.svg","width":2700,"height":848,"caption":"Quantum Lifecycle Partners LP"},"image":{"@id":"https:\/\/quantumlifecycle.com\/es_CR\/#\/schema\/logo\/image\/"}}]}},"yoast":{"metadesc":""},"_links":{"self":[{"href":"https:\/\/quantumlifecycle.com\/es_CR\/wp-json\/wp\/v2\/pages\/14234","targetHints":{"allow":["GET"]}}],"collection":[{"href":"https:\/\/quantumlifecycle.com\/es_CR\/wp-json\/wp\/v2\/pages"}],"about":[{"href":"https:\/\/quantumlifecycle.com\/es_CR\/wp-json\/wp\/v2\/types\/page"}],"author":[{"embeddable":true,"href":"https:\/\/quantumlifecycle.com\/es_CR\/wp-json\/wp\/v2\/users\/12"}],"replies":[{"embeddable":true,"href":"https:\/\/quantumlifecycle.com\/es_CR\/wp-json\/wp\/v2\/comments?post=14234"}],"version-history":[{"count":2,"href":"https:\/\/quantumlifecycle.com\/es_CR\/wp-json\/wp\/v2\/pages\/14234\/revisions"}],"predecessor-version":[{"id":19020,"href":"https:\/\/quantumlifecycle.com\/es_CR\/wp-json\/wp\/v2\/pages\/14234\/revisions\/19020"}],"wp:attachment":[{"href":"https:\/\/quantumlifecycle.com\/es_CR\/wp-json\/wp\/v2\/media?parent=14234"}],"curies":[{"name":"wp","href":"https:\/\/api.w.org\/{rel}","templated":true}]}}