{"id":14232,"date":"2022-05-25T05:44:36","date_gmt":"2022-05-25T09:44:36","guid":{"rendered":"https:\/\/quantumlifecycle.com\/staging\/trading-de-commodities\/"},"modified":"2022-06-15T07:56:53","modified_gmt":"2022-06-15T11:56:53","slug":"trading-de-commodities","status":"publish","type":"page","link":"https:\/\/quantumlifecycle.com\/es_CR\/trading-de-commodities\/","title":{"rendered":"Trading de Commodities"},"content":{"rendered":"<div class=\"top-content w-800\">Quantum procesa todo tipo de chatarra electr\u00f3nica, incluidos los materiales triturados provenientes de nuestros molinos, los peque\u00f1os electrodomesticos, los conjuntos de cables, las piezas y los componentes, las placas de circuitos integrados y procesadores. Adem\u00e1s de nuestra experiencia en la clasificaci\u00f3n de commodities, ofrecemos precios competitivos y capacidad de consolidaci\u00f3n de metales ferrosos y no ferrosos para maximizar vol\u00famenes. Al tener estos vol\u00famenes y tratar con refiner\u00edas, tenemos acceso a mercados que no muchos compradores pueden acceder.<\/div>\n<div class=\"two-columns-content\">\n<div class=\"top-content two-column-content\">\n<div class=\"left-column\">\n<h2 class=\"primary-headline\">Clasificar y Conciliar<\/h2>\n<p>Quantum tomar\u00e1 su chatarra mixta y optimizar\u00e1 su valor clasific\u00e1ndola en los grados que le har\u00e1n ganar m\u00e1s dinero. Somos expertos en la clasificaci\u00f3n de chatarra com\u00fan y no com\u00fan, y proporcionamos conciliaciones detalladas que muestran los resultados de la clasificaci\u00f3n junto con su dinero. Tenemos plazos r\u00e1pidos, siempre pagamos a tiempo y todas nuestras transacciones se liquidan de forma transparente. Si no estamos preparados para gestionar una categor\u00eda concreta en nuestras instalaciones, lo m\u00e1s probable es que sepamos d\u00f3nde enviarla. Tambi\u00e9n estamos encantados de compartir nuestros conocimientos de clasificaci\u00f3n y calificaci\u00f3n con nuestros socios comerciales de chatarra, as\u00ed que ll\u00e1menos.<\/p>\n<\/div>\n<div class=\"right-column\"><img loading=\"lazy\" decoding=\"async\" class=\"alignnone size-full wp-image-6168\" role=\"img\" src=\"https:\/\/quantumlifecycle.com\/wp-content\/uploads\/2022\/05\/Trading.svg\" alt=\"\" width=\"314\" height=\"309\" \/><\/div>\n<\/div>\n<\/div>\n","protected":false},"excerpt":{"rendered":"<p>Quantum procesa todo tipo de chatarra electr\u00f3nica, incluidos los materiales triturados provenientes de nuestros molinos, los peque\u00f1os electrodomesticos, los conjuntos de cables,&#8230;<\/p>\n","protected":false},"author":12,"featured_media":0,"parent":0,"menu_order":3,"comment_status":"closed","ping_status":"closed","template":"page-trading.php","meta":{"_acf_changed":false,"om_disable_all_campaigns":false,"_genesis_hide_title":false,"_genesis_hide_breadcrumbs":false,"_genesis_hide_singular_image":false,"_genesis_hide_footer_widgets":false,"_genesis_custom_body_class":"","_genesis_custom_post_class":"","_genesis_layout":"","footnotes":""},"class_list":{"0":"post-14232","1":"page","2":"type-page","3":"status-publish","5":"entry"},"acf":[],"yoast_head":"<!-- This site is optimized with the Yoast SEO plugin v27.4 - https:\/\/yoast.com\/product\/yoast-seo-wordpress\/ -->\n<title>Trading de Commodities - Quantum | ITAD &amp; E-Waste Recycling<\/title>\n<meta name=\"robots\" content=\"index, follow, max-snippet:-1, max-image-preview:large, max-video-preview:-1\" \/>\n<link rel=\"canonical\" href=\"https:\/\/quantumlifecycle.com\/es_CR\/trading-de-commodities\/\" \/>\n<meta property=\"og:locale\" content=\"es_ES\" \/>\n<meta property=\"og:type\" content=\"article\" \/>\n<meta property=\"og:title\" content=\"Trading de Commodities - Quantum | ITAD &amp; E-Waste Recycling\" \/>\n<meta property=\"og:description\" content=\"Quantum procesa todo tipo de chatarra electr\u00f3nica, incluidos los materiales triturados provenientes de nuestros molinos, los peque\u00f1os electrodomesticos, los conjuntos de cables,...\" \/>\n<meta property=\"og:url\" content=\"https:\/\/quantumlifecycle.com\/es_CR\/trading-de-commodities\/\" \/>\n<meta property=\"og:site_name\" content=\"Quantum | ITAD &amp; E-Waste Recycling\" \/>\n<meta property=\"article:modified_time\" content=\"2022-06-15T11:56:53+00:00\" \/>\n<meta property=\"og:image\" content=\"https:\/\/quantumlifecycle.com\/wp-content\/uploads\/2022\/05\/Trading.svg\" \/>\n<meta name=\"twitter:card\" content=\"summary_large_image\" \/>\n<meta name=\"twitter:label1\" content=\"Est. reading time\" \/>\n\t<meta name=\"twitter:data1\" content=\"1 minuto\" \/>\n<script type=\"application\/ld+json\" class=\"yoast-schema-graph\">{\"@context\":\"https:\\\/\\\/schema.org\",\"@graph\":[{\"@type\":\"WebPage\",\"@id\":\"https:\\\/\\\/quantumlifecycle.com\\\/es_CR\\\/trading-de-commodities\\\/\",\"url\":\"https:\\\/\\\/quantumlifecycle.com\\\/es_CR\\\/trading-de-commodities\\\/\",\"name\":\"Trading de Commodities - Quantum | ITAD &amp; E-Waste Recycling\",\"isPartOf\":{\"@id\":\"https:\\\/\\\/quantumlifecycle.com\\\/es_CR\\\/#website\"},\"primaryImageOfPage\":{\"@id\":\"https:\\\/\\\/quantumlifecycle.com\\\/es_CR\\\/trading-de-commodities\\\/#primaryimage\"},\"image\":{\"@id\":\"https:\\\/\\\/quantumlifecycle.com\\\/es_CR\\\/trading-de-commodities\\\/#primaryimage\"},\"thumbnailUrl\":\"https:\\\/\\\/quantumlifecycle.com\\\/wp-content\\\/uploads\\\/2022\\\/05\\\/Trading.svg\",\"datePublished\":\"2022-05-25T09:44:36+00:00\",\"dateModified\":\"2022-06-15T11:56:53+00:00\",\"breadcrumb\":{\"@id\":\"https:\\\/\\\/quantumlifecycle.com\\\/es_CR\\\/trading-de-commodities\\\/#breadcrumb\"},\"inLanguage\":\"es-CR\",\"potentialAction\":[{\"@type\":\"ReadAction\",\"target\":[\"https:\\\/\\\/quantumlifecycle.com\\\/es_CR\\\/trading-de-commodities\\\/\"]}]},{\"@type\":\"ImageObject\",\"inLanguage\":\"es-CR\",\"@id\":\"https:\\\/\\\/quantumlifecycle.com\\\/es_CR\\\/trading-de-commodities\\\/#primaryimage\",\"url\":\"https:\\\/\\\/quantumlifecycle.com\\\/wp-content\\\/uploads\\\/2022\\\/05\\\/Trading.svg\",\"contentUrl\":\"https:\\\/\\\/quantumlifecycle.com\\\/wp-content\\\/uploads\\\/2022\\\/05\\\/Trading.svg\"},{\"@type\":\"BreadcrumbList\",\"@id\":\"https:\\\/\\\/quantumlifecycle.com\\\/es_CR\\\/trading-de-commodities\\\/#breadcrumb\",\"itemListElement\":[{\"@type\":\"ListItem\",\"position\":1,\"name\":\"Home\",\"item\":\"https:\\\/\\\/quantumlifecycle.com\\\/es_CR\\\/\"},{\"@type\":\"ListItem\",\"position\":2,\"name\":\"Trading de Commodities\"}]},{\"@type\":\"WebSite\",\"@id\":\"https:\\\/\\\/quantumlifecycle.com\\\/es_CR\\\/#website\",\"url\":\"https:\\\/\\\/quantumlifecycle.com\\\/es_CR\\\/\",\"name\":\"Quantum | ITAD & E-Waste Recycling\",\"description\":\"\",\"publisher\":{\"@id\":\"https:\\\/\\\/quantumlifecycle.com\\\/es_CR\\\/#organization\"},\"potentialAction\":[{\"@type\":\"SearchAction\",\"target\":{\"@type\":\"EntryPoint\",\"urlTemplate\":\"https:\\\/\\\/quantumlifecycle.com\\\/es_CR\\\/?s={search_term_string}\"},\"query-input\":{\"@type\":\"PropertyValueSpecification\",\"valueRequired\":true,\"valueName\":\"search_term_string\"}}],\"inLanguage\":\"es-CR\"},{\"@type\":\"Organization\",\"@id\":\"https:\\\/\\\/quantumlifecycle.com\\\/es_CR\\\/#organization\",\"name\":\"Quantum Lifecycle Partners LP\",\"url\":\"https:\\\/\\\/quantumlifecycle.com\\\/es_CR\\\/\",\"logo\":{\"@type\":\"ImageObject\",\"inLanguage\":\"es-CR\",\"@id\":\"https:\\\/\\\/quantumlifecycle.com\\\/es_CR\\\/#\\\/schema\\\/logo\\\/image\\\/\",\"url\":\"https:\\\/\\\/quantumlifecycle.com\\\/wp-content\\\/uploads\\\/2020\\\/01\\\/logo.svg\",\"contentUrl\":\"https:\\\/\\\/quantumlifecycle.com\\\/wp-content\\\/uploads\\\/2020\\\/01\\\/logo.svg\",\"width\":2700,\"height\":848,\"caption\":\"Quantum Lifecycle Partners LP\"},\"image\":{\"@id\":\"https:\\\/\\\/quantumlifecycle.com\\\/es_CR\\\/#\\\/schema\\\/logo\\\/image\\\/\"}}]}<\/script>\n<!-- \/ Yoast SEO plugin. -->","yoast_head_json":{"title":"Trading de Commodities - Quantum | ITAD &amp; E-Waste Recycling","robots":{"index":"index","follow":"follow","max-snippet":"max-snippet:-1","max-image-preview":"max-image-preview:large","max-video-preview":"max-video-preview:-1"},"canonical":"https:\/\/quantumlifecycle.com\/es_CR\/trading-de-commodities\/","og_locale":"es_ES","og_type":"article","og_title":"Trading de Commodities - Quantum | ITAD &amp; E-Waste Recycling","og_description":"Quantum procesa todo tipo de chatarra electr\u00f3nica, incluidos los materiales triturados provenientes de nuestros molinos, los peque\u00f1os electrodomesticos, los conjuntos de cables,...","og_url":"https:\/\/quantumlifecycle.com\/es_CR\/trading-de-commodities\/","og_site_name":"Quantum | ITAD &amp; E-Waste Recycling","article_modified_time":"2022-06-15T11:56:53+00:00","og_image":[{"url":"https:\/\/quantumlifecycle.com\/wp-content\/uploads\/2022\/05\/Trading.svg","type":"","width":"","height":""}],"twitter_card":"summary_large_image","twitter_misc":{"Est. reading time":"1 minuto"},"schema":{"@context":"https:\/\/schema.org","@graph":[{"@type":"WebPage","@id":"https:\/\/quantumlifecycle.com\/es_CR\/trading-de-commodities\/","url":"https:\/\/quantumlifecycle.com\/es_CR\/trading-de-commodities\/","name":"Trading de Commodities - Quantum | ITAD &amp; E-Waste Recycling","isPartOf":{"@id":"https:\/\/quantumlifecycle.com\/es_CR\/#website"},"primaryImageOfPage":{"@id":"https:\/\/quantumlifecycle.com\/es_CR\/trading-de-commodities\/#primaryimage"},"image":{"@id":"https:\/\/quantumlifecycle.com\/es_CR\/trading-de-commodities\/#primaryimage"},"thumbnailUrl":"https:\/\/quantumlifecycle.com\/wp-content\/uploads\/2022\/05\/Trading.svg","datePublished":"2022-05-25T09:44:36+00:00","dateModified":"2022-06-15T11:56:53+00:00","breadcrumb":{"@id":"https:\/\/quantumlifecycle.com\/es_CR\/trading-de-commodities\/#breadcrumb"},"inLanguage":"es-CR","potentialAction":[{"@type":"ReadAction","target":["https:\/\/quantumlifecycle.com\/es_CR\/trading-de-commodities\/"]}]},{"@type":"ImageObject","inLanguage":"es-CR","@id":"https:\/\/quantumlifecycle.com\/es_CR\/trading-de-commodities\/#primaryimage","url":"https:\/\/quantumlifecycle.com\/wp-content\/uploads\/2022\/05\/Trading.svg","contentUrl":"https:\/\/quantumlifecycle.com\/wp-content\/uploads\/2022\/05\/Trading.svg"},{"@type":"BreadcrumbList","@id":"https:\/\/quantumlifecycle.com\/es_CR\/trading-de-commodities\/#breadcrumb","itemListElement":[{"@type":"ListItem","position":1,"name":"Home","item":"https:\/\/quantumlifecycle.com\/es_CR\/"},{"@type":"ListItem","position":2,"name":"Trading de Commodities"}]},{"@type":"WebSite","@id":"https:\/\/quantumlifecycle.com\/es_CR\/#website","url":"https:\/\/quantumlifecycle.com\/es_CR\/","name":"Quantum | ITAD & E-Waste Recycling","description":"","publisher":{"@id":"https:\/\/quantumlifecycle.com\/es_CR\/#organization"},"potentialAction":[{"@type":"SearchAction","target":{"@type":"EntryPoint","urlTemplate":"https:\/\/quantumlifecycle.com\/es_CR\/?s={search_term_string}"},"query-input":{"@type":"PropertyValueSpecification","valueRequired":true,"valueName":"search_term_string"}}],"inLanguage":"es-CR"},{"@type":"Organization","@id":"https:\/\/quantumlifecycle.com\/es_CR\/#organization","name":"Quantum Lifecycle Partners LP","url":"https:\/\/quantumlifecycle.com\/es_CR\/","logo":{"@type":"ImageObject","inLanguage":"es-CR","@id":"https:\/\/quantumlifecycle.com\/es_CR\/#\/schema\/logo\/image\/","url":"https:\/\/quantumlifecycle.com\/wp-content\/uploads\/2020\/01\/logo.svg","contentUrl":"https:\/\/quantumlifecycle.com\/wp-content\/uploads\/2020\/01\/logo.svg","width":2700,"height":848,"caption":"Quantum Lifecycle Partners LP"},"image":{"@id":"https:\/\/quantumlifecycle.com\/es_CR\/#\/schema\/logo\/image\/"}}]}},"yoast":{"metadesc":""},"_links":{"self":[{"href":"https:\/\/quantumlifecycle.com\/es_CR\/wp-json\/wp\/v2\/pages\/14232","targetHints":{"allow":["GET"]}}],"collection":[{"href":"https:\/\/quantumlifecycle.com\/es_CR\/wp-json\/wp\/v2\/pages"}],"about":[{"href":"https:\/\/quantumlifecycle.com\/es_CR\/wp-json\/wp\/v2\/types\/page"}],"author":[{"embeddable":true,"href":"https:\/\/quantumlifecycle.com\/es_CR\/wp-json\/wp\/v2\/users\/12"}],"replies":[{"embeddable":true,"href":"https:\/\/quantumlifecycle.com\/es_CR\/wp-json\/wp\/v2\/comments?post=14232"}],"version-history":[{"count":2,"href":"https:\/\/quantumlifecycle.com\/es_CR\/wp-json\/wp\/v2\/pages\/14232\/revisions"}],"predecessor-version":[{"id":14345,"href":"https:\/\/quantumlifecycle.com\/es_CR\/wp-json\/wp\/v2\/pages\/14232\/revisions\/14345"}],"wp:attachment":[{"href":"https:\/\/quantumlifecycle.com\/es_CR\/wp-json\/wp\/v2\/media?parent=14232"}],"curies":[{"name":"wp","href":"https:\/\/api.w.org\/{rel}","templated":true}]}}