{"id":14226,"date":"2022-05-25T05:44:16","date_gmt":"2022-05-25T09:44:16","guid":{"rendered":"https:\/\/quantumlifecycle.com\/staging\/soluciones-para-centros-de-datos\/"},"modified":"2022-06-20T08:43:38","modified_gmt":"2022-06-20T12:43:38","slug":"soluciones-para-centros-de-datos","status":"publish","type":"page","link":"https:\/\/quantumlifecycle.com\/es_CR\/soluciones-para-centros-de-datos\/","title":{"rendered":"Soluciones para centros de datos"},"content":{"rendered":"<div class=\"top-content two-column-content\">\n<div class=\"left-column\">\n<h2 class=\"primary-headline\">Entendemos las necesidades \u00fanicas de los centros de datos<\/h2>\n<p>Tanto si necesita ayuda para desmantelar el viejo centro de datos de su empresa como si est\u00e1 realizando una renovaci\u00f3n de equipos para una granja de servidores basada en la nube, puede confiar en Quantum para hacer el trabajo correctamente. Con un enfoque primordial en la integridad de los datos y la cadena de custodia, nuestro personal eliminar\u00e1 eficazmente cualquier activo innecesario de su centro de datos, agilizando as\u00ed el proceso de desmantelamiento. Para garantizar el m\u00e1ximo nivel de seguridad, realizamos un seguimiento de los activos y creamos un inventario exhaustivo en cuanto llegamos a las instalaciones. Ofrecemos un conjunto completo de servicios de reutilizaci\u00f3n y reciclaje, m\u00faltiples certificaciones basadas en el cumplimiento de la normativa y una s\u00f3lida experiencia tanto en centros de datos privados como en ubicaciones conjuntas. Incluso damos servicio a regiones geogr\u00e1ficas remotas y de dif\u00edcil acceso<\/p>\n<\/div>\n<div class=\"right-column\"><img loading=\"lazy\" decoding=\"async\" class=\"alignnone size-full wp-image-6134 f-basis-70\" role=\"img\" src=\"https:\/\/quantumlifecycle.com\/wp-content\/uploads\/2022\/05\/data-centre.svg\" alt=\"\" width=\"391\" height=\"405\" \/><\/div>\n<\/div>\n<div class=\"what-to-expect top-separator\">\n<h2 class=\"primary-headline text-center\">Qu\u00e9 puede esperar de nuestras soluciones de centro de datos<\/h2>\n<div class=\"expectation-details\">\n<div class=\"columned-list\">\n<h3>Tranquilidad<\/h3>\n<ul>\n<li>Cobertura de seguro de riesgo de m\u00e1s de 15 millones de d\u00f3lares, incluyendo responsabilidad por servicios profesionales, responsabilidad cibern\u00e9tica, errores y omisiones, y responsabilidad civil comercial<\/li>\n<li>Supervisi\u00f3n y control completos de la cadena de custodia<\/li>\n<li>Comprobaci\u00f3n de los antecedentes penales de los miembros del equipo y pruebas de drogas para los empleados de acceso controlado<\/li>\n<li>Flota segura con seguimiento en vivo por GPS, camiones sellados y transporte por carriles exclusivos<\/li>\n<\/ul>\n<\/div>\n<div class=\"columned-list\">\n<h3>Conjunto completo de servicios in situ<\/h3>\n<ul>\n<li>Conciliaci\u00f3n del inventario de activos<\/li>\n<li>Borrado o destrucci\u00f3n de datos (con borrado multiplataforma para adaptarse a cualquier necesidad)<\/li>\n<li>Retirada de activos\/descarga de racks\/desinstalaci\u00f3n<\/li>\n<li>Retirada de cables a\u00e9reos y de dificil acceso<\/li>\n<li>Desconexi\u00f3n y retiro de torres de refrigeraci\u00f3n\/HVAC<\/li>\n<li>Log\u00edstica de guante blanco, incluido el embalaje y el transporte<\/li>\n<li>Soluciones log\u00edsticas de costa a costa<\/li>\n<\/ul>\n<\/div>\n<div class=\"columned-list\">\n<h3>Maximizaci\u00f3n del valor de los activos<\/h3>\n<ul>\n<li>Remarketing multicanal para maximizar su rendimiento\n<ul>\n<li>Venta al por mayor<\/li>\n<li>Nicho\/Especialidad<\/li>\n<li>Programas de compra para empleados<\/li>\n<li>Usuario final (minorista y en l\u00ednea)<\/li>\n<\/ul>\n<\/li>\n<li>Los mejores servicios de reciclaje al final de la vida \u00fatil, totalmente certificados<\/li>\n<\/ul>\n<\/div>\n<\/div>\n<\/div>\n","protected":false},"excerpt":{"rendered":"<p>Entendemos las necesidades \u00fanicas de los centros de datos Tanto si necesita ayuda para desmantelar el viejo centro de datos de su&#8230;<\/p>\n","protected":false},"author":12,"featured_media":0,"parent":0,"menu_order":1,"comment_status":"closed","ping_status":"closed","template":"page-data-cenrte.php","meta":{"_acf_changed":false,"om_disable_all_campaigns":false,"_genesis_hide_title":false,"_genesis_hide_breadcrumbs":false,"_genesis_hide_singular_image":false,"_genesis_hide_footer_widgets":false,"_genesis_custom_body_class":"","_genesis_custom_post_class":"","_genesis_layout":"","footnotes":""},"class_list":{"0":"post-14226","1":"page","2":"type-page","3":"status-publish","5":"entry"},"acf":[],"yoast_head":"<!-- This site is optimized with the Yoast SEO plugin v27.4 - https:\/\/yoast.com\/product\/yoast-seo-wordpress\/ -->\n<title>Soluciones para centros de datos - Quantum | ITAD &amp; E-Waste Recycling<\/title>\n<meta name=\"robots\" content=\"index, follow, max-snippet:-1, max-image-preview:large, max-video-preview:-1\" \/>\n<link rel=\"canonical\" href=\"https:\/\/quantumlifecycle.com\/es_CR\/soluciones-para-centros-de-datos\/\" \/>\n<meta property=\"og:locale\" content=\"es_ES\" \/>\n<meta property=\"og:type\" content=\"article\" \/>\n<meta property=\"og:title\" content=\"Soluciones para centros de datos - Quantum | ITAD &amp; E-Waste Recycling\" \/>\n<meta property=\"og:description\" content=\"Entendemos las necesidades \u00fanicas de los centros de datos Tanto si necesita ayuda para desmantelar el viejo centro de datos de su...\" \/>\n<meta property=\"og:url\" content=\"https:\/\/quantumlifecycle.com\/es_CR\/soluciones-para-centros-de-datos\/\" \/>\n<meta property=\"og:site_name\" content=\"Quantum | ITAD &amp; E-Waste Recycling\" \/>\n<meta property=\"article:modified_time\" content=\"2022-06-20T12:43:38+00:00\" \/>\n<meta property=\"og:image\" content=\"https:\/\/quantumlifecycle.com\/wp-content\/uploads\/2022\/05\/data-centre.svg\" \/>\n<meta name=\"twitter:card\" content=\"summary_large_image\" \/>\n<meta name=\"twitter:label1\" content=\"Est. reading time\" \/>\n\t<meta name=\"twitter:data1\" content=\"2 minutos\" \/>\n<script type=\"application\/ld+json\" class=\"yoast-schema-graph\">{\"@context\":\"https:\\\/\\\/schema.org\",\"@graph\":[{\"@type\":\"WebPage\",\"@id\":\"https:\\\/\\\/quantumlifecycle.com\\\/es_CR\\\/soluciones-para-centros-de-datos\\\/\",\"url\":\"https:\\\/\\\/quantumlifecycle.com\\\/es_CR\\\/soluciones-para-centros-de-datos\\\/\",\"name\":\"Soluciones para centros de datos - Quantum | ITAD &amp; E-Waste Recycling\",\"isPartOf\":{\"@id\":\"https:\\\/\\\/quantumlifecycle.com\\\/es_CR\\\/#website\"},\"primaryImageOfPage\":{\"@id\":\"https:\\\/\\\/quantumlifecycle.com\\\/es_CR\\\/soluciones-para-centros-de-datos\\\/#primaryimage\"},\"image\":{\"@id\":\"https:\\\/\\\/quantumlifecycle.com\\\/es_CR\\\/soluciones-para-centros-de-datos\\\/#primaryimage\"},\"thumbnailUrl\":\"https:\\\/\\\/quantumlifecycle.com\\\/wp-content\\\/uploads\\\/2022\\\/05\\\/data-centre.svg\",\"datePublished\":\"2022-05-25T09:44:16+00:00\",\"dateModified\":\"2022-06-20T12:43:38+00:00\",\"breadcrumb\":{\"@id\":\"https:\\\/\\\/quantumlifecycle.com\\\/es_CR\\\/soluciones-para-centros-de-datos\\\/#breadcrumb\"},\"inLanguage\":\"es-CR\",\"potentialAction\":[{\"@type\":\"ReadAction\",\"target\":[\"https:\\\/\\\/quantumlifecycle.com\\\/es_CR\\\/soluciones-para-centros-de-datos\\\/\"]}]},{\"@type\":\"ImageObject\",\"inLanguage\":\"es-CR\",\"@id\":\"https:\\\/\\\/quantumlifecycle.com\\\/es_CR\\\/soluciones-para-centros-de-datos\\\/#primaryimage\",\"url\":\"https:\\\/\\\/quantumlifecycle.com\\\/wp-content\\\/uploads\\\/2022\\\/05\\\/data-centre.svg\",\"contentUrl\":\"https:\\\/\\\/quantumlifecycle.com\\\/wp-content\\\/uploads\\\/2022\\\/05\\\/data-centre.svg\"},{\"@type\":\"BreadcrumbList\",\"@id\":\"https:\\\/\\\/quantumlifecycle.com\\\/es_CR\\\/soluciones-para-centros-de-datos\\\/#breadcrumb\",\"itemListElement\":[{\"@type\":\"ListItem\",\"position\":1,\"name\":\"Home\",\"item\":\"https:\\\/\\\/quantumlifecycle.com\\\/es_CR\\\/\"},{\"@type\":\"ListItem\",\"position\":2,\"name\":\"Soluciones para centros de datos\"}]},{\"@type\":\"WebSite\",\"@id\":\"https:\\\/\\\/quantumlifecycle.com\\\/es_CR\\\/#website\",\"url\":\"https:\\\/\\\/quantumlifecycle.com\\\/es_CR\\\/\",\"name\":\"Quantum | ITAD & E-Waste Recycling\",\"description\":\"\",\"publisher\":{\"@id\":\"https:\\\/\\\/quantumlifecycle.com\\\/es_CR\\\/#organization\"},\"potentialAction\":[{\"@type\":\"SearchAction\",\"target\":{\"@type\":\"EntryPoint\",\"urlTemplate\":\"https:\\\/\\\/quantumlifecycle.com\\\/es_CR\\\/?s={search_term_string}\"},\"query-input\":{\"@type\":\"PropertyValueSpecification\",\"valueRequired\":true,\"valueName\":\"search_term_string\"}}],\"inLanguage\":\"es-CR\"},{\"@type\":\"Organization\",\"@id\":\"https:\\\/\\\/quantumlifecycle.com\\\/es_CR\\\/#organization\",\"name\":\"Quantum Lifecycle Partners LP\",\"url\":\"https:\\\/\\\/quantumlifecycle.com\\\/es_CR\\\/\",\"logo\":{\"@type\":\"ImageObject\",\"inLanguage\":\"es-CR\",\"@id\":\"https:\\\/\\\/quantumlifecycle.com\\\/es_CR\\\/#\\\/schema\\\/logo\\\/image\\\/\",\"url\":\"https:\\\/\\\/quantumlifecycle.com\\\/wp-content\\\/uploads\\\/2020\\\/01\\\/logo.svg\",\"contentUrl\":\"https:\\\/\\\/quantumlifecycle.com\\\/wp-content\\\/uploads\\\/2020\\\/01\\\/logo.svg\",\"width\":2700,\"height\":848,\"caption\":\"Quantum Lifecycle Partners LP\"},\"image\":{\"@id\":\"https:\\\/\\\/quantumlifecycle.com\\\/es_CR\\\/#\\\/schema\\\/logo\\\/image\\\/\"}}]}<\/script>\n<!-- \/ Yoast SEO plugin. -->","yoast_head_json":{"title":"Soluciones para centros de datos - Quantum | ITAD &amp; E-Waste Recycling","robots":{"index":"index","follow":"follow","max-snippet":"max-snippet:-1","max-image-preview":"max-image-preview:large","max-video-preview":"max-video-preview:-1"},"canonical":"https:\/\/quantumlifecycle.com\/es_CR\/soluciones-para-centros-de-datos\/","og_locale":"es_ES","og_type":"article","og_title":"Soluciones para centros de datos - Quantum | ITAD &amp; E-Waste Recycling","og_description":"Entendemos las necesidades \u00fanicas de los centros de datos Tanto si necesita ayuda para desmantelar el viejo centro de datos de su...","og_url":"https:\/\/quantumlifecycle.com\/es_CR\/soluciones-para-centros-de-datos\/","og_site_name":"Quantum | ITAD &amp; E-Waste Recycling","article_modified_time":"2022-06-20T12:43:38+00:00","og_image":[{"url":"https:\/\/quantumlifecycle.com\/wp-content\/uploads\/2022\/05\/data-centre.svg","type":"","width":"","height":""}],"twitter_card":"summary_large_image","twitter_misc":{"Est. reading time":"2 minutos"},"schema":{"@context":"https:\/\/schema.org","@graph":[{"@type":"WebPage","@id":"https:\/\/quantumlifecycle.com\/es_CR\/soluciones-para-centros-de-datos\/","url":"https:\/\/quantumlifecycle.com\/es_CR\/soluciones-para-centros-de-datos\/","name":"Soluciones para centros de datos - Quantum | ITAD &amp; E-Waste Recycling","isPartOf":{"@id":"https:\/\/quantumlifecycle.com\/es_CR\/#website"},"primaryImageOfPage":{"@id":"https:\/\/quantumlifecycle.com\/es_CR\/soluciones-para-centros-de-datos\/#primaryimage"},"image":{"@id":"https:\/\/quantumlifecycle.com\/es_CR\/soluciones-para-centros-de-datos\/#primaryimage"},"thumbnailUrl":"https:\/\/quantumlifecycle.com\/wp-content\/uploads\/2022\/05\/data-centre.svg","datePublished":"2022-05-25T09:44:16+00:00","dateModified":"2022-06-20T12:43:38+00:00","breadcrumb":{"@id":"https:\/\/quantumlifecycle.com\/es_CR\/soluciones-para-centros-de-datos\/#breadcrumb"},"inLanguage":"es-CR","potentialAction":[{"@type":"ReadAction","target":["https:\/\/quantumlifecycle.com\/es_CR\/soluciones-para-centros-de-datos\/"]}]},{"@type":"ImageObject","inLanguage":"es-CR","@id":"https:\/\/quantumlifecycle.com\/es_CR\/soluciones-para-centros-de-datos\/#primaryimage","url":"https:\/\/quantumlifecycle.com\/wp-content\/uploads\/2022\/05\/data-centre.svg","contentUrl":"https:\/\/quantumlifecycle.com\/wp-content\/uploads\/2022\/05\/data-centre.svg"},{"@type":"BreadcrumbList","@id":"https:\/\/quantumlifecycle.com\/es_CR\/soluciones-para-centros-de-datos\/#breadcrumb","itemListElement":[{"@type":"ListItem","position":1,"name":"Home","item":"https:\/\/quantumlifecycle.com\/es_CR\/"},{"@type":"ListItem","position":2,"name":"Soluciones para centros de datos"}]},{"@type":"WebSite","@id":"https:\/\/quantumlifecycle.com\/es_CR\/#website","url":"https:\/\/quantumlifecycle.com\/es_CR\/","name":"Quantum | ITAD & E-Waste Recycling","description":"","publisher":{"@id":"https:\/\/quantumlifecycle.com\/es_CR\/#organization"},"potentialAction":[{"@type":"SearchAction","target":{"@type":"EntryPoint","urlTemplate":"https:\/\/quantumlifecycle.com\/es_CR\/?s={search_term_string}"},"query-input":{"@type":"PropertyValueSpecification","valueRequired":true,"valueName":"search_term_string"}}],"inLanguage":"es-CR"},{"@type":"Organization","@id":"https:\/\/quantumlifecycle.com\/es_CR\/#organization","name":"Quantum Lifecycle Partners LP","url":"https:\/\/quantumlifecycle.com\/es_CR\/","logo":{"@type":"ImageObject","inLanguage":"es-CR","@id":"https:\/\/quantumlifecycle.com\/es_CR\/#\/schema\/logo\/image\/","url":"https:\/\/quantumlifecycle.com\/wp-content\/uploads\/2020\/01\/logo.svg","contentUrl":"https:\/\/quantumlifecycle.com\/wp-content\/uploads\/2020\/01\/logo.svg","width":2700,"height":848,"caption":"Quantum Lifecycle Partners LP"},"image":{"@id":"https:\/\/quantumlifecycle.com\/es_CR\/#\/schema\/logo\/image\/"}}]}},"yoast":{"metadesc":""},"_links":{"self":[{"href":"https:\/\/quantumlifecycle.com\/es_CR\/wp-json\/wp\/v2\/pages\/14226","targetHints":{"allow":["GET"]}}],"collection":[{"href":"https:\/\/quantumlifecycle.com\/es_CR\/wp-json\/wp\/v2\/pages"}],"about":[{"href":"https:\/\/quantumlifecycle.com\/es_CR\/wp-json\/wp\/v2\/types\/page"}],"author":[{"embeddable":true,"href":"https:\/\/quantumlifecycle.com\/es_CR\/wp-json\/wp\/v2\/users\/12"}],"replies":[{"embeddable":true,"href":"https:\/\/quantumlifecycle.com\/es_CR\/wp-json\/wp\/v2\/comments?post=14226"}],"version-history":[{"count":2,"href":"https:\/\/quantumlifecycle.com\/es_CR\/wp-json\/wp\/v2\/pages\/14226\/revisions"}],"predecessor-version":[{"id":18983,"href":"https:\/\/quantumlifecycle.com\/es_CR\/wp-json\/wp\/v2\/pages\/14226\/revisions\/18983"}],"wp:attachment":[{"href":"https:\/\/quantumlifecycle.com\/es_CR\/wp-json\/wp\/v2\/media?parent=14226"}],"curies":[{"name":"wp","href":"https:\/\/api.w.org\/{rel}","templated":true}]}}