{"id":14219,"date":"2018-05-10T07:01:09","date_gmt":"2018-05-10T11:01:09","guid":{"rendered":"https:\/\/quantumlifecycle.com\/staging\/lo-que-reciclamos\/"},"modified":"2022-06-15T07:55:53","modified_gmt":"2022-06-15T11:55:53","slug":"lo-que-reciclamos","status":"publish","type":"page","link":"https:\/\/quantumlifecycle.com\/es_CR\/lo-que-reciclamos\/","title":{"rendered":"Lo que reciclamos"},"content":{"rendered":"","protected":false},"excerpt":{"rendered":"","protected":false},"author":3,"featured_media":0,"parent":0,"menu_order":0,"comment_status":"closed","ping_status":"closed","template":"page-what-we-recycle.php","meta":{"_acf_changed":false,"om_disable_all_campaigns":false,"_genesis_hide_title":false,"_genesis_hide_breadcrumbs":false,"_genesis_hide_singular_image":false,"_genesis_hide_footer_widgets":false,"_genesis_custom_body_class":"","_genesis_custom_post_class":"","_genesis_layout":"","footnotes":""},"class_list":{"0":"post-14219","1":"page","2":"type-page","3":"status-publish","5":"entry"},"acf":{"headline":"Quantum recicla una gran variedad de desechos electr\u00f3nicos y viejos aparatos electr\u00f3nicos. Si encuentra su art\u00edculo a continuaci\u00f3n, ll\u00e1menos al 506-2201-9595 o utilice el formulario para programar una recoleccion.","recycling_products":[{"image":"https:\/\/quantumlifecycle.com\/wp-content\/uploads\/2020\/01\/Laptop-Computers.svg","label":"COMPUTADORAS PORT\u00c1TILES","subtitle":"Dispositivo inform\u00e1tico port\u00e1til","link":"https:\/\/quantumlifecycle.com\/en\/what-we-recycle\/laptop-computers\/"},{"image":"https:\/\/quantumlifecycle.com\/wp-content\/uploads\/2020\/01\/Phones.svg","label":"CELULARES","subtitle":"Smartphones y otros dispositivos m\u00f3viles","link":"https:\/\/quantumlifecycle.com\/en\/what-we-recycle\/phones\/"},{"image":"https:\/\/quantumlifecycle.com\/wp-content\/uploads\/2021\/05\/Tablet.svg","label":"TABLETAS","subtitle":"Dispositivo port\u00e1til polivalente","link":"https:\/\/quantumlifecycle.com\/en\/what-we-recycle\/tablets\/"},{"image":"https:\/\/quantumlifecycle.com\/wp-content\/uploads\/2020\/01\/Desktop-Computers.svg","label":"Computadora de Escritorio","subtitle":"Dispositivo inform\u00e1tico fijo","link":"https:\/\/quantumlifecycle.com\/en\/what-we-recycle\/desktop-computers\/"},{"image":"https:\/\/quantumlifecycle.com\/wp-content\/uploads\/2020\/01\/Servers.svg","label":"SERVIDORES","subtitle":"Dispositivo inform\u00e1tico fijo de alta capacidad","link":"https:\/\/quantumlifecycle.com\/en\/what-we-recycle\/servers\/"},{"image":"https:\/\/quantumlifecycle.com\/wp-content\/uploads\/2020\/01\/CRT-Monitors.svg","label":"MONITORES CRT","subtitle":"Antiguo formato de tecnolog\u00eda de visualizaci\u00f3n","link":"https:\/\/quantumlifecycle.com\/en\/what-we-recycle\/crt-monitors\/"},{"image":"https:\/\/quantumlifecycle.com\/wp-content\/uploads\/2020\/01\/LCD-LED-Monitors.svg","label":"Monitores LCD\/LED","subtitle":"Tecnolog\u00eda de pantalla plana","link":"https:\/\/quantumlifecycle.com\/en\/what-we-recycle\/lcd-led-monitors\/"},{"image":"https:\/\/quantumlifecycle.com\/wp-content\/uploads\/2020\/01\/CRT-Televisions.svg","label":"Televisores CRT","subtitle":"Formato de tecnolog\u00eda de visualizaci\u00f3n antigua","link":"https:\/\/quantumlifecycle.com\/en\/what-we-recycle\/crt-televisions\/"},{"image":"https:\/\/quantumlifecycle.com\/wp-content\/uploads\/2020\/01\/Plasma-TVS.svg","label":"TVS PLASMA","subtitle":"Tecnolog\u00eda de pantalla plana original","link":"https:\/\/quantumlifecycle.com\/en\/what-we-recycle\/plasma-tvs\/"},{"image":"https:\/\/quantumlifecycle.com\/wp-content\/uploads\/2020\/01\/LCD-LED-Tvs.svg","label":"LCD\/LED TVS","subtitle":"Tecnolog\u00eda de pantalla plana","link":"https:\/\/quantumlifecycle.com\/en\/what-we-recycle\/lcd-led-tvs\/"},{"image":"https:\/\/quantumlifecycle.com\/wp-content\/uploads\/2020\/01\/Rear-Projection-tvs.svg","label":"TELEVISORES DE RETROPROYECCI\u00d3N","subtitle":"Televisores de pantalla grande de estilo antiguo","link":"https:\/\/quantumlifecycle.com\/en\/what-we-recycle\/rear-projection-tvs\/"},{"image":"https:\/\/quantumlifecycle.com\/wp-content\/uploads\/2020\/01\/Photocopiers.svg","label":"FOTOCOPIADORAS","subtitle":"Dispositivo de modelo flotante que copia documentos","link":"https:\/\/quantumlifecycle.com\/en\/what-we-recycle\/photocopiers\/"},{"image":"https:\/\/quantumlifecycle.com\/wp-content\/uploads\/2020\/01\/Destop-Printers.svg","label":"IMPRESORAS DE escritorio","subtitle":"Lo suficientemente peque\u00f1as como para caber en un escritorio","link":"https:\/\/quantumlifecycle.com\/en\/what-we-recycle\/desktop-printers\/"},{"image":"https:\/\/quantumlifecycle.com\/wp-content\/uploads\/2020\/01\/Thermal-Printers.svg","label":"IMPRESORAS T\u00c9RMICAS","subtitle":"A menudo se utilizan en los sistemas de TPV para la impresi\u00f3n de recibos","link":"https:\/\/quantumlifecycle.com\/en\/what-we-recycle\/thermal-printers\/"},{"image":"https:\/\/quantumlifecycle.com\/wp-content\/uploads\/2020\/01\/Multifunction-Printers.svg","label":"IMPRESORAS MULTIFUNCI\u00d3N (MFP)","subtitle":"Impresora de sobremesa o de suelo","link":"https:\/\/quantumlifecycle.com\/en\/what-we-recycle\/multifunction-mfp-printers\/"},{"image":"https:\/\/quantumlifecycle.com\/wp-content\/uploads\/2020\/01\/Uninterrupted-Power-Supplies.svg","label":"FUENTES DE ALIMENTACI\u00d3N ININTERRUMPIDA","subtitle":"Fuente de alimentaci\u00f3n de reserva","link":"https:\/\/quantumlifecycle.com\/en\/what-we-recycle\/uninterrupted-power-supplies-ups\/"},{"image":"https:\/\/quantumlifecycle.com\/wp-content\/uploads\/2020\/01\/Toner-and-ink-Cartridge.svg","label":"CARTUCHOS DE T\u00d3NER Y TINTA","subtitle":"Eliminaci\u00f3n de cartuchos de tinta","link":"https:\/\/quantumlifecycle.com\/en\/what-we-recycle\/toner-and-ink-cartridges\/"},{"image":"https:\/\/quantumlifecycle.com\/wp-content\/uploads\/2020\/01\/Professional-AV-Equipment.svg","label":"EQUIPO DE AUDIO VIDEO PROFESIONAL","subtitle":"EQUIPO DE audio\/video PROFESIONAL","link":"https:\/\/quantumlifecycle.com\/en\/what-we-recycle\/professional-av-equipment\/"},{"image":"https:\/\/quantumlifecycle.com\/wp-content\/uploads\/2020\/01\/Mixed-Cables.svg","label":"CABLES MIXTOS","subtitle":"Cables e hilos utilizados para conectar","link":"https:\/\/quantumlifecycle.com\/en\/what-we-recycle\/mixed-cables\/"},{"image":"https:\/\/quantumlifecycle.com\/wp-content\/uploads\/2020\/01\/Mixed-Batteries.svg","label":"BATER\u00cdAS MIXTAS","subtitle":"Fuentes de alimentaci\u00f3n port\u00e1tiles","link":"https:\/\/quantumlifecycle.com\/en\/what-we-recycle\/mixed-batteries\/"},{"image":"https:\/\/quantumlifecycle.com\/wp-content\/uploads\/2020\/01\/FAX-Machines.svg","label":"M\u00c1QUINAS DE FAX","subtitle":"Env\u00eda escaneos de documentos por tel\u00e9fono","link":"https:\/\/quantumlifecycle.com\/en\/what-we-recycle\/fax-machines\/"},{"image":"https:\/\/quantumlifecycle.com\/wp-content\/uploads\/2020\/01\/Mice-and-Keyboards.svg","label":"Mouse Y TECLADOS","subtitle":"Utilizados para introducir datos en un dispositivo inform\u00e1tico","link":"https:\/\/quantumlifecycle.com\/en\/what-we-recycle\/mice-and-keyboards\/"},{"image":"https:\/\/quantumlifecycle.com\/wp-content\/uploads\/2020\/01\/Home-Theatre.svg","label":"SISTEMAS DE AUDIO PARA EL HOGAR","subtitle":"Sistema de  audio envolvente  para el hogar","link":"https:\/\/quantumlifecycle.com\/en\/what-we-recycle\/home-theatre-equipment\/"},{"image":"https:\/\/quantumlifecycle.com\/wp-content\/uploads\/2020\/01\/Stereo-Systems.svg","label":"SISTEMAS DE ESTEREO","subtitle":" Dispositivo para reproducir audio","link":"https:\/\/quantumlifecycle.com\/en\/what-we-recycle\/stereo-systems\/"},{"image":"https:\/\/quantumlifecycle.com\/wp-content\/uploads\/2020\/01\/Electronics-Accessories-.svg","label":"ACCESORIOS ELECTR\u00d3NICOS","subtitle":"Elemento auxiliar esencial o \u00fatil","link":"https:\/\/quantumlifecycle.com\/en\/what-we-recycle\/electronic-accessories\/"},{"image":"https:\/\/quantumlifecycle.com\/wp-content\/uploads\/2018\/05\/Network-Equipment-01.svg","label":"EQUIPO DE RED","subtitle":"Un elemento auxiliar esencial o \u00fatil","link":"https:\/\/quantumlifecycle.com\/en\/what-we-recycle\/network-equipment\/"}]},"yoast_head":"<!-- This site is optimized with the Yoast SEO plugin v27.4 - https:\/\/yoast.com\/product\/yoast-seo-wordpress\/ -->\n<title>Lo que reciclamos - Quantum | ITAD &amp; E-Waste Recycling<\/title>\n<meta name=\"description\" content=\"A complete and detailed list of the old electronics and e-waste products including computers, servers, printers, TVs and smartphones that are recycled by Quantum.\" \/>\n<meta name=\"robots\" content=\"index, follow, max-snippet:-1, max-image-preview:large, max-video-preview:-1\" \/>\n<link rel=\"canonical\" href=\"https:\/\/quantumlifecycle.com\/es_CR\/lo-que-reciclamos\/\" \/>\n<meta property=\"og:locale\" content=\"es_ES\" \/>\n<meta property=\"og:type\" content=\"article\" \/>\n<meta property=\"og:title\" content=\"Lo que reciclamos - Quantum | ITAD &amp; E-Waste Recycling\" \/>\n<meta property=\"og:description\" content=\"A complete and detailed list of the old electronics and e-waste products including computers, servers, printers, TVs and smartphones that are recycled by Quantum.\" \/>\n<meta property=\"og:url\" content=\"https:\/\/quantumlifecycle.com\/es_CR\/lo-que-reciclamos\/\" \/>\n<meta property=\"og:site_name\" content=\"Quantum | ITAD &amp; E-Waste Recycling\" \/>\n<meta property=\"article:modified_time\" content=\"2022-06-15T11:55:53+00:00\" \/>\n<meta name=\"twitter:card\" content=\"summary_large_image\" \/>\n<script type=\"application\/ld+json\" class=\"yoast-schema-graph\">{\"@context\":\"https:\\\/\\\/schema.org\",\"@graph\":[{\"@type\":\"WebPage\",\"@id\":\"https:\\\/\\\/quantumlifecycle.com\\\/es_CR\\\/lo-que-reciclamos\\\/\",\"url\":\"https:\\\/\\\/quantumlifecycle.com\\\/es_CR\\\/lo-que-reciclamos\\\/\",\"name\":\"Lo que reciclamos - Quantum | ITAD &amp; E-Waste Recycling\",\"isPartOf\":{\"@id\":\"https:\\\/\\\/quantumlifecycle.com\\\/es_CR\\\/#website\"},\"datePublished\":\"2018-05-10T11:01:09+00:00\",\"dateModified\":\"2022-06-15T11:55:53+00:00\",\"description\":\"A complete and detailed list of the old electronics and e-waste products including computers, servers, printers, TVs and smartphones that are recycled by Quantum.\",\"breadcrumb\":{\"@id\":\"https:\\\/\\\/quantumlifecycle.com\\\/es_CR\\\/lo-que-reciclamos\\\/#breadcrumb\"},\"inLanguage\":\"es-CR\",\"potentialAction\":[{\"@type\":\"ReadAction\",\"target\":[\"https:\\\/\\\/quantumlifecycle.com\\\/es_CR\\\/lo-que-reciclamos\\\/\"]}]},{\"@type\":\"BreadcrumbList\",\"@id\":\"https:\\\/\\\/quantumlifecycle.com\\\/es_CR\\\/lo-que-reciclamos\\\/#breadcrumb\",\"itemListElement\":[{\"@type\":\"ListItem\",\"position\":1,\"name\":\"Home\",\"item\":\"https:\\\/\\\/quantumlifecycle.com\\\/es_CR\\\/\"},{\"@type\":\"ListItem\",\"position\":2,\"name\":\"Lo que reciclamos\"}]},{\"@type\":\"WebSite\",\"@id\":\"https:\\\/\\\/quantumlifecycle.com\\\/es_CR\\\/#website\",\"url\":\"https:\\\/\\\/quantumlifecycle.com\\\/es_CR\\\/\",\"name\":\"Quantum | ITAD & E-Waste Recycling\",\"description\":\"\",\"publisher\":{\"@id\":\"https:\\\/\\\/quantumlifecycle.com\\\/es_CR\\\/#organization\"},\"potentialAction\":[{\"@type\":\"SearchAction\",\"target\":{\"@type\":\"EntryPoint\",\"urlTemplate\":\"https:\\\/\\\/quantumlifecycle.com\\\/es_CR\\\/?s={search_term_string}\"},\"query-input\":{\"@type\":\"PropertyValueSpecification\",\"valueRequired\":true,\"valueName\":\"search_term_string\"}}],\"inLanguage\":\"es-CR\"},{\"@type\":\"Organization\",\"@id\":\"https:\\\/\\\/quantumlifecycle.com\\\/es_CR\\\/#organization\",\"name\":\"Quantum Lifecycle Partners LP\",\"url\":\"https:\\\/\\\/quantumlifecycle.com\\\/es_CR\\\/\",\"logo\":{\"@type\":\"ImageObject\",\"inLanguage\":\"es-CR\",\"@id\":\"https:\\\/\\\/quantumlifecycle.com\\\/es_CR\\\/#\\\/schema\\\/logo\\\/image\\\/\",\"url\":\"https:\\\/\\\/quantumlifecycle.com\\\/wp-content\\\/uploads\\\/2020\\\/01\\\/logo.svg\",\"contentUrl\":\"https:\\\/\\\/quantumlifecycle.com\\\/wp-content\\\/uploads\\\/2020\\\/01\\\/logo.svg\",\"width\":2700,\"height\":848,\"caption\":\"Quantum Lifecycle Partners LP\"},\"image\":{\"@id\":\"https:\\\/\\\/quantumlifecycle.com\\\/es_CR\\\/#\\\/schema\\\/logo\\\/image\\\/\"}}]}<\/script>\n<!-- \/ Yoast SEO plugin. -->","yoast_head_json":{"title":"Lo que reciclamos - Quantum | ITAD &amp; E-Waste Recycling","description":"A complete and detailed list of the old electronics and e-waste products including computers, servers, printers, TVs and smartphones that are recycled by Quantum.","robots":{"index":"index","follow":"follow","max-snippet":"max-snippet:-1","max-image-preview":"max-image-preview:large","max-video-preview":"max-video-preview:-1"},"canonical":"https:\/\/quantumlifecycle.com\/es_CR\/lo-que-reciclamos\/","og_locale":"es_ES","og_type":"article","og_title":"Lo que reciclamos - Quantum | ITAD &amp; E-Waste Recycling","og_description":"A complete and detailed list of the old electronics and e-waste products including computers, servers, printers, TVs and smartphones that are recycled by Quantum.","og_url":"https:\/\/quantumlifecycle.com\/es_CR\/lo-que-reciclamos\/","og_site_name":"Quantum | ITAD &amp; E-Waste Recycling","article_modified_time":"2022-06-15T11:55:53+00:00","twitter_card":"summary_large_image","schema":{"@context":"https:\/\/schema.org","@graph":[{"@type":"WebPage","@id":"https:\/\/quantumlifecycle.com\/es_CR\/lo-que-reciclamos\/","url":"https:\/\/quantumlifecycle.com\/es_CR\/lo-que-reciclamos\/","name":"Lo que reciclamos - Quantum | ITAD &amp; E-Waste Recycling","isPartOf":{"@id":"https:\/\/quantumlifecycle.com\/es_CR\/#website"},"datePublished":"2018-05-10T11:01:09+00:00","dateModified":"2022-06-15T11:55:53+00:00","description":"A complete and detailed list of the old electronics and e-waste products including computers, servers, printers, TVs and smartphones that are recycled by Quantum.","breadcrumb":{"@id":"https:\/\/quantumlifecycle.com\/es_CR\/lo-que-reciclamos\/#breadcrumb"},"inLanguage":"es-CR","potentialAction":[{"@type":"ReadAction","target":["https:\/\/quantumlifecycle.com\/es_CR\/lo-que-reciclamos\/"]}]},{"@type":"BreadcrumbList","@id":"https:\/\/quantumlifecycle.com\/es_CR\/lo-que-reciclamos\/#breadcrumb","itemListElement":[{"@type":"ListItem","position":1,"name":"Home","item":"https:\/\/quantumlifecycle.com\/es_CR\/"},{"@type":"ListItem","position":2,"name":"Lo que reciclamos"}]},{"@type":"WebSite","@id":"https:\/\/quantumlifecycle.com\/es_CR\/#website","url":"https:\/\/quantumlifecycle.com\/es_CR\/","name":"Quantum | ITAD & E-Waste Recycling","description":"","publisher":{"@id":"https:\/\/quantumlifecycle.com\/es_CR\/#organization"},"potentialAction":[{"@type":"SearchAction","target":{"@type":"EntryPoint","urlTemplate":"https:\/\/quantumlifecycle.com\/es_CR\/?s={search_term_string}"},"query-input":{"@type":"PropertyValueSpecification","valueRequired":true,"valueName":"search_term_string"}}],"inLanguage":"es-CR"},{"@type":"Organization","@id":"https:\/\/quantumlifecycle.com\/es_CR\/#organization","name":"Quantum Lifecycle Partners LP","url":"https:\/\/quantumlifecycle.com\/es_CR\/","logo":{"@type":"ImageObject","inLanguage":"es-CR","@id":"https:\/\/quantumlifecycle.com\/es_CR\/#\/schema\/logo\/image\/","url":"https:\/\/quantumlifecycle.com\/wp-content\/uploads\/2020\/01\/logo.svg","contentUrl":"https:\/\/quantumlifecycle.com\/wp-content\/uploads\/2020\/01\/logo.svg","width":2700,"height":848,"caption":"Quantum Lifecycle Partners LP"},"image":{"@id":"https:\/\/quantumlifecycle.com\/es_CR\/#\/schema\/logo\/image\/"}}]}},"yoast":{"metadesc":"A complete and detailed list of the old electronics and e-waste products including computers, servers, printers, TVs and smartphones that are recycled by Quantum."},"_links":{"self":[{"href":"https:\/\/quantumlifecycle.com\/es_CR\/wp-json\/wp\/v2\/pages\/14219","targetHints":{"allow":["GET"]}}],"collection":[{"href":"https:\/\/quantumlifecycle.com\/es_CR\/wp-json\/wp\/v2\/pages"}],"about":[{"href":"https:\/\/quantumlifecycle.com\/es_CR\/wp-json\/wp\/v2\/types\/page"}],"author":[{"embeddable":true,"href":"https:\/\/quantumlifecycle.com\/es_CR\/wp-json\/wp\/v2\/users\/3"}],"replies":[{"embeddable":true,"href":"https:\/\/quantumlifecycle.com\/es_CR\/wp-json\/wp\/v2\/comments?post=14219"}],"version-history":[{"count":1,"href":"https:\/\/quantumlifecycle.com\/es_CR\/wp-json\/wp\/v2\/pages\/14219\/revisions"}],"predecessor-version":[{"id":14308,"href":"https:\/\/quantumlifecycle.com\/es_CR\/wp-json\/wp\/v2\/pages\/14219\/revisions\/14308"}],"wp:attachment":[{"href":"https:\/\/quantumlifecycle.com\/es_CR\/wp-json\/wp\/v2\/media?parent=14219"}],"curies":[{"name":"wp","href":"https:\/\/api.w.org\/{rel}","templated":true}]}}