{"id":14214,"date":"2021-10-14T14:18:37","date_gmt":"2021-10-14T18:18:37","guid":{"rendered":"https:\/\/quantumlifecycle.com\/staging\/itad\/"},"modified":"2025-08-18T06:38:11","modified_gmt":"2025-08-18T10:38:11","slug":"itad","status":"publish","type":"page","link":"https:\/\/quantumlifecycle.com\/es_CR\/itad\/","title":{"rendered":"ITAD"},"content":{"rendered":"<div class=\"top-content\">\n<h2 class=\"text-center primary-headline\">Gesti\u00f3n ITAD?<\/h2>\n<div class=\"w-800\">ITAD por sus siglas en ingles significa Disposici\u00f3n de Activos Inform\u00e1ticos de Tecnolog\u00eda, este servicio aprovecha un espectro integral para maximizar el valor de su equipo de TI al final de su vida \u00fatil. Quantum se encarga de todo, incluidos los servicios in situ, la log\u00edstica y la destrucci\u00f3n segura de sus datos promoviendo la reutilizaci\u00f3n de electr\u00f3nicos en Costa Rica y Latinoam\u00e9rica. Para Quantum la seguridad de informaci\u00f3n es muy importante, ya que entiende el riesgo que conlleva la p\u00e9rdida de datos presentes en los equipos electr\u00f3nicos en desuso, por lo que nuestro servicio ITAD se enfoca en el borrado de datos empleando las mejores pr\u00e1cticas, con procesos<br \/>\ndebidamente certificados y llevando una trazabilidad completa a trav\u00e9s de sus sistemas de informaci\u00f3n, lo que le garantiza una disposici\u00f3n segura de informaci\u00f3n sensible. Adem\u00e1s, nuestro servicio ITAD ofrece la oportunidad de diagnosticar de manera cosm\u00e9tica y funcional los equipos de tecnolog\u00eda en desuso y as\u00ed evaluar su potencial de re\u00faso, por ello nuestros procesos de reacondicionamiento y nuestra amplia red de ventas internacionales, maximizan el valor de los equipos electr\u00f3nicos en desuso de su organizaci\u00f3n. Nuestro programa de ITAD en Latinoam\u00e9rica est\u00e1 integrado verticalmente y es de alcance regional, lo que garantiza que sus necesidades se satisfacen independientemente de d\u00f3nde se encuentren sus dispositivos de tecnolog\u00eda.<\/div>\n<\/div>\n<p><img loading=\"lazy\" decoding=\"async\" src=\"https:\/\/quantumlifecycle.com\/wp-content\/uploads\/2022\/06\/Enterprise.svg\" alt=\"\" width=\"1172\" height=\"697\" class=\"alignnone size-full wp-image-13299\"  role=\"img\" \/><\/p>\n","protected":false},"excerpt":{"rendered":"<p>Gesti\u00f3n ITAD? ITAD por sus siglas en ingles significa Disposici\u00f3n de Activos Inform\u00e1ticos de Tecnolog\u00eda, este servicio aprovecha un espectro integral para&#8230;<\/p>\n","protected":false},"author":3,"featured_media":0,"parent":0,"menu_order":0,"comment_status":"closed","ping_status":"closed","template":"page-enterprise.php","meta":{"_acf_changed":false,"om_disable_all_campaigns":false,"_genesis_hide_title":false,"_genesis_hide_breadcrumbs":false,"_genesis_hide_singular_image":false,"_genesis_hide_footer_widgets":false,"_genesis_custom_body_class":"","_genesis_custom_post_class":"","_genesis_layout":"","footnotes":""},"class_list":{"0":"post-14214","1":"page","2":"type-page","3":"status-publish","5":"entry"},"acf":[],"yoast_head":"<!-- This site is optimized with the Yoast SEO plugin v27.4 - https:\/\/yoast.com\/product\/yoast-seo-wordpress\/ -->\n<title>ITAD - Quantum | ITAD &amp; E-Waste Recycling<\/title>\n<meta name=\"robots\" content=\"index, follow, max-snippet:-1, max-image-preview:large, max-video-preview:-1\" \/>\n<link rel=\"canonical\" href=\"https:\/\/quantumlifecycle.com\/es_CR\/itad\/\" \/>\n<meta property=\"og:locale\" content=\"es_ES\" \/>\n<meta property=\"og:type\" content=\"article\" \/>\n<meta property=\"og:title\" content=\"ITAD - Quantum | ITAD &amp; E-Waste Recycling\" \/>\n<meta property=\"og:description\" content=\"Gesti\u00f3n ITAD? ITAD por sus siglas en ingles significa Disposici\u00f3n de Activos Inform\u00e1ticos de Tecnolog\u00eda, este servicio aprovecha un espectro integral para...\" \/>\n<meta property=\"og:url\" content=\"https:\/\/quantumlifecycle.com\/es_CR\/itad\/\" \/>\n<meta property=\"og:site_name\" content=\"Quantum | ITAD &amp; E-Waste Recycling\" \/>\n<meta property=\"article:modified_time\" content=\"2025-08-18T10:38:11+00:00\" \/>\n<meta name=\"twitter:card\" content=\"summary_large_image\" \/>\n<meta name=\"twitter:label1\" content=\"Est. reading time\" \/>\n\t<meta name=\"twitter:data1\" content=\"2 minutos\" \/>\n<script type=\"application\/ld+json\" class=\"yoast-schema-graph\">{\"@context\":\"https:\\\/\\\/schema.org\",\"@graph\":[{\"@type\":\"WebPage\",\"@id\":\"https:\\\/\\\/quantumlifecycle.com\\\/es_CR\\\/itad\\\/\",\"url\":\"https:\\\/\\\/quantumlifecycle.com\\\/es_CR\\\/itad\\\/\",\"name\":\"ITAD - Quantum | ITAD &amp; E-Waste Recycling\",\"isPartOf\":{\"@id\":\"https:\\\/\\\/quantumlifecycle.com\\\/es_CR\\\/#website\"},\"primaryImageOfPage\":{\"@id\":\"https:\\\/\\\/quantumlifecycle.com\\\/es_CR\\\/itad\\\/#primaryimage\"},\"image\":{\"@id\":\"https:\\\/\\\/quantumlifecycle.com\\\/es_CR\\\/itad\\\/#primaryimage\"},\"thumbnailUrl\":\"https:\\\/\\\/quantumlifecycle.com\\\/wp-content\\\/uploads\\\/2022\\\/06\\\/Enterprise.svg\",\"datePublished\":\"2021-10-14T18:18:37+00:00\",\"dateModified\":\"2025-08-18T10:38:11+00:00\",\"breadcrumb\":{\"@id\":\"https:\\\/\\\/quantumlifecycle.com\\\/es_CR\\\/itad\\\/#breadcrumb\"},\"inLanguage\":\"es-CR\",\"potentialAction\":[{\"@type\":\"ReadAction\",\"target\":[\"https:\\\/\\\/quantumlifecycle.com\\\/es_CR\\\/itad\\\/\"]}]},{\"@type\":\"ImageObject\",\"inLanguage\":\"es-CR\",\"@id\":\"https:\\\/\\\/quantumlifecycle.com\\\/es_CR\\\/itad\\\/#primaryimage\",\"url\":\"https:\\\/\\\/quantumlifecycle.com\\\/wp-content\\\/uploads\\\/2022\\\/06\\\/Enterprise.svg\",\"contentUrl\":\"https:\\\/\\\/quantumlifecycle.com\\\/wp-content\\\/uploads\\\/2022\\\/06\\\/Enterprise.svg\"},{\"@type\":\"BreadcrumbList\",\"@id\":\"https:\\\/\\\/quantumlifecycle.com\\\/es_CR\\\/itad\\\/#breadcrumb\",\"itemListElement\":[{\"@type\":\"ListItem\",\"position\":1,\"name\":\"Home\",\"item\":\"https:\\\/\\\/quantumlifecycle.com\\\/es_CR\\\/\"},{\"@type\":\"ListItem\",\"position\":2,\"name\":\"ITAD\"}]},{\"@type\":\"WebSite\",\"@id\":\"https:\\\/\\\/quantumlifecycle.com\\\/es_CR\\\/#website\",\"url\":\"https:\\\/\\\/quantumlifecycle.com\\\/es_CR\\\/\",\"name\":\"Quantum | ITAD & E-Waste Recycling\",\"description\":\"\",\"publisher\":{\"@id\":\"https:\\\/\\\/quantumlifecycle.com\\\/es_CR\\\/#organization\"},\"potentialAction\":[{\"@type\":\"SearchAction\",\"target\":{\"@type\":\"EntryPoint\",\"urlTemplate\":\"https:\\\/\\\/quantumlifecycle.com\\\/es_CR\\\/?s={search_term_string}\"},\"query-input\":{\"@type\":\"PropertyValueSpecification\",\"valueRequired\":true,\"valueName\":\"search_term_string\"}}],\"inLanguage\":\"es-CR\"},{\"@type\":\"Organization\",\"@id\":\"https:\\\/\\\/quantumlifecycle.com\\\/es_CR\\\/#organization\",\"name\":\"Quantum Lifecycle Partners LP\",\"url\":\"https:\\\/\\\/quantumlifecycle.com\\\/es_CR\\\/\",\"logo\":{\"@type\":\"ImageObject\",\"inLanguage\":\"es-CR\",\"@id\":\"https:\\\/\\\/quantumlifecycle.com\\\/es_CR\\\/#\\\/schema\\\/logo\\\/image\\\/\",\"url\":\"https:\\\/\\\/quantumlifecycle.com\\\/wp-content\\\/uploads\\\/2020\\\/01\\\/logo.svg\",\"contentUrl\":\"https:\\\/\\\/quantumlifecycle.com\\\/wp-content\\\/uploads\\\/2020\\\/01\\\/logo.svg\",\"width\":2700,\"height\":848,\"caption\":\"Quantum Lifecycle Partners LP\"},\"image\":{\"@id\":\"https:\\\/\\\/quantumlifecycle.com\\\/es_CR\\\/#\\\/schema\\\/logo\\\/image\\\/\"}}]}<\/script>\n<!-- \/ Yoast SEO plugin. -->","yoast_head_json":{"title":"ITAD - Quantum | ITAD &amp; E-Waste Recycling","robots":{"index":"index","follow":"follow","max-snippet":"max-snippet:-1","max-image-preview":"max-image-preview:large","max-video-preview":"max-video-preview:-1"},"canonical":"https:\/\/quantumlifecycle.com\/es_CR\/itad\/","og_locale":"es_ES","og_type":"article","og_title":"ITAD - Quantum | ITAD &amp; E-Waste Recycling","og_description":"Gesti\u00f3n ITAD? ITAD por sus siglas en ingles significa Disposici\u00f3n de Activos Inform\u00e1ticos de Tecnolog\u00eda, este servicio aprovecha un espectro integral para...","og_url":"https:\/\/quantumlifecycle.com\/es_CR\/itad\/","og_site_name":"Quantum | ITAD &amp; E-Waste Recycling","article_modified_time":"2025-08-18T10:38:11+00:00","twitter_card":"summary_large_image","twitter_misc":{"Est. reading time":"2 minutos"},"schema":{"@context":"https:\/\/schema.org","@graph":[{"@type":"WebPage","@id":"https:\/\/quantumlifecycle.com\/es_CR\/itad\/","url":"https:\/\/quantumlifecycle.com\/es_CR\/itad\/","name":"ITAD - Quantum | ITAD &amp; E-Waste Recycling","isPartOf":{"@id":"https:\/\/quantumlifecycle.com\/es_CR\/#website"},"primaryImageOfPage":{"@id":"https:\/\/quantumlifecycle.com\/es_CR\/itad\/#primaryimage"},"image":{"@id":"https:\/\/quantumlifecycle.com\/es_CR\/itad\/#primaryimage"},"thumbnailUrl":"https:\/\/quantumlifecycle.com\/wp-content\/uploads\/2022\/06\/Enterprise.svg","datePublished":"2021-10-14T18:18:37+00:00","dateModified":"2025-08-18T10:38:11+00:00","breadcrumb":{"@id":"https:\/\/quantumlifecycle.com\/es_CR\/itad\/#breadcrumb"},"inLanguage":"es-CR","potentialAction":[{"@type":"ReadAction","target":["https:\/\/quantumlifecycle.com\/es_CR\/itad\/"]}]},{"@type":"ImageObject","inLanguage":"es-CR","@id":"https:\/\/quantumlifecycle.com\/es_CR\/itad\/#primaryimage","url":"https:\/\/quantumlifecycle.com\/wp-content\/uploads\/2022\/06\/Enterprise.svg","contentUrl":"https:\/\/quantumlifecycle.com\/wp-content\/uploads\/2022\/06\/Enterprise.svg"},{"@type":"BreadcrumbList","@id":"https:\/\/quantumlifecycle.com\/es_CR\/itad\/#breadcrumb","itemListElement":[{"@type":"ListItem","position":1,"name":"Home","item":"https:\/\/quantumlifecycle.com\/es_CR\/"},{"@type":"ListItem","position":2,"name":"ITAD"}]},{"@type":"WebSite","@id":"https:\/\/quantumlifecycle.com\/es_CR\/#website","url":"https:\/\/quantumlifecycle.com\/es_CR\/","name":"Quantum | ITAD & E-Waste Recycling","description":"","publisher":{"@id":"https:\/\/quantumlifecycle.com\/es_CR\/#organization"},"potentialAction":[{"@type":"SearchAction","target":{"@type":"EntryPoint","urlTemplate":"https:\/\/quantumlifecycle.com\/es_CR\/?s={search_term_string}"},"query-input":{"@type":"PropertyValueSpecification","valueRequired":true,"valueName":"search_term_string"}}],"inLanguage":"es-CR"},{"@type":"Organization","@id":"https:\/\/quantumlifecycle.com\/es_CR\/#organization","name":"Quantum Lifecycle Partners LP","url":"https:\/\/quantumlifecycle.com\/es_CR\/","logo":{"@type":"ImageObject","inLanguage":"es-CR","@id":"https:\/\/quantumlifecycle.com\/es_CR\/#\/schema\/logo\/image\/","url":"https:\/\/quantumlifecycle.com\/wp-content\/uploads\/2020\/01\/logo.svg","contentUrl":"https:\/\/quantumlifecycle.com\/wp-content\/uploads\/2020\/01\/logo.svg","width":2700,"height":848,"caption":"Quantum Lifecycle Partners LP"},"image":{"@id":"https:\/\/quantumlifecycle.com\/es_CR\/#\/schema\/logo\/image\/"}}]}},"yoast":{"metadesc":""},"_links":{"self":[{"href":"https:\/\/quantumlifecycle.com\/es_CR\/wp-json\/wp\/v2\/pages\/14214","targetHints":{"allow":["GET"]}}],"collection":[{"href":"https:\/\/quantumlifecycle.com\/es_CR\/wp-json\/wp\/v2\/pages"}],"about":[{"href":"https:\/\/quantumlifecycle.com\/es_CR\/wp-json\/wp\/v2\/types\/page"}],"author":[{"embeddable":true,"href":"https:\/\/quantumlifecycle.com\/es_CR\/wp-json\/wp\/v2\/users\/3"}],"replies":[{"embeddable":true,"href":"https:\/\/quantumlifecycle.com\/es_CR\/wp-json\/wp\/v2\/comments?post=14214"}],"version-history":[{"count":5,"href":"https:\/\/quantumlifecycle.com\/es_CR\/wp-json\/wp\/v2\/pages\/14214\/revisions"}],"predecessor-version":[{"id":28573,"href":"https:\/\/quantumlifecycle.com\/es_CR\/wp-json\/wp\/v2\/pages\/14214\/revisions\/28573"}],"wp:attachment":[{"href":"https:\/\/quantumlifecycle.com\/es_CR\/wp-json\/wp\/v2\/media?parent=14214"}],"curies":[{"name":"wp","href":"https:\/\/api.w.org\/{rel}","templated":true}]}}