{"id":14211,"date":"2022-05-25T05:44:16","date_gmt":"2022-05-25T09:44:16","guid":{"rendered":"https:\/\/quantumlifecycle.com\/staging\/politica-de-privacidad\/"},"modified":"2022-06-15T07:54:51","modified_gmt":"2022-06-15T11:54:51","slug":"politica-de-privacidad","status":"publish","type":"page","link":"https:\/\/quantumlifecycle.com\/es_CR\/politica-de-privacidad\/","title":{"rendered":"Pol\u00edtica de privacidad"},"content":{"rendered":"<p><strong>INFORMATIONS QUE NOUS RECUEILLONS AUPR\u00c8S DE VOUS<\/strong><\/p>\n<p><strong>les informations personnelles que vous fournissez volontairement ou que nous pouvons d\u00e9duire.<\/strong><\/p>\n<p>En g\u00e9n\u00e9ral, vous pouvez utiliser ce site Web sans nous fournir d&#8217;informations. Les informations relatives au nom de domaine que nous recueillons ne sont pas utilis\u00e9es pour vous identifier personnellement, mais sont regroup\u00e9es pour mesurer le nombre de visites, le temps moyen pass\u00e9 sur le site, les pages consult\u00e9es, etc. Nous utilisons ces informations pour mesurer l&#8217;utilisation de notre site web et pour am\u00e9liorer son contenu. Nous utilisons ces informations pour mesurer l&#8217;utilisation de notre site Web et am\u00e9liorer son contenu. Toutefois, des services suppl\u00e9mentaires peuvent \u00eatre disponibles si nous disposons de certaines informations vous concernant.<\/p>\n<p>Nous pouvons recueillir les informations suivantes:<\/p>\n<ul>\n<li>une liste des produits et services pour lesquels vous manifestez un int\u00e9r\u00eat lorsque vous utilisez le Site web ;<\/li>\n<li>votre nom et vos coordonn\u00e9es, y compris votre adresse \u00e9lectronique et les coordonn\u00e9es de votre soci\u00e9t\u00e9, que vous pouvez nous communiquer lorsque vous interagissez avec le site web ;<\/li>\n<li>des informations concernant vos int\u00e9r\u00eats personnels ou professionnels, vos donn\u00e9es d\u00e9mographiques, vos exp\u00e9riences avec nos produits et services et vos pr\u00e9f\u00e9rences en mati\u00e8re de contact, afin de vous fournir une correspondance suppl\u00e9mentaire sur nos produits et services.<\/li>\n<\/ul>\n<p><strong>Nous pouvons intercepter et surveiller vos communications<\/strong><\/p>\n<p>Quantum peut mettre en \u0153uvre des syst\u00e8mes con\u00e7us pour intercepter et surveiller vos communications avec les Associ\u00e9s de Quantum, dans la mesure o\u00f9 la loi le permet, auquel cas vous consentez \u00e0 cette interception et \u00e0 cette surveillance.<\/p>\n<p>Dans le cadre de ce processus d&#8217;interception et de surveillance de ces communications, nous pouvons enregistrer ces communications pour les divulguer sur la base d\u00e9finie dans la pr\u00e9sente politique.<\/p>\n<p><strong>Informations personnelles que nous recueillons automatiquement<\/strong><\/p>\n<p>Lorsque vous utilisez le Site Internet, Quantum re\u00e7oit et enregistre automatiquement sur les journaux de notre serveur des informations provenant de votre navigateur ou de votre plateforme mobile, notamment votre localisation, votre adresse IP, les informations relatives aux cookies et la page que vous avez demand\u00e9e.<\/p>\n<p>Nous traitons ces donn\u00e9es comme des informations non personnelles, sauf si nous sommes contraints de faire autrement par la loi ou une autorit\u00e9 l\u00e9gale.<\/p>\n<p>Quantum n&#8217;utilise ces donn\u00e9es que sous forme agr\u00e9g\u00e9e et nous pouvons fournir ces informations agr\u00e9g\u00e9es \u00e0 nos partenaires sur la fa\u00e7on dont nos clients, collectivement, utilisent le site Web, afin que nos partenaires puissent \u00e9galement comprendre comment les utilisateurs se servent du site Web.<\/p>\n<p><strong>S\u00e9curit\u00e9<\/strong><\/p>\n<p>Nous nous engageons \u00e0 assurer la s\u00e9curit\u00e9 de vos informations. Afin d&#8217;emp\u00eacher tout acc\u00e8s ou toute divulgation non autoris\u00e9s, nous avons mis en place des proc\u00e9dures physiques, \u00e9lectroniques et de gestion appropri\u00e9es pour sauvegarder et s\u00e9curiser les informations que nous recueillons en ligne. Nous utilisons le cryptage lors de la collecte ou du transfert de donn\u00e9es sensibles telles que les informations relatives aux cartes de cr\u00e9dit.<\/p>\n<p><strong>Liens vers<\/strong><\/p>\n<p>Nous pouvons cr\u00e9er des liens vers d&#8217;autres sites web qui ne sont pas sous notre contr\u00f4le. Une fois que vous avez quitt\u00e9 notre site web, nous ne pouvons \u00eatre tenus responsables de la protection et de la confidentialit\u00e9 des informations que vous fournissez. Vous devez faire preuve de prudence et consulter la d\u00e9claration de confidentialit\u00e9 applicable au site web en question.<\/p>\n<p><strong>Cookies<\/strong><\/p>\n<p>Comme nous l&#8217;avons mentionn\u00e9 ci-dessus, nous utilisons des cookies sur notre site web. Les cookies sont des fichiers qui stockent des informations sur votre disque dur ou votre navigateur permettant \u00e0 notre site Web de reconna\u00eetre que vous l&#8217;avez d\u00e9j\u00e0 visit\u00e9. Pour plus d&#8217;informations sur les cookies, voir la section Confidentialit\u00e9 et cookies ci-dessous.<\/p>\n<p><strong>CE QUE NOUS FAISONS DE CES INFORMATIONS<\/strong><\/p>\n<p>Nous utilisons ces informations pour vous fournir un meilleur service, et en particulier pour les raisons suivantes:<\/p>\n<ul>\n<li>fournir les services que vous avez demand\u00e9s et vous informer des changements ou d\u00e9veloppements importants de ces services ;<\/li>\n<li>r\u00e9pondre \u00e0 vos demandes de renseignements et \u00e0 vos plaintes ou traiter vos demandes en rapport avec vos informations ;<\/li>\n<li>assurer un suivi dans le cadre de nos proc\u00e9dures d&#8217;assistance \u00e0 la client\u00e8le ;<\/li>\n<li>mettre \u00e0 jour nos dossiers vous concernant ;<\/li>\n<li>la tenue de dossiers internes ;<\/li>\n<li>g\u00e9rer les offres ;<\/li>\n<li>am\u00e9liorer nos produits et services ;<\/li>\n<li>la d\u00e9tection, la pr\u00e9vention et la poursuite de crimes ;<\/li>\n<li>concours et autres promotions ;<\/li>\n<li>\u00e9valuer l&#8217;efficacit\u00e9 de notre marketing et pour la recherche, la formation et l&#8217;analyse statistique dans le but d&#8217;am\u00e9liorer nos services ;<\/li>\n<li>faciliter l&#8217;utilisation de notre site web et vous permettre d&#8217;acc\u00e9der \u00e0 certaines parties du site web ; et<\/li>\n<li>de vous contacter \u00e0 des fins d&#8217;\u00e9tudes de march\u00e9.<\/li>\n<\/ul>\n<p>Au moment o\u00f9 vous nous fournissez des informations en r\u00e9ponse \u00e0 une demande de notre part, notre demande vous fournira des informations sp\u00e9cifiques sur la mani\u00e8re dont nous utiliserons ces informations.<\/p>\n<p>Nous pouvons vous contacter par e-mail, t\u00e9l\u00e9phone, fax ou courrier dans le cadre des objectifs d\u00e9finis dans la pr\u00e9sente section et, en fournissant ces informations, vous \u00eates r\u00e9put\u00e9 avoir accept\u00e9 que nous vous contactions par ces m\u00e9thodes de communication. Nous continuerons \u00e0 vous contacter par ces m\u00e9thodes jusqu&#8217;\u00e0 ce que vous nous informiez par \u00e9crit que vous ne souhaitez plus \u00eatre contact\u00e9 par certaines m\u00e9thodes. Veuillez noter que vous \u00eates tenu d&#8217;accepter au moins l&#8217;une des m\u00e9thodes ci-dessus comme m\u00e9thode choisie pour recevoir nos communications.<\/p>\n<p>Nous ne transmettrons vos coordonn\u00e9es \u00e0 personne d&#8217;autre (sauf sur la base indiqu\u00e9e ci-dessous et conform\u00e9ment aux exigences de divulgation appropri\u00e9es auxquelles nous pouvons \u00eatre soumis).<\/p>\n<p><strong>MARKETING DIRECTO<\/strong><\/p>\n<p>Nos gustar\u00eda proporcionarle informaci\u00f3n sobre nuevos productos, promociones, ofertas especiales y otra informaci\u00f3n que creemos que puede ser de su inter\u00e9s. Podemos enviarle dicha informaci\u00f3n por correo electr\u00f3nico, correo postal o tel\u00e9fono cuando usted haya optado por recibir dicho material de marketing y nos haya indicado c\u00f3mo desea recibir dicho material de marketing al registrarse en nuestros servicios. Puede optar por no participar en nuestras campa\u00f1as de marketing directo en cualquier momento, momento en el que no le enviaremos ning\u00fan tipo de marketing directo.<\/p>\n<p>Si le proporcionamos servicios, tambi\u00e9n estar\u00e1 sujeto a los t\u00e9rminos y condiciones espec\u00edficos relacionados con el producto y\/o los servicios que se le proporcionan, y estos t\u00e9rminos incluir\u00e1n informaci\u00f3n adicional sobre c\u00f3mo podemos ponernos en contacto con usted.<\/p>\n<p>Si es usted un nuevo cliente o nos ha pedido previamente informaci\u00f3n sobre nuestros productos, podemos enviarle informaci\u00f3n sobre nuestra gama de productos por correo electr\u00f3nico cuando tengamos su permiso para hacerlo.<\/p>\n<p>Si el motivo por el que nos ha proporcionado informaci\u00f3n personal es para recibir informaci\u00f3n nuestra por correo electr\u00f3nico, seguiremos proporcionando esta informaci\u00f3n por correo electr\u00f3nico a menos que nos pida que no lo hagamos.<\/p>\n<p><strong>Puede cambiar de opini\u00f3n en cualquier momento poni\u00e9ndose en contacto con la persona de contacto indicada m\u00e1s abajo para el \u00e1rea correspondiente de Quantum.<\/strong><\/p>\n<p><strong>COMPARTIR SU INFORMACI\u00d3N<\/strong><\/p>\n<p>No transferiremos, revelaremos, venderemos, distribuiremos o rentaremos su informaci\u00f3n personal a terceros, salvo en los siguientes casos<\/p>\n<ul>\n<li>cuando tengamos su permiso;<\/li>\n<li>cuando estemos obligados a hacerlo por ley;<\/li>\n<li>cuando la necesiten nuestros agentes, asesores u otras personas que participen en la gesti\u00f3n de cuentas y servicios para usted o en la realizaci\u00f3n de actividades relacionadas con el funcionamiento de dichos servicios o cuentas en nuestro nombre; o<\/li>\n<li>cuando la transferencia o la divulgaci\u00f3n se realice en cumplimiento de los requisitos legales a los que estamos sujetos, incluidos, entre otros, los estatutos o los reglamentos.<\/li>\n<\/ul>\n<p><strong>C\u00d3MO CONTROLAR Y ELIMINAR LAS COOKIES<\/strong><\/p>\n<p>Quantum no utilizar\u00e1 las cookies para recoger informaci\u00f3n personal identificable sobre usted. Sin embargo, si desea restringir o bloquear las cookies que se instalan en los sitios web de Quantum, o en cualquier otro sitio web, puede hacerlo a trav\u00e9s de la configuraci\u00f3n de su navegador. La funci\u00f3n de ayuda de su navegador le indicar\u00e1 c\u00f3mo hacerlo.<\/p>\n<p>Tambi\u00e9n puede visitar www.aboutcookies.org, que contiene informaci\u00f3n completa sobre c\u00f3mo hacerlo en una amplia variedad de navegadores. Tambi\u00e9n encontrar\u00e1 detalles sobre c\u00f3mo eliminar las cookies de su m\u00e1quina, as\u00ed como informaci\u00f3n m\u00e1s general sobre las cookies.<\/p>\n<p>Tenga en cuenta que restringir las cookies puede afectar a la funcionalidad de los sitios web de Quantum.<\/p>\n<p>Si desea ver el c\u00f3digo de su cookie, simplemente haga clic en una cookie para abrirla. Ver\u00e1 una breve cadena de texto y n\u00fameros. Los n\u00fameros son su tarjeta de identificaci\u00f3n, que s\u00f3lo puede ser vista por el servidor que le dio la cookie.<\/p>\n<p>Para saber c\u00f3mo hacer esto en el navegador de su tel\u00e9fono m\u00f3vil deber\u00e1 consultar el manual de su terminal.<\/p>\n<p><strong>Cookies de terceros<\/strong><\/p>\n<p>Para apoyar nuestro sitio web, a veces adjuntamos fotos y v\u00eddeos de sitios web como YouTube y Flickr. Como resultado, cuando usted visita una p\u00e1gina con contenido de, por ejemplo, YouTube o Flickr, se le pueden presentar cookies de estos sitios web. Quantum no controla la difusi\u00f3n de estas cookies. Deber\u00e1 consultar los sitios web de terceros para obtener m\u00e1s informaci\u00f3n al respecto.<\/p>\n<p><strong>Herramientas para compartir el sitio web<\/strong><\/p>\n<p>El sitio web de Quantum ha incorporado botones de &#8220;compartir&#8221; para que los usuarios del sitio puedan compartir f\u00e1cilmente los art\u00edculos con sus amigos a trav\u00e9s de una serie de redes sociales populares. Estos sitios pueden establecer una cookie cuando usted tambi\u00e9n se conecta a su servicio. Quantum no controla la difusi\u00f3n de estas cookies, por lo que deber\u00e1 consultar el sitio web de terceros correspondiente para obtener m\u00e1s informaci\u00f3n al respecto.<\/p>\n<p><strong>Cookies establecidas por otros:<\/strong><\/p>\n<p>Quantum tiene una serie de socios que tambi\u00e9n instalan cookies en el sitio web.<\/p>\n<p>Pueden instalarse las siguientes cookies:<\/p>\n<p><strong>Google Analytics<\/strong><\/p>\n<p>Quantum utiliza Google Analytics, un servicio de an\u00e1lisis web proporcionado por Google, Inc. Google Analytics instala una cookie para evaluar su uso de los sitios web de Quantum y recopilar informes para nosotros sobre la actividad en los sitios web.<\/p>\n<p>Google almacena la informaci\u00f3n recopilada por la cookie en servidores de Estados Unidos. Google podr\u00e1 transmitir dicha informaci\u00f3n a terceros cuando as\u00ed lo requiera la legislaci\u00f3n, o cuando dichos terceros procesen la informaci\u00f3n por cuenta de Google. Google no asociar\u00e1 su direcci\u00f3n IP con ning\u00fan otro dato del que disponga Google. Al utilizar los sitios web de Quantum, usted consiente el tratamiento de sus datos por parte de Google en la forma y para los fines arriba indicados.<\/p>\n<p>Para obtener m\u00e1s informaci\u00f3n sobre las cookies de Google Analytics, incluida la informaci\u00f3n sobre c\u00f3mo excluirse, visite: http:\/\/www.google.com\/intl\/en\/privacypolicy.html<\/p>\n<p><strong>Publicidad (no dirigida y dirigida y retargeting)<\/strong><\/p>\n<p>Estas empresas utilizan cookies para descubrir informaci\u00f3n general sobre las p\u00e1ginas de los sitios de Quantum que usted visita y tambi\u00e9n procesan las direcciones IP para recoger otra informaci\u00f3n no identificable personalmente con el fin de situarle en un &#8220;segmento de mercado&#8221;. Esto incluye datos sobre el pa\u00eds, la ciudad o la regi\u00f3n donde usted se encuentra y su nombre de dominio (por ejemplo, qu\u00e9 proveedor de servicios de Internet utiliza). Si desea m\u00e1s informaci\u00f3n sobre las cookies utilizadas por estas empresas y c\u00f3mo excluirse, consulte su pol\u00edtica de privacidad de forma individual.<\/p>\n<p><strong>Encuestas<\/strong><\/p>\n<p>Estas empresas utilizan cookies para ayudar a mejorar nuestros servicios y proporcionar una experiencia de usuario positiva y personalizada. Sus cookies persistentes y de identificaci\u00f3n de sesi\u00f3n se utilizan para identificar a los visitantes \u00fanicos de nuestros sitios y para facilitar el acceso a los archivos. Si desea m\u00e1s informaci\u00f3n sobre las cookies utilizadas por una empresa de encuestas y c\u00f3mo excluirse, consulte su pol\u00edtica de privacidad de forma individual.<\/p>\n","protected":false},"excerpt":{"rendered":"<p>INFORMATIONS QUE NOUS RECUEILLONS AUPR\u00c8S DE VOUS les informations personnelles que vous fournissez volontairement ou que nous pouvons d\u00e9duire. En g\u00e9n\u00e9ral, vous&#8230;<\/p>\n","protected":false},"author":12,"featured_media":0,"parent":0,"menu_order":0,"comment_status":"closed","ping_status":"closed","template":"","meta":{"_acf_changed":false,"om_disable_all_campaigns":false,"_genesis_hide_title":false,"_genesis_hide_breadcrumbs":false,"_genesis_hide_singular_image":false,"_genesis_hide_footer_widgets":false,"_genesis_custom_body_class":"","_genesis_custom_post_class":"","_genesis_layout":"","footnotes":""},"class_list":{"0":"post-14211","1":"page","2":"type-page","3":"status-publish","5":"entry"},"acf":[],"yoast_head":"<!-- This site is optimized with the Yoast SEO plugin v27.4 - https:\/\/yoast.com\/product\/yoast-seo-wordpress\/ -->\n<title>Pol\u00edtica de privacidad - Quantum | ITAD &amp; E-Waste Recycling<\/title>\n<meta name=\"robots\" content=\"noindex, nofollow\" \/>\n<meta property=\"og:locale\" content=\"es_ES\" \/>\n<meta property=\"og:type\" content=\"article\" \/>\n<meta property=\"og:title\" content=\"Pol\u00edtica de privacidad - Quantum | ITAD &amp; E-Waste Recycling\" \/>\n<meta property=\"og:description\" content=\"INFORMATIONS QUE NOUS RECUEILLONS AUPR\u00c8S DE VOUS les informations personnelles que vous fournissez volontairement ou que nous pouvons d\u00e9duire. En g\u00e9n\u00e9ral, vous...\" \/>\n<meta property=\"og:url\" content=\"https:\/\/quantumlifecycle.com\/es_CR\/politica-de-privacidad\/\" \/>\n<meta property=\"og:site_name\" content=\"Quantum | ITAD &amp; E-Waste Recycling\" \/>\n<meta property=\"article:modified_time\" content=\"2022-06-15T11:54:51+00:00\" \/>\n<meta name=\"twitter:card\" content=\"summary_large_image\" \/>\n<meta name=\"twitter:label1\" content=\"Est. reading time\" \/>\n\t<meta name=\"twitter:data1\" content=\"10 minutos\" \/>\n<script type=\"application\/ld+json\" class=\"yoast-schema-graph\">{\"@context\":\"https:\\\/\\\/schema.org\",\"@graph\":[{\"@type\":\"WebPage\",\"@id\":\"https:\\\/\\\/quantumlifecycle.com\\\/es_CR\\\/politica-de-privacidad\\\/\",\"url\":\"https:\\\/\\\/quantumlifecycle.com\\\/es_CR\\\/politica-de-privacidad\\\/\",\"name\":\"Pol\u00edtica de privacidad - Quantum | ITAD &amp; E-Waste Recycling\",\"isPartOf\":{\"@id\":\"https:\\\/\\\/quantumlifecycle.com\\\/es_CR\\\/#website\"},\"datePublished\":\"2022-05-25T09:44:16+00:00\",\"dateModified\":\"2022-06-15T11:54:51+00:00\",\"breadcrumb\":{\"@id\":\"https:\\\/\\\/quantumlifecycle.com\\\/es_CR\\\/politica-de-privacidad\\\/#breadcrumb\"},\"inLanguage\":\"es-CR\",\"potentialAction\":[{\"@type\":\"ReadAction\",\"target\":[\"https:\\\/\\\/quantumlifecycle.com\\\/es_CR\\\/politica-de-privacidad\\\/\"]}]},{\"@type\":\"BreadcrumbList\",\"@id\":\"https:\\\/\\\/quantumlifecycle.com\\\/es_CR\\\/politica-de-privacidad\\\/#breadcrumb\",\"itemListElement\":[{\"@type\":\"ListItem\",\"position\":1,\"name\":\"Home\",\"item\":\"https:\\\/\\\/quantumlifecycle.com\\\/es_CR\\\/\"},{\"@type\":\"ListItem\",\"position\":2,\"name\":\"Pol\u00edtica de privacidad\"}]},{\"@type\":\"WebSite\",\"@id\":\"https:\\\/\\\/quantumlifecycle.com\\\/es_CR\\\/#website\",\"url\":\"https:\\\/\\\/quantumlifecycle.com\\\/es_CR\\\/\",\"name\":\"Quantum | ITAD & E-Waste Recycling\",\"description\":\"\",\"publisher\":{\"@id\":\"https:\\\/\\\/quantumlifecycle.com\\\/es_CR\\\/#organization\"},\"potentialAction\":[{\"@type\":\"SearchAction\",\"target\":{\"@type\":\"EntryPoint\",\"urlTemplate\":\"https:\\\/\\\/quantumlifecycle.com\\\/es_CR\\\/?s={search_term_string}\"},\"query-input\":{\"@type\":\"PropertyValueSpecification\",\"valueRequired\":true,\"valueName\":\"search_term_string\"}}],\"inLanguage\":\"es-CR\"},{\"@type\":\"Organization\",\"@id\":\"https:\\\/\\\/quantumlifecycle.com\\\/es_CR\\\/#organization\",\"name\":\"Quantum Lifecycle Partners LP\",\"url\":\"https:\\\/\\\/quantumlifecycle.com\\\/es_CR\\\/\",\"logo\":{\"@type\":\"ImageObject\",\"inLanguage\":\"es-CR\",\"@id\":\"https:\\\/\\\/quantumlifecycle.com\\\/es_CR\\\/#\\\/schema\\\/logo\\\/image\\\/\",\"url\":\"https:\\\/\\\/quantumlifecycle.com\\\/wp-content\\\/uploads\\\/2020\\\/01\\\/logo.svg\",\"contentUrl\":\"https:\\\/\\\/quantumlifecycle.com\\\/wp-content\\\/uploads\\\/2020\\\/01\\\/logo.svg\",\"width\":2700,\"height\":848,\"caption\":\"Quantum Lifecycle Partners LP\"},\"image\":{\"@id\":\"https:\\\/\\\/quantumlifecycle.com\\\/es_CR\\\/#\\\/schema\\\/logo\\\/image\\\/\"}}]}<\/script>\n<!-- \/ Yoast SEO plugin. -->","yoast_head_json":{"title":"Pol\u00edtica de privacidad - Quantum | ITAD &amp; E-Waste Recycling","robots":{"index":"noindex","follow":"nofollow"},"og_locale":"es_ES","og_type":"article","og_title":"Pol\u00edtica de privacidad - Quantum | ITAD &amp; E-Waste Recycling","og_description":"INFORMATIONS QUE NOUS RECUEILLONS AUPR\u00c8S DE VOUS les informations personnelles que vous fournissez volontairement ou que nous pouvons d\u00e9duire. En g\u00e9n\u00e9ral, vous...","og_url":"https:\/\/quantumlifecycle.com\/es_CR\/politica-de-privacidad\/","og_site_name":"Quantum | ITAD &amp; E-Waste Recycling","article_modified_time":"2022-06-15T11:54:51+00:00","twitter_card":"summary_large_image","twitter_misc":{"Est. reading time":"10 minutos"},"schema":{"@context":"https:\/\/schema.org","@graph":[{"@type":"WebPage","@id":"https:\/\/quantumlifecycle.com\/es_CR\/politica-de-privacidad\/","url":"https:\/\/quantumlifecycle.com\/es_CR\/politica-de-privacidad\/","name":"Pol\u00edtica de privacidad - Quantum | ITAD &amp; E-Waste Recycling","isPartOf":{"@id":"https:\/\/quantumlifecycle.com\/es_CR\/#website"},"datePublished":"2022-05-25T09:44:16+00:00","dateModified":"2022-06-15T11:54:51+00:00","breadcrumb":{"@id":"https:\/\/quantumlifecycle.com\/es_CR\/politica-de-privacidad\/#breadcrumb"},"inLanguage":"es-CR","potentialAction":[{"@type":"ReadAction","target":["https:\/\/quantumlifecycle.com\/es_CR\/politica-de-privacidad\/"]}]},{"@type":"BreadcrumbList","@id":"https:\/\/quantumlifecycle.com\/es_CR\/politica-de-privacidad\/#breadcrumb","itemListElement":[{"@type":"ListItem","position":1,"name":"Home","item":"https:\/\/quantumlifecycle.com\/es_CR\/"},{"@type":"ListItem","position":2,"name":"Pol\u00edtica de privacidad"}]},{"@type":"WebSite","@id":"https:\/\/quantumlifecycle.com\/es_CR\/#website","url":"https:\/\/quantumlifecycle.com\/es_CR\/","name":"Quantum | ITAD & E-Waste Recycling","description":"","publisher":{"@id":"https:\/\/quantumlifecycle.com\/es_CR\/#organization"},"potentialAction":[{"@type":"SearchAction","target":{"@type":"EntryPoint","urlTemplate":"https:\/\/quantumlifecycle.com\/es_CR\/?s={search_term_string}"},"query-input":{"@type":"PropertyValueSpecification","valueRequired":true,"valueName":"search_term_string"}}],"inLanguage":"es-CR"},{"@type":"Organization","@id":"https:\/\/quantumlifecycle.com\/es_CR\/#organization","name":"Quantum Lifecycle Partners LP","url":"https:\/\/quantumlifecycle.com\/es_CR\/","logo":{"@type":"ImageObject","inLanguage":"es-CR","@id":"https:\/\/quantumlifecycle.com\/es_CR\/#\/schema\/logo\/image\/","url":"https:\/\/quantumlifecycle.com\/wp-content\/uploads\/2020\/01\/logo.svg","contentUrl":"https:\/\/quantumlifecycle.com\/wp-content\/uploads\/2020\/01\/logo.svg","width":2700,"height":848,"caption":"Quantum Lifecycle Partners LP"},"image":{"@id":"https:\/\/quantumlifecycle.com\/es_CR\/#\/schema\/logo\/image\/"}}]}},"yoast":{"metadesc":""},"_links":{"self":[{"href":"https:\/\/quantumlifecycle.com\/es_CR\/wp-json\/wp\/v2\/pages\/14211","targetHints":{"allow":["GET"]}}],"collection":[{"href":"https:\/\/quantumlifecycle.com\/es_CR\/wp-json\/wp\/v2\/pages"}],"about":[{"href":"https:\/\/quantumlifecycle.com\/es_CR\/wp-json\/wp\/v2\/types\/page"}],"author":[{"embeddable":true,"href":"https:\/\/quantumlifecycle.com\/es_CR\/wp-json\/wp\/v2\/users\/12"}],"replies":[{"embeddable":true,"href":"https:\/\/quantumlifecycle.com\/es_CR\/wp-json\/wp\/v2\/comments?post=14211"}],"version-history":[{"count":2,"href":"https:\/\/quantumlifecycle.com\/es_CR\/wp-json\/wp\/v2\/pages\/14211\/revisions"}],"predecessor-version":[{"id":14278,"href":"https:\/\/quantumlifecycle.com\/es_CR\/wp-json\/wp\/v2\/pages\/14211\/revisions\/14278"}],"wp:attachment":[{"href":"https:\/\/quantumlifecycle.com\/es_CR\/wp-json\/wp\/v2\/media?parent=14211"}],"curies":[{"name":"wp","href":"https:\/\/api.w.org\/{rel}","templated":true}]}}