{"id":14209,"date":"2022-05-25T05:44:16","date_gmt":"2022-05-25T09:44:16","guid":{"rendered":"https:\/\/quantumlifecycle.com\/staging\/sostenibilidad\/"},"modified":"2025-10-16T11:10:54","modified_gmt":"2025-10-16T15:10:54","slug":"sostenibilidad","status":"publish","type":"page","link":"https:\/\/quantumlifecycle.com\/es_CR\/sostenibilidad\/","title":{"rendered":"Sostenibilidad"},"content":{"rendered":"<div class=\"new-pages-container\">\n<div class=\"sustain-top-row sustain-top-row-facility\">\n<div class=\"sustain-top-row-right\">\n<h2 class=\"primary-headline\">C\u00f3mo facilita Quantum la sostenibilidad<\/h2>\n<p>La sostenibilidad est\u00e1 en el centro de todo lo que hace Quantum, por eso somos sus socios ideales para un futuro sostenible.Quantum est\u00e1 resolviendo este problema con nuestro propio enfoque. Estamos desarrollando una calculadora patentada y certificada (cuyo lanzamiento est\u00e1 previsto para principios de 2022) que permitir\u00e1 a los clientes medir con precisi\u00f3n el impacto de los gases de efecto invernadero de sus actividades de reutilizaci\u00f3n, reacondicionamiento y reciclaje, trazando una l\u00ednea de visi\u00f3n directa entre el trabajo que realizamos en su nombre y la reducci\u00f3n neta de las emisiones de carbono resultante. En otras palabras, no se trata de la generaci\u00f3n de \u00abcr\u00e9ditos\u00bb, sino de una reducci\u00f3n de carbono realmente cuantificable. Estos datos pueden utilizarse para informar sobre los requisitos obligatorios de los gobiernos, as\u00ed como sobre la sostenibilidad corporativa y las iniciativas medioambientales.<\/p>\n<p>La sostenibilidad es un concepto complejo que engloba aspectos medioambientales, sociales y financieros en cualquier proceso. Para apreciar y abordar plenamente los retos que conlleva la gesti\u00f3n de residuos electr\u00f3nicos para un futuro sostenible, debemos considerar todos estos factores y la interacci\u00f3n entre ellos. Quantum considera la sostenibilidad de forma hol\u00edstica desde todos los puntos de vista. Mientras que la mayor\u00eda de las empresas de nuestro sector se centran en uno o en otro, Quantum es igualmente fuerte en los servicios de reutilizaci\u00f3n y reciclaje, lo que refleja nuestro compromiso de ofrecer soluciones s\u00f3lidas que aborden a fondo el impacto de largo alcance de los residuos electr\u00f3nicos en nuestro planeta.<\/p>\n<\/div>\n<div class=\"sustain-top-row-left\"><div class=\"image-container-cta\"><img decoding=\"async\" src=\"https:\/\/quantumlifecycle.com\/wp-content\/uploads\/2025\/10\/Impact-Report-ES-1.jpg\" \/><\/div><div class=\"cta-content\"><a class=\"primary-btn\" href=\"https:\/\/flipbooklets.com\/pdfflipbooklets\/impact-report-fy25-quantum-lifecycle-partners-sp\">Download<\/a><\/div><\/div>\n<\/div>\n<\/div>\n<div class=\"new-pages-container sustain-top-row-container sustain-container\">\n<h2 class=\"text-center primary-headline\">Reducci\u00f3n del carbono &#8211; Medici\u00f3n del impacto<\/h2>\n<div class=\"sustain-top-row\">\n<div class=\"sustain-top-row-right\">\n<p>Est\u00e1 bien documentado que la reutilizaci\u00f3n, el reacondicionamiento y el reciclaje de productos electr\u00f3nicos tienen un impacto positivo en las emisiones de gases de efecto invernadero. Sin embargo, creemos que los programas de cr\u00e9ditos de GEI existentes no abordan adecuadamente el concepto de adicionalidad y, por tanto, no son una forma significativa de reducir las emisiones de carbono.<\/p>\n<p><strong>\u00bfPor qu\u00e9 es importante la adicionalidad?<\/strong><\/p>\n<p>La adicionalidad es el concepto de que una actividad tiene un impacto positivo medible que es mayor que el impacto que tendr\u00eda si se hiciera otra cosa. Reutilizar un ordenador port\u00e1til no es en s\u00ed misma una actividad que genere cr\u00e9dito si hay una alta probabilidad de que el ordenador port\u00e1til se hubiera reutilizado de todos modos. A medida que se desarrollan los mercados de carbono en todo el mundo, crece el consenso en torno a lo que es y no es un &#8220;cr\u00e9dito&#8221;, especialmente cuando se considera en el contexto de la compensaci\u00f3n de las emisiones de carbono en una organizaci\u00f3n. Podr\u00eda resultar caro comprar retroactivamente nuevos cr\u00e9ditos porque los antiguos ya no son aceptados por los organismos de registro reconocidos.<\/p>\n<\/div>\n<div class=\"sustain-top-row-left\"><img decoding=\"async\" src=\"\/wp-content\/uploads\/2021\/10\/sustain-image-1.svg\" \/><\/div>\n<\/div>\n<\/div>\n<div class=\"new-pages-container sustain-container\">\n<div class=\"sustain-top-row sustain-row-center\">\n<div class=\"sustain-top-row-left sustain-top-row-center \"><img loading=\"lazy\" decoding=\"async\" class=\"alignnone size-full wp-image-13366\" role=\"img\" src=\"https:\/\/quantumlifecycle.com\/wp-content\/uploads\/2022\/05\/sustain-image-2.svg\" alt=\"\" width=\"551\" height=\"433\" \/><\/div>\n<div class=\"sustain-top-row-right\">\n<p><strong>El enfoque de Quantum: Menos sexy, m\u00e1s eficaz<\/strong><\/p>\n<p>Quantum est\u00e1 resolviendo este problema con nuestro propio enfoque. Estamos desarrollando una calculadora patentada y certificada (cuyo lanzamiento est\u00e1 previsto para principios de 2022) que permitir\u00e1 a los clientes medir con precisi\u00f3n el impacto de los gases de efecto invernadero de sus actividades de reutilizaci\u00f3n, reacondicionamiento y reciclaje, trazando una l\u00ednea de visi\u00f3n directa entre el trabajo que realizamos en su nombre y la reducci\u00f3n neta de las emisiones de carbono resultante. En otras palabras, no se trata de la generaci\u00f3n de &#8220;cr\u00e9ditos&#8221;, sino de una reducci\u00f3n de carbono realmente cuantificable. Estos datos pueden utilizarse para informar sobre los requisitos obligatorios de los gobiernos, as\u00ed como sobre la sostenibilidad corporativa y las iniciativas medioambientales.<\/p>\n<\/div>\n<\/div>\n<\/div>\n<div class=\"new-pages-container sustain-container sustain-container-social\">\n<div class=\"sustain-top-row\">\n<div class=\"sustain-top-row-right sustain-social-giving\">\n<h2 class=\"primary-headline\">Donaci\u00f3n social<\/h2>\n<p>Quantum se esfuerza por tener un impacto social positivo a trav\u00e9s de donaciones ben\u00e9ficas de activos de TI a los necesitados. No importa qu\u00e9 aspectos de la sostenibilidad valore m\u00e1s, Quantum los valora todos por igual a la hora de desplegar soluciones para su organizaci\u00f3n. Nuestros clientes apoyan a organizaciones ben\u00e9ficas, y cualquier causa importante para nuestros clientes es importante para Quantum.<\/p>\n<p>A trav\u00e9s de nuestro programa de donaciones ben\u00e9ficas, tambi\u00e9n podemos adoptar un enfoque diferente a la hora de dar, ofreciendo a las organizaciones ben\u00e9ficas lo que m\u00e1s necesitan (dinero), y no necesariamente lo que usted tiene (activos antiguos). Mientras que muchas organizaciones ben\u00e9ficas pueden aceptar cualquier cosa que usted les d\u00e9, la mayor\u00eda tiene una lista muy espec\u00edfica de necesidades. \u00bfPor qu\u00e9 no monetizar tus activos, hacer una donaci\u00f3n y darles la oportunidad de comprar lo que realmente necesitan? Vaya un paso m\u00e1s all\u00e1 y convierta sus cr\u00e9ditos en una tarjeta regalo de QNovum para que la organizaci\u00f3n ben\u00e9fica que usted elija pueda comprar directamente de nosotros. Es un sistema de ciclo cerrado que beneficia a todos los implicados.<\/p>\n<p><a class=\"primary-btn\" href=\"https:\/\/qnovum.com\/\" target=\"_blank\" rel=\"noopener\">VISITA QNOVUM<\/a><\/p>\n<\/div>\n<div class=\"sustain-top-row-left\"><img loading=\"lazy\" decoding=\"async\" class=\"alignnone size-full wp-image-13370\" role=\"img\" src=\"https:\/\/quantumlifecycle.com\/wp-content\/uploads\/2022\/05\/sustain-image-3.svg\" alt=\"\" width=\"422\" height=\"515\" \/><\/div>\n<\/div>\n<\/div>\n","protected":false},"excerpt":{"rendered":"<p>C\u00f3mo facilita Quantum la sostenibilidad La sostenibilidad est\u00e1 en el centro de todo lo que hace Quantum, por eso somos sus socios&#8230;<\/p>\n","protected":false},"author":12,"featured_media":0,"parent":0,"menu_order":0,"comment_status":"closed","ping_status":"closed","template":"page-sustainability.php","meta":{"_acf_changed":false,"om_disable_all_campaigns":false,"_genesis_hide_title":false,"_genesis_hide_breadcrumbs":false,"_genesis_hide_singular_image":false,"_genesis_hide_footer_widgets":false,"_genesis_custom_body_class":"","_genesis_custom_post_class":"","_genesis_layout":"","footnotes":""},"class_list":{"0":"post-14209","1":"page","2":"type-page","3":"status-publish","5":"entry"},"acf":[],"yoast_head":"<!-- This site is optimized with the Yoast SEO plugin v27.5 - https:\/\/yoast.com\/product\/yoast-seo-wordpress\/ -->\n<title>Sostenibilidad - Quantum | ITAD &amp; E-Waste Recycling<\/title>\n<meta name=\"robots\" content=\"index, follow, max-snippet:-1, max-image-preview:large, max-video-preview:-1\" \/>\n<link rel=\"canonical\" href=\"https:\/\/quantumlifecycle.com\/es_CR\/sostenibilidad\/\" \/>\n<meta property=\"og:locale\" content=\"es_ES\" \/>\n<meta property=\"og:type\" content=\"article\" \/>\n<meta property=\"og:title\" content=\"Sostenibilidad - Quantum | ITAD &amp; E-Waste Recycling\" \/>\n<meta property=\"og:description\" content=\"C\u00f3mo facilita Quantum la sostenibilidad La sostenibilidad est\u00e1 en el centro de todo lo que hace Quantum, por eso somos sus socios...\" \/>\n<meta property=\"og:url\" content=\"https:\/\/quantumlifecycle.com\/es_CR\/sostenibilidad\/\" \/>\n<meta property=\"og:site_name\" content=\"Quantum | ITAD &amp; E-Waste Recycling\" \/>\n<meta property=\"article:modified_time\" content=\"2025-10-16T15:10:54+00:00\" \/>\n<meta property=\"og:image\" content=\"https:\/\/quantumlifecycle.com\/wp-content\/uploads\/2022\/05\/sustain-image-2.svg\" \/>\n<meta name=\"twitter:card\" content=\"summary_large_image\" \/>\n<meta name=\"twitter:label1\" content=\"Est. reading time\" \/>\n\t<meta name=\"twitter:data1\" content=\"4 minutos\" \/>\n<script type=\"application\/ld+json\" class=\"yoast-schema-graph\">{\"@context\":\"https:\\\/\\\/schema.org\",\"@graph\":[{\"@type\":\"WebPage\",\"@id\":\"https:\\\/\\\/quantumlifecycle.com\\\/es_CR\\\/sostenibilidad\\\/\",\"url\":\"https:\\\/\\\/quantumlifecycle.com\\\/es_CR\\\/sostenibilidad\\\/\",\"name\":\"Sostenibilidad - Quantum | ITAD &amp; E-Waste Recycling\",\"isPartOf\":{\"@id\":\"https:\\\/\\\/quantumlifecycle.com\\\/es_CR\\\/#website\"},\"primaryImageOfPage\":{\"@id\":\"https:\\\/\\\/quantumlifecycle.com\\\/es_CR\\\/sostenibilidad\\\/#primaryimage\"},\"image\":{\"@id\":\"https:\\\/\\\/quantumlifecycle.com\\\/es_CR\\\/sostenibilidad\\\/#primaryimage\"},\"thumbnailUrl\":\"https:\\\/\\\/quantumlifecycle.com\\\/wp-content\\\/uploads\\\/2022\\\/05\\\/sustain-image-2.svg\",\"datePublished\":\"2022-05-25T09:44:16+00:00\",\"dateModified\":\"2025-10-16T15:10:54+00:00\",\"breadcrumb\":{\"@id\":\"https:\\\/\\\/quantumlifecycle.com\\\/es_CR\\\/sostenibilidad\\\/#breadcrumb\"},\"inLanguage\":\"es-CR\",\"potentialAction\":[{\"@type\":\"ReadAction\",\"target\":[\"https:\\\/\\\/quantumlifecycle.com\\\/es_CR\\\/sostenibilidad\\\/\"]}]},{\"@type\":\"ImageObject\",\"inLanguage\":\"es-CR\",\"@id\":\"https:\\\/\\\/quantumlifecycle.com\\\/es_CR\\\/sostenibilidad\\\/#primaryimage\",\"url\":\"https:\\\/\\\/quantumlifecycle.com\\\/wp-content\\\/uploads\\\/2022\\\/05\\\/sustain-image-2.svg\",\"contentUrl\":\"https:\\\/\\\/quantumlifecycle.com\\\/wp-content\\\/uploads\\\/2022\\\/05\\\/sustain-image-2.svg\"},{\"@type\":\"BreadcrumbList\",\"@id\":\"https:\\\/\\\/quantumlifecycle.com\\\/es_CR\\\/sostenibilidad\\\/#breadcrumb\",\"itemListElement\":[{\"@type\":\"ListItem\",\"position\":1,\"name\":\"Home\",\"item\":\"https:\\\/\\\/quantumlifecycle.com\\\/es_CR\\\/\"},{\"@type\":\"ListItem\",\"position\":2,\"name\":\"Sostenibilidad\"}]},{\"@type\":\"WebSite\",\"@id\":\"https:\\\/\\\/quantumlifecycle.com\\\/es_CR\\\/#website\",\"url\":\"https:\\\/\\\/quantumlifecycle.com\\\/es_CR\\\/\",\"name\":\"Quantum | ITAD & E-Waste Recycling\",\"description\":\"\",\"publisher\":{\"@id\":\"https:\\\/\\\/quantumlifecycle.com\\\/es_CR\\\/#organization\"},\"potentialAction\":[{\"@type\":\"SearchAction\",\"target\":{\"@type\":\"EntryPoint\",\"urlTemplate\":\"https:\\\/\\\/quantumlifecycle.com\\\/es_CR\\\/?s={search_term_string}\"},\"query-input\":{\"@type\":\"PropertyValueSpecification\",\"valueRequired\":true,\"valueName\":\"search_term_string\"}}],\"inLanguage\":\"es-CR\"},{\"@type\":\"Organization\",\"@id\":\"https:\\\/\\\/quantumlifecycle.com\\\/es_CR\\\/#organization\",\"name\":\"Quantum Lifecycle Partners LP\",\"url\":\"https:\\\/\\\/quantumlifecycle.com\\\/es_CR\\\/\",\"logo\":{\"@type\":\"ImageObject\",\"inLanguage\":\"es-CR\",\"@id\":\"https:\\\/\\\/quantumlifecycle.com\\\/es_CR\\\/#\\\/schema\\\/logo\\\/image\\\/\",\"url\":\"https:\\\/\\\/quantumlifecycle.com\\\/wp-content\\\/uploads\\\/2020\\\/01\\\/logo.svg\",\"contentUrl\":\"https:\\\/\\\/quantumlifecycle.com\\\/wp-content\\\/uploads\\\/2020\\\/01\\\/logo.svg\",\"width\":2700,\"height\":848,\"caption\":\"Quantum Lifecycle Partners LP\"},\"image\":{\"@id\":\"https:\\\/\\\/quantumlifecycle.com\\\/es_CR\\\/#\\\/schema\\\/logo\\\/image\\\/\"}}]}<\/script>\n<!-- \/ Yoast SEO plugin. -->","yoast_head_json":{"title":"Sostenibilidad - Quantum | ITAD &amp; E-Waste Recycling","robots":{"index":"index","follow":"follow","max-snippet":"max-snippet:-1","max-image-preview":"max-image-preview:large","max-video-preview":"max-video-preview:-1"},"canonical":"https:\/\/quantumlifecycle.com\/es_CR\/sostenibilidad\/","og_locale":"es_ES","og_type":"article","og_title":"Sostenibilidad - Quantum | ITAD &amp; E-Waste Recycling","og_description":"C\u00f3mo facilita Quantum la sostenibilidad La sostenibilidad est\u00e1 en el centro de todo lo que hace Quantum, por eso somos sus socios...","og_url":"https:\/\/quantumlifecycle.com\/es_CR\/sostenibilidad\/","og_site_name":"Quantum | ITAD &amp; E-Waste Recycling","article_modified_time":"2025-10-16T15:10:54+00:00","og_image":[{"url":"https:\/\/quantumlifecycle.com\/wp-content\/uploads\/2022\/05\/sustain-image-2.svg","type":"","width":"","height":""}],"twitter_card":"summary_large_image","twitter_misc":{"Est. reading time":"4 minutos"},"schema":{"@context":"https:\/\/schema.org","@graph":[{"@type":"WebPage","@id":"https:\/\/quantumlifecycle.com\/es_CR\/sostenibilidad\/","url":"https:\/\/quantumlifecycle.com\/es_CR\/sostenibilidad\/","name":"Sostenibilidad - Quantum | ITAD &amp; E-Waste Recycling","isPartOf":{"@id":"https:\/\/quantumlifecycle.com\/es_CR\/#website"},"primaryImageOfPage":{"@id":"https:\/\/quantumlifecycle.com\/es_CR\/sostenibilidad\/#primaryimage"},"image":{"@id":"https:\/\/quantumlifecycle.com\/es_CR\/sostenibilidad\/#primaryimage"},"thumbnailUrl":"https:\/\/quantumlifecycle.com\/wp-content\/uploads\/2022\/05\/sustain-image-2.svg","datePublished":"2022-05-25T09:44:16+00:00","dateModified":"2025-10-16T15:10:54+00:00","breadcrumb":{"@id":"https:\/\/quantumlifecycle.com\/es_CR\/sostenibilidad\/#breadcrumb"},"inLanguage":"es-CR","potentialAction":[{"@type":"ReadAction","target":["https:\/\/quantumlifecycle.com\/es_CR\/sostenibilidad\/"]}]},{"@type":"ImageObject","inLanguage":"es-CR","@id":"https:\/\/quantumlifecycle.com\/es_CR\/sostenibilidad\/#primaryimage","url":"https:\/\/quantumlifecycle.com\/wp-content\/uploads\/2022\/05\/sustain-image-2.svg","contentUrl":"https:\/\/quantumlifecycle.com\/wp-content\/uploads\/2022\/05\/sustain-image-2.svg"},{"@type":"BreadcrumbList","@id":"https:\/\/quantumlifecycle.com\/es_CR\/sostenibilidad\/#breadcrumb","itemListElement":[{"@type":"ListItem","position":1,"name":"Home","item":"https:\/\/quantumlifecycle.com\/es_CR\/"},{"@type":"ListItem","position":2,"name":"Sostenibilidad"}]},{"@type":"WebSite","@id":"https:\/\/quantumlifecycle.com\/es_CR\/#website","url":"https:\/\/quantumlifecycle.com\/es_CR\/","name":"Quantum | ITAD & E-Waste Recycling","description":"","publisher":{"@id":"https:\/\/quantumlifecycle.com\/es_CR\/#organization"},"potentialAction":[{"@type":"SearchAction","target":{"@type":"EntryPoint","urlTemplate":"https:\/\/quantumlifecycle.com\/es_CR\/?s={search_term_string}"},"query-input":{"@type":"PropertyValueSpecification","valueRequired":true,"valueName":"search_term_string"}}],"inLanguage":"es-CR"},{"@type":"Organization","@id":"https:\/\/quantumlifecycle.com\/es_CR\/#organization","name":"Quantum Lifecycle Partners LP","url":"https:\/\/quantumlifecycle.com\/es_CR\/","logo":{"@type":"ImageObject","inLanguage":"es-CR","@id":"https:\/\/quantumlifecycle.com\/es_CR\/#\/schema\/logo\/image\/","url":"https:\/\/quantumlifecycle.com\/wp-content\/uploads\/2020\/01\/logo.svg","contentUrl":"https:\/\/quantumlifecycle.com\/wp-content\/uploads\/2020\/01\/logo.svg","width":2700,"height":848,"caption":"Quantum Lifecycle Partners LP"},"image":{"@id":"https:\/\/quantumlifecycle.com\/es_CR\/#\/schema\/logo\/image\/"}}]}},"yoast":{"metadesc":""},"_links":{"self":[{"href":"https:\/\/quantumlifecycle.com\/es_CR\/wp-json\/wp\/v2\/pages\/14209","targetHints":{"allow":["GET"]}}],"collection":[{"href":"https:\/\/quantumlifecycle.com\/es_CR\/wp-json\/wp\/v2\/pages"}],"about":[{"href":"https:\/\/quantumlifecycle.com\/es_CR\/wp-json\/wp\/v2\/types\/page"}],"author":[{"embeddable":true,"href":"https:\/\/quantumlifecycle.com\/es_CR\/wp-json\/wp\/v2\/users\/12"}],"replies":[{"embeddable":true,"href":"https:\/\/quantumlifecycle.com\/es_CR\/wp-json\/wp\/v2\/comments?post=14209"}],"version-history":[{"count":6,"href":"https:\/\/quantumlifecycle.com\/es_CR\/wp-json\/wp\/v2\/pages\/14209\/revisions"}],"predecessor-version":[{"id":29069,"href":"https:\/\/quantumlifecycle.com\/es_CR\/wp-json\/wp\/v2\/pages\/14209\/revisions\/29069"}],"wp:attachment":[{"href":"https:\/\/quantumlifecycle.com\/es_CR\/wp-json\/wp\/v2\/media?parent=14209"}],"curies":[{"name":"wp","href":"https:\/\/api.w.org\/{rel}","templated":true}]}}