{"id":14206,"date":"2022-05-25T05:44:16","date_gmt":"2022-05-25T09:44:16","guid":{"rendered":"https:\/\/quantumlifecycle.com\/staging\/soluciones-para-las-telecomunicaciones\/"},"modified":"2022-06-15T07:56:00","modified_gmt":"2022-06-15T11:56:00","slug":"soluciones-para-las-telecomunicaciones","status":"publish","type":"page","link":"https:\/\/quantumlifecycle.com\/es_CR\/soluciones-para-las-telecomunicaciones\/","title":{"rendered":"Soluciones para las telecomunicaciones"},"content":{"rendered":"<div class=\"new-pages-container telecom-top-content-container\">\n<div class=\"telecom-top-content\">\n<p>Quantum procesa m\u00e1s chatarra electr\u00f3nica relacionada con las telecomunicaciones que cualquier otra empresa en Canad\u00e1. Somos un proveedor de confianza de servicios de reutilizaci\u00f3n y reciclaje para las principales empresas de telecomunicaciones de Canad\u00e1. Ofrecemos una presencia nacional para apoyar sus negocios, junto con un s\u00f3lido conocimiento de las oportunidades de reutilizaci\u00f3n y reciclaje inherentes a los diversos flujos generados por este sector. Quantum es un socio valioso en todo el sector de las telecomunicaciones.<\/p>\n<p>Tambi\u00e9n aportamos una gran conciencia de los inmensos retos y complejidades normativas de las telecomunicaciones. No s\u00f3lo hacemos que el cumplimiento sea lo m\u00e1s sencillo posible para su organizaci\u00f3n, sino que tambi\u00e9n proporcionamos soluciones personalizadas para maximizar el valor de sus activos y minimizar los costos de cumplimiento. Conseguimos estos objetivos a trav\u00e9s de soluciones que tocan todos los puntos de los negocios centrados en las telecomunicaciones, desde los equipos en las instalaciones del cliente (CPE) hasta los dispositivos de movilidad, pasando por las soluciones ITAD y los programas de garant\u00eda y devoluci\u00f3n centrados en el comercio minorista. Nombra un flujo de telecomunicaciones relacionado con el hardware y Quantum participa en su eliminaci\u00f3n, creando valor y reduciendo costos en cada paso.<\/p>\n<\/div>\n<div class=\"telecom-top-image\"><img decoding=\"async\" class=\"img-fluid\" src=\"\/wp-content\/uploads\/2021\/10\/telecom-top-content.svg\" \/><\/div>\n<\/div>\n<div class=\"w-800 telecom-focused-container\">\n<div class=\"sidewaysDots telecom-focused-dotes content-dots\">&#8230;&#8230;&#8230;..<\/div>\n<h2>Soluciones de responsabilidad del productor centradas en las telecomunicaciones<\/h2>\n<p>A medida que las jurisdicciones de Canad\u00e1 y de todo el mundo avanzan hacia la ampliaci\u00f3n de los marcos de responsabilidad extendida del productor, Quantum crea un valor adicional para este sector al consolidar las diversas actividades de reciclaje realizadas por y en nombre de nuestros clientes de telecomunicaciones en una narrativa coherente que demuestra su compromiso con la sostenibilidad. De este modo, ayudamos a estas empresas a demostrar su cumplimiento de diversas obligaciones normativas, ahorr\u00e1ndoles decenas de miles en gastos adicionales de cumplimiento.<\/p>\n<\/div>\n<div class=\"new-pages-container telecom-accordian-container\">\n<div class=\"telecom-accordian\">\n<h2>Movilidad<\/h2>\n<div class=\"c-accordion\" data-individual-openable=\"false\" data-speed=\"400\">\n<div class=\"c-accordion__entries\">\n<div class=\"c-accordion__entry is-expanded\" role=\"tablist\" aria-expanded=\"true\">\n<div id=\"c-accordion__entry-title-1\" class=\"c-accordion__entry-title\" role=\"tab\" aria-selected=\"true\" aria-controls=\"c-accordion__entry-body-1\"><a class=\"c-accordion__entry-header-link js-accordion__entry-header-link\">Dispositivos de Consumidores<\/a><\/div>\n<div id=\"c-accordion__entry-body-1\" class=\"c-accordion__entry-body\" style=\"display: block;\" role=\"tabpanel\" aria-hidden=\"false\" aria-labelledby=\"c-accordion__entry-title-1\">\n<div class=\"c-accordion__entry-contents c-wysiwyg\">Quantum est\u00e1 invirtiendo mucho en su oferta de dispositivos m\u00f3viles para llegar a m\u00e1s puntos de la cadena de suministro y crear valor para las empresas de telecomunicaciones y sus socios. Podemos ser su proveedor \u00fanico para gestionar directamente todo el proceso de eliminaci\u00f3n (desde la reparaci\u00f3n hasta el reciclaje), o podemos integrarnos en su cadena de suministro de eliminaci\u00f3n existente y llenar cualquier vac\u00edo, creando valor en todo el proceso.<\/div>\n<\/div>\n<\/div>\n<div class=\"c-accordion__entry\" role=\"tablist\" aria-expanded=\"false\">\n<div id=\"c-accordion__entry-title-2\" class=\"c-accordion__entry-title\" role=\"tab\" aria-selected=\"false\" aria-controls=\"c-accordion__entry-body-2\"><a class=\"c-accordion__entry-header-link js-accordion__entry-header-link\">Dispositivos internos<\/a><\/div>\n<div id=\"c-accordion__entry-body-2\" class=\"c-accordion__entry-body\" role=\"tabpanel\" aria-hidden=\"true\" aria-labelledby=\"c-accordion__entry-title-2\">\n<div class=\"c-accordion__entry-contents c-wysiwyg\">Quantum trabajar\u00e1 con usted para entender su estrategia de dispositivos electr\u00f3nicos de los empleados y elaborar un programa personalizado que tenga sentido. Tanto si los dispositivos son propiedad de la empresa como si son propiedad de cada empleado, podemos gestionar el proceso de finalizaci\u00f3n de la vida \u00fatil de forma segura y eficiente, liberando sus recursos de personal internos para gestionar proyectos cr\u00edticos para su organizaci\u00f3n.<\/div>\n<\/div>\n<\/div>\n<div class=\"c-accordion__entry\" role=\"tablist\" aria-expanded=\"false\">\n<div id=\"c-accordion__entry-title-3\" class=\"c-accordion__entry-title\" role=\"tab\" aria-selected=\"false\" aria-controls=\"c-accordion__entry-body-3\"><a class=\"c-accordion__entry-header-link js-accordion__entry-header-link\">B2B<\/a><\/div>\n<div id=\"c-accordion__entry-body-3\" class=\"c-accordion__entry-body\" role=\"tabpanel\" aria-hidden=\"true\" aria-labelledby=\"c-accordion__entry-title-3\">\n<div class=\"c-accordion__entry-contents c-wysiwyg\">Gestionamos proyectos de ITAD para muchas de las principales empresas de Canad\u00e1 y somos una opci\u00f3n natural para gestionar tambi\u00e9n el cambio\/actualizaci\u00f3n de dispositivos m\u00f3viles. Apoyamos el retiro de dispositivos antiguos de forma que se maximice el valor para el cliente, valor que luego utilizan para comprar nuevos dispositivos al operador.<\/div>\n<\/div>\n<\/div>\n<\/div>\n<\/div>\n<\/div>\n<div class=\"telecom-accordian-image\"><img decoding=\"async\" class=\"img-fluid\" src=\"\/wp-content\/uploads\/2021\/10\/accordian-image-1.svg\" \/><\/div>\n<\/div>\n<div class=\"new-pages-container telecom-accordian-container telecom-accordian-container-center\">\n<div class=\"telecom-accordian-image telecom-accordian-image-center\"><img decoding=\"async\" class=\"img-fluid\" src=\"\/wp-content\/uploads\/2021\/10\/accordian-image-2.svg\" \/><\/div>\n<div class=\"telecom-accordian telecom-accordian-center\">\n<h2>Reciclaje<\/h2>\n<div class=\"c-accordion\" data-individual-openable=\"false\" data-speed=\"400\">\n<div class=\"c-accordion__entries\">\n<div class=\"c-accordion__entry is-expanded\" role=\"tablist\" aria-expanded=\"true\">\n<div id=\"c-accordion__entry-title-1\" class=\"c-accordion__entry-title\" role=\"tab\" aria-selected=\"true\" aria-controls=\"c-accordion__entry-body-1\"><a class=\"c-accordion__entry-header-link js-accordion__entry-header-link\">Equipos en las instalaciones del cliente (CPE)<\/a><\/div>\n<div id=\"c-accordion__entry-body-1\" class=\"c-accordion__entry-body\" style=\"display: block;\" role=\"tabpanel\" aria-hidden=\"false\" aria-labelledby=\"c-accordion__entry-title-1\">\n<div class=\"c-accordion__entry-contents c-wysiwyg\">Los DVR, los descodificadores, los m\u00f3dems y los routers forman una parte fundamental de la oferta de servicios de telecomunicaciones y generan importantes ingresos para los operadores, los ISP y los proveedores de cable. Con los dispositivos que se despliegan, devuelven y redistribuyen constantemente, existen oportunidades de reparaci\u00f3n y reciclaje en todo momento. Quantum los apoya a todos.<\/div>\n<\/div>\n<\/div>\n<div class=\"c-accordion__entry\" role=\"tablist\" aria-expanded=\"false\">\n<div id=\"c-accordion__entry-title-3\" class=\"c-accordion__entry-title\" role=\"tab\" aria-selected=\"false\" aria-controls=\"c-accordion__entry-body-3\"><a class=\"c-accordion__entry-header-link js-accordion__entry-header-link\">Infraestructura <\/a><\/div>\n<div id=\"c-accordion__entry-body-3\" class=\"c-accordion__entry-body\" role=\"tabpanel\" aria-hidden=\"true\" aria-labelledby=\"c-accordion__entry-title-3\">\n<div class=\"c-accordion__entry-contents c-wysiwyg\">Las redes de los operadores se extienden por todo el pa\u00eds y todo, desde las torres hasta los cables, pasando por los switches y fuentes de poder, y todo lo dem\u00e1s. El alcance de Quantum garantiza una log\u00edstica sencilla y una soluci\u00f3n de eliminaci\u00f3n coherente en todo Canad\u00e1 y la regi\u00f3n de Latino Am\u00e9rica.<\/div>\n<\/div>\n<\/div>\n<\/div>\n<\/div>\n<\/div>\n<\/div>\n<div class=\"new-pages-container telecom-accordian-container telecom-accordian-container-last\">\n<div class=\"telecom-accordian\">\n<h2>ITAD<\/h2>\n<div class=\"c-accordion\" data-individual-openable=\"false\" data-speed=\"400\">\n<div class=\"c-accordion__entries\">\n<div class=\"c-accordion__entry is-expanded\" role=\"tablist\" aria-expanded=\"true\">\n<div id=\"c-accordion__entry-title-1\" class=\"c-accordion__entry-title\" role=\"tab\" aria-selected=\"true\" aria-controls=\"c-accordion__entry-body-1\"><a class=\"c-accordion__entry-header-link js-accordion__entry-header-link\">Activos inform\u00e1ticos internos <\/a><\/div>\n<div id=\"c-accordion__entry-body-1\" class=\"c-accordion__entry-body\" style=\"display: block;\" role=\"tabpanel\" aria-hidden=\"false\" aria-labelledby=\"c-accordion__entry-title-1\">\n<div class=\"c-accordion__entry-contents c-wysiwyg\">Las compa\u00f1\u00edas de telecomunicaciones y las industrias relacionadas se encuentran entre las m\u00e1s importantes del sector privado y p\u00fablico, con complejos requisitos de eliminaci\u00f3n de activos inform\u00e1ticos. La oferta de servicios ITAD de Quantum es insuperable. Est\u00e1 certificada, es transparente y es robusta. Las principales empresas de Canad\u00e1 y la regi\u00f3n de Latino Am\u00e9rica conf\u00edan en Quantum para gestionar de forma segura y crear valor a partir de los activos de sus empleados, financiando la compra de nuevos activos que mantienen a sus colaboradores eficientes y productivos.<\/div>\n<\/div>\n<\/div>\n<div class=\"c-accordion__entry\" role=\"tablist\" aria-expanded=\"false\">\n<div id=\"c-accordion__entry-title-3\" class=\"c-accordion__entry-title\" role=\"tab\" aria-selected=\"false\" aria-controls=\"c-accordion__entry-body-3\"><a class=\"c-accordion__entry-header-link js-accordion__entry-header-link\">Centros de datos<\/a><\/div>\n<div id=\"c-accordion__entry-body-3\" class=\"c-accordion__entry-body\" role=\"tabpanel\" aria-hidden=\"true\" aria-labelledby=\"c-accordion__entry-title-3\">\n<div class=\"c-accordion__entry-contents c-wysiwyg\">Las empresas de telecomunicaciones operan algunos de los mayores centros de datos del pa\u00eds. Quantum como soluciones de destrucci\u00f3n de datos con certificaci\u00f3n NAID AAA dentro y fuera de las instalaciones que le permiten dormir tranquilo sabiendo que sus datos no caer\u00e1n en manos equivocadas. No hay otra empresa a la que quiera confiar la renovaci\u00f3n de su centro de datos.<\/div>\n<\/div>\n<\/div>\n<\/div>\n<\/div>\n<\/div>\n<div class=\"telecom-accordian-image\"><img decoding=\"async\" class=\"img-fluid\" src=\"\/translation\/wp-content\/uploads\/2022\/03\/accordian-image-3.svg\" \/><\/div>\n<\/div>\n","protected":false},"excerpt":{"rendered":"<p>Quantum procesa m\u00e1s chatarra electr\u00f3nica relacionada con las telecomunicaciones que cualquier otra empresa en Canad\u00e1. Somos un proveedor de confianza de servicios&#8230;<\/p>\n","protected":false},"author":12,"featured_media":0,"parent":0,"menu_order":0,"comment_status":"closed","ping_status":"closed","template":"page-telecom-services.php","meta":{"_acf_changed":false,"om_disable_all_campaigns":false,"_genesis_hide_title":false,"_genesis_hide_breadcrumbs":false,"_genesis_hide_singular_image":false,"_genesis_hide_footer_widgets":false,"_genesis_custom_body_class":"","_genesis_custom_post_class":"","_genesis_layout":"","footnotes":""},"class_list":{"0":"post-14206","1":"page","2":"type-page","3":"status-publish","5":"entry"},"acf":[],"yoast_head":"<!-- This site is optimized with the Yoast SEO plugin v27.4 - https:\/\/yoast.com\/product\/yoast-seo-wordpress\/ -->\n<title>Soluciones para las telecomunicaciones - Quantum | ITAD &amp; E-Waste Recycling<\/title>\n<meta name=\"robots\" content=\"index, follow, max-snippet:-1, max-image-preview:large, max-video-preview:-1\" \/>\n<link rel=\"canonical\" href=\"https:\/\/quantumlifecycle.com\/es_CR\/soluciones-para-las-telecomunicaciones\/\" \/>\n<meta property=\"og:locale\" content=\"es_ES\" \/>\n<meta property=\"og:type\" content=\"article\" \/>\n<meta property=\"og:title\" content=\"Soluciones para las telecomunicaciones - Quantum | ITAD &amp; E-Waste Recycling\" \/>\n<meta property=\"og:description\" content=\"Quantum procesa m\u00e1s chatarra electr\u00f3nica relacionada con las telecomunicaciones que cualquier otra empresa en Canad\u00e1. Somos un proveedor de confianza de servicios...\" \/>\n<meta property=\"og:url\" content=\"https:\/\/quantumlifecycle.com\/es_CR\/soluciones-para-las-telecomunicaciones\/\" \/>\n<meta property=\"og:site_name\" content=\"Quantum | ITAD &amp; E-Waste Recycling\" \/>\n<meta property=\"article:modified_time\" content=\"2022-06-15T11:56:00+00:00\" \/>\n<meta name=\"twitter:card\" content=\"summary_large_image\" \/>\n<meta name=\"twitter:label1\" content=\"Est. reading time\" \/>\n\t<meta name=\"twitter:data1\" content=\"4 minutos\" \/>\n<script type=\"application\/ld+json\" class=\"yoast-schema-graph\">{\"@context\":\"https:\\\/\\\/schema.org\",\"@graph\":[{\"@type\":\"WebPage\",\"@id\":\"https:\\\/\\\/quantumlifecycle.com\\\/es_CR\\\/soluciones-para-las-telecomunicaciones\\\/\",\"url\":\"https:\\\/\\\/quantumlifecycle.com\\\/es_CR\\\/soluciones-para-las-telecomunicaciones\\\/\",\"name\":\"Soluciones para las telecomunicaciones - Quantum | ITAD &amp; E-Waste Recycling\",\"isPartOf\":{\"@id\":\"https:\\\/\\\/quantumlifecycle.com\\\/es_CR\\\/#website\"},\"datePublished\":\"2022-05-25T09:44:16+00:00\",\"dateModified\":\"2022-06-15T11:56:00+00:00\",\"breadcrumb\":{\"@id\":\"https:\\\/\\\/quantumlifecycle.com\\\/es_CR\\\/soluciones-para-las-telecomunicaciones\\\/#breadcrumb\"},\"inLanguage\":\"es-CR\",\"potentialAction\":[{\"@type\":\"ReadAction\",\"target\":[\"https:\\\/\\\/quantumlifecycle.com\\\/es_CR\\\/soluciones-para-las-telecomunicaciones\\\/\"]}]},{\"@type\":\"BreadcrumbList\",\"@id\":\"https:\\\/\\\/quantumlifecycle.com\\\/es_CR\\\/soluciones-para-las-telecomunicaciones\\\/#breadcrumb\",\"itemListElement\":[{\"@type\":\"ListItem\",\"position\":1,\"name\":\"Home\",\"item\":\"https:\\\/\\\/quantumlifecycle.com\\\/es_CR\\\/\"},{\"@type\":\"ListItem\",\"position\":2,\"name\":\"Soluciones para las telecomunicaciones\"}]},{\"@type\":\"WebSite\",\"@id\":\"https:\\\/\\\/quantumlifecycle.com\\\/es_CR\\\/#website\",\"url\":\"https:\\\/\\\/quantumlifecycle.com\\\/es_CR\\\/\",\"name\":\"Quantum | ITAD & E-Waste Recycling\",\"description\":\"\",\"publisher\":{\"@id\":\"https:\\\/\\\/quantumlifecycle.com\\\/es_CR\\\/#organization\"},\"potentialAction\":[{\"@type\":\"SearchAction\",\"target\":{\"@type\":\"EntryPoint\",\"urlTemplate\":\"https:\\\/\\\/quantumlifecycle.com\\\/es_CR\\\/?s={search_term_string}\"},\"query-input\":{\"@type\":\"PropertyValueSpecification\",\"valueRequired\":true,\"valueName\":\"search_term_string\"}}],\"inLanguage\":\"es-CR\"},{\"@type\":\"Organization\",\"@id\":\"https:\\\/\\\/quantumlifecycle.com\\\/es_CR\\\/#organization\",\"name\":\"Quantum Lifecycle Partners LP\",\"url\":\"https:\\\/\\\/quantumlifecycle.com\\\/es_CR\\\/\",\"logo\":{\"@type\":\"ImageObject\",\"inLanguage\":\"es-CR\",\"@id\":\"https:\\\/\\\/quantumlifecycle.com\\\/es_CR\\\/#\\\/schema\\\/logo\\\/image\\\/\",\"url\":\"https:\\\/\\\/quantumlifecycle.com\\\/wp-content\\\/uploads\\\/2020\\\/01\\\/logo.svg\",\"contentUrl\":\"https:\\\/\\\/quantumlifecycle.com\\\/wp-content\\\/uploads\\\/2020\\\/01\\\/logo.svg\",\"width\":2700,\"height\":848,\"caption\":\"Quantum Lifecycle Partners LP\"},\"image\":{\"@id\":\"https:\\\/\\\/quantumlifecycle.com\\\/es_CR\\\/#\\\/schema\\\/logo\\\/image\\\/\"}}]}<\/script>\n<!-- \/ Yoast SEO plugin. -->","yoast_head_json":{"title":"Soluciones para las telecomunicaciones - Quantum | ITAD &amp; E-Waste Recycling","robots":{"index":"index","follow":"follow","max-snippet":"max-snippet:-1","max-image-preview":"max-image-preview:large","max-video-preview":"max-video-preview:-1"},"canonical":"https:\/\/quantumlifecycle.com\/es_CR\/soluciones-para-las-telecomunicaciones\/","og_locale":"es_ES","og_type":"article","og_title":"Soluciones para las telecomunicaciones - Quantum | ITAD &amp; E-Waste Recycling","og_description":"Quantum procesa m\u00e1s chatarra electr\u00f3nica relacionada con las telecomunicaciones que cualquier otra empresa en Canad\u00e1. Somos un proveedor de confianza de servicios...","og_url":"https:\/\/quantumlifecycle.com\/es_CR\/soluciones-para-las-telecomunicaciones\/","og_site_name":"Quantum | ITAD &amp; E-Waste Recycling","article_modified_time":"2022-06-15T11:56:00+00:00","twitter_card":"summary_large_image","twitter_misc":{"Est. reading time":"4 minutos"},"schema":{"@context":"https:\/\/schema.org","@graph":[{"@type":"WebPage","@id":"https:\/\/quantumlifecycle.com\/es_CR\/soluciones-para-las-telecomunicaciones\/","url":"https:\/\/quantumlifecycle.com\/es_CR\/soluciones-para-las-telecomunicaciones\/","name":"Soluciones para las telecomunicaciones - Quantum | ITAD &amp; E-Waste Recycling","isPartOf":{"@id":"https:\/\/quantumlifecycle.com\/es_CR\/#website"},"datePublished":"2022-05-25T09:44:16+00:00","dateModified":"2022-06-15T11:56:00+00:00","breadcrumb":{"@id":"https:\/\/quantumlifecycle.com\/es_CR\/soluciones-para-las-telecomunicaciones\/#breadcrumb"},"inLanguage":"es-CR","potentialAction":[{"@type":"ReadAction","target":["https:\/\/quantumlifecycle.com\/es_CR\/soluciones-para-las-telecomunicaciones\/"]}]},{"@type":"BreadcrumbList","@id":"https:\/\/quantumlifecycle.com\/es_CR\/soluciones-para-las-telecomunicaciones\/#breadcrumb","itemListElement":[{"@type":"ListItem","position":1,"name":"Home","item":"https:\/\/quantumlifecycle.com\/es_CR\/"},{"@type":"ListItem","position":2,"name":"Soluciones para las telecomunicaciones"}]},{"@type":"WebSite","@id":"https:\/\/quantumlifecycle.com\/es_CR\/#website","url":"https:\/\/quantumlifecycle.com\/es_CR\/","name":"Quantum | ITAD & E-Waste Recycling","description":"","publisher":{"@id":"https:\/\/quantumlifecycle.com\/es_CR\/#organization"},"potentialAction":[{"@type":"SearchAction","target":{"@type":"EntryPoint","urlTemplate":"https:\/\/quantumlifecycle.com\/es_CR\/?s={search_term_string}"},"query-input":{"@type":"PropertyValueSpecification","valueRequired":true,"valueName":"search_term_string"}}],"inLanguage":"es-CR"},{"@type":"Organization","@id":"https:\/\/quantumlifecycle.com\/es_CR\/#organization","name":"Quantum Lifecycle Partners LP","url":"https:\/\/quantumlifecycle.com\/es_CR\/","logo":{"@type":"ImageObject","inLanguage":"es-CR","@id":"https:\/\/quantumlifecycle.com\/es_CR\/#\/schema\/logo\/image\/","url":"https:\/\/quantumlifecycle.com\/wp-content\/uploads\/2020\/01\/logo.svg","contentUrl":"https:\/\/quantumlifecycle.com\/wp-content\/uploads\/2020\/01\/logo.svg","width":2700,"height":848,"caption":"Quantum Lifecycle Partners LP"},"image":{"@id":"https:\/\/quantumlifecycle.com\/es_CR\/#\/schema\/logo\/image\/"}}]}},"yoast":{"metadesc":""},"_links":{"self":[{"href":"https:\/\/quantumlifecycle.com\/es_CR\/wp-json\/wp\/v2\/pages\/14206","targetHints":{"allow":["GET"]}}],"collection":[{"href":"https:\/\/quantumlifecycle.com\/es_CR\/wp-json\/wp\/v2\/pages"}],"about":[{"href":"https:\/\/quantumlifecycle.com\/es_CR\/wp-json\/wp\/v2\/types\/page"}],"author":[{"embeddable":true,"href":"https:\/\/quantumlifecycle.com\/es_CR\/wp-json\/wp\/v2\/users\/12"}],"replies":[{"embeddable":true,"href":"https:\/\/quantumlifecycle.com\/es_CR\/wp-json\/wp\/v2\/comments?post=14206"}],"version-history":[{"count":1,"href":"https:\/\/quantumlifecycle.com\/es_CR\/wp-json\/wp\/v2\/pages\/14206\/revisions"}],"predecessor-version":[{"id":14310,"href":"https:\/\/quantumlifecycle.com\/es_CR\/wp-json\/wp\/v2\/pages\/14206\/revisions\/14310"}],"wp:attachment":[{"href":"https:\/\/quantumlifecycle.com\/es_CR\/wp-json\/wp\/v2\/media?parent=14206"}],"curies":[{"name":"wp","href":"https:\/\/api.w.org\/{rel}","templated":true}]}}