{"id":14204,"date":"2022-05-25T05:44:16","date_gmt":"2022-05-25T09:44:16","guid":{"rendered":"https:\/\/quantumlifecycle.com\/staging\/reutilizacion\/"},"modified":"2022-06-22T08:54:02","modified_gmt":"2022-06-22T12:54:02","slug":"reutilizacion","status":"publish","type":"page","link":"https:\/\/quantumlifecycle.com\/es_CR\/reutilizacion\/","title":{"rendered":"Reutilizaci\u00f3n"},"content":{"rendered":"<div class=\"site-inner\">\n<div class=\"top-content w-800\">La reutilizaci\u00f3n es la mejor forma de reciclaje y Quantum lo hace bien. El reacondicionamiento y la reventa de sus aparatos electr\u00f3nicos no deseados no s\u00f3lo es bueno para el medio ambiente, sino tambi\u00e9n para sus estados financieros. Sacaremos el m\u00e1ximo provecho a sus viejos equipos mediante un proceso auditado con los m\u00e1s altos est\u00e1ndares de seguridad y calidad.<\/div>\n<div class=\"two-columns-content\">\n<div class=\"top-content two-column-content\">\n<div class=\"left-column\">\n<h2 class=\"primary-headline\">Nuestra s\u00f3lida cadena de custodia garantiza la seguridad de sus datos<\/h2>\n<p>En Quantum, hacemos un seguimiento de sus dispositivos que contengan datos desde el momento en que salen de sus instalaciones hasta que llegan a las nuestras, y en cada etapa del proceso de destrucci\u00f3n segura que sigue.<\/p>\n<\/div>\n<div class=\"right-column w-35\"><img loading=\"lazy\" decoding=\"async\" class=\"alignnone size-full wp-image-6178\" role=\"img\" src=\"https:\/\/quantumlifecycle.com\/wp-content\/uploads\/2022\/05\/Reuse1.svg\" alt=\"\" width=\"372\" height=\"387\" \/><\/div>\n<\/div>\n<\/div>\n<\/div>\n<div class=\"our-certificates\">\n<div class=\"site-inner\">\n<h3 class=\"text-center primary-headline white-color\">Nuestras certificaciones<\/h3>\n<div class=\"certification-content-container\">\n<div class=\"certification-image\"><a href=\"https:\/\/sustainableelectronics.org\/\"><img loading=\"lazy\" decoding=\"async\" class=\"aligncenter wp-image-6180\" src=\"https:\/\/quantumlifecycle.com\/wp-content\/uploads\/2022\/05\/certification.jpg\" alt=\"\" width=\"297\" height=\"124\" \/><\/a><\/div>\n<div class=\"certification-content\">No todos los proveedores de servicios ITAD son iguales. Aseg\u00farese de que su proveedor entiende lo que est\u00e1 haciendo y est\u00e1 certificado para hacerlo. La norma R2, reconocida en todo el mundo, no s\u00f3lo da prioridad a la reutilizaci\u00f3n frente al reciclaje, sino que tambi\u00e9n exige a Quantum que se someta a auditor\u00edas rutinarias para garantizar las mejores pr\u00e1cticas desde el punto de vista medioambiental y de gesti\u00f3n de datos. No se arriesgue a utilizar una empresa no certificada.<br \/>\n<a class=\"primary-btn\" href=\"https:\/\/quantumlifecycle.com\/es_CR\/certificaciones\/\">VER TODAS LAS CERTIFICACIONES<\/a><\/div>\n<\/div>\n<div class=\"top-separator\">\n<h2 class=\"primary-headline text-center no-spacing\">Quantum ofrece una variedad de soluciones de reutilizaci\u00f3n<\/h2>\n<div class=\"two-columns-content inverse-order\">\n<div class=\"top-content two-column-content\">\n<div class=\"left-column\">\n<h2 class=\"primary-headline blue-headline\">Remarketing al por mayor<\/h2>\n<p>Una de las formas m\u00e1s eficaces de maximizar su presupuesto de TI es mediante la recomercializaci\u00f3n de su hardware reutilizable a trav\u00e9s de una variedad de canales. Una vez que hemos eliminado sus datos de forma segura, Quantum reacondiciona, repara y revende sus equipos antiguos a trav\u00e9s de nuestra red establecida. Nuestro equipo de remarketing, con conocimientos y experiencia, est\u00e1 especializado en la gesti\u00f3n de grandes vol\u00famenes y en la obtenci\u00f3n del mayor valor posible para sus equipos. Deje que hagamos el trabajo por usted, para que su staff pueda seguir siendo productivo utilizando los equipos m\u00e1s modernos.<\/p>\n<\/div>\n<div class=\"right-column\"><img loading=\"lazy\" decoding=\"async\" class=\"aligncenter size-full wp-image-6182\" role=\"img\" src=\"https:\/\/quantumlifecycle.com\/wp-content\/uploads\/2022\/05\/reuse2.svg\" alt=\"\" width=\"480\" height=\"396\" \/><\/div>\n<\/div>\n<div class=\"top-content two-column-content\">\n<div class=\"left-column\">\n<h2 class=\"primary-headline blue-headline\">Programas de compra por parte de los empleados y de donaciones ben\u00e9ficas<\/h2>\n<p>\u00bfQuiere hacer el bien? H\u00e1galo de forma responsable y no deje que el objetivo de marcar la diferencia eclipse la necesidad de realizar la debida diligencia. Hay muchos &#8220;recicladores&#8221; sociales que no cumplen con los requisitos de seguridad. En cambio, Quantum se asegura de que sus aparatos electr\u00f3nicos no deseados pasen por el proceso de reutilizaci\u00f3n de forma segura. Tambi\u00e9n adoptamos un enfoque diferente en cuanto a las donaciones ben\u00e9ficas, ya que damos a las organizaciones ben\u00e9ficas lo que quieren (dinero), no lo que usted tiene (activos antiguos). Aunque una organizaci\u00f3n ben\u00e9fica aceptar\u00e1 todo lo que usted le d\u00e9, a menudo tiene una lista muy espec\u00edfica de necesidades. \u00bfPor qu\u00e9 no monetizar tus activos, hacer una donaci\u00f3n y darles la oportunidad de comprar lo que realmente necesitan? Un sistema de ciclo cerrado que beneficia a todos los implicados.<\/p>\n<\/div>\n<div class=\"right-column\"><img loading=\"lazy\" decoding=\"async\" class=\"aligncenter size-full wp-image-6188\" role=\"img\" src=\"https:\/\/quantumlifecycle.com\/wp-content\/uploads\/2022\/05\/Reuse3.svg\" alt=\"\" width=\"429\" height=\"414\" \/><\/div>\n<\/div>\n<\/div>\n<\/div>\n<\/div>\n<\/div>\n","protected":false},"excerpt":{"rendered":"<p>La reutilizaci\u00f3n es la mejor forma de reciclaje y Quantum lo hace bien. El reacondicionamiento y la reventa de sus aparatos electr\u00f3nicos&#8230;<\/p>\n","protected":false},"author":12,"featured_media":0,"parent":0,"menu_order":0,"comment_status":"closed","ping_status":"closed","template":"page-reuse.php","meta":{"_acf_changed":false,"_yoast_wpseo_title":"","_yoast_wpseo_metadesc":"","om_disable_all_campaigns":false,"_genesis_hide_title":false,"_genesis_hide_breadcrumbs":false,"_genesis_hide_singular_image":false,"_genesis_hide_footer_widgets":false,"_genesis_custom_body_class":"","_genesis_custom_post_class":"","_genesis_layout":"","_metasync_otto_title":"","_metasync_otto_description":"","_metasync_otto_keywords":"","_metasync_otto_og_title":"","_metasync_otto_og_description":"","_metasync_otto_twitter_title":"","_metasync_otto_twitter_description":"","rank_math_title":"","rank_math_description":"","_aioseo_title":"","_aioseo_description":"","_metasync_seo_title":"","_metasync_seo_desc":"","_metasync_breadcrumb_title":"","_metasync_primary_category":0,"_metasync_primary_product_cat":0,"_metasync_otto_disabled":"","_metasync_hreflang":"","_metasync_plugin_sync_ts":"","_metasync_robots_advanced":"","footnotes":""},"class_list":{"0":"post-14204","1":"page","2":"type-page","3":"status-publish","5":"entry"},"acf":[],"yoast_head":"<!-- This site is optimized with the Yoast SEO plugin v27.5 - https:\/\/yoast.com\/product\/yoast-seo-wordpress\/ -->\n<title>Reutilizaci\u00f3n - Quantum | ITAD &amp; E-Waste Recycling<\/title>\n<meta name=\"robots\" content=\"index, follow, max-snippet:-1, max-image-preview:large, max-video-preview:-1\" \/>\n<link rel=\"canonical\" href=\"https:\/\/quantumlifecycle.com\/es_CR\/reutilizacion\/\" \/>\n<meta property=\"og:locale\" content=\"es_ES\" \/>\n<meta property=\"og:type\" content=\"article\" \/>\n<meta property=\"og:title\" content=\"Reutilizaci\u00f3n - Quantum | ITAD &amp; E-Waste Recycling\" \/>\n<meta property=\"og:description\" content=\"La reutilizaci\u00f3n es la mejor forma de reciclaje y Quantum lo hace bien. El reacondicionamiento y la reventa de sus aparatos electr\u00f3nicos...\" \/>\n<meta property=\"og:url\" content=\"https:\/\/quantumlifecycle.com\/es_CR\/reutilizacion\/\" \/>\n<meta property=\"og:site_name\" content=\"Quantum | ITAD &amp; E-Waste Recycling\" \/>\n<meta property=\"og:image\" content=\"https:\/\/quantumlifecycle.com\/wp-content\/uploads\/2022\/05\/Reuse1.svg\" \/>\n<meta name=\"twitter:card\" content=\"summary_large_image\" \/>\n<meta name=\"twitter:label1\" content=\"Est. reading time\" \/>\n\t<meta name=\"twitter:data1\" content=\"2 minutos\" \/>\n<script type=\"application\/ld+json\" class=\"yoast-schema-graph\">{\"@context\":\"https:\\\/\\\/schema.org\",\"@graph\":[{\"@type\":\"WebPage\",\"@id\":\"https:\\\/\\\/quantumlifecycle.com\\\/es_CR\\\/reutilizacion\\\/\",\"url\":\"https:\\\/\\\/quantumlifecycle.com\\\/es_CR\\\/reutilizacion\\\/\",\"name\":\"Reutilizaci\u00f3n - Quantum | ITAD &amp; E-Waste Recycling\",\"isPartOf\":{\"@id\":\"https:\\\/\\\/quantumlifecycle.com\\\/es_CR\\\/#website\"},\"primaryImageOfPage\":{\"@id\":\"https:\\\/\\\/quantumlifecycle.com\\\/es_CR\\\/reutilizacion\\\/#primaryimage\"},\"image\":{\"@id\":\"https:\\\/\\\/quantumlifecycle.com\\\/es_CR\\\/reutilizacion\\\/#primaryimage\"},\"thumbnailUrl\":\"https:\\\/\\\/quantumlifecycle.com\\\/wp-content\\\/uploads\\\/2022\\\/05\\\/Reuse1.svg\",\"datePublished\":\"2022-05-25T09:44:16+00:00\",\"dateModified\":\"2022-06-22T12:54:02+00:00\",\"breadcrumb\":{\"@id\":\"https:\\\/\\\/quantumlifecycle.com\\\/es_CR\\\/reutilizacion\\\/#breadcrumb\"},\"inLanguage\":\"es-CR\",\"potentialAction\":[{\"@type\":\"ReadAction\",\"target\":[\"https:\\\/\\\/quantumlifecycle.com\\\/es_CR\\\/reutilizacion\\\/\"]}]},{\"@type\":\"ImageObject\",\"inLanguage\":\"es-CR\",\"@id\":\"https:\\\/\\\/quantumlifecycle.com\\\/es_CR\\\/reutilizacion\\\/#primaryimage\",\"url\":\"https:\\\/\\\/quantumlifecycle.com\\\/wp-content\\\/uploads\\\/2022\\\/05\\\/Reuse1.svg\",\"contentUrl\":\"https:\\\/\\\/quantumlifecycle.com\\\/wp-content\\\/uploads\\\/2022\\\/05\\\/Reuse1.svg\"},{\"@type\":\"BreadcrumbList\",\"@id\":\"https:\\\/\\\/quantumlifecycle.com\\\/es_CR\\\/reutilizacion\\\/#breadcrumb\",\"itemListElement\":[{\"@type\":\"ListItem\",\"position\":1,\"name\":\"Home\",\"item\":\"https:\\\/\\\/quantumlifecycle.com\\\/es_CR\\\/\"},{\"@type\":\"ListItem\",\"position\":2,\"name\":\"Reutilizaci\u00f3n\"}]},{\"@type\":\"WebSite\",\"@id\":\"https:\\\/\\\/quantumlifecycle.com\\\/es_CR\\\/#website\",\"url\":\"https:\\\/\\\/quantumlifecycle.com\\\/es_CR\\\/\",\"name\":\"Quantum | ITAD & E-Waste Recycling\",\"description\":\"\",\"publisher\":{\"@id\":\"https:\\\/\\\/quantumlifecycle.com\\\/es_CR\\\/#organization\"},\"potentialAction\":[{\"@type\":\"SearchAction\",\"target\":{\"@type\":\"EntryPoint\",\"urlTemplate\":\"https:\\\/\\\/quantumlifecycle.com\\\/es_CR\\\/?s={search_term_string}\"},\"query-input\":{\"@type\":\"PropertyValueSpecification\",\"valueRequired\":true,\"valueName\":\"search_term_string\"}}],\"inLanguage\":\"es-CR\"},{\"@type\":\"Organization\",\"@id\":\"https:\\\/\\\/quantumlifecycle.com\\\/es_CR\\\/#organization\",\"name\":\"Quantum Lifecycle Partners LP\",\"url\":\"https:\\\/\\\/quantumlifecycle.com\\\/es_CR\\\/\",\"logo\":{\"@type\":\"ImageObject\",\"inLanguage\":\"es-CR\",\"@id\":\"https:\\\/\\\/quantumlifecycle.com\\\/es_CR\\\/#\\\/schema\\\/logo\\\/image\\\/\",\"url\":\"https:\\\/\\\/quantumlifecycle.com\\\/wp-content\\\/uploads\\\/2020\\\/01\\\/logo.svg\",\"contentUrl\":\"https:\\\/\\\/quantumlifecycle.com\\\/wp-content\\\/uploads\\\/2020\\\/01\\\/logo.svg\",\"width\":2700,\"height\":848,\"caption\":\"Quantum Lifecycle Partners LP\"},\"image\":{\"@id\":\"https:\\\/\\\/quantumlifecycle.com\\\/es_CR\\\/#\\\/schema\\\/logo\\\/image\\\/\"}}]}<\/script>\n<!-- \/ Yoast SEO plugin. -->","yoast_head_json":{"title":"Reutilizaci\u00f3n - Quantum | ITAD &amp; E-Waste Recycling","robots":{"index":"index","follow":"follow","max-snippet":"max-snippet:-1","max-image-preview":"max-image-preview:large","max-video-preview":"max-video-preview:-1"},"canonical":"https:\/\/quantumlifecycle.com\/es_CR\/reutilizacion\/","og_locale":"es_ES","og_type":"article","og_title":"Reutilizaci\u00f3n - Quantum | ITAD &amp; E-Waste Recycling","og_description":"La reutilizaci\u00f3n es la mejor forma de reciclaje y Quantum lo hace bien. El reacondicionamiento y la reventa de sus aparatos electr\u00f3nicos...","og_url":"https:\/\/quantumlifecycle.com\/es_CR\/reutilizacion\/","og_site_name":"Quantum | ITAD &amp; E-Waste Recycling","og_image":[{"url":"https:\/\/quantumlifecycle.com\/wp-content\/uploads\/2022\/05\/Reuse1.svg","type":"","width":"","height":""}],"twitter_card":"summary_large_image","twitter_misc":{"Est. reading time":"2 minutos"},"schema":{"@context":"https:\/\/schema.org","@graph":[{"@type":"WebPage","@id":"https:\/\/quantumlifecycle.com\/es_CR\/reutilizacion\/","url":"https:\/\/quantumlifecycle.com\/es_CR\/reutilizacion\/","name":"Reutilizaci\u00f3n - Quantum | ITAD &amp; E-Waste Recycling","isPartOf":{"@id":"https:\/\/quantumlifecycle.com\/es_CR\/#website"},"primaryImageOfPage":{"@id":"https:\/\/quantumlifecycle.com\/es_CR\/reutilizacion\/#primaryimage"},"image":{"@id":"https:\/\/quantumlifecycle.com\/es_CR\/reutilizacion\/#primaryimage"},"thumbnailUrl":"https:\/\/quantumlifecycle.com\/wp-content\/uploads\/2022\/05\/Reuse1.svg","datePublished":"2022-05-25T09:44:16+00:00","dateModified":"2022-06-22T12:54:02+00:00","breadcrumb":{"@id":"https:\/\/quantumlifecycle.com\/es_CR\/reutilizacion\/#breadcrumb"},"inLanguage":"es-CR","potentialAction":[{"@type":"ReadAction","target":["https:\/\/quantumlifecycle.com\/es_CR\/reutilizacion\/"]}]},{"@type":"ImageObject","inLanguage":"es-CR","@id":"https:\/\/quantumlifecycle.com\/es_CR\/reutilizacion\/#primaryimage","url":"https:\/\/quantumlifecycle.com\/wp-content\/uploads\/2022\/05\/Reuse1.svg","contentUrl":"https:\/\/quantumlifecycle.com\/wp-content\/uploads\/2022\/05\/Reuse1.svg"},{"@type":"BreadcrumbList","@id":"https:\/\/quantumlifecycle.com\/es_CR\/reutilizacion\/#breadcrumb","itemListElement":[{"@type":"ListItem","position":1,"name":"Home","item":"https:\/\/quantumlifecycle.com\/es_CR\/"},{"@type":"ListItem","position":2,"name":"Reutilizaci\u00f3n"}]},{"@type":"WebSite","@id":"https:\/\/quantumlifecycle.com\/es_CR\/#website","url":"https:\/\/quantumlifecycle.com\/es_CR\/","name":"Quantum | ITAD & E-Waste Recycling","description":"","publisher":{"@id":"https:\/\/quantumlifecycle.com\/es_CR\/#organization"},"potentialAction":[{"@type":"SearchAction","target":{"@type":"EntryPoint","urlTemplate":"https:\/\/quantumlifecycle.com\/es_CR\/?s={search_term_string}"},"query-input":{"@type":"PropertyValueSpecification","valueRequired":true,"valueName":"search_term_string"}}],"inLanguage":"es-CR"},{"@type":"Organization","@id":"https:\/\/quantumlifecycle.com\/es_CR\/#organization","name":"Quantum Lifecycle Partners LP","url":"https:\/\/quantumlifecycle.com\/es_CR\/","logo":{"@type":"ImageObject","inLanguage":"es-CR","@id":"https:\/\/quantumlifecycle.com\/es_CR\/#\/schema\/logo\/image\/","url":"https:\/\/quantumlifecycle.com\/wp-content\/uploads\/2020\/01\/logo.svg","contentUrl":"https:\/\/quantumlifecycle.com\/wp-content\/uploads\/2020\/01\/logo.svg","width":2700,"height":848,"caption":"Quantum Lifecycle Partners LP"},"image":{"@id":"https:\/\/quantumlifecycle.com\/es_CR\/#\/schema\/logo\/image\/"}}]}},"yoast":{"metadesc":""},"_links":{"self":[{"href":"https:\/\/quantumlifecycle.com\/es_CR\/wp-json\/wp\/v2\/pages\/14204","targetHints":{"allow":["GET"]}}],"collection":[{"href":"https:\/\/quantumlifecycle.com\/es_CR\/wp-json\/wp\/v2\/pages"}],"about":[{"href":"https:\/\/quantumlifecycle.com\/es_CR\/wp-json\/wp\/v2\/types\/page"}],"author":[{"embeddable":true,"href":"https:\/\/quantumlifecycle.com\/es_CR\/wp-json\/wp\/v2\/users\/12"}],"replies":[{"embeddable":true,"href":"https:\/\/quantumlifecycle.com\/es_CR\/wp-json\/wp\/v2\/comments?post=14204"}],"version-history":[{"count":2,"href":"https:\/\/quantumlifecycle.com\/es_CR\/wp-json\/wp\/v2\/pages\/14204\/revisions"}],"predecessor-version":[{"id":19073,"href":"https:\/\/quantumlifecycle.com\/es_CR\/wp-json\/wp\/v2\/pages\/14204\/revisions\/19073"}],"wp:attachment":[{"href":"https:\/\/quantumlifecycle.com\/es_CR\/wp-json\/wp\/v2\/media?parent=14204"}],"curies":[{"name":"wp","href":"https:\/\/api.w.org\/{rel}","templated":true}]}}