{"id":14199,"date":"2022-05-25T05:44:16","date_gmt":"2022-05-25T09:44:16","guid":{"rendered":"https:\/\/quantumlifecycle.com\/staging\/nuestra-historia\/"},"modified":"2022-06-15T07:53:53","modified_gmt":"2022-06-15T11:53:53","slug":"nuestra-historia","status":"publish","type":"page","link":"https:\/\/quantumlifecycle.com\/es_CR\/nuestra-historia\/","title":{"rendered":"Nuestra historia"},"content":{"rendered":"<div class=\"container\">\n<div class=\"our-story-content w-800\">\n<h2 class=\"text-center primary-headline\">Qui\u00e9nes somos<\/h2>\n<p>Quantum Lifecycle es tanto una empresa de disposicion de activos inform\u00e1ticos (ITAD) como una empresa de reciclaje de productos electr\u00f3nicos al final de su vida \u00fatil. A trav\u00e9s de esta combinaci\u00f3n estrat\u00e9gica de servicios, cubrimos cada paso del proceso de eliminaci\u00f3n de TI, desde la destrucci\u00f3n de datos hasta el reacondicionamiento, la reventa y el reciclaje. Nos basamos en m\u00e1s de 30 a\u00f1os de historia empresarial para desarrollar soluciones personalizadas para nuestros clientes. Con una gran atenci\u00f3n a la evoluci\u00f3n de la tecnolog\u00eda, los cambios en el mercado y un complejo panorama normativo, nuestra evoluci\u00f3n en Quantum refleja nuestra capacidad para responder a las necesidades de los clientes de forma significativa.<\/p>\n<\/div>\n<div class=\"w-800 our-story-content-image-container\">\n<div class=\"our-story-content-image\">\n<div class=\"story-image\">\n<p><img decoding=\"async\" class=\"img-fluid\" src=\"\/wp-content\/uploads\/2021\/10\/story-img-1.svg\" alt=\"ITAD process\" \/><\/p>\n<h3>ITAD<\/h3>\n<\/div>\n<div class=\"story-image\">\n<p><img decoding=\"async\" class=\"img-fluid\" src=\"\/wp-content\/uploads\/2021\/10\/story-img-2.svg\" alt=\"Recycling process\" \/><\/p>\n<h3>Soluciones de reciclaje<\/h3>\n<\/div>\n<\/div>\n<\/div>\n<\/div>\n<div class=\"new-pages-container story-history-container\">\n<div class=\"row story-our-history text-center\">\n<div class=\"col-lg-6 quantum-logo-story\">\n<div><img decoding=\"async\" class=\"img-fluid\" src=\"\/wp-content\/uploads\/2021\/10\/story-logo.svg\" alt=\"Quantum logo\" \/><\/div>\n<\/div>\n<div class=\"col-lg-6 story-our-history-image\">\n<h2 class=\"primary-headline\">Nuestra historia<\/h2>\n<div>\n<p style=\"font-size: 20px; line-height: 32.5px;\">Quantum se form\u00f3 en septiembre de 2019 mediante la adquisici\u00f3n de activos de Shift Recycling Inc. y GEEP (Global Electric Electronic Processing). La empresa est\u00e1 respaldada por dos grupos de accionistas con experiencia en la industria del reciclaje de metales: <a href=\"https:\/\/www.combinedmetal.com\/\" target=\"_blank\" rel=\"noopener\">Combined Metal Industries<\/a> y el <a href=\"http:\/\/gg-inc.ca\/\" target=\"_blank\" rel=\"noopener\">Grupo Giampaolo<\/a>.<\/p>\n<\/div>\n<\/div>\n<\/div>\n<\/div>\n<div class=\"top-content two-column-content new-pages-container our-mission-story\">\n<div class=\"right-column\">\n<h2 class=\"primary-headline blue-headline\">Nuestra misi\u00f3n<\/h2>\n<p>Quantum imagina un futuro sostenible en el que las pr\u00e1cticas de reutilizaci\u00f3n y reciclaje minimicen la cantidad de residuos electr\u00f3nicos que entran en los vertederos. Ofrecemos soluciones sin complicaciones para simplificar la gesti\u00f3n de residuos electr\u00f3nicos y la eliminaci\u00f3n de activos para organizaciones de todos los tama\u00f1os y sectores. Adem\u00e1s, ayudamos a cada empresa a maximizar el valor de sus activos inform\u00e1ticos al final de su vida \u00fatil, yendo m\u00e1s all\u00e1 del cumplimiento de la normativa para ofrecer beneficios reales a su negocio. Con una cultura empresarial orientada al crecimiento, cumplimos estos objetivos a trav\u00e9s de nuestros valores fundamentales: Curiosidad Persistente, Actitud de gratitud, Liderazgo audaz, Integridad firme, Orgullo de contribuir.<\/p>\n<\/div>\n<div class=\"left-column our-mission-story-image\">\n<img loading=\"lazy\" decoding=\"async\" src=\"https:\/\/quantumlifecycle.com\/wp-content\/uploads\/2022\/05\/Our-Story-ES.png\" alt=\"\" width=\"1500\" height=\"1500\" class=\"alignnone size-full wp-image-13361\" srcset=\"https:\/\/quantumlifecycle.com\/wp-content\/uploads\/2022\/05\/Our-Story-ES.png 1500w, https:\/\/quantumlifecycle.com\/wp-content\/uploads\/2022\/05\/Our-Story-ES-300x300.png 300w, https:\/\/quantumlifecycle.com\/wp-content\/uploads\/2022\/05\/Our-Story-ES-1024x1024.png 1024w, https:\/\/quantumlifecycle.com\/wp-content\/uploads\/2022\/05\/Our-Story-ES-150x150.png 150w, https:\/\/quantumlifecycle.com\/wp-content\/uploads\/2022\/05\/Our-Story-ES-768x768.png 768w\" sizes=\"auto, (max-width: 1500px) 100vw, 1500px\" \/>\n<\/div>\n<\/div>\n","protected":false},"excerpt":{"rendered":"<p>Qui\u00e9nes somos Quantum Lifecycle es tanto una empresa de disposicion de activos inform\u00e1ticos (ITAD) como una empresa de reciclaje de productos electr\u00f3nicos&#8230;<\/p>\n","protected":false},"author":12,"featured_media":0,"parent":0,"menu_order":0,"comment_status":"closed","ping_status":"closed","template":"page-our-story.php","meta":{"_acf_changed":false,"_yoast_wpseo_title":"","_yoast_wpseo_metadesc":"","om_disable_all_campaigns":false,"_genesis_hide_title":false,"_genesis_hide_breadcrumbs":false,"_genesis_hide_singular_image":false,"_genesis_hide_footer_widgets":false,"_genesis_custom_body_class":"","_genesis_custom_post_class":"","_genesis_layout":"","_metasync_otto_title":"","_metasync_otto_description":"","_metasync_otto_keywords":"","_metasync_otto_og_title":"","_metasync_otto_og_description":"","_metasync_otto_twitter_title":"","_metasync_otto_twitter_description":"","rank_math_title":"","rank_math_description":"","_aioseo_title":"","_aioseo_description":"","_metasync_seo_title":"","_metasync_seo_desc":"","_metasync_breadcrumb_title":"","_metasync_primary_category":0,"_metasync_primary_product_cat":0,"_metasync_otto_disabled":"","_metasync_hreflang":"","_metasync_plugin_sync_ts":"","_metasync_robots_advanced":"","footnotes":""},"class_list":{"0":"post-14199","1":"page","2":"type-page","3":"status-publish","5":"entry"},"acf":[],"yoast_head":"<!-- This site is optimized with the Yoast SEO plugin v27.5 - https:\/\/yoast.com\/product\/yoast-seo-wordpress\/ -->\n<title>Nuestra historia - Quantum | ITAD &amp; E-Waste Recycling<\/title>\n<meta name=\"robots\" content=\"index, follow, max-snippet:-1, max-image-preview:large, max-video-preview:-1\" \/>\n<link rel=\"canonical\" href=\"https:\/\/quantumlifecycle.com\/es_CR\/nuestra-historia\/\" \/>\n<meta property=\"og:locale\" content=\"es_ES\" \/>\n<meta property=\"og:type\" content=\"article\" \/>\n<meta property=\"og:title\" content=\"Nuestra historia - Quantum | ITAD &amp; E-Waste Recycling\" \/>\n<meta property=\"og:description\" content=\"Qui\u00e9nes somos Quantum Lifecycle es tanto una empresa de disposicion de activos inform\u00e1ticos (ITAD) como una empresa de reciclaje de productos electr\u00f3nicos...\" \/>\n<meta property=\"og:url\" content=\"https:\/\/quantumlifecycle.com\/es_CR\/nuestra-historia\/\" \/>\n<meta property=\"og:site_name\" content=\"Quantum | ITAD &amp; E-Waste Recycling\" \/>\n<meta property=\"og:image\" content=\"https:\/\/quantumlifecycle.com\/wp-content\/uploads\/2022\/05\/Our-Story-ES.png\" \/>\n<meta name=\"twitter:card\" content=\"summary_large_image\" \/>\n<meta name=\"twitter:label1\" content=\"Est. reading time\" \/>\n\t<meta name=\"twitter:data1\" content=\"2 minutos\" \/>\n<script type=\"application\/ld+json\" class=\"yoast-schema-graph\">{\"@context\":\"https:\\\/\\\/schema.org\",\"@graph\":[{\"@type\":\"WebPage\",\"@id\":\"https:\\\/\\\/quantumlifecycle.com\\\/es_CR\\\/nuestra-historia\\\/\",\"url\":\"https:\\\/\\\/quantumlifecycle.com\\\/es_CR\\\/nuestra-historia\\\/\",\"name\":\"Nuestra historia - Quantum | ITAD &amp; E-Waste Recycling\",\"isPartOf\":{\"@id\":\"https:\\\/\\\/quantumlifecycle.com\\\/es_CR\\\/#website\"},\"primaryImageOfPage\":{\"@id\":\"https:\\\/\\\/quantumlifecycle.com\\\/es_CR\\\/nuestra-historia\\\/#primaryimage\"},\"image\":{\"@id\":\"https:\\\/\\\/quantumlifecycle.com\\\/es_CR\\\/nuestra-historia\\\/#primaryimage\"},\"thumbnailUrl\":\"https:\\\/\\\/quantumlifecycle.com\\\/wp-content\\\/uploads\\\/2022\\\/05\\\/Our-Story-ES.png\",\"datePublished\":\"2022-05-25T09:44:16+00:00\",\"dateModified\":\"2022-06-15T11:53:53+00:00\",\"breadcrumb\":{\"@id\":\"https:\\\/\\\/quantumlifecycle.com\\\/es_CR\\\/nuestra-historia\\\/#breadcrumb\"},\"inLanguage\":\"es-CR\",\"potentialAction\":[{\"@type\":\"ReadAction\",\"target\":[\"https:\\\/\\\/quantumlifecycle.com\\\/es_CR\\\/nuestra-historia\\\/\"]}]},{\"@type\":\"ImageObject\",\"inLanguage\":\"es-CR\",\"@id\":\"https:\\\/\\\/quantumlifecycle.com\\\/es_CR\\\/nuestra-historia\\\/#primaryimage\",\"url\":\"https:\\\/\\\/quantumlifecycle.com\\\/wp-content\\\/uploads\\\/2022\\\/05\\\/Our-Story-ES.png\",\"contentUrl\":\"https:\\\/\\\/quantumlifecycle.com\\\/wp-content\\\/uploads\\\/2022\\\/05\\\/Our-Story-ES.png\"},{\"@type\":\"BreadcrumbList\",\"@id\":\"https:\\\/\\\/quantumlifecycle.com\\\/es_CR\\\/nuestra-historia\\\/#breadcrumb\",\"itemListElement\":[{\"@type\":\"ListItem\",\"position\":1,\"name\":\"Home\",\"item\":\"https:\\\/\\\/quantumlifecycle.com\\\/es_CR\\\/\"},{\"@type\":\"ListItem\",\"position\":2,\"name\":\"Nuestra historia\"}]},{\"@type\":\"WebSite\",\"@id\":\"https:\\\/\\\/quantumlifecycle.com\\\/es_CR\\\/#website\",\"url\":\"https:\\\/\\\/quantumlifecycle.com\\\/es_CR\\\/\",\"name\":\"Quantum | ITAD & E-Waste Recycling\",\"description\":\"\",\"publisher\":{\"@id\":\"https:\\\/\\\/quantumlifecycle.com\\\/es_CR\\\/#organization\"},\"potentialAction\":[{\"@type\":\"SearchAction\",\"target\":{\"@type\":\"EntryPoint\",\"urlTemplate\":\"https:\\\/\\\/quantumlifecycle.com\\\/es_CR\\\/?s={search_term_string}\"},\"query-input\":{\"@type\":\"PropertyValueSpecification\",\"valueRequired\":true,\"valueName\":\"search_term_string\"}}],\"inLanguage\":\"es-CR\"},{\"@type\":\"Organization\",\"@id\":\"https:\\\/\\\/quantumlifecycle.com\\\/es_CR\\\/#organization\",\"name\":\"Quantum Lifecycle Partners LP\",\"url\":\"https:\\\/\\\/quantumlifecycle.com\\\/es_CR\\\/\",\"logo\":{\"@type\":\"ImageObject\",\"inLanguage\":\"es-CR\",\"@id\":\"https:\\\/\\\/quantumlifecycle.com\\\/es_CR\\\/#\\\/schema\\\/logo\\\/image\\\/\",\"url\":\"https:\\\/\\\/quantumlifecycle.com\\\/wp-content\\\/uploads\\\/2020\\\/01\\\/logo.svg\",\"contentUrl\":\"https:\\\/\\\/quantumlifecycle.com\\\/wp-content\\\/uploads\\\/2020\\\/01\\\/logo.svg\",\"width\":2700,\"height\":848,\"caption\":\"Quantum Lifecycle Partners LP\"},\"image\":{\"@id\":\"https:\\\/\\\/quantumlifecycle.com\\\/es_CR\\\/#\\\/schema\\\/logo\\\/image\\\/\"}}]}<\/script>\n<!-- \/ Yoast SEO plugin. -->","yoast_head_json":{"title":"Nuestra historia - Quantum | ITAD &amp; E-Waste Recycling","robots":{"index":"index","follow":"follow","max-snippet":"max-snippet:-1","max-image-preview":"max-image-preview:large","max-video-preview":"max-video-preview:-1"},"canonical":"https:\/\/quantumlifecycle.com\/es_CR\/nuestra-historia\/","og_locale":"es_ES","og_type":"article","og_title":"Nuestra historia - Quantum | ITAD &amp; E-Waste Recycling","og_description":"Qui\u00e9nes somos Quantum Lifecycle es tanto una empresa de disposicion de activos inform\u00e1ticos (ITAD) como una empresa de reciclaje de productos electr\u00f3nicos...","og_url":"https:\/\/quantumlifecycle.com\/es_CR\/nuestra-historia\/","og_site_name":"Quantum | ITAD &amp; E-Waste Recycling","og_image":[{"url":"https:\/\/quantumlifecycle.com\/wp-content\/uploads\/2022\/05\/Our-Story-ES.png","type":"","width":"","height":""}],"twitter_card":"summary_large_image","twitter_misc":{"Est. reading time":"2 minutos"},"schema":{"@context":"https:\/\/schema.org","@graph":[{"@type":"WebPage","@id":"https:\/\/quantumlifecycle.com\/es_CR\/nuestra-historia\/","url":"https:\/\/quantumlifecycle.com\/es_CR\/nuestra-historia\/","name":"Nuestra historia - Quantum | ITAD &amp; E-Waste Recycling","isPartOf":{"@id":"https:\/\/quantumlifecycle.com\/es_CR\/#website"},"primaryImageOfPage":{"@id":"https:\/\/quantumlifecycle.com\/es_CR\/nuestra-historia\/#primaryimage"},"image":{"@id":"https:\/\/quantumlifecycle.com\/es_CR\/nuestra-historia\/#primaryimage"},"thumbnailUrl":"https:\/\/quantumlifecycle.com\/wp-content\/uploads\/2022\/05\/Our-Story-ES.png","datePublished":"2022-05-25T09:44:16+00:00","dateModified":"2022-06-15T11:53:53+00:00","breadcrumb":{"@id":"https:\/\/quantumlifecycle.com\/es_CR\/nuestra-historia\/#breadcrumb"},"inLanguage":"es-CR","potentialAction":[{"@type":"ReadAction","target":["https:\/\/quantumlifecycle.com\/es_CR\/nuestra-historia\/"]}]},{"@type":"ImageObject","inLanguage":"es-CR","@id":"https:\/\/quantumlifecycle.com\/es_CR\/nuestra-historia\/#primaryimage","url":"https:\/\/quantumlifecycle.com\/wp-content\/uploads\/2022\/05\/Our-Story-ES.png","contentUrl":"https:\/\/quantumlifecycle.com\/wp-content\/uploads\/2022\/05\/Our-Story-ES.png"},{"@type":"BreadcrumbList","@id":"https:\/\/quantumlifecycle.com\/es_CR\/nuestra-historia\/#breadcrumb","itemListElement":[{"@type":"ListItem","position":1,"name":"Home","item":"https:\/\/quantumlifecycle.com\/es_CR\/"},{"@type":"ListItem","position":2,"name":"Nuestra historia"}]},{"@type":"WebSite","@id":"https:\/\/quantumlifecycle.com\/es_CR\/#website","url":"https:\/\/quantumlifecycle.com\/es_CR\/","name":"Quantum | ITAD & E-Waste Recycling","description":"","publisher":{"@id":"https:\/\/quantumlifecycle.com\/es_CR\/#organization"},"potentialAction":[{"@type":"SearchAction","target":{"@type":"EntryPoint","urlTemplate":"https:\/\/quantumlifecycle.com\/es_CR\/?s={search_term_string}"},"query-input":{"@type":"PropertyValueSpecification","valueRequired":true,"valueName":"search_term_string"}}],"inLanguage":"es-CR"},{"@type":"Organization","@id":"https:\/\/quantumlifecycle.com\/es_CR\/#organization","name":"Quantum Lifecycle Partners LP","url":"https:\/\/quantumlifecycle.com\/es_CR\/","logo":{"@type":"ImageObject","inLanguage":"es-CR","@id":"https:\/\/quantumlifecycle.com\/es_CR\/#\/schema\/logo\/image\/","url":"https:\/\/quantumlifecycle.com\/wp-content\/uploads\/2020\/01\/logo.svg","contentUrl":"https:\/\/quantumlifecycle.com\/wp-content\/uploads\/2020\/01\/logo.svg","width":2700,"height":848,"caption":"Quantum Lifecycle Partners LP"},"image":{"@id":"https:\/\/quantumlifecycle.com\/es_CR\/#\/schema\/logo\/image\/"}}]}},"yoast":{"metadesc":""},"_links":{"self":[{"href":"https:\/\/quantumlifecycle.com\/es_CR\/wp-json\/wp\/v2\/pages\/14199","targetHints":{"allow":["GET"]}}],"collection":[{"href":"https:\/\/quantumlifecycle.com\/es_CR\/wp-json\/wp\/v2\/pages"}],"about":[{"href":"https:\/\/quantumlifecycle.com\/es_CR\/wp-json\/wp\/v2\/types\/page"}],"author":[{"embeddable":true,"href":"https:\/\/quantumlifecycle.com\/es_CR\/wp-json\/wp\/v2\/users\/12"}],"replies":[{"embeddable":true,"href":"https:\/\/quantumlifecycle.com\/es_CR\/wp-json\/wp\/v2\/comments?post=14199"}],"version-history":[{"count":1,"href":"https:\/\/quantumlifecycle.com\/es_CR\/wp-json\/wp\/v2\/pages\/14199\/revisions"}],"predecessor-version":[{"id":14257,"href":"https:\/\/quantumlifecycle.com\/es_CR\/wp-json\/wp\/v2\/pages\/14199\/revisions\/14257"}],"wp:attachment":[{"href":"https:\/\/quantumlifecycle.com\/es_CR\/wp-json\/wp\/v2\/media?parent=14199"}],"curies":[{"name":"wp","href":"https:\/\/api.w.org\/{rel}","templated":true}]}}