{"id":14194,"date":"2022-05-25T05:44:36","date_gmt":"2022-05-25T09:44:36","guid":{"rendered":"https:\/\/quantumlifecycle.com\/staging\/nuestros-valores\/"},"modified":"2025-01-23T01:11:33","modified_gmt":"2025-01-23T06:11:33","slug":"nuestros-valores","status":"publish","type":"page","link":"https:\/\/quantumlifecycle.com\/es_CR\/nuestros-valores\/","title":{"rendered":"Nuestros valores"},"content":{"rendered":"<div class=\"data-destruction-landing-content our-values-main-section\">\n<div class=\"section2 our-value-data-container new-pages-container\">\n<div class=\"our-vision-wrapper\">\n<div class=\"image-wrapper\">\n              <img loading=\"lazy\" decoding=\"async\" src=\"https:\/\/quantumlifecycle.com\/wp-content\/uploads\/2022\/05\/vision.svg\" alt=\"\" width=\"494\" height=\"451\" class=\"alignnone size-full wp-image-13324\"  role=\"img\" \/>\n          <\/div>\n<div class=\"content-wrapper\">\n<h2>Nuestra visi\u00f3n<\/h2>\n<p>Convertirnos en el\u00a0Socio m\u00e1s confiable de nuestros Clientes\u00a0al\u00a0establecer el est\u00e1ndar\u00a0en la gesti\u00f3n sostenible de los productos electr\u00f3nicos.\n<\/p><\/div>\n<\/p><\/div>\n<div class=\"our-vision-wrapper our-mission-wrapper\">\n<div class=\"content-wrapper\">\n<h2>Nuestra misi\u00f3n<\/h2>\n<p>Formar y\u00a0unir a las mejores personas, procesos y tecnolog\u00eda\u00a0para ofrecer\u00a0una soluci\u00f3n completa\u00a0para nuestros clientes<\/p><\/div>\n<div class=\"image-wrapper\">\n              <img decoding=\"async\" src=\"https:\/\/quantumlifecycle.com\/wp-content\/uploads\/2022\/05\/Mission-1.png\" alt=\"Image\" \/>\n          <\/div>\n<\/p><\/div>\n<div class=\"stake-holders-section\">\n<h2>Nuestras principales partes interesadas <\/h2>\n<div class=\"our-stake-holders\">\n<div class=\"image-wrapper\">\n              <img decoding=\"async\" src=\"https:\/\/quantumlifecycle.com\/wp-content\/uploads\/2025\/01\/Spanish-Values-Diagram.png\" alt=\"Image\" \/>\n          <\/div>\n<div class=\"content-wrapper\">\n<div class=\"single-stake-holder-wrapper\">\n<div class=\"image-wrapper\">\n                      <img loading=\"lazy\" decoding=\"async\" src=\"https:\/\/quantumlifecycle.com\/wp-content\/uploads\/2022\/05\/planet.svg\" alt=\"\" width=\"61\" height=\"61\" class=\"alignnone size-full wp-image-13329\"  role=\"img\" \/>\n                  <\/div>\n<div class=\"details-wrapper\">\n<h4>Planeta<\/h4>\n<p>Somos l\u00edderes en extender la vida \u00fatil y la recuperaci\u00f3n de los recursos del mundo para la sostenibilidad de nuestro planeta. Nos comprometemos a conseguir cero residuos y reducir nuestra huella de carbono.<\/p><\/div>\n<\/p><\/div>\n<div class=\"single-stake-holder-wrapper\">\n<div class=\"image-wrapper\">\n                      <img loading=\"lazy\" decoding=\"async\" src=\"https:\/\/quantumlifecycle.com\/wp-content\/uploads\/2022\/05\/team.svg\" alt=\"\" width=\"61\" height=\"61\" class=\"alignnone size-full wp-image-13335\"  role=\"img\" \/>\n                  <\/div>\n<div class=\"details-wrapper\">\n<h4>Equipo<\/h4>\n<p>Atraemos a personas incre\u00edbles porque somos un gran lugar para trabajar, un lugar donde la gente se siente segura, inspirada y realizada. Ganamos juntos haci\u00e9ndonos mejores unos a otros.<\/p><\/div>\n<\/p><\/div>\n<div class=\"single-stake-holder-wrapper\">\n<div class=\"image-wrapper\">\n                     <img loading=\"lazy\" decoding=\"async\" src=\"https:\/\/quantumlifecycle.com\/wp-content\/uploads\/2022\/05\/customers.svg\" alt=\"\" width=\"61\" height=\"61\" class=\"alignnone size-full wp-image-13332\"  role=\"img\" \/>\n                  <\/div>\n<div class=\"details-wrapper\">\n<h4>Clientes<\/h4>\n<p>Vemos el mundo a trav\u00e9s de los ojos de nuestros clientes. Les ayudamos a tomar las mejores decisiones. Trabajamos duro para ganar, mantener y hacer crecer su negocio.<\/p><\/div>\n<\/p><\/div>\n<\/p><\/div>\n<\/p><\/div>\n<\/p><\/div>\n<div class=\"our-guiding-section\">\n<div class=\"guiding-row\">\n<div class=\"guiding-col title-col\">\n<h2>Nuestros valores mas importantes <\/h2>\n<\/p><\/div>\n<div class=\"guiding-col\">\n<div class=\"details-col\">\n<div class=\"image-wrapper\">\n                    <img loading=\"lazy\" decoding=\"async\" src=\"https:\/\/quantumlifecycle.com\/wp-content\/uploads\/2022\/05\/relentless.svg\" alt=\"\" width=\"50\" height=\"51\" class=\"alignnone size-full wp-image-13339\"  role=\"img\" \/>\n                <\/div>\n<h4>Curiosidad Persistente<br \/>\n<\/h4>\n<p>El aprendizaje y la innovaci\u00f3n est\u00e1n en nuestro ADN. Siempre estamos buscando la mejor manera. Nos apasiona la retroalimentaci\u00f3n.\n<\/p><\/div>\n<\/p><\/div>\n<div class=\"guiding-col\">\n<div class=\"details-col\">\n<div class=\"image-wrapper\">\n                     <img loading=\"lazy\" decoding=\"async\" src=\"https:\/\/quantumlifecycle.com\/wp-content\/uploads\/2022\/05\/attitude.svg\" alt=\"\" width=\"51\" height=\"51\" class=\"alignnone size-full wp-image-13343\"  role=\"img\" \/>\n                <\/div>\n<h4>Actitud de gratitud<br \/>\n<\/h4>\n<p>Apreciamos y reconocemos las contribuciones de nuestro equipo y nuestros clientes. Estamos agradecidos e inspirados por la oportunidad de marcar la diferencia para nuestras principales partes interesadas.\n<\/p><\/div>\n<\/p><\/div>\n<\/p><\/div>\n<div class=\"guiding-row\">\n<div class=\"guiding-col\">\n<div class=\"details-col\">\n<div class=\"image-wrapper\">\n<img loading=\"lazy\" decoding=\"async\" src=\"https:\/\/quantumlifecycle.com\/wp-content\/uploads\/2022\/05\/leadership.svg\" alt=\"\" width=\"50\" height=\"51\" class=\"alignnone size-full wp-image-13347\"  role=\"img\" \/>\n                <\/div>\n<h4>Liderazgo audaz<br \/>\n<\/h4>\n<p>Pensamos a lo grande. Sabemos que podemos transformar nuestra industria. Queremos ser los mejores, no los m\u00e1s grandes, del mundo.\n<\/p><\/div>\n<\/p><\/div>\n<div class=\"guiding-col\">\n<div class=\"details-col\">\n<div class=\"image-wrapper\">\n<img loading=\"lazy\" decoding=\"async\" src=\"https:\/\/quantumlifecycle.com\/wp-content\/uploads\/2022\/05\/integrity.svg\" alt=\"\" width=\"52\" height=\"51\" class=\"alignnone size-full wp-image-13350\"  role=\"img\" \/>\n                <\/div>\n<h4>Integridad Firme<br \/>\n<\/h4>\n<p>Hacemos bien las cosas. Si lo vemos, lo decimos. Hacemos lo que decimos que vamos a hacer.\n<\/p><\/div>\n<\/p><\/div>\n<div class=\"guiding-col\">\n<div class=\"details-col\">\n<div class=\"image-wrapper\">\n<img loading=\"lazy\" decoding=\"async\" src=\"https:\/\/quantumlifecycle.com\/wp-content\/uploads\/2022\/05\/pride.svg\" alt=\"\" width=\"51\" height=\"46\" class=\"alignnone size-full wp-image-13354\"  role=\"img\" \/>\n                <\/div>\n<h4>Comprometerse con empat\u00eda<br \/>\n<\/h4>\n<p>Damos prioridad a la comprensi\u00f3n escuchando activamente y poni\u00e9ndonos en el lugar de nuestros interlocutores clave. Abordamos cada interacci\u00f3n con una mentalidad abierta. Nuestro objetivo es generar confianza y fomentar relaciones significativas.\n<\/p><\/div>\n<\/p><\/div>\n<\/p><\/div>\n<\/p><\/div>\n<\/p><\/div>\n<\/p><\/div>\n","protected":false},"excerpt":{"rendered":"<p>Nuestra visi\u00f3n Convertirnos en el\u00a0Socio m\u00e1s confiable de nuestros Clientes\u00a0al\u00a0establecer el est\u00e1ndar\u00a0en la gesti\u00f3n sostenible de los productos electr\u00f3nicos. Nuestra misi\u00f3n Formar&#8230;<\/p>\n","protected":false},"author":12,"featured_media":14196,"parent":0,"menu_order":0,"comment_status":"closed","ping_status":"closed","template":"page-our-values.php","meta":{"_acf_changed":false,"om_disable_all_campaigns":false,"_genesis_hide_title":false,"_genesis_hide_breadcrumbs":false,"_genesis_hide_singular_image":false,"_genesis_hide_footer_widgets":false,"_genesis_custom_body_class":"","_genesis_custom_post_class":"","_genesis_layout":"","footnotes":""},"class_list":{"0":"post-14194","1":"page","2":"type-page","3":"status-publish","4":"has-post-thumbnail","6":"entry"},"acf":[],"yoast_head":"<!-- This site is optimized with the Yoast SEO plugin v27.4 - https:\/\/yoast.com\/product\/yoast-seo-wordpress\/ -->\n<title>Nuestros valores - Quantum | ITAD &amp; E-Waste Recycling<\/title>\n<meta name=\"robots\" content=\"index, follow, max-snippet:-1, max-image-preview:large, max-video-preview:-1\" \/>\n<link rel=\"canonical\" href=\"https:\/\/quantumlifecycle.com\/es_CR\/nuestros-valores\/\" \/>\n<meta property=\"og:locale\" content=\"es_ES\" \/>\n<meta property=\"og:type\" content=\"article\" \/>\n<meta property=\"og:title\" content=\"Nuestros valores - Quantum | ITAD &amp; E-Waste Recycling\" \/>\n<meta property=\"og:description\" content=\"Nuestra visi\u00f3n Convertirnos en el\u00a0Socio m\u00e1s confiable de nuestros Clientes\u00a0al\u00a0establecer el est\u00e1ndar\u00a0en la gesti\u00f3n sostenible de los productos electr\u00f3nicos. Nuestra misi\u00f3n Formar...\" \/>\n<meta property=\"og:url\" content=\"https:\/\/quantumlifecycle.com\/es_CR\/nuestros-valores\/\" \/>\n<meta property=\"og:site_name\" content=\"Quantum | ITAD &amp; E-Waste Recycling\" \/>\n<meta property=\"article:modified_time\" content=\"2025-01-23T06:11:33+00:00\" \/>\n<meta property=\"og:image\" content=\"https:\/\/quantumlifecycle.com\/wp-content\/uploads\/2022\/05\/Mission-1.png\" \/>\n\t<meta property=\"og:image:width\" content=\"720\" \/>\n\t<meta property=\"og:image:height\" content=\"720\" \/>\n\t<meta property=\"og:image:type\" content=\"image\/png\" \/>\n<meta name=\"twitter:card\" content=\"summary_large_image\" \/>\n<meta name=\"twitter:label1\" content=\"Est. reading time\" \/>\n\t<meta name=\"twitter:data1\" content=\"4 minutos\" \/>\n<script type=\"application\/ld+json\" class=\"yoast-schema-graph\">{\"@context\":\"https:\\\/\\\/schema.org\",\"@graph\":[{\"@type\":\"WebPage\",\"@id\":\"https:\\\/\\\/quantumlifecycle.com\\\/es_CR\\\/nuestros-valores\\\/\",\"url\":\"https:\\\/\\\/quantumlifecycle.com\\\/es_CR\\\/nuestros-valores\\\/\",\"name\":\"Nuestros valores - Quantum | ITAD &amp; E-Waste Recycling\",\"isPartOf\":{\"@id\":\"https:\\\/\\\/quantumlifecycle.com\\\/es_CR\\\/#website\"},\"primaryImageOfPage\":{\"@id\":\"https:\\\/\\\/quantumlifecycle.com\\\/es_CR\\\/nuestros-valores\\\/#primaryimage\"},\"image\":{\"@id\":\"https:\\\/\\\/quantumlifecycle.com\\\/es_CR\\\/nuestros-valores\\\/#primaryimage\"},\"thumbnailUrl\":\"https:\\\/\\\/quantumlifecycle.com\\\/wp-content\\\/uploads\\\/2022\\\/05\\\/Mission-1.png\",\"datePublished\":\"2022-05-25T09:44:36+00:00\",\"dateModified\":\"2025-01-23T06:11:33+00:00\",\"breadcrumb\":{\"@id\":\"https:\\\/\\\/quantumlifecycle.com\\\/es_CR\\\/nuestros-valores\\\/#breadcrumb\"},\"inLanguage\":\"es-CR\",\"potentialAction\":[{\"@type\":\"ReadAction\",\"target\":[\"https:\\\/\\\/quantumlifecycle.com\\\/es_CR\\\/nuestros-valores\\\/\"]}]},{\"@type\":\"ImageObject\",\"inLanguage\":\"es-CR\",\"@id\":\"https:\\\/\\\/quantumlifecycle.com\\\/es_CR\\\/nuestros-valores\\\/#primaryimage\",\"url\":\"https:\\\/\\\/quantumlifecycle.com\\\/wp-content\\\/uploads\\\/2022\\\/05\\\/Mission-1.png\",\"contentUrl\":\"https:\\\/\\\/quantumlifecycle.com\\\/wp-content\\\/uploads\\\/2022\\\/05\\\/Mission-1.png\",\"width\":720,\"height\":720},{\"@type\":\"BreadcrumbList\",\"@id\":\"https:\\\/\\\/quantumlifecycle.com\\\/es_CR\\\/nuestros-valores\\\/#breadcrumb\",\"itemListElement\":[{\"@type\":\"ListItem\",\"position\":1,\"name\":\"Home\",\"item\":\"https:\\\/\\\/quantumlifecycle.com\\\/es_CR\\\/\"},{\"@type\":\"ListItem\",\"position\":2,\"name\":\"Nuestros valores\"}]},{\"@type\":\"WebSite\",\"@id\":\"https:\\\/\\\/quantumlifecycle.com\\\/es_CR\\\/#website\",\"url\":\"https:\\\/\\\/quantumlifecycle.com\\\/es_CR\\\/\",\"name\":\"Quantum | ITAD & E-Waste Recycling\",\"description\":\"\",\"publisher\":{\"@id\":\"https:\\\/\\\/quantumlifecycle.com\\\/es_CR\\\/#organization\"},\"potentialAction\":[{\"@type\":\"SearchAction\",\"target\":{\"@type\":\"EntryPoint\",\"urlTemplate\":\"https:\\\/\\\/quantumlifecycle.com\\\/es_CR\\\/?s={search_term_string}\"},\"query-input\":{\"@type\":\"PropertyValueSpecification\",\"valueRequired\":true,\"valueName\":\"search_term_string\"}}],\"inLanguage\":\"es-CR\"},{\"@type\":\"Organization\",\"@id\":\"https:\\\/\\\/quantumlifecycle.com\\\/es_CR\\\/#organization\",\"name\":\"Quantum Lifecycle Partners LP\",\"url\":\"https:\\\/\\\/quantumlifecycle.com\\\/es_CR\\\/\",\"logo\":{\"@type\":\"ImageObject\",\"inLanguage\":\"es-CR\",\"@id\":\"https:\\\/\\\/quantumlifecycle.com\\\/es_CR\\\/#\\\/schema\\\/logo\\\/image\\\/\",\"url\":\"https:\\\/\\\/quantumlifecycle.com\\\/wp-content\\\/uploads\\\/2020\\\/01\\\/logo.svg\",\"contentUrl\":\"https:\\\/\\\/quantumlifecycle.com\\\/wp-content\\\/uploads\\\/2020\\\/01\\\/logo.svg\",\"width\":2700,\"height\":848,\"caption\":\"Quantum Lifecycle Partners LP\"},\"image\":{\"@id\":\"https:\\\/\\\/quantumlifecycle.com\\\/es_CR\\\/#\\\/schema\\\/logo\\\/image\\\/\"}}]}<\/script>\n<!-- \/ Yoast SEO plugin. -->","yoast_head_json":{"title":"Nuestros valores - Quantum | ITAD &amp; E-Waste Recycling","robots":{"index":"index","follow":"follow","max-snippet":"max-snippet:-1","max-image-preview":"max-image-preview:large","max-video-preview":"max-video-preview:-1"},"canonical":"https:\/\/quantumlifecycle.com\/es_CR\/nuestros-valores\/","og_locale":"es_ES","og_type":"article","og_title":"Nuestros valores - Quantum | ITAD &amp; E-Waste Recycling","og_description":"Nuestra visi\u00f3n Convertirnos en el\u00a0Socio m\u00e1s confiable de nuestros Clientes\u00a0al\u00a0establecer el est\u00e1ndar\u00a0en la gesti\u00f3n sostenible de los productos electr\u00f3nicos. Nuestra misi\u00f3n Formar...","og_url":"https:\/\/quantumlifecycle.com\/es_CR\/nuestros-valores\/","og_site_name":"Quantum | ITAD &amp; E-Waste Recycling","article_modified_time":"2025-01-23T06:11:33+00:00","og_image":[{"width":720,"height":720,"url":"https:\/\/quantumlifecycle.com\/wp-content\/uploads\/2022\/05\/Mission-1.png","type":"image\/png"}],"twitter_card":"summary_large_image","twitter_misc":{"Est. reading time":"4 minutos"},"schema":{"@context":"https:\/\/schema.org","@graph":[{"@type":"WebPage","@id":"https:\/\/quantumlifecycle.com\/es_CR\/nuestros-valores\/","url":"https:\/\/quantumlifecycle.com\/es_CR\/nuestros-valores\/","name":"Nuestros valores - Quantum | ITAD &amp; E-Waste Recycling","isPartOf":{"@id":"https:\/\/quantumlifecycle.com\/es_CR\/#website"},"primaryImageOfPage":{"@id":"https:\/\/quantumlifecycle.com\/es_CR\/nuestros-valores\/#primaryimage"},"image":{"@id":"https:\/\/quantumlifecycle.com\/es_CR\/nuestros-valores\/#primaryimage"},"thumbnailUrl":"https:\/\/quantumlifecycle.com\/wp-content\/uploads\/2022\/05\/Mission-1.png","datePublished":"2022-05-25T09:44:36+00:00","dateModified":"2025-01-23T06:11:33+00:00","breadcrumb":{"@id":"https:\/\/quantumlifecycle.com\/es_CR\/nuestros-valores\/#breadcrumb"},"inLanguage":"es-CR","potentialAction":[{"@type":"ReadAction","target":["https:\/\/quantumlifecycle.com\/es_CR\/nuestros-valores\/"]}]},{"@type":"ImageObject","inLanguage":"es-CR","@id":"https:\/\/quantumlifecycle.com\/es_CR\/nuestros-valores\/#primaryimage","url":"https:\/\/quantumlifecycle.com\/wp-content\/uploads\/2022\/05\/Mission-1.png","contentUrl":"https:\/\/quantumlifecycle.com\/wp-content\/uploads\/2022\/05\/Mission-1.png","width":720,"height":720},{"@type":"BreadcrumbList","@id":"https:\/\/quantumlifecycle.com\/es_CR\/nuestros-valores\/#breadcrumb","itemListElement":[{"@type":"ListItem","position":1,"name":"Home","item":"https:\/\/quantumlifecycle.com\/es_CR\/"},{"@type":"ListItem","position":2,"name":"Nuestros valores"}]},{"@type":"WebSite","@id":"https:\/\/quantumlifecycle.com\/es_CR\/#website","url":"https:\/\/quantumlifecycle.com\/es_CR\/","name":"Quantum | ITAD & E-Waste Recycling","description":"","publisher":{"@id":"https:\/\/quantumlifecycle.com\/es_CR\/#organization"},"potentialAction":[{"@type":"SearchAction","target":{"@type":"EntryPoint","urlTemplate":"https:\/\/quantumlifecycle.com\/es_CR\/?s={search_term_string}"},"query-input":{"@type":"PropertyValueSpecification","valueRequired":true,"valueName":"search_term_string"}}],"inLanguage":"es-CR"},{"@type":"Organization","@id":"https:\/\/quantumlifecycle.com\/es_CR\/#organization","name":"Quantum Lifecycle Partners LP","url":"https:\/\/quantumlifecycle.com\/es_CR\/","logo":{"@type":"ImageObject","inLanguage":"es-CR","@id":"https:\/\/quantumlifecycle.com\/es_CR\/#\/schema\/logo\/image\/","url":"https:\/\/quantumlifecycle.com\/wp-content\/uploads\/2020\/01\/logo.svg","contentUrl":"https:\/\/quantumlifecycle.com\/wp-content\/uploads\/2020\/01\/logo.svg","width":2700,"height":848,"caption":"Quantum Lifecycle Partners LP"},"image":{"@id":"https:\/\/quantumlifecycle.com\/es_CR\/#\/schema\/logo\/image\/"}}]}},"yoast":{"metadesc":""},"_links":{"self":[{"href":"https:\/\/quantumlifecycle.com\/es_CR\/wp-json\/wp\/v2\/pages\/14194","targetHints":{"allow":["GET"]}}],"collection":[{"href":"https:\/\/quantumlifecycle.com\/es_CR\/wp-json\/wp\/v2\/pages"}],"about":[{"href":"https:\/\/quantumlifecycle.com\/es_CR\/wp-json\/wp\/v2\/types\/page"}],"author":[{"embeddable":true,"href":"https:\/\/quantumlifecycle.com\/es_CR\/wp-json\/wp\/v2\/users\/12"}],"replies":[{"embeddable":true,"href":"https:\/\/quantumlifecycle.com\/es_CR\/wp-json\/wp\/v2\/comments?post=14194"}],"version-history":[{"count":3,"href":"https:\/\/quantumlifecycle.com\/es_CR\/wp-json\/wp\/v2\/pages\/14194\/revisions"}],"predecessor-version":[{"id":28516,"href":"https:\/\/quantumlifecycle.com\/es_CR\/wp-json\/wp\/v2\/pages\/14194\/revisions\/28516"}],"wp:featuredmedia":[{"embeddable":true,"href":"https:\/\/quantumlifecycle.com\/es_CR\/wp-json\/wp\/v2\/media\/14196"}],"wp:attachment":[{"href":"https:\/\/quantumlifecycle.com\/es_CR\/wp-json\/wp\/v2\/media?parent=14194"}],"curies":[{"name":"wp","href":"https:\/\/api.w.org\/{rel}","templated":true}]}}